{"id":672,"date":"2017-06-14T10:58:32","date_gmt":"2017-06-14T03:58:32","guid":{"rendered":"https:\/\/bizhostvn.com\/w\/shopnoithat\/?post_type=product&#038;p=672"},"modified":"2017-06-14T16:51:00","modified_gmt":"2017-06-14T09:51:00","slug":"bon-cau-dien-tu-03","status":"publish","type":"product","link":"https:\/\/webmaibinh.com\/w\/shopnoithat\/shop\/bon-cau-dien-tu-03","title":{"rendered":"B\u1ed3n c\u1ea7u \u0111i\u1ec7n t\u1eed ch\u1ea5t l\u01b0\u1ee3ng M\u1ef9 sang tr\u1ecdng cho gia \u0111\u00ecnh"},"content":{"rendered":"<div class=\"row row-large row-divided\"  id=\"row-798619728\">\n\n\t<div id=\"col-918391171\" class=\"col medium-8 small-12 large-8\"  >\n\t\t<div class=\"col-inner\"  >\n\t\t\t\n\t\t\t\n<p>B\u1ed3n c\u1ea7u \u0111i\u1ec7n t\u1eed <strong>American Stamdard WP-1806<\/strong><br \/>\nTi\u1ebft ki\u1ec7m \u0111i\u1ec7n n\u0103ng, ch\u1ee9c n\u0103ng l\u00e0m gi\u1ea3m chi ph\u00ed ti\u00eau th\u1ee5 \u0111i\u1ec7n<br \/>\nB\u1ed9 ng\u1eaft m\u1ea1ch &#8211; T\u1ef1 \u0111\u1ecdng t\u1eaft \u0111i\u1ec7n n\u1ebfu s\u1ea3n ph\u1ea9m b\u1ecb r\u00f2 r\u1ec9 \u0111i\u1ec7n<br \/>\nCh\u1ea5t kh\u00e1ng khu\u1ea9n &#8211; gi\u00fap b\u1ed3n c\u1ea7u v\u00e0 n\u1eafp lu\u00f4n s\u1ea1ch vi khu\u1ea9n<br \/>\nN\u00fat d\u1ef1 ph\u00f2ng khi c\u1ea3m \u1ee9ng v\u00e0 b\u1ed9 \u0111i\u1ec1u khi\u1ec3n b\u1ecb h\u1ecfng<br \/>\nB\u1ed9 \u0111i\u1ec1u khi\u1ec3n c\u01a1 t\u00edch h\u1ee3p &#8211; s\u1eed d\u1ee5ng an to\u00e0n khi m\u1ea5t \u0111i\u1ec7n<br \/>\nCh\u1ee9c n\u0103ng chu\u1ea9n \u0111o\u00e1n l\u1ed7i, t\u1ef1 \u0111\u1ed9ng nh\u1eadn bi\u1ebft v\u00e0 c\u1ea3nh b\u00e1o khi c\u00f3 l\u1ed7i k\u1ef9 thu\u1eadt<\/p>\n<p>T\u00e2m x\u1ea3 : 305mm<br \/>\nKT : 649x414x550mm<\/p>\n<p><strong>Ch\u1ee9c n\u0103ng c\u01a1 b\u1ea3n<\/strong><br \/>\nL\u00e0m s\u1ea1ch t\u1ef1 \u0111\u1ed9ng sau khi ti\u1ec3u ti\u1ec7n, \u0111\u1ea1i ti\u1ec7n<br \/>\nBitdet- ch\u1ee9c n\u0103ng l\u00e0m s\u1ea1ch thi\u1ebft k\u1ebf d\u00e0nh ri\u00eang cho ph\u1ee5 n\u1eef<br \/>\nS\u1ea5y kh\u00f4 &#8211; L\u00e0m kh\u00f4 sau khi r\u1eeda<br \/>\nCh\u1ee9c n\u0103ng di chuy\u1ec3n \u0111\u1ec3 r\u1eeda: Cho ph\u00f3 ng\u01b0\u1eddi s\u1eed d\u1ee5ng di chuy\u1ec3n c\u00e1c v\u00f2i phun l\u00ean xu\u1ed1ng \u0111\u1ec3 l\u00e0m s\u1ea1ch m\u1ed9t khu v\u1ef1c r\u1ed9ng<br \/>\nCh\u1ee9c n\u0103ng massage<\/p>\n<p><strong>Ch\u1ee9c n\u0103ng ti\u1ec7n l\u1ee3i v\u00e0 s\u1ea1ch s\u1ebd: <\/strong><br \/>\nT\u00ednh n\u0103ng kh\u1eed m\u00f9i<br \/>\nL\u1edbp ph\u1ee7 tr\u00e1ng men ch\u1ed1ng virus<br \/>\nKi\u1ec3m so\u00e1t n\u01b0\u1edbc \u1ea5m<br \/>\nKi\u1ec3m so\u00e1t nhi\u1ec7t \u0111\u1ed9 b\u1ec7 ng\u1ed3i<br \/>\nHai ch\u1ebf \u0111\u1ed9 r\u1eeda<br \/>\nC\u1ea3m bi\u1ebfn h\u1ed1ng ngo\u1ea1i<\/p>\n<p>H\u00e3ng s\u1ea3n xu\u1ea5t:<strong> American standard<\/strong><br \/>\nC\u00f4ng ngh\u1ec7 s\u1ea3n xu\u1ea5t: <strong>M\u1ef9<\/strong><br \/>\nS\u1ea3n ph\u1ea9m nh\u1eadp kh\u1ea9u : China<\/p>\n\t\t<\/div>\n\t\t\t<\/div>\n\n\t\n\n\t<div id=\"col-2090607114\" class=\"col medium-4 small-12 large-4\"  >\n\t\t<div class=\"col-inner\"  >\n\t\t\t\n\t\t\t\n<h3>S\u1ea3n ph\u1ea9m m\u1edbi c\u1eadp nh\u1eadt<\/h3>\n<div class=\"woocommerce columns-2 \"><div class=\"products row row-small large-columns-2 medium-columns-3 small-columns-2 has-shadow row-box-shadow-2 row-box-shadow-1-hover\">\n\n<div class=\"product-small col has-hover product type-product post-636 status-publish first instock product_cat-ban-ghe-go product_cat-phong-khach has-post-thumbnail shipping-taxable purchasable product-type-variable\">\n\t<div class=\"col-inner\">\n\t\n<div class=\"badge-container absolute left top z-1\">\n<\/div>\n\t<div class=\"product-small box \">\n\t\t<div class=\"box-image\">\n\t\t\t<div class=\"image-fade_in_back\">\n\t\t\t\t<a href=\"https:\/\/webmaibinh.com\/w\/shopnoithat\/shop\/ghe-go-ma-02\">\n\t\t\t\t\t<img width=\"300\" height=\"300\" src=\"https:\/\/webmaibinh.com\/w\/shopnoithat\/wp-content\/uploads\/2017\/06\/wooden-furniture-sale-300x300.jpg\" class=\"attachment-woocommerce_thumbnail size-woocommerce_thumbnail\" alt=\"\" loading=\"lazy\" srcset=\"https:\/\/webmaibinh.com\/w\/shopnoithat\/wp-content\/uploads\/2017\/06\/wooden-furniture-sale-300x300.jpg 300w, https:\/\/webmaibinh.com\/w\/shopnoithat\/wp-content\/uploads\/2017\/06\/wooden-furniture-sale-100x100.jpg 100w, https:\/\/webmaibinh.com\/w\/shopnoithat\/wp-content\/uploads\/2017\/06\/wooden-furniture-sale-280x280.jpg 280w, https:\/\/webmaibinh.com\/w\/shopnoithat\/wp-content\/uploads\/2017\/06\/wooden-furniture-sale-400x400.jpg 400w, https:\/\/webmaibinh.com\/w\/shopnoithat\/wp-content\/uploads\/2017\/06\/wooden-furniture-sale.jpg 600w\" sizes=\"(max-width: 300px) 100vw, 300px\" \/><img width=\"300\" height=\"300\" src=\"https:\/\/webmaibinh.com\/w\/shopnoithat\/wp-content\/uploads\/2017\/06\/wooden-furniture-sale-300x300.jpg\" class=\"show-on-hover absolute fill hide-for-small back-image\" alt=\"\" loading=\"lazy\" srcset=\"https:\/\/webmaibinh.com\/w\/shopnoithat\/wp-content\/uploads\/2017\/06\/wooden-furniture-sale-300x300.jpg 300w, https:\/\/webmaibinh.com\/w\/shopnoithat\/wp-content\/uploads\/2017\/06\/wooden-furniture-sale-100x100.jpg 100w, https:\/\/webmaibinh.com\/w\/shopnoithat\/wp-content\/uploads\/2017\/06\/wooden-furniture-sale-280x280.jpg 280w, https:\/\/webmaibinh.com\/w\/shopnoithat\/wp-content\/uploads\/2017\/06\/wooden-furniture-sale-400x400.jpg 400w, https:\/\/webmaibinh.com\/w\/shopnoithat\/wp-content\/uploads\/2017\/06\/wooden-furniture-sale.jpg 600w\" sizes=\"(max-width: 300px) 100vw, 300px\" \/>\t\t\t\t<\/a>\n\t\t\t<\/div>\n\t\t\t<div class=\"image-tools is-small top right show-on-hover\">\n\t\t\t\t\t\t\t<\/div>\n\t\t\t<div class=\"image-tools is-small hide-for-small bottom left show-on-hover\">\n\t\t\t\t\t\t\t<\/div>\n\t\t\t<div class=\"image-tools grid-tools text-center hide-for-small bottom hover-slide-in show-on-hover\">\n\t\t\t\t\t\t\t<\/div>\n\t\t\t\t\t<\/div>\n\n\t\t<div class=\"box-text box-text-products text-center grid-style-2\">\n\t\t\t<div class=\"title-wrapper\"><\/div><div class=\"price-wrapper\"><\/div>\t\t<\/div>\n\t<\/div>\n\t\t<\/div>\n<\/div>\n\n<div class=\"product-small col has-hover product type-product post-899 status-publish last instock has-post-thumbnail shipping-taxable purchasable product-type-simple\">\n\t<div class=\"col-inner\">\n\t\n<div class=\"badge-container absolute left top z-1\">\n<\/div>\n\t<div class=\"product-small box \">\n\t\t<div class=\"box-image\">\n\t\t\t<div class=\"image-fade_in_back\">\n\t\t\t\t<a href=\"https:\/\/webmaibinh.com\/w\/shopnoithat\/shop\/bo-dieu-khien-trung-tam-kg872344\">\n\t\t\t\t\t<img width=\"300\" height=\"277\" src=\"https:\/\/webmaibinh.com\/w\/shopnoithat\/wp-content\/uploads\/2017\/06\/resizeimage-1-300x277.png\" class=\"attachment-woocommerce_thumbnail size-woocommerce_thumbnail\" alt=\"\" loading=\"lazy\" \/><img width=\"300\" height=\"277\" src=\"https:\/\/webmaibinh.com\/w\/shopnoithat\/wp-content\/uploads\/2017\/06\/resizeimage-1-300x277.png\" class=\"show-on-hover absolute fill hide-for-small back-image\" alt=\"\" loading=\"lazy\" \/>\t\t\t\t<\/a>\n\t\t\t<\/div>\n\t\t\t<div class=\"image-tools is-small top right show-on-hover\">\n\t\t\t\t\t\t\t<\/div>\n\t\t\t<div class=\"image-tools is-small hide-for-small bottom left show-on-hover\">\n\t\t\t\t\t\t\t<\/div>\n\t\t\t<div class=\"image-tools grid-tools text-center hide-for-small bottom hover-slide-in show-on-hover\">\n\t\t\t\t\t\t\t<\/div>\n\t\t\t\t\t<\/div>\n\n\t\t<div class=\"box-text box-text-products text-center grid-style-2\">\n\t\t\t<div class=\"title-wrapper\"><\/div><div class=\"price-wrapper\"><\/div>\t\t<\/div>\n\t<\/div>\n\t\t<\/div>\n<\/div>\n\n<div class=\"product-small col has-hover product type-product post-608 status-publish first instock product_cat-ban-trang-diem product_cat-phong-ngu has-post-thumbnail shipping-taxable purchasable product-type-variable\">\n\t<div class=\"col-inner\">\n\t\n<div class=\"badge-container absolute left top z-1\">\n<\/div>\n\t<div class=\"product-small box \">\n\t\t<div class=\"box-image\">\n\t\t\t<div class=\"image-fade_in_back\">\n\t\t\t\t<a href=\"https:\/\/webmaibinh.com\/w\/shopnoithat\/shop\/den-trang-tri\">\n\t\t\t\t\t<img width=\"300\" height=\"300\" src=\"https:\/\/webmaibinh.com\/w\/shopnoithat\/wp-content\/uploads\/2017\/06\/127078484912161-300x300.jpg\" class=\"attachment-woocommerce_thumbnail size-woocommerce_thumbnail\" alt=\"\" loading=\"lazy\" srcset=\"https:\/\/webmaibinh.com\/w\/shopnoithat\/wp-content\/uploads\/2017\/06\/127078484912161-300x300.jpg 300w, https:\/\/webmaibinh.com\/w\/shopnoithat\/wp-content\/uploads\/2017\/06\/127078484912161-100x100.jpg 100w, https:\/\/webmaibinh.com\/w\/shopnoithat\/wp-content\/uploads\/2017\/06\/127078484912161-280x280.jpg 280w, https:\/\/webmaibinh.com\/w\/shopnoithat\/wp-content\/uploads\/2017\/06\/127078484912161-400x400.jpg 400w, https:\/\/webmaibinh.com\/w\/shopnoithat\/wp-content\/uploads\/2017\/06\/127078484912161.jpg 446w\" sizes=\"(max-width: 300px) 100vw, 300px\" \/><img width=\"300\" height=\"300\" src=\"https:\/\/webmaibinh.com\/w\/shopnoithat\/wp-content\/uploads\/2017\/06\/127078484912161-300x300.jpg\" class=\"show-on-hover absolute fill hide-for-small back-image\" alt=\"\" loading=\"lazy\" srcset=\"https:\/\/webmaibinh.com\/w\/shopnoithat\/wp-content\/uploads\/2017\/06\/127078484912161-300x300.jpg 300w, https:\/\/webmaibinh.com\/w\/shopnoithat\/wp-content\/uploads\/2017\/06\/127078484912161-100x100.jpg 100w, https:\/\/webmaibinh.com\/w\/shopnoithat\/wp-content\/uploads\/2017\/06\/127078484912161-280x280.jpg 280w, https:\/\/webmaibinh.com\/w\/shopnoithat\/wp-content\/uploads\/2017\/06\/127078484912161-400x400.jpg 400w, https:\/\/webmaibinh.com\/w\/shopnoithat\/wp-content\/uploads\/2017\/06\/127078484912161.jpg 446w\" sizes=\"(max-width: 300px) 100vw, 300px\" \/>\t\t\t\t<\/a>\n\t\t\t<\/div>\n\t\t\t<div class=\"image-tools is-small top right show-on-hover\">\n\t\t\t\t\t\t\t<\/div>\n\t\t\t<div class=\"image-tools is-small hide-for-small bottom left show-on-hover\">\n\t\t\t\t\t\t\t<\/div>\n\t\t\t<div class=\"image-tools grid-tools text-center hide-for-small bottom hover-slide-in show-on-hover\">\n\t\t\t\t\t\t\t<\/div>\n\t\t\t\t\t<\/div>\n\n\t\t<div class=\"box-text box-text-products text-center grid-style-2\">\n\t\t\t<div class=\"title-wrapper\"><\/div><div class=\"price-wrapper\"><\/div>\t\t<\/div>\n\t<\/div>\n\t\t<\/div>\n<\/div>\n\n<div class=\"product-small col has-hover product type-product post-631 status-publish last instock product_cat-phong-khach has-post-thumbnail shipping-taxable purchasable product-type-variable\">\n\t<div class=\"col-inner\">\n\t\n<div class=\"badge-container absolute left top z-1\">\n<\/div>\n\t<div class=\"product-small box \">\n\t\t<div class=\"box-image\">\n\t\t\t<div class=\"image-fade_in_back\">\n\t\t\t\t<a href=\"https:\/\/webmaibinh.com\/w\/shopnoithat\/shop\/tu-de-giay-gac-cheo\">\n\t\t\t\t\t<img width=\"300\" height=\"300\" src=\"https:\/\/webmaibinh.com\/w\/shopnoithat\/wp-content\/uploads\/2017\/06\/shoe-rack-open-300x300.jpg\" class=\"attachment-woocommerce_thumbnail size-woocommerce_thumbnail\" alt=\"\" loading=\"lazy\" srcset=\"https:\/\/webmaibinh.com\/w\/shopnoithat\/wp-content\/uploads\/2017\/06\/shoe-rack-open-300x300.jpg 300w, https:\/\/webmaibinh.com\/w\/shopnoithat\/wp-content\/uploads\/2017\/06\/shoe-rack-open-100x100.jpg 100w, https:\/\/webmaibinh.com\/w\/shopnoithat\/wp-content\/uploads\/2017\/06\/shoe-rack-open-280x280.jpg 280w, https:\/\/webmaibinh.com\/w\/shopnoithat\/wp-content\/uploads\/2017\/06\/shoe-rack-open-400x400.jpg 400w, https:\/\/webmaibinh.com\/w\/shopnoithat\/wp-content\/uploads\/2017\/06\/shoe-rack-open.jpg 420w\" sizes=\"(max-width: 300px) 100vw, 300px\" \/><img width=\"300\" height=\"300\" src=\"https:\/\/webmaibinh.com\/w\/shopnoithat\/wp-content\/uploads\/2017\/06\/shoe-rack-open-300x300.jpg\" class=\"show-on-hover absolute fill hide-for-small back-image\" alt=\"\" loading=\"lazy\" srcset=\"https:\/\/webmaibinh.com\/w\/shopnoithat\/wp-content\/uploads\/2017\/06\/shoe-rack-open-300x300.jpg 300w, https:\/\/webmaibinh.com\/w\/shopnoithat\/wp-content\/uploads\/2017\/06\/shoe-rack-open-100x100.jpg 100w, https:\/\/webmaibinh.com\/w\/shopnoithat\/wp-content\/uploads\/2017\/06\/shoe-rack-open-280x280.jpg 280w, https:\/\/webmaibinh.com\/w\/shopnoithat\/wp-content\/uploads\/2017\/06\/shoe-rack-open-400x400.jpg 400w, https:\/\/webmaibinh.com\/w\/shopnoithat\/wp-content\/uploads\/2017\/06\/shoe-rack-open.jpg 420w\" sizes=\"(max-width: 300px) 100vw, 300px\" \/>\t\t\t\t<\/a>\n\t\t\t<\/div>\n\t\t\t<div class=\"image-tools is-small top right show-on-hover\">\n\t\t\t\t\t\t\t<\/div>\n\t\t\t<div class=\"image-tools is-small hide-for-small bottom left show-on-hover\">\n\t\t\t\t\t\t\t<\/div>\n\t\t\t<div class=\"image-tools grid-tools text-center hide-for-small bottom hover-slide-in show-on-hover\">\n\t\t\t\t\t\t\t<\/div>\n\t\t\t\t\t<\/div>\n\n\t\t<div class=\"box-text box-text-products text-center grid-style-2\">\n\t\t\t<div class=\"title-wrapper\"><\/div><div class=\"price-wrapper\"><\/div>\t\t<\/div>\n\t<\/div>\n\t\t<\/div>\n<\/div>\n\n<div class=\"product-small col has-hover product type-product post-712 status-publish first instock product_cat-phong-khach has-post-thumbnail shipping-taxable purchasable product-type-simple\">\n\t<div class=\"col-inner\">\n\t\n<div class=\"badge-container absolute left top z-1\">\n<\/div>\n\t<div class=\"product-small box \">\n\t\t<div class=\"box-image\">\n\t\t\t<div class=\"image-fade_in_back\">\n\t\t\t\t<a href=\"https:\/\/webmaibinh.com\/w\/shopnoithat\/shop\/bo-dieu-khien-trung-tam\">\n\t\t\t\t\t<img width=\"300\" height=\"300\" src=\"https:\/\/webmaibinh.com\/w\/shopnoithat\/wp-content\/uploads\/2017\/06\/shoe-rack-open-300x300.jpg\" class=\"attachment-woocommerce_thumbnail size-woocommerce_thumbnail\" alt=\"\" loading=\"lazy\" srcset=\"https:\/\/webmaibinh.com\/w\/shopnoithat\/wp-content\/uploads\/2017\/06\/shoe-rack-open-300x300.jpg 300w, https:\/\/webmaibinh.com\/w\/shopnoithat\/wp-content\/uploads\/2017\/06\/shoe-rack-open-100x100.jpg 100w, https:\/\/webmaibinh.com\/w\/shopnoithat\/wp-content\/uploads\/2017\/06\/shoe-rack-open-280x280.jpg 280w, https:\/\/webmaibinh.com\/w\/shopnoithat\/wp-content\/uploads\/2017\/06\/shoe-rack-open-400x400.jpg 400w, https:\/\/webmaibinh.com\/w\/shopnoithat\/wp-content\/uploads\/2017\/06\/shoe-rack-open.jpg 420w\" sizes=\"(max-width: 300px) 100vw, 300px\" \/><img width=\"300\" height=\"277\" src=\"https:\/\/webmaibinh.com\/w\/shopnoithat\/wp-content\/uploads\/2017\/06\/resizeimage-1-300x277.png\" class=\"show-on-hover absolute fill hide-for-small back-image\" alt=\"\" loading=\"lazy\" \/>\t\t\t\t<\/a>\n\t\t\t<\/div>\n\t\t\t<div class=\"image-tools is-small top right show-on-hover\">\n\t\t\t\t\t\t\t<\/div>\n\t\t\t<div class=\"image-tools is-small hide-for-small bottom left show-on-hover\">\n\t\t\t\t\t\t\t<\/div>\n\t\t\t<div class=\"image-tools grid-tools text-center hide-for-small bottom hover-slide-in show-on-hover\">\n\t\t\t\t\t\t\t<\/div>\n\t\t\t\t\t<\/div>\n\n\t\t<div class=\"box-text box-text-products text-center grid-style-2\">\n\t\t\t<div class=\"title-wrapper\"><\/div><div class=\"price-wrapper\"><\/div>\t\t<\/div>\n\t<\/div>\n\t\t<\/div>\n<\/div>\n\n<div class=\"product-small col has-hover product type-product post-468 status-publish last instock has-post-thumbnail sale shipping-taxable purchasable product-type-simple\">\n\t<div class=\"col-inner\">\n\t\n<div class=\"badge-container absolute left top z-1\">\n\t\t<div class=\"callout badge badge-square\"><div class=\"badge-inner secondary on-sale\"><span class=\"onsale\">-11%<\/span><\/div><\/div>\n<\/div>\n\t<div class=\"product-small box \">\n\t\t<div class=\"box-image\">\n\t\t\t<div class=\"image-fade_in_back\">\n\t\t\t\t<a href=\"https:\/\/webmaibinh.com\/w\/shopnoithat\/shop\/tu-quan-ao-hien-dai\">\n\t\t\t\t\t<img width=\"300\" height=\"300\" src=\"https:\/\/webmaibinh.com\/w\/shopnoithat\/wp-content\/uploads\/2017\/06\/8bga6dorkoto-1-large-300x300.jpg\" class=\"attachment-woocommerce_thumbnail size-woocommerce_thumbnail\" alt=\"\" loading=\"lazy\" srcset=\"https:\/\/webmaibinh.com\/w\/shopnoithat\/wp-content\/uploads\/2017\/06\/8bga6dorkoto-1-large-300x300.jpg 300w, https:\/\/webmaibinh.com\/w\/shopnoithat\/wp-content\/uploads\/2017\/06\/8bga6dorkoto-1-large-100x100.jpg 100w, https:\/\/webmaibinh.com\/w\/shopnoithat\/wp-content\/uploads\/2017\/06\/8bga6dorkoto-1-large-280x280.jpg 280w, https:\/\/webmaibinh.com\/w\/shopnoithat\/wp-content\/uploads\/2017\/06\/8bga6dorkoto-1-large-400x400.jpg 400w, https:\/\/webmaibinh.com\/w\/shopnoithat\/wp-content\/uploads\/2017\/06\/8bga6dorkoto-1-large.jpg 430w\" sizes=\"(max-width: 300px) 100vw, 300px\" \/><img width=\"300\" height=\"300\" src=\"https:\/\/webmaibinh.com\/w\/shopnoithat\/wp-content\/uploads\/2017\/06\/8bga6dorkoto-1-large-300x300.jpg\" class=\"show-on-hover absolute fill hide-for-small back-image\" alt=\"\" loading=\"lazy\" srcset=\"https:\/\/webmaibinh.com\/w\/shopnoithat\/wp-content\/uploads\/2017\/06\/8bga6dorkoto-1-large-300x300.jpg 300w, https:\/\/webmaibinh.com\/w\/shopnoithat\/wp-content\/uploads\/2017\/06\/8bga6dorkoto-1-large-100x100.jpg 100w, https:\/\/webmaibinh.com\/w\/shopnoithat\/wp-content\/uploads\/2017\/06\/8bga6dorkoto-1-large-280x280.jpg 280w, https:\/\/webmaibinh.com\/w\/shopnoithat\/wp-content\/uploads\/2017\/06\/8bga6dorkoto-1-large-400x400.jpg 400w, https:\/\/webmaibinh.com\/w\/shopnoithat\/wp-content\/uploads\/2017\/06\/8bga6dorkoto-1-large.jpg 430w\" sizes=\"(max-width: 300px) 100vw, 300px\" \/>\t\t\t\t<\/a>\n\t\t\t<\/div>\n\t\t\t<div class=\"image-tools is-small top right show-on-hover\">\n\t\t\t\t\t\t\t<\/div>\n\t\t\t<div class=\"image-tools is-small hide-for-small bottom left show-on-hover\">\n\t\t\t\t\t\t\t<\/div>\n\t\t\t<div class=\"image-tools grid-tools text-center hide-for-small bottom hover-slide-in show-on-hover\">\n\t\t\t\t\t\t\t<\/div>\n\t\t\t\t\t<\/div>\n\n\t\t<div class=\"box-text box-text-products text-center grid-style-2\">\n\t\t\t<div class=\"title-wrapper\"><\/div><div class=\"price-wrapper\"><\/div>\t\t<\/div>\n\t<\/div>\n\t\t<\/div>\n<\/div>\n<\/div><!-- row --><\/div>\n\t\t<\/div>\n\t\t\t<\/div>\n\n\t\n<\/div>\n","protected":false},"excerpt":{"rendered":"<p>B\u1ea3o h\u00e0nh:\u00a0\u00a0\u00a0\u00a0 3 n\u0103m<br \/>\nT\u00ecnh tr\u1ea1ng:\u00a0\u00a0\u00a0 M\u1edbi<br \/>\nXu\u1ea5t x\u1ee9:\u00a0\u00a0\u00a0\u00a0\u00a0\u00a0\u00a0\u00a0 Ch\u00ednh h\u00e3ng<br \/>\nV\u1eadn chuy\u1ec3n:\u00a0 Mi\u1ec5n Ph\u00ed n\u1ed9i th\u00e0nh H\u00e0 N\u1ed9i<br \/>\nNgo\u1ea1i t\u1ec9nh gi\u00e1 th\u01b0\u01a1ng l\u01b0\u1ee3ng<br \/>\nL\u1eafp \u0111\u1eb7t: \u00a0 \u00a0 \u00a0 \u00a0 B\u00e1o gi\u00e1 sau khi kh\u1ea3o s\u00e1t<\/p>\n","protected":false},"featured_media":673,"comment_status":"open","ping_status":"closed","template":"","meta":[],"_links":{"self":[{"href":"https:\/\/webmaibinh.com\/w\/shopnoithat\/wp-json\/wp\/v2\/product\/672"}],"collection":[{"href":"https:\/\/webmaibinh.com\/w\/shopnoithat\/wp-json\/wp\/v2\/product"}],"about":[{"href":"https:\/\/webmaibinh.com\/w\/shopnoithat\/wp-json\/wp\/v2\/types\/product"}],"replies":[{"embeddable":true,"href":"https:\/\/webmaibinh.com\/w\/shopnoithat\/wp-json\/wp\/v2\/comments?post=672"}],"wp:featuredmedia":[{"embeddable":true,"href":"https:\/\/webmaibinh.com\/w\/shopnoithat\/wp-json\/wp\/v2\/media\/673"}],"wp:attachment":[{"href":"https:\/\/webmaibinh.com\/w\/shopnoithat\/wp-json\/wp\/v2\/media?parent=672"}],"curies":[{"name":"wp","href":"https:\/\/api.w.org\/{rel}","templated":true}]}}