{"id":636,"date":"2017-06-14T10:39:08","date_gmt":"2017-06-14T03:39:08","guid":{"rendered":"https:\/\/bizhostvn.com\/w\/shopnoithat\/?post_type=product&#038;p=636"},"modified":"2017-06-14T16:48:13","modified_gmt":"2017-06-14T09:48:13","slug":"ghe-go-ma-02","status":"publish","type":"product","link":"https:\/\/webmaibinh.com\/w\/shopnoithat\/shop\/ghe-go-ma-02","title":{"rendered":"Gh\u1ebf g\u1ed7 m\u00e3 sang tr\u1ecdng cho gia \u0111\u00ecnh"},"content":{"rendered":"<div class=\"row row-small row-divided\"  id=\"row-1039149173\">\n\n\t<div id=\"col-752201333\" class=\"col medium-8 small-12 large-8\"  >\n\t\t<div class=\"col-inner\"  >\n\t\t\t\n\t\t\t\n<p>Gh\u1ebf B\u1ed1 &#8211; Gh\u1ebf Th\u01b0 Gi\u00e3n \u0111\u01b0\u1ee3c l\u00e0m b\u1eb1ng G\u1ed7 G\u00f5 v\u00e0 ph\u1ee7 PU kh\u00f4ng phai m\u00e0u ,kh\u00f4ng cong v\u00eanh n\u1ee9t n\u1ebb, c\u00f3 th\u1ec3 v\u1eeba n\u1eb1m v\u1eeba ng\u1ed3i r\u1ea5t tho\u1ea3i m\u00e1i v\u00e0 d\u1ec5 ch\u1ecbu (gh\u1ebf s\u1ebd t\u1ef1 \u0111\u00f4ng du\u1ed7i th\u1eb3ng ra khi h\u1ea1 l\u01b0ng xu\u1ed1ng \u0111\u1ec3 n\u1eb1m). S\u1ea3n ph\u1ea9m&#8230;<\/p>\n<p>Gh\u1ebf B\u1ed1 &#8211; Gh\u1ebf Th\u01b0 Gi\u00e3n \u0111\u01b0\u1ee3c l\u00e0m b\u1eb1ng G\u1ed7 G\u00f5 v\u00e0 ph\u1ee7 PU kh\u00f4ng phai m\u00e0u ,kh\u00f4ng cong v\u00eanh n\u1ee9t n\u1ebb, c\u00f3 th\u1ec3 v\u1eeba n\u1eb1m v\u1eeba ng\u1ed3i r\u1ea5t tho\u1ea3i m\u00e1i v\u00e0 d\u1ec5 ch\u1ecbu (gh\u1ebf s\u1ebd t\u1ef1 \u0111\u00f4ng du\u1ed7i th\u1eb3ng ra khi h\u1ea1 l\u01b0ng xu\u1ed1ng \u0111\u1ec3 n\u1eb1m). S\u1ea3n ph\u1ea9m \u00a0ph\u00f9 h\u1ee3p v\u1edbi m\u1ecdi gia \u0111\u00ecnh \u0111\u1ec3 ng\u1ed3i ngh\u1ec9 ng\u01a1i th\u01b0 gi\u00e3n ,\u0111\u1ecdc s\u00e1ch b\u00e1o v\u00e0 h\u00f3ng m\u00e1t.<\/p>\n<p>S\u1ea3n ph\u1ea9m \u0111\u01b0\u1ee3c b\u1ea3o h\u00e0nh 6 th\u00e1ng k\u1ec3 t\u1eeb ng\u00e0y mua.C\u1eeda h\u00e0ng kh\u00f4ng m\u1ea5t ph\u00ed m\u1eb7t b\u1eb1ng l\u00ean gi\u00e1 c\u1ea1nh tranh nh\u1ea5t.<\/p>\n<p><img src=\"https:\/\/bizweb.dktcdn.net\/100\/103\/391\/files\/wooden-furniture-sale.jpg?v=1468462620461\" \/><\/p>\n<p><img src=\"https:\/\/bizweb.dktcdn.net\/100\/103\/391\/files\/wood-desks-747.jpg?v=1468462634717\" \/><\/p>\n\t\t<\/div>\n\t\t\t<\/div>\n\n\t\n\n\t<div id=\"col-184288683\" class=\"col medium-4 small-12 large-4\"  >\n\t\t<div class=\"col-inner\"  >\n\t\t\t\n\t\t\t\n<h3>S\u1ea3n ph\u1ea9m m\u1edbi c\u1eadp nh\u1eadt<\/h3>\n<div class=\"woocommerce columns-2 \"><div class=\"products row row-small large-columns-2 medium-columns-3 small-columns-2 has-shadow row-box-shadow-2 row-box-shadow-1-hover\">\n\n<div class=\"product-small col has-hover product type-product post-899 status-publish first instock has-post-thumbnail shipping-taxable purchasable product-type-simple\">\n\t<div class=\"col-inner\">\n\t\n<div class=\"badge-container absolute left top z-1\">\n<\/div>\n\t<div class=\"product-small box \">\n\t\t<div class=\"box-image\">\n\t\t\t<div class=\"image-fade_in_back\">\n\t\t\t\t<a href=\"https:\/\/webmaibinh.com\/w\/shopnoithat\/shop\/bo-dieu-khien-trung-tam-kg872344\">\n\t\t\t\t\t<img width=\"300\" height=\"277\" src=\"https:\/\/webmaibinh.com\/w\/shopnoithat\/wp-content\/uploads\/2017\/06\/resizeimage-1-300x277.png\" class=\"attachment-woocommerce_thumbnail size-woocommerce_thumbnail\" alt=\"\" loading=\"lazy\" \/><img width=\"300\" height=\"277\" src=\"https:\/\/webmaibinh.com\/w\/shopnoithat\/wp-content\/uploads\/2017\/06\/resizeimage-1-300x277.png\" class=\"show-on-hover absolute fill hide-for-small back-image\" alt=\"\" loading=\"lazy\" \/>\t\t\t\t<\/a>\n\t\t\t<\/div>\n\t\t\t<div class=\"image-tools is-small top right show-on-hover\">\n\t\t\t\t\t\t\t<\/div>\n\t\t\t<div class=\"image-tools is-small hide-for-small bottom left show-on-hover\">\n\t\t\t\t\t\t\t<\/div>\n\t\t\t<div class=\"image-tools grid-tools text-center hide-for-small bottom hover-slide-in show-on-hover\">\n\t\t\t\t\t\t\t<\/div>\n\t\t\t\t\t<\/div>\n\n\t\t<div class=\"box-text box-text-products text-center grid-style-2\">\n\t\t\t<div class=\"title-wrapper\"><\/div><div class=\"price-wrapper\"><\/div>\t\t<\/div>\n\t<\/div>\n\t\t<\/div>\n<\/div>\n\n<div class=\"product-small col has-hover product type-product post-712 status-publish last instock product_cat-phong-khach has-post-thumbnail shipping-taxable purchasable product-type-simple\">\n\t<div class=\"col-inner\">\n\t\n<div class=\"badge-container absolute left top z-1\">\n<\/div>\n\t<div class=\"product-small box \">\n\t\t<div class=\"box-image\">\n\t\t\t<div class=\"image-fade_in_back\">\n\t\t\t\t<a href=\"https:\/\/webmaibinh.com\/w\/shopnoithat\/shop\/bo-dieu-khien-trung-tam\">\n\t\t\t\t\t<img width=\"300\" height=\"300\" src=\"https:\/\/webmaibinh.com\/w\/shopnoithat\/wp-content\/uploads\/2017\/06\/shoe-rack-open-300x300.jpg\" class=\"attachment-woocommerce_thumbnail size-woocommerce_thumbnail\" alt=\"\" loading=\"lazy\" srcset=\"https:\/\/webmaibinh.com\/w\/shopnoithat\/wp-content\/uploads\/2017\/06\/shoe-rack-open-300x300.jpg 300w, https:\/\/webmaibinh.com\/w\/shopnoithat\/wp-content\/uploads\/2017\/06\/shoe-rack-open-100x100.jpg 100w, https:\/\/webmaibinh.com\/w\/shopnoithat\/wp-content\/uploads\/2017\/06\/shoe-rack-open-280x280.jpg 280w, https:\/\/webmaibinh.com\/w\/shopnoithat\/wp-content\/uploads\/2017\/06\/shoe-rack-open-400x400.jpg 400w, https:\/\/webmaibinh.com\/w\/shopnoithat\/wp-content\/uploads\/2017\/06\/shoe-rack-open.jpg 420w\" sizes=\"(max-width: 300px) 100vw, 300px\" \/><img width=\"300\" height=\"277\" src=\"https:\/\/webmaibinh.com\/w\/shopnoithat\/wp-content\/uploads\/2017\/06\/resizeimage-1-300x277.png\" class=\"show-on-hover absolute fill hide-for-small back-image\" alt=\"\" loading=\"lazy\" \/>\t\t\t\t<\/a>\n\t\t\t<\/div>\n\t\t\t<div class=\"image-tools is-small top right show-on-hover\">\n\t\t\t\t\t\t\t<\/div>\n\t\t\t<div class=\"image-tools is-small hide-for-small bottom left show-on-hover\">\n\t\t\t\t\t\t\t<\/div>\n\t\t\t<div class=\"image-tools grid-tools text-center hide-for-small bottom hover-slide-in show-on-hover\">\n\t\t\t\t\t\t\t<\/div>\n\t\t\t\t\t<\/div>\n\n\t\t<div class=\"box-text box-text-products text-center grid-style-2\">\n\t\t\t<div class=\"title-wrapper\"><\/div><div class=\"price-wrapper\"><\/div>\t\t<\/div>\n\t<\/div>\n\t\t<\/div>\n<\/div>\n\n<div class=\"product-small col has-hover product type-product post-710 status-publish first instock product_cat-phong-khach has-post-thumbnail shipping-taxable purchasable product-type-simple\">\n\t<div class=\"col-inner\">\n\t\n<div class=\"badge-container absolute left top z-1\">\n<\/div>\n\t<div class=\"product-small box \">\n\t\t<div class=\"box-image\">\n\t\t\t<div class=\"image-fade_in_back\">\n\t\t\t\t<a href=\"https:\/\/webmaibinh.com\/w\/shopnoithat\/shop\/thiet-bi-bat-tat-den-thong-minh-sh-d2\">\n\t\t\t\t\t<img width=\"300\" height=\"300\" src=\"https:\/\/webmaibinh.com\/w\/shopnoithat\/wp-content\/uploads\/2017\/06\/127078484912161-300x300.jpg\" class=\"attachment-woocommerce_thumbnail size-woocommerce_thumbnail\" alt=\"\" loading=\"lazy\" srcset=\"https:\/\/webmaibinh.com\/w\/shopnoithat\/wp-content\/uploads\/2017\/06\/127078484912161-300x300.jpg 300w, https:\/\/webmaibinh.com\/w\/shopnoithat\/wp-content\/uploads\/2017\/06\/127078484912161-100x100.jpg 100w, https:\/\/webmaibinh.com\/w\/shopnoithat\/wp-content\/uploads\/2017\/06\/127078484912161-280x280.jpg 280w, https:\/\/webmaibinh.com\/w\/shopnoithat\/wp-content\/uploads\/2017\/06\/127078484912161-400x400.jpg 400w, https:\/\/webmaibinh.com\/w\/shopnoithat\/wp-content\/uploads\/2017\/06\/127078484912161.jpg 446w\" sizes=\"(max-width: 300px) 100vw, 300px\" \/><img width=\"300\" height=\"250\" src=\"https:\/\/webmaibinh.com\/w\/shopnoithat\/wp-content\/uploads\/2017\/06\/shd1d2d3-300x250.jpg\" class=\"show-on-hover absolute fill hide-for-small back-image\" alt=\"\" loading=\"lazy\" \/>\t\t\t\t<\/a>\n\t\t\t<\/div>\n\t\t\t<div class=\"image-tools is-small top right show-on-hover\">\n\t\t\t\t\t\t\t<\/div>\n\t\t\t<div class=\"image-tools is-small hide-for-small bottom left show-on-hover\">\n\t\t\t\t\t\t\t<\/div>\n\t\t\t<div class=\"image-tools grid-tools text-center hide-for-small bottom hover-slide-in show-on-hover\">\n\t\t\t\t\t\t\t<\/div>\n\t\t\t\t\t<\/div>\n\n\t\t<div class=\"box-text box-text-products text-center grid-style-2\">\n\t\t\t<div class=\"title-wrapper\"><\/div><div class=\"price-wrapper\"><\/div>\t\t<\/div>\n\t<\/div>\n\t\t<\/div>\n<\/div>\n\n<div class=\"product-small col has-hover product type-product post-704 status-publish last instock product_cat-thiet-bi-bep has-post-thumbnail shipping-taxable purchasable product-type-simple\">\n\t<div class=\"col-inner\">\n\t\n<div class=\"badge-container absolute left top z-1\">\n<\/div>\n\t<div class=\"product-small box \">\n\t\t<div class=\"box-image\">\n\t\t\t<div class=\"image-fade_in_back\">\n\t\t\t\t<a href=\"https:\/\/webmaibinh.com\/w\/shopnoithat\/shop\/may-hut-mui-canzy-cz-3388-7090\">\n\t\t\t\t\t<img width=\"300\" height=\"300\" src=\"https:\/\/webmaibinh.com\/w\/shopnoithat\/wp-content\/uploads\/2017\/06\/may-khu-mui-nha-bep-sevilla-sv-3388-90-scaled-300x300.jpg\" class=\"attachment-woocommerce_thumbnail size-woocommerce_thumbnail\" alt=\"\" loading=\"lazy\" srcset=\"https:\/\/webmaibinh.com\/w\/shopnoithat\/wp-content\/uploads\/2017\/06\/may-khu-mui-nha-bep-sevilla-sv-3388-90-scaled-300x300.jpg 300w, https:\/\/webmaibinh.com\/w\/shopnoithat\/wp-content\/uploads\/2017\/06\/may-khu-mui-nha-bep-sevilla-sv-3388-90-scaled-100x100.jpg 100w, https:\/\/webmaibinh.com\/w\/shopnoithat\/wp-content\/uploads\/2017\/06\/may-khu-mui-nha-bep-sevilla-sv-3388-90-280x280.jpg 280w\" sizes=\"(max-width: 300px) 100vw, 300px\" \/><img width=\"300\" height=\"300\" src=\"https:\/\/webmaibinh.com\/w\/shopnoithat\/wp-content\/uploads\/2017\/06\/may-khu-mui-nha-bep-sevilla-sv-3388-90-scaled-300x300.jpg\" class=\"show-on-hover absolute fill hide-for-small back-image\" alt=\"\" loading=\"lazy\" srcset=\"https:\/\/webmaibinh.com\/w\/shopnoithat\/wp-content\/uploads\/2017\/06\/may-khu-mui-nha-bep-sevilla-sv-3388-90-scaled-300x300.jpg 300w, https:\/\/webmaibinh.com\/w\/shopnoithat\/wp-content\/uploads\/2017\/06\/may-khu-mui-nha-bep-sevilla-sv-3388-90-scaled-100x100.jpg 100w, https:\/\/webmaibinh.com\/w\/shopnoithat\/wp-content\/uploads\/2017\/06\/may-khu-mui-nha-bep-sevilla-sv-3388-90-280x280.jpg 280w\" sizes=\"(max-width: 300px) 100vw, 300px\" \/>\t\t\t\t<\/a>\n\t\t\t<\/div>\n\t\t\t<div class=\"image-tools is-small top right show-on-hover\">\n\t\t\t\t\t\t\t<\/div>\n\t\t\t<div class=\"image-tools is-small hide-for-small bottom left show-on-hover\">\n\t\t\t\t\t\t\t<\/div>\n\t\t\t<div class=\"image-tools grid-tools text-center hide-for-small bottom hover-slide-in show-on-hover\">\n\t\t\t\t\t\t\t<\/div>\n\t\t\t\t\t<\/div>\n\n\t\t<div class=\"box-text box-text-products text-center grid-style-2\">\n\t\t\t<div class=\"title-wrapper\"><\/div><div class=\"price-wrapper\"><\/div>\t\t<\/div>\n\t<\/div>\n\t\t<\/div>\n<\/div>\n\n<div class=\"product-small col has-hover product type-product post-702 status-publish first instock product_cat-thiet-bi-bep has-post-thumbnail shipping-taxable purchasable product-type-simple\">\n\t<div class=\"col-inner\">\n\t\n<div class=\"badge-container absolute left top z-1\">\n<\/div>\n\t<div class=\"product-small box \">\n\t\t<div class=\"box-image\">\n\t\t\t<div class=\"image-fade_in_back\">\n\t\t\t\t<a href=\"https:\/\/webmaibinh.com\/w\/shopnoithat\/shop\/may-hut-mui-giovani-g70-prs\">\n\t\t\t\t\t<img width=\"300\" height=\"300\" src=\"https:\/\/webmaibinh.com\/w\/shopnoithat\/wp-content\/uploads\/2017\/06\/giovani-300x300.jpg\" class=\"attachment-woocommerce_thumbnail size-woocommerce_thumbnail\" alt=\"\" loading=\"lazy\" srcset=\"https:\/\/webmaibinh.com\/w\/shopnoithat\/wp-content\/uploads\/2017\/06\/giovani-300x300.jpg 300w, https:\/\/webmaibinh.com\/w\/shopnoithat\/wp-content\/uploads\/2017\/06\/giovani-100x100.jpg 100w, https:\/\/webmaibinh.com\/w\/shopnoithat\/wp-content\/uploads\/2017\/06\/giovani-280x280.jpg 280w, https:\/\/webmaibinh.com\/w\/shopnoithat\/wp-content\/uploads\/2017\/06\/giovani-400x400.jpg 400w, https:\/\/webmaibinh.com\/w\/shopnoithat\/wp-content\/uploads\/2017\/06\/giovani.jpg 446w\" sizes=\"(max-width: 300px) 100vw, 300px\" \/><img width=\"300\" height=\"300\" src=\"https:\/\/webmaibinh.com\/w\/shopnoithat\/wp-content\/uploads\/2017\/06\/giovani-300x300.jpg\" class=\"show-on-hover absolute fill hide-for-small back-image\" alt=\"\" loading=\"lazy\" srcset=\"https:\/\/webmaibinh.com\/w\/shopnoithat\/wp-content\/uploads\/2017\/06\/giovani-300x300.jpg 300w, https:\/\/webmaibinh.com\/w\/shopnoithat\/wp-content\/uploads\/2017\/06\/giovani-100x100.jpg 100w, https:\/\/webmaibinh.com\/w\/shopnoithat\/wp-content\/uploads\/2017\/06\/giovani-280x280.jpg 280w, https:\/\/webmaibinh.com\/w\/shopnoithat\/wp-content\/uploads\/2017\/06\/giovani-400x400.jpg 400w, https:\/\/webmaibinh.com\/w\/shopnoithat\/wp-content\/uploads\/2017\/06\/giovani.jpg 446w\" sizes=\"(max-width: 300px) 100vw, 300px\" \/>\t\t\t\t<\/a>\n\t\t\t<\/div>\n\t\t\t<div class=\"image-tools is-small top right show-on-hover\">\n\t\t\t\t\t\t\t<\/div>\n\t\t\t<div class=\"image-tools is-small hide-for-small bottom left show-on-hover\">\n\t\t\t\t\t\t\t<\/div>\n\t\t\t<div class=\"image-tools grid-tools text-center hide-for-small bottom hover-slide-in show-on-hover\">\n\t\t\t\t\t\t\t<\/div>\n\t\t\t\t\t<\/div>\n\n\t\t<div class=\"box-text box-text-products text-center grid-style-2\">\n\t\t\t<div class=\"title-wrapper\"><\/div><div class=\"price-wrapper\"><\/div>\t\t<\/div>\n\t<\/div>\n\t\t<\/div>\n<\/div>\n\n<div class=\"product-small col has-hover product type-product post-686 status-publish last instock product_cat-thiet-bi-bep has-post-thumbnail shipping-taxable purchasable product-type-simple\">\n\t<div class=\"col-inner\">\n\t\n<div class=\"badge-container absolute left top z-1\">\n<\/div>\n\t<div class=\"product-small box \">\n\t\t<div class=\"box-image\">\n\t\t\t<div class=\"image-fade_in_back\">\n\t\t\t\t<a href=\"https:\/\/webmaibinh.com\/w\/shopnoithat\/shop\/bep-ga-am-kinh-kaff-kf-321\">\n\t\t\t\t\t<img width=\"300\" height=\"300\" src=\"https:\/\/webmaibinh.com\/w\/shopnoithat\/wp-content\/uploads\/2017\/06\/bep01-300x300.jpg\" class=\"attachment-woocommerce_thumbnail size-woocommerce_thumbnail\" alt=\"\" loading=\"lazy\" srcset=\"https:\/\/webmaibinh.com\/w\/shopnoithat\/wp-content\/uploads\/2017\/06\/bep01-300x300.jpg 300w, https:\/\/webmaibinh.com\/w\/shopnoithat\/wp-content\/uploads\/2017\/06\/bep01-100x100.jpg 100w, https:\/\/webmaibinh.com\/w\/shopnoithat\/wp-content\/uploads\/2017\/06\/bep01-280x280.jpg 280w, https:\/\/webmaibinh.com\/w\/shopnoithat\/wp-content\/uploads\/2017\/06\/bep01-400x400.jpg 400w, https:\/\/webmaibinh.com\/w\/shopnoithat\/wp-content\/uploads\/2017\/06\/bep01.jpg 446w\" sizes=\"(max-width: 300px) 100vw, 300px\" \/><img width=\"300\" height=\"300\" src=\"https:\/\/webmaibinh.com\/w\/shopnoithat\/wp-content\/uploads\/2017\/06\/bep01-300x300.jpg\" class=\"show-on-hover absolute fill hide-for-small back-image\" alt=\"\" loading=\"lazy\" srcset=\"https:\/\/webmaibinh.com\/w\/shopnoithat\/wp-content\/uploads\/2017\/06\/bep01-300x300.jpg 300w, https:\/\/webmaibinh.com\/w\/shopnoithat\/wp-content\/uploads\/2017\/06\/bep01-100x100.jpg 100w, https:\/\/webmaibinh.com\/w\/shopnoithat\/wp-content\/uploads\/2017\/06\/bep01-280x280.jpg 280w, https:\/\/webmaibinh.com\/w\/shopnoithat\/wp-content\/uploads\/2017\/06\/bep01-400x400.jpg 400w, https:\/\/webmaibinh.com\/w\/shopnoithat\/wp-content\/uploads\/2017\/06\/bep01.jpg 446w\" sizes=\"(max-width: 300px) 100vw, 300px\" \/>\t\t\t\t<\/a>\n\t\t\t<\/div>\n\t\t\t<div class=\"image-tools is-small top right show-on-hover\">\n\t\t\t\t\t\t\t<\/div>\n\t\t\t<div class=\"image-tools is-small hide-for-small bottom left show-on-hover\">\n\t\t\t\t\t\t\t<\/div>\n\t\t\t<div class=\"image-tools grid-tools text-center hide-for-small bottom hover-slide-in show-on-hover\">\n\t\t\t\t\t\t\t<\/div>\n\t\t\t\t\t<\/div>\n\n\t\t<div class=\"box-text box-text-products text-center grid-style-2\">\n\t\t\t<div class=\"title-wrapper\"><\/div><div class=\"price-wrapper\"><\/div>\t\t<\/div>\n\t<\/div>\n\t\t<\/div>\n<\/div>\n<\/div><!-- row --><\/div>\n\t\t<\/div>\n\t\t\t<\/div>\n\n\t\n<\/div>\n","protected":false},"excerpt":{"rendered":"<p>Gh\u1ebf B\u1ed1 &#8211; Gh\u1ebf Th\u01b0 Gi\u00e3n \u0111\u01b0\u1ee3c l\u00e0m b\u1eb1ng G\u1ed7 G\u00f5 v\u00e0 ph\u1ee7 PU kh\u00f4ng phai m\u00e0u ,kh\u00f4ng cong v\u00eanh n\u1ee9t n\u1ebb, c\u00f3 th\u1ec3 v\u1eeba n\u1eb1m v\u1eeba ng\u1ed3i r\u1ea5t tho\u1ea3i m\u00e1i v\u00e0 d\u1ec5 ch\u1ecbu (gh\u1ebf s\u1ebd t\u1ef1 \u0111\u00f4ng du\u1ed7i th\u1eb3ng ra khi h\u1ea1 l\u01b0ng xu\u1ed1ng \u0111\u1ec3 n\u1eb1m). S\u1ea3n ph\u1ea9m&#8230;<\/p>\n","protected":false},"featured_media":643,"comment_status":"open","ping_status":"closed","template":"","meta":[],"_links":{"self":[{"href":"https:\/\/webmaibinh.com\/w\/shopnoithat\/wp-json\/wp\/v2\/product\/636"}],"collection":[{"href":"https:\/\/webmaibinh.com\/w\/shopnoithat\/wp-json\/wp\/v2\/product"}],"about":[{"href":"https:\/\/webmaibinh.com\/w\/shopnoithat\/wp-json\/wp\/v2\/types\/product"}],"replies":[{"embeddable":true,"href":"https:\/\/webmaibinh.com\/w\/shopnoithat\/wp-json\/wp\/v2\/comments?post=636"}],"wp:featuredmedia":[{"embeddable":true,"href":"https:\/\/webmaibinh.com\/w\/shopnoithat\/wp-json\/wp\/v2\/media\/643"}],"wp:attachment":[{"href":"https:\/\/webmaibinh.com\/w\/shopnoithat\/wp-json\/wp\/v2\/media?parent=636"}],"curies":[{"name":"wp","href":"https:\/\/api.w.org\/{rel}","templated":true}]}}