{"id":615,"date":"2017-06-14T10:16:36","date_gmt":"2017-06-14T03:16:36","guid":{"rendered":"https:\/\/bizhostvn.com\/w\/shopnoithat\/?post_type=product&#038;p=615"},"modified":"2017-06-14T16:50:19","modified_gmt":"2017-06-14T09:50:19","slug":"voi-cam-ung-thong-minh","status":"publish","type":"product","link":"https:\/\/webmaibinh.com\/w\/shopnoithat\/shop\/voi-cam-ung-thong-minh","title":{"rendered":"V\u00f2i c\u1ea3m \u1ee9ng th\u00f4ng minh nh\u1eadp kh\u1ea9u H\u00e0n Qu\u1ed1c"},"content":{"rendered":"<div class=\"row row-divided\"  id=\"row-621997245\">\n\n\t<div id=\"col-88071137\" class=\"col medium-8 small-12 large-8\"  >\n\t\t<div class=\"col-inner\"  >\n\t\t\t\n\t\t\t\n<p>V\u00f2i c\u1ea3m \u1ee9ng th\u00f4ng minh SH-F68 ho\u1ea1t \u0111\u1ed9ng b\u1eb1ng c\u00f4ng ngh\u1ec7 c\u1ea3m \u1ee9ng h\u1ed3ng ngo\u1ea1i. Khi ng\u01b0\u1eddi s\u1eed d\u1ee5ng \u0111\u01b0a tay v\u00e0o v\u00f9ng c\u1ea3m \u1ee9ng, thi\u1ebft b\u1ecb s\u1ebd t\u1ef1 \u0111\u1ed9ng x\u1ea3 n\u01b0\u1edbc \u0111\u1ec3 l\u00e0m s\u1ea1ch tay v\u00e0 ng\u1eaft n\u01b0\u1edbc khi ng\u01b0\u1eddi s\u1eed d\u1ee5ng \u0111\u01b0a tay ra. Th\u00e2n v\u00f2i \u0111\u01b0\u1ee3c&#8230;<\/p>\n<p>V\u00f2i c\u1ea3m \u1ee9ng th\u00f4ng minh SH-F68 ho\u1ea1t \u0111\u1ed9ng b\u1eb1ng c\u00f4ng ngh\u1ec7 c\u1ea3m \u1ee9ng h\u1ed3ng ngo\u1ea1i. Khi ng\u01b0\u1eddi s\u1eed d\u1ee5ng \u0111\u01b0a tay v\u00e0o v\u00f9ng c\u1ea3m \u1ee9ng, thi\u1ebft b\u1ecb s\u1ebd t\u1ef1 \u0111\u1ed9ng x\u1ea3 n\u01b0\u1edbc \u0111\u1ec3 l\u00e0m s\u1ea1ch tay v\u00e0 ng\u1eaft n\u01b0\u1edbc khi ng\u01b0\u1eddi s\u1eed d\u1ee5ng \u0111\u01b0a tay ra. Th\u00e2n v\u00f2i \u0111\u01b0\u1ee3c l\u00e0m b\u1eb1ng \u0111\u1ed3ng cao m\u1ea1 chrome cho \u0111\u1ed9 b\u1ec1n cao v\u00e0 v\u1ebb \u0111\u1eb9p sang tr\u1ecdng. C\u00f4ng ngh\u1ec7 Hybrid s\u1eed d\u1ee5ng c\u1ea3 pin v\u00e0 \u0111i\u1ec7n gi\u00fap thi\u1ebft b\u1ecb c\u00f3 th\u1ec3 ho\u1ea1t \u0111\u1ed9ng b\u1ec1n b\u1ec9 v\u00e0 li\u00ean t\u1ee5c. T\u00ednh n\u0103ng t\u1ef1 \u0111\u1ed9ng v\u00e0 th\u00f4ng minh c\u1ee7a thi\u1ebft b\u1ecb gi\u00fap ti\u1ebft ki\u1ec7m n\u01b0\u1edbc v\u00e0 \u0111\u1ea3m b\u1ea3o v\u1ec7 sinh khi s\u1eed d\u1ee5ng.<\/p>\n<p><img src=\"https:\/\/bizweb.dktcdn.net\/100\/109\/381\/files\/voi-cam-ung-lavabo-sh-f68-750x750.png?v=1469641373582\" \/><\/p>\n<p>\u1ee8ng d\u1ee5ng:<br \/>\nL\u1eafp \u0111\u1eb7t cho ch\u1eadu r\u1eeda (lavabo) c\u1ee7a c\u00e1c nh\u00e0 v\u1ec7 sinh gia \u0111\u00ecnh, nh\u00e0 h\u00e0ng, v\u0103n ph\u00f2ng, tr\u01b0\u1eddng h\u1ecdc, b\u1ec7nh vi\u1ec7n, t\u00f2a nh\u00e0, c\u00e1c khu c\u00f4ng c\u1ed9ng&#8230; mang l\u1ea1i s\u1ef1 s\u1ea1ch s\u1ebd, ti\u1ec7n nghi, ti\u1ebft ki\u1ec7m n\u01b0\u1edbc<\/p>\n<p>Th\u00f4ng s\u1ed1 k\u1ef9 thu\u1eadt:<br \/>\n\u0110i\u1ec7n \u00e1p: AC 220V &#8211; 50\/60Hz<br \/>\n\u0110i\u1ec7n \u00e1p: DC 6V &#8211; 4 pin AA Alkaline<br \/>\nC\u00f4ng su\u1ea5t ti\u00eau th\u1ee5: C\u00f4ng su\u1ea5t ho\u1ea1t \u0111\u1ed9ng: P(o) = 6W \/ C\u00f4ng su\u1ea5t ch\u1edd: P(s) = 0,5W<br \/>\nKho\u1ea3ng c\u00e1ch c\u1ea3m \u1ee9ng: 15 cm &#8211; 20cm<br \/>\n\u00c1p l\u1ef1c c\u1ea5p n\u01b0\u1edbc: 0,7 \u2013 7,6 Kgf\/cm2<br \/>\nNhi\u1ec7t \u0111\u1ed9 n\u01b0\u1edbc: 5\u00baC &#8211; 50\u00baC<br \/>\nTh\u1eddi gian x\u00e1c th\u1ef1c: s\u1eed d\u1ee5ng \u0111i\u1ec7n ho\u1eb7c pin \u1edf ch\u1ebf \u0111\u1ed9 0,5s khi b\u00ecnh th\u01b0\u1eddng \/ 2,2s khi s\u1eed d\u1ee5ng pin \u1edf ch\u1ebf \u0111\u1ed9 ti\u1ebft ki\u1ec7m n\u0103ng l\u01b0\u1ee3ng (*)<br \/>\nTh\u1eddi gian ng\u1eaft: 1s<br \/>\nN\u01b0\u1edbc s\u1eed d\u1ee5ng: Ngu\u1ed3n n\u01b0\u1edbc s\u1ea1ch kh\u00f4ng c\u00f3 c\u1eb7n b\u1ea9n<br \/>\nKho\u1ea3ng c\u00e1ch c\u1ea3m \u1ee9ng: 15cm &#8211; 20cm<br \/>\nNhi\u1ec7t \u0111\u1ed9 ho\u1ea1t \u0111\u1ed9ng: 60\u00baC max<br \/>\nB\u00e1o h\u1ebft pin: \u0110\u00e8n led ch\u1edbp s\u00e1ng 2 gi\u00e2y\/l\u1ea7n<br \/>\nK\u00edch th\u01b0\u1edbc (D x C x R): 120 x 100 x 60 mm \/ H\u1ed9p \u0111i\u1ec1u khi\u1ec3n 80 x 140 x 110mm<br \/>\nTr\u1ecdng l\u01b0\u1ee3ng th\u00e2n v\u00f2i: 1,0 kg<br \/>\nB\u1ea3o h\u00e0nh: 12 th\u00e1ng<br \/>\n(*) Ch\u1ebf \u0111\u1ed9 ti\u1ebft ki\u1ec7m n\u0103ng l\u01b0\u1ee3ng: khi thi\u1ebft b\u1ecb s\u1eed d\u1ee5ng pin, k\u1ec3 t\u1eeb l\u1ea7n s\u1eed d\u1ee5ng cu\u1ed1i c\u00f9ng 60 ph\u00fat, th\u1eddi gian x\u00e1c th\u1ef1c s\u1ebd t\u0103ng t\u1eeb 0,5s l\u00ean 2,2s. Khi \u1edf ch\u1ebf \u0111\u1ed9 ti\u1ebft ki\u1ec7m n\u0103ng l\u01b0\u1ee3ng, n\u1ebfu ph\u00e1t hi\u1ec7n ng\u01b0\u1eddi s\u1eed d\u1ee5ng, th\u1eddi gian x\u00e1c th\u1ef1c s\u1ebd gi\u1ea3m t\u1eeb 2,2 gi\u00e2y xu\u1ed1ng 0,5 gi\u00e2y.<\/p>\n\t\t<\/div>\n\t\t\t<\/div>\n\n\t\n\n\t<div id=\"col-898467581\" class=\"col medium-4 small-12 large-4\"  >\n\t\t<div class=\"col-inner\"  >\n\t\t\t\n\t\t\t\n<h3>S\u1ea3n ph\u1ea9m m\u1edbi c\u1eadp nh\u1eadt<\/h3>\n<div class=\"woocommerce columns-2 \"><div class=\"products row row-small large-columns-2 medium-columns-3 small-columns-2 has-shadow row-box-shadow-2 row-box-shadow-1-hover\">\n\n<div class=\"product-small col has-hover product type-product post-899 status-publish first instock has-post-thumbnail shipping-taxable purchasable product-type-simple\">\n\t<div class=\"col-inner\">\n\t\n<div class=\"badge-container absolute left top z-1\">\n<\/div>\n\t<div class=\"product-small box \">\n\t\t<div class=\"box-image\">\n\t\t\t<div class=\"image-fade_in_back\">\n\t\t\t\t<a href=\"https:\/\/webmaibinh.com\/w\/shopnoithat\/shop\/bo-dieu-khien-trung-tam-kg872344\">\n\t\t\t\t\t<img width=\"300\" height=\"277\" src=\"https:\/\/webmaibinh.com\/w\/shopnoithat\/wp-content\/uploads\/2017\/06\/resizeimage-1-300x277.png\" class=\"attachment-woocommerce_thumbnail size-woocommerce_thumbnail\" alt=\"\" loading=\"lazy\" \/><img width=\"300\" height=\"277\" src=\"https:\/\/webmaibinh.com\/w\/shopnoithat\/wp-content\/uploads\/2017\/06\/resizeimage-1-300x277.png\" class=\"show-on-hover absolute fill hide-for-small back-image\" alt=\"\" loading=\"lazy\" \/>\t\t\t\t<\/a>\n\t\t\t<\/div>\n\t\t\t<div class=\"image-tools is-small top right show-on-hover\">\n\t\t\t\t\t\t\t<\/div>\n\t\t\t<div class=\"image-tools is-small hide-for-small bottom left show-on-hover\">\n\t\t\t\t\t\t\t<\/div>\n\t\t\t<div class=\"image-tools grid-tools text-center hide-for-small bottom hover-slide-in show-on-hover\">\n\t\t\t\t\t\t\t<\/div>\n\t\t\t\t\t<\/div>\n\n\t\t<div class=\"box-text box-text-products text-center grid-style-2\">\n\t\t\t<div class=\"title-wrapper\"><\/div><div class=\"price-wrapper\"><\/div>\t\t<\/div>\n\t<\/div>\n\t\t<\/div>\n<\/div>\n\n<div class=\"product-small col has-hover product type-product post-712 status-publish last instock product_cat-phong-khach has-post-thumbnail shipping-taxable purchasable product-type-simple\">\n\t<div class=\"col-inner\">\n\t\n<div class=\"badge-container absolute left top z-1\">\n<\/div>\n\t<div class=\"product-small box \">\n\t\t<div class=\"box-image\">\n\t\t\t<div class=\"image-fade_in_back\">\n\t\t\t\t<a href=\"https:\/\/webmaibinh.com\/w\/shopnoithat\/shop\/bo-dieu-khien-trung-tam\">\n\t\t\t\t\t<img width=\"300\" height=\"300\" src=\"https:\/\/webmaibinh.com\/w\/shopnoithat\/wp-content\/uploads\/2017\/06\/shoe-rack-open-300x300.jpg\" class=\"attachment-woocommerce_thumbnail size-woocommerce_thumbnail\" alt=\"\" loading=\"lazy\" srcset=\"https:\/\/webmaibinh.com\/w\/shopnoithat\/wp-content\/uploads\/2017\/06\/shoe-rack-open-300x300.jpg 300w, https:\/\/webmaibinh.com\/w\/shopnoithat\/wp-content\/uploads\/2017\/06\/shoe-rack-open-100x100.jpg 100w, https:\/\/webmaibinh.com\/w\/shopnoithat\/wp-content\/uploads\/2017\/06\/shoe-rack-open-280x280.jpg 280w, https:\/\/webmaibinh.com\/w\/shopnoithat\/wp-content\/uploads\/2017\/06\/shoe-rack-open-400x400.jpg 400w, https:\/\/webmaibinh.com\/w\/shopnoithat\/wp-content\/uploads\/2017\/06\/shoe-rack-open.jpg 420w\" sizes=\"(max-width: 300px) 100vw, 300px\" \/><img width=\"300\" height=\"277\" src=\"https:\/\/webmaibinh.com\/w\/shopnoithat\/wp-content\/uploads\/2017\/06\/resizeimage-1-300x277.png\" class=\"show-on-hover absolute fill hide-for-small back-image\" alt=\"\" loading=\"lazy\" \/>\t\t\t\t<\/a>\n\t\t\t<\/div>\n\t\t\t<div class=\"image-tools is-small top right show-on-hover\">\n\t\t\t\t\t\t\t<\/div>\n\t\t\t<div class=\"image-tools is-small hide-for-small bottom left show-on-hover\">\n\t\t\t\t\t\t\t<\/div>\n\t\t\t<div class=\"image-tools grid-tools text-center hide-for-small bottom hover-slide-in show-on-hover\">\n\t\t\t\t\t\t\t<\/div>\n\t\t\t\t\t<\/div>\n\n\t\t<div class=\"box-text box-text-products text-center grid-style-2\">\n\t\t\t<div class=\"title-wrapper\"><\/div><div class=\"price-wrapper\"><\/div>\t\t<\/div>\n\t<\/div>\n\t\t<\/div>\n<\/div>\n\n<div class=\"product-small col has-hover product type-product post-710 status-publish first instock product_cat-phong-khach has-post-thumbnail shipping-taxable purchasable product-type-simple\">\n\t<div class=\"col-inner\">\n\t\n<div class=\"badge-container absolute left top z-1\">\n<\/div>\n\t<div class=\"product-small box \">\n\t\t<div class=\"box-image\">\n\t\t\t<div class=\"image-fade_in_back\">\n\t\t\t\t<a href=\"https:\/\/webmaibinh.com\/w\/shopnoithat\/shop\/thiet-bi-bat-tat-den-thong-minh-sh-d2\">\n\t\t\t\t\t<img width=\"300\" height=\"300\" src=\"https:\/\/webmaibinh.com\/w\/shopnoithat\/wp-content\/uploads\/2017\/06\/127078484912161-300x300.jpg\" class=\"attachment-woocommerce_thumbnail size-woocommerce_thumbnail\" alt=\"\" loading=\"lazy\" srcset=\"https:\/\/webmaibinh.com\/w\/shopnoithat\/wp-content\/uploads\/2017\/06\/127078484912161-300x300.jpg 300w, https:\/\/webmaibinh.com\/w\/shopnoithat\/wp-content\/uploads\/2017\/06\/127078484912161-100x100.jpg 100w, https:\/\/webmaibinh.com\/w\/shopnoithat\/wp-content\/uploads\/2017\/06\/127078484912161-280x280.jpg 280w, https:\/\/webmaibinh.com\/w\/shopnoithat\/wp-content\/uploads\/2017\/06\/127078484912161-400x400.jpg 400w, https:\/\/webmaibinh.com\/w\/shopnoithat\/wp-content\/uploads\/2017\/06\/127078484912161.jpg 446w\" sizes=\"(max-width: 300px) 100vw, 300px\" \/><img width=\"300\" height=\"250\" src=\"https:\/\/webmaibinh.com\/w\/shopnoithat\/wp-content\/uploads\/2017\/06\/shd1d2d3-300x250.jpg\" class=\"show-on-hover absolute fill hide-for-small back-image\" alt=\"\" loading=\"lazy\" \/>\t\t\t\t<\/a>\n\t\t\t<\/div>\n\t\t\t<div class=\"image-tools is-small top right show-on-hover\">\n\t\t\t\t\t\t\t<\/div>\n\t\t\t<div class=\"image-tools is-small hide-for-small bottom left show-on-hover\">\n\t\t\t\t\t\t\t<\/div>\n\t\t\t<div class=\"image-tools grid-tools text-center hide-for-small bottom hover-slide-in show-on-hover\">\n\t\t\t\t\t\t\t<\/div>\n\t\t\t\t\t<\/div>\n\n\t\t<div class=\"box-text box-text-products text-center grid-style-2\">\n\t\t\t<div class=\"title-wrapper\"><\/div><div class=\"price-wrapper\"><\/div>\t\t<\/div>\n\t<\/div>\n\t\t<\/div>\n<\/div>\n\n<div class=\"product-small col has-hover product type-product post-704 status-publish last instock product_cat-thiet-bi-bep has-post-thumbnail shipping-taxable purchasable product-type-simple\">\n\t<div class=\"col-inner\">\n\t\n<div class=\"badge-container absolute left top z-1\">\n<\/div>\n\t<div class=\"product-small box \">\n\t\t<div class=\"box-image\">\n\t\t\t<div class=\"image-fade_in_back\">\n\t\t\t\t<a href=\"https:\/\/webmaibinh.com\/w\/shopnoithat\/shop\/may-hut-mui-canzy-cz-3388-7090\">\n\t\t\t\t\t<img width=\"300\" height=\"300\" src=\"https:\/\/webmaibinh.com\/w\/shopnoithat\/wp-content\/uploads\/2017\/06\/may-khu-mui-nha-bep-sevilla-sv-3388-90-scaled-300x300.jpg\" class=\"attachment-woocommerce_thumbnail size-woocommerce_thumbnail\" alt=\"\" loading=\"lazy\" srcset=\"https:\/\/webmaibinh.com\/w\/shopnoithat\/wp-content\/uploads\/2017\/06\/may-khu-mui-nha-bep-sevilla-sv-3388-90-scaled-300x300.jpg 300w, https:\/\/webmaibinh.com\/w\/shopnoithat\/wp-content\/uploads\/2017\/06\/may-khu-mui-nha-bep-sevilla-sv-3388-90-scaled-100x100.jpg 100w, https:\/\/webmaibinh.com\/w\/shopnoithat\/wp-content\/uploads\/2017\/06\/may-khu-mui-nha-bep-sevilla-sv-3388-90-280x280.jpg 280w\" sizes=\"(max-width: 300px) 100vw, 300px\" \/><img width=\"300\" height=\"300\" src=\"https:\/\/webmaibinh.com\/w\/shopnoithat\/wp-content\/uploads\/2017\/06\/may-khu-mui-nha-bep-sevilla-sv-3388-90-scaled-300x300.jpg\" class=\"show-on-hover absolute fill hide-for-small back-image\" alt=\"\" loading=\"lazy\" srcset=\"https:\/\/webmaibinh.com\/w\/shopnoithat\/wp-content\/uploads\/2017\/06\/may-khu-mui-nha-bep-sevilla-sv-3388-90-scaled-300x300.jpg 300w, https:\/\/webmaibinh.com\/w\/shopnoithat\/wp-content\/uploads\/2017\/06\/may-khu-mui-nha-bep-sevilla-sv-3388-90-scaled-100x100.jpg 100w, https:\/\/webmaibinh.com\/w\/shopnoithat\/wp-content\/uploads\/2017\/06\/may-khu-mui-nha-bep-sevilla-sv-3388-90-280x280.jpg 280w\" sizes=\"(max-width: 300px) 100vw, 300px\" \/>\t\t\t\t<\/a>\n\t\t\t<\/div>\n\t\t\t<div class=\"image-tools is-small top right show-on-hover\">\n\t\t\t\t\t\t\t<\/div>\n\t\t\t<div class=\"image-tools is-small hide-for-small bottom left show-on-hover\">\n\t\t\t\t\t\t\t<\/div>\n\t\t\t<div class=\"image-tools grid-tools text-center hide-for-small bottom hover-slide-in show-on-hover\">\n\t\t\t\t\t\t\t<\/div>\n\t\t\t\t\t<\/div>\n\n\t\t<div class=\"box-text box-text-products text-center grid-style-2\">\n\t\t\t<div class=\"title-wrapper\"><\/div><div class=\"price-wrapper\"><\/div>\t\t<\/div>\n\t<\/div>\n\t\t<\/div>\n<\/div>\n\n<div class=\"product-small col has-hover product type-product post-702 status-publish first instock product_cat-thiet-bi-bep has-post-thumbnail shipping-taxable purchasable product-type-simple\">\n\t<div class=\"col-inner\">\n\t\n<div class=\"badge-container absolute left top z-1\">\n<\/div>\n\t<div class=\"product-small box \">\n\t\t<div class=\"box-image\">\n\t\t\t<div class=\"image-fade_in_back\">\n\t\t\t\t<a href=\"https:\/\/webmaibinh.com\/w\/shopnoithat\/shop\/may-hut-mui-giovani-g70-prs\">\n\t\t\t\t\t<img width=\"300\" height=\"300\" src=\"https:\/\/webmaibinh.com\/w\/shopnoithat\/wp-content\/uploads\/2017\/06\/giovani-300x300.jpg\" class=\"attachment-woocommerce_thumbnail size-woocommerce_thumbnail\" alt=\"\" loading=\"lazy\" srcset=\"https:\/\/webmaibinh.com\/w\/shopnoithat\/wp-content\/uploads\/2017\/06\/giovani-300x300.jpg 300w, https:\/\/webmaibinh.com\/w\/shopnoithat\/wp-content\/uploads\/2017\/06\/giovani-100x100.jpg 100w, https:\/\/webmaibinh.com\/w\/shopnoithat\/wp-content\/uploads\/2017\/06\/giovani-280x280.jpg 280w, https:\/\/webmaibinh.com\/w\/shopnoithat\/wp-content\/uploads\/2017\/06\/giovani-400x400.jpg 400w, https:\/\/webmaibinh.com\/w\/shopnoithat\/wp-content\/uploads\/2017\/06\/giovani.jpg 446w\" sizes=\"(max-width: 300px) 100vw, 300px\" \/><img width=\"300\" height=\"300\" src=\"https:\/\/webmaibinh.com\/w\/shopnoithat\/wp-content\/uploads\/2017\/06\/giovani-300x300.jpg\" class=\"show-on-hover absolute fill hide-for-small back-image\" alt=\"\" loading=\"lazy\" srcset=\"https:\/\/webmaibinh.com\/w\/shopnoithat\/wp-content\/uploads\/2017\/06\/giovani-300x300.jpg 300w, https:\/\/webmaibinh.com\/w\/shopnoithat\/wp-content\/uploads\/2017\/06\/giovani-100x100.jpg 100w, https:\/\/webmaibinh.com\/w\/shopnoithat\/wp-content\/uploads\/2017\/06\/giovani-280x280.jpg 280w, https:\/\/webmaibinh.com\/w\/shopnoithat\/wp-content\/uploads\/2017\/06\/giovani-400x400.jpg 400w, https:\/\/webmaibinh.com\/w\/shopnoithat\/wp-content\/uploads\/2017\/06\/giovani.jpg 446w\" sizes=\"(max-width: 300px) 100vw, 300px\" \/>\t\t\t\t<\/a>\n\t\t\t<\/div>\n\t\t\t<div class=\"image-tools is-small top right show-on-hover\">\n\t\t\t\t\t\t\t<\/div>\n\t\t\t<div class=\"image-tools is-small hide-for-small bottom left show-on-hover\">\n\t\t\t\t\t\t\t<\/div>\n\t\t\t<div class=\"image-tools grid-tools text-center hide-for-small bottom hover-slide-in show-on-hover\">\n\t\t\t\t\t\t\t<\/div>\n\t\t\t\t\t<\/div>\n\n\t\t<div class=\"box-text box-text-products text-center grid-style-2\">\n\t\t\t<div class=\"title-wrapper\"><\/div><div class=\"price-wrapper\"><\/div>\t\t<\/div>\n\t<\/div>\n\t\t<\/div>\n<\/div>\n\n<div class=\"product-small col has-hover product type-product post-686 status-publish last instock product_cat-thiet-bi-bep has-post-thumbnail shipping-taxable purchasable product-type-simple\">\n\t<div class=\"col-inner\">\n\t\n<div class=\"badge-container absolute left top z-1\">\n<\/div>\n\t<div class=\"product-small box \">\n\t\t<div class=\"box-image\">\n\t\t\t<div class=\"image-fade_in_back\">\n\t\t\t\t<a href=\"https:\/\/webmaibinh.com\/w\/shopnoithat\/shop\/bep-ga-am-kinh-kaff-kf-321\">\n\t\t\t\t\t<img width=\"300\" height=\"300\" src=\"https:\/\/webmaibinh.com\/w\/shopnoithat\/wp-content\/uploads\/2017\/06\/bep01-300x300.jpg\" class=\"attachment-woocommerce_thumbnail size-woocommerce_thumbnail\" alt=\"\" loading=\"lazy\" srcset=\"https:\/\/webmaibinh.com\/w\/shopnoithat\/wp-content\/uploads\/2017\/06\/bep01-300x300.jpg 300w, https:\/\/webmaibinh.com\/w\/shopnoithat\/wp-content\/uploads\/2017\/06\/bep01-100x100.jpg 100w, https:\/\/webmaibinh.com\/w\/shopnoithat\/wp-content\/uploads\/2017\/06\/bep01-280x280.jpg 280w, https:\/\/webmaibinh.com\/w\/shopnoithat\/wp-content\/uploads\/2017\/06\/bep01-400x400.jpg 400w, https:\/\/webmaibinh.com\/w\/shopnoithat\/wp-content\/uploads\/2017\/06\/bep01.jpg 446w\" sizes=\"(max-width: 300px) 100vw, 300px\" \/><img width=\"300\" height=\"300\" src=\"https:\/\/webmaibinh.com\/w\/shopnoithat\/wp-content\/uploads\/2017\/06\/bep01-300x300.jpg\" class=\"show-on-hover absolute fill hide-for-small back-image\" alt=\"\" loading=\"lazy\" srcset=\"https:\/\/webmaibinh.com\/w\/shopnoithat\/wp-content\/uploads\/2017\/06\/bep01-300x300.jpg 300w, https:\/\/webmaibinh.com\/w\/shopnoithat\/wp-content\/uploads\/2017\/06\/bep01-100x100.jpg 100w, https:\/\/webmaibinh.com\/w\/shopnoithat\/wp-content\/uploads\/2017\/06\/bep01-280x280.jpg 280w, https:\/\/webmaibinh.com\/w\/shopnoithat\/wp-content\/uploads\/2017\/06\/bep01-400x400.jpg 400w, https:\/\/webmaibinh.com\/w\/shopnoithat\/wp-content\/uploads\/2017\/06\/bep01.jpg 446w\" sizes=\"(max-width: 300px) 100vw, 300px\" \/>\t\t\t\t<\/a>\n\t\t\t<\/div>\n\t\t\t<div class=\"image-tools is-small top right show-on-hover\">\n\t\t\t\t\t\t\t<\/div>\n\t\t\t<div class=\"image-tools is-small hide-for-small bottom left show-on-hover\">\n\t\t\t\t\t\t\t<\/div>\n\t\t\t<div class=\"image-tools grid-tools text-center hide-for-small bottom hover-slide-in show-on-hover\">\n\t\t\t\t\t\t\t<\/div>\n\t\t\t\t\t<\/div>\n\n\t\t<div class=\"box-text box-text-products text-center grid-style-2\">\n\t\t\t<div class=\"title-wrapper\"><\/div><div class=\"price-wrapper\"><\/div>\t\t<\/div>\n\t<\/div>\n\t\t<\/div>\n<\/div>\n\n<div class=\"product-small col has-hover product type-product post-679 status-publish first instock product_cat-thiet-bi-bep has-post-thumbnail shipping-taxable purchasable product-type-simple\">\n\t<div class=\"col-inner\">\n\t\n<div class=\"badge-container absolute left top z-1\">\n<\/div>\n\t<div class=\"product-small box \">\n\t\t<div class=\"box-image\">\n\t\t\t<div class=\"image-fade_in_back\">\n\t\t\t\t<a href=\"https:\/\/webmaibinh.com\/w\/shopnoithat\/shop\/lo-vi-song-sanyo-em-g2088vve3-20-lit\">\n\t\t\t\t\t<img width=\"300\" height=\"300\" src=\"https:\/\/webmaibinh.com\/w\/shopnoithat\/wp-content\/uploads\/2017\/06\/chon-mua-loai-lo-vi-song-nao-300x300.jpg\" class=\"attachment-woocommerce_thumbnail size-woocommerce_thumbnail\" alt=\"\" loading=\"lazy\" srcset=\"https:\/\/webmaibinh.com\/w\/shopnoithat\/wp-content\/uploads\/2017\/06\/chon-mua-loai-lo-vi-song-nao-300x300.jpg 300w, https:\/\/webmaibinh.com\/w\/shopnoithat\/wp-content\/uploads\/2017\/06\/chon-mua-loai-lo-vi-song-nao-100x100.jpg 100w, https:\/\/webmaibinh.com\/w\/shopnoithat\/wp-content\/uploads\/2017\/06\/chon-mua-loai-lo-vi-song-nao-280x280.jpg 280w, https:\/\/webmaibinh.com\/w\/shopnoithat\/wp-content\/uploads\/2017\/06\/chon-mua-loai-lo-vi-song-nao-400x400.jpg 400w, https:\/\/webmaibinh.com\/w\/shopnoithat\/wp-content\/uploads\/2017\/06\/chon-mua-loai-lo-vi-song-nao.jpg 446w\" sizes=\"(max-width: 300px) 100vw, 300px\" \/><img width=\"300\" height=\"300\" src=\"https:\/\/webmaibinh.com\/w\/shopnoithat\/wp-content\/uploads\/2017\/06\/chon-mua-loai-lo-vi-song-nao-300x300.jpg\" class=\"show-on-hover absolute fill hide-for-small back-image\" alt=\"\" loading=\"lazy\" srcset=\"https:\/\/webmaibinh.com\/w\/shopnoithat\/wp-content\/uploads\/2017\/06\/chon-mua-loai-lo-vi-song-nao-300x300.jpg 300w, https:\/\/webmaibinh.com\/w\/shopnoithat\/wp-content\/uploads\/2017\/06\/chon-mua-loai-lo-vi-song-nao-100x100.jpg 100w, https:\/\/webmaibinh.com\/w\/shopnoithat\/wp-content\/uploads\/2017\/06\/chon-mua-loai-lo-vi-song-nao-280x280.jpg 280w, https:\/\/webmaibinh.com\/w\/shopnoithat\/wp-content\/uploads\/2017\/06\/chon-mua-loai-lo-vi-song-nao-400x400.jpg 400w, https:\/\/webmaibinh.com\/w\/shopnoithat\/wp-content\/uploads\/2017\/06\/chon-mua-loai-lo-vi-song-nao.jpg 446w\" sizes=\"(max-width: 300px) 100vw, 300px\" \/>\t\t\t\t<\/a>\n\t\t\t<\/div>\n\t\t\t<div class=\"image-tools is-small top right show-on-hover\">\n\t\t\t\t\t\t\t<\/div>\n\t\t\t<div class=\"image-tools is-small hide-for-small bottom left show-on-hover\">\n\t\t\t\t\t\t\t<\/div>\n\t\t\t<div class=\"image-tools grid-tools text-center hide-for-small bottom hover-slide-in show-on-hover\">\n\t\t\t\t\t\t\t<\/div>\n\t\t\t\t\t<\/div>\n\n\t\t<div class=\"box-text box-text-products text-center grid-style-2\">\n\t\t\t<div class=\"title-wrapper\"><\/div><div class=\"price-wrapper\"><\/div>\t\t<\/div>\n\t<\/div>\n\t\t<\/div>\n<\/div>\n\n<div class=\"product-small col has-hover product type-product post-672 status-publish last instock product_cat-thiet-bi-ve-sinh has-post-thumbnail shipping-taxable purchasable product-type-simple\">\n\t<div class=\"col-inner\">\n\t\n<div class=\"badge-container absolute left top z-1\">\n<\/div>\n\t<div class=\"product-small box \">\n\t\t<div class=\"box-image\">\n\t\t\t<div class=\"image-fade_in_back\">\n\t\t\t\t<a href=\"https:\/\/webmaibinh.com\/w\/shopnoithat\/shop\/bon-cau-dien-tu-03\">\n\t\t\t\t\t<img width=\"300\" height=\"300\" src=\"https:\/\/webmaibinh.com\/w\/shopnoithat\/wp-content\/uploads\/2017\/06\/WF-1806-300x300.jpg\" class=\"attachment-woocommerce_thumbnail size-woocommerce_thumbnail\" alt=\"\" loading=\"lazy\" srcset=\"https:\/\/webmaibinh.com\/w\/shopnoithat\/wp-content\/uploads\/2017\/06\/WF-1806-300x300.jpg 300w, https:\/\/webmaibinh.com\/w\/shopnoithat\/wp-content\/uploads\/2017\/06\/WF-1806-100x100.jpg 100w, https:\/\/webmaibinh.com\/w\/shopnoithat\/wp-content\/uploads\/2017\/06\/WF-1806-280x280.jpg 280w\" sizes=\"(max-width: 300px) 100vw, 300px\" \/><img width=\"300\" height=\"300\" src=\"https:\/\/webmaibinh.com\/w\/shopnoithat\/wp-content\/uploads\/2017\/06\/WF-1806-300x300.jpg\" class=\"show-on-hover absolute fill hide-for-small back-image\" alt=\"\" loading=\"lazy\" srcset=\"https:\/\/webmaibinh.com\/w\/shopnoithat\/wp-content\/uploads\/2017\/06\/WF-1806-300x300.jpg 300w, https:\/\/webmaibinh.com\/w\/shopnoithat\/wp-content\/uploads\/2017\/06\/WF-1806-100x100.jpg 100w, https:\/\/webmaibinh.com\/w\/shopnoithat\/wp-content\/uploads\/2017\/06\/WF-1806-280x280.jpg 280w\" sizes=\"(max-width: 300px) 100vw, 300px\" \/>\t\t\t\t<\/a>\n\t\t\t<\/div>\n\t\t\t<div class=\"image-tools is-small top right show-on-hover\">\n\t\t\t\t\t\t\t<\/div>\n\t\t\t<div class=\"image-tools is-small hide-for-small bottom left show-on-hover\">\n\t\t\t\t\t\t\t<\/div>\n\t\t\t<div class=\"image-tools grid-tools text-center hide-for-small bottom hover-slide-in show-on-hover\">\n\t\t\t\t\t\t\t<\/div>\n\t\t\t\t\t<\/div>\n\n\t\t<div class=\"box-text box-text-products text-center grid-style-2\">\n\t\t\t<div class=\"title-wrapper\"><\/div><div class=\"price-wrapper\"><\/div>\t\t<\/div>\n\t<\/div>\n\t\t<\/div>\n<\/div>\n<\/div><!-- row --><\/div>\n\t\t<\/div>\n\t\t\t<\/div>\n\n\t\n<\/div>\n","protected":false},"excerpt":{"rendered":"<p>V\u00f2i c\u1ea3m \u1ee9ng th\u00f4ng minh SH-F68 ho\u1ea1t \u0111\u1ed9ng b\u1eb1ng c\u00f4ng ngh\u1ec7 c\u1ea3m \u1ee9ng h\u1ed3ng ngo\u1ea1i. Khi ng\u01b0\u1eddi s\u1eed d\u1ee5ng \u0111\u01b0a tay v\u00e0o v\u00f9ng c\u1ea3m \u1ee9ng, thi\u1ebft b\u1ecb s\u1ebd t\u1ef1 \u0111\u1ed9ng x\u1ea3 n\u01b0\u1edbc \u0111\u1ec3 l\u00e0m s\u1ea1ch tay v\u00e0 ng\u1eaft n\u01b0\u1edbc khi ng\u01b0\u1eddi s\u1eed d\u1ee5ng \u0111\u01b0a tay ra. Th\u00e2n v\u00f2i \u0111\u01b0\u1ee3c&#8230;<\/p>\n","protected":false},"featured_media":620,"comment_status":"open","ping_status":"closed","template":"","meta":[],"_links":{"self":[{"href":"https:\/\/webmaibinh.com\/w\/shopnoithat\/wp-json\/wp\/v2\/product\/615"}],"collection":[{"href":"https:\/\/webmaibinh.com\/w\/shopnoithat\/wp-json\/wp\/v2\/product"}],"about":[{"href":"https:\/\/webmaibinh.com\/w\/shopnoithat\/wp-json\/wp\/v2\/types\/product"}],"replies":[{"embeddable":true,"href":"https:\/\/webmaibinh.com\/w\/shopnoithat\/wp-json\/wp\/v2\/comments?post=615"}],"wp:featuredmedia":[{"embeddable":true,"href":"https:\/\/webmaibinh.com\/w\/shopnoithat\/wp-json\/wp\/v2\/media\/620"}],"wp:attachment":[{"href":"https:\/\/webmaibinh.com\/w\/shopnoithat\/wp-json\/wp\/v2\/media?parent=615"}],"curies":[{"name":"wp","href":"https:\/\/api.w.org\/{rel}","templated":true}]}}