{"id":608,"date":"2017-06-14T10:05:47","date_gmt":"2017-06-14T03:05:47","guid":{"rendered":"https:\/\/bizhostvn.com\/w\/shopnoithat\/?post_type=product&#038;p=608"},"modified":"2017-06-14T10:11:03","modified_gmt":"2017-06-14T03:11:03","slug":"den-trang-tri","status":"publish","type":"product","link":"https:\/\/webmaibinh.com\/w\/shopnoithat\/shop\/den-trang-tri","title":{"rendered":"\u0110\u00e8n trang tr\u00ed"},"content":{"rendered":"<div class=\"row row-small\"  id=\"row-4130339\">\n\n\t<div id=\"col-861556115\" class=\"col medium-8 small-12 large-8\"  >\n\t\t<div class=\"col-inner\"  >\n\t\t\t\n\t\t\t\n<p>\u0110\u00e8n ng\u1ee7 \u0111\u1ec3 b\u00e0n \u0111\u1eb9p gi\u00e1 r\u1ebb t\u1ea1i H\u00e0 N\u1ed9i, \u0110\u00e8n Nguy\u1ec5n Anh chuy\u00ean b\u00e1n c\u00e1c lo\u1ea1i \u0111\u00e8n ng\u1ee7 \u0111\u1ec3 b\u00e0n \u0111\u1eb9p, nhi\u1ec1u m\u1eabu m\u00e3 cho b\u1ea1n l\u1ef1a ch\u1ecdn, ch\u1ea5t l\u01b0\u1ee3ng t\u1ed1t v\u1edbi gi\u00e1 r\u1ebb nh\u1ea5t.<\/p>\n<p>\u0110\u00e8n ch\u00f9m \u0110\u1ee9c \u00d8720 Honsel 18050 &#8211; \u0110\u00e3 bao g\u1ed3m b\u00f3ng LED<\/p>\n<p>&#8211; K\u00edch th\u01b0\u1edbc : \u00d8720mm x H750mm \u0111i\u1ec1u ch\u1ec9nh \u0111\u1ebfn 1100mm<\/p>\n<p>&#8211; Chao th\u1ee7y tinh<\/p>\n<p>&#8211; B\u00f3ng \u0111\u00e8n : G4-12V-20W x 10 (\u0111\u00e3 bao g\u1ed3m b\u00f3ng) (c\u00f3 th\u1ec3 s\u1eed d\u1ee5ng dimmer \u0111i\u1ec1u ch\u1ec9nh \u0111\u1ed9 s\u00e1ng)<\/p>\n<p>&#8211; T\u1eb7ng th\u00eam 10 b\u00f3ng LED G4-220V-2W ho\u1eb7c 3W<\/p>\n<p>&#8211; Xu\u1ea5t x\u1ee9: Honsel Leuchten &#8211; \u0110\u1ee9c<\/p>\n<p>&#8211; B\u1ea3o h\u00e0nh 12 th\u00e1ng<\/p>\n\t\t<\/div>\n\t\t\t<\/div>\n\n\t\n\n\t<div id=\"col-134226585\" class=\"col medium-4 small-12 large-4\"  >\n\t\t<div class=\"col-inner\"  >\n\t\t\t\n\t\t\t\n<h3>S\u1ea3n ph\u1ea9m m\u1edbi c\u1eadp nh\u1eadt<\/h3>\n<div class=\"woocommerce columns-2 \"><div class=\"products row row-small large-columns-2 medium-columns-3 small-columns-2 has-shadow row-box-shadow-2 row-box-shadow-1-hover\">\n\n<div class=\"product-small col has-hover product type-product post-899 status-publish first instock has-post-thumbnail shipping-taxable purchasable product-type-simple\">\n\t<div class=\"col-inner\">\n\t\n<div class=\"badge-container absolute left top z-1\">\n<\/div>\n\t<div class=\"product-small box \">\n\t\t<div class=\"box-image\">\n\t\t\t<div class=\"image-fade_in_back\">\n\t\t\t\t<a href=\"https:\/\/webmaibinh.com\/w\/shopnoithat\/shop\/bo-dieu-khien-trung-tam-kg872344\">\n\t\t\t\t\t<img width=\"300\" height=\"277\" src=\"https:\/\/webmaibinh.com\/w\/shopnoithat\/wp-content\/uploads\/2017\/06\/resizeimage-1-300x277.png\" class=\"attachment-woocommerce_thumbnail size-woocommerce_thumbnail\" alt=\"\" loading=\"lazy\" \/><img width=\"300\" height=\"277\" src=\"https:\/\/webmaibinh.com\/w\/shopnoithat\/wp-content\/uploads\/2017\/06\/resizeimage-1-300x277.png\" class=\"show-on-hover absolute fill hide-for-small back-image\" alt=\"\" loading=\"lazy\" \/>\t\t\t\t<\/a>\n\t\t\t<\/div>\n\t\t\t<div class=\"image-tools is-small top right show-on-hover\">\n\t\t\t\t\t\t\t<\/div>\n\t\t\t<div class=\"image-tools is-small hide-for-small bottom left show-on-hover\">\n\t\t\t\t\t\t\t<\/div>\n\t\t\t<div class=\"image-tools grid-tools text-center hide-for-small bottom hover-slide-in show-on-hover\">\n\t\t\t\t\t\t\t<\/div>\n\t\t\t\t\t<\/div>\n\n\t\t<div class=\"box-text box-text-products text-center grid-style-2\">\n\t\t\t<div class=\"title-wrapper\"><\/div><div class=\"price-wrapper\"><\/div>\t\t<\/div>\n\t<\/div>\n\t\t<\/div>\n<\/div>\n\n<div class=\"product-small col has-hover product type-product post-712 status-publish last instock product_cat-phong-khach has-post-thumbnail shipping-taxable purchasable product-type-simple\">\n\t<div class=\"col-inner\">\n\t\n<div class=\"badge-container absolute left top z-1\">\n<\/div>\n\t<div class=\"product-small box \">\n\t\t<div class=\"box-image\">\n\t\t\t<div class=\"image-fade_in_back\">\n\t\t\t\t<a href=\"https:\/\/webmaibinh.com\/w\/shopnoithat\/shop\/bo-dieu-khien-trung-tam\">\n\t\t\t\t\t<img width=\"300\" height=\"300\" src=\"https:\/\/webmaibinh.com\/w\/shopnoithat\/wp-content\/uploads\/2017\/06\/shoe-rack-open-300x300.jpg\" class=\"attachment-woocommerce_thumbnail size-woocommerce_thumbnail\" alt=\"\" loading=\"lazy\" srcset=\"https:\/\/webmaibinh.com\/w\/shopnoithat\/wp-content\/uploads\/2017\/06\/shoe-rack-open-300x300.jpg 300w, https:\/\/webmaibinh.com\/w\/shopnoithat\/wp-content\/uploads\/2017\/06\/shoe-rack-open-100x100.jpg 100w, https:\/\/webmaibinh.com\/w\/shopnoithat\/wp-content\/uploads\/2017\/06\/shoe-rack-open-280x280.jpg 280w, https:\/\/webmaibinh.com\/w\/shopnoithat\/wp-content\/uploads\/2017\/06\/shoe-rack-open-400x400.jpg 400w, https:\/\/webmaibinh.com\/w\/shopnoithat\/wp-content\/uploads\/2017\/06\/shoe-rack-open.jpg 420w\" sizes=\"(max-width: 300px) 100vw, 300px\" \/><img width=\"300\" height=\"277\" src=\"https:\/\/webmaibinh.com\/w\/shopnoithat\/wp-content\/uploads\/2017\/06\/resizeimage-1-300x277.png\" class=\"show-on-hover absolute fill hide-for-small back-image\" alt=\"\" loading=\"lazy\" \/>\t\t\t\t<\/a>\n\t\t\t<\/div>\n\t\t\t<div class=\"image-tools is-small top right show-on-hover\">\n\t\t\t\t\t\t\t<\/div>\n\t\t\t<div class=\"image-tools is-small hide-for-small bottom left show-on-hover\">\n\t\t\t\t\t\t\t<\/div>\n\t\t\t<div class=\"image-tools grid-tools text-center hide-for-small bottom hover-slide-in show-on-hover\">\n\t\t\t\t\t\t\t<\/div>\n\t\t\t\t\t<\/div>\n\n\t\t<div class=\"box-text box-text-products text-center grid-style-2\">\n\t\t\t<div class=\"title-wrapper\"><\/div><div class=\"price-wrapper\"><\/div>\t\t<\/div>\n\t<\/div>\n\t\t<\/div>\n<\/div>\n\n<div class=\"product-small col has-hover product type-product post-710 status-publish first instock product_cat-phong-khach has-post-thumbnail shipping-taxable purchasable product-type-simple\">\n\t<div class=\"col-inner\">\n\t\n<div class=\"badge-container absolute left top z-1\">\n<\/div>\n\t<div class=\"product-small box \">\n\t\t<div class=\"box-image\">\n\t\t\t<div class=\"image-fade_in_back\">\n\t\t\t\t<a href=\"https:\/\/webmaibinh.com\/w\/shopnoithat\/shop\/thiet-bi-bat-tat-den-thong-minh-sh-d2\">\n\t\t\t\t\t<img width=\"300\" height=\"300\" src=\"https:\/\/webmaibinh.com\/w\/shopnoithat\/wp-content\/uploads\/2017\/06\/127078484912161-300x300.jpg\" class=\"attachment-woocommerce_thumbnail size-woocommerce_thumbnail\" alt=\"\" loading=\"lazy\" srcset=\"https:\/\/webmaibinh.com\/w\/shopnoithat\/wp-content\/uploads\/2017\/06\/127078484912161-300x300.jpg 300w, https:\/\/webmaibinh.com\/w\/shopnoithat\/wp-content\/uploads\/2017\/06\/127078484912161-100x100.jpg 100w, https:\/\/webmaibinh.com\/w\/shopnoithat\/wp-content\/uploads\/2017\/06\/127078484912161-280x280.jpg 280w, https:\/\/webmaibinh.com\/w\/shopnoithat\/wp-content\/uploads\/2017\/06\/127078484912161-400x400.jpg 400w, https:\/\/webmaibinh.com\/w\/shopnoithat\/wp-content\/uploads\/2017\/06\/127078484912161.jpg 446w\" sizes=\"(max-width: 300px) 100vw, 300px\" \/><img width=\"300\" height=\"250\" src=\"https:\/\/webmaibinh.com\/w\/shopnoithat\/wp-content\/uploads\/2017\/06\/shd1d2d3-300x250.jpg\" class=\"show-on-hover absolute fill hide-for-small back-image\" alt=\"\" loading=\"lazy\" \/>\t\t\t\t<\/a>\n\t\t\t<\/div>\n\t\t\t<div class=\"image-tools is-small top right show-on-hover\">\n\t\t\t\t\t\t\t<\/div>\n\t\t\t<div class=\"image-tools is-small hide-for-small bottom left show-on-hover\">\n\t\t\t\t\t\t\t<\/div>\n\t\t\t<div class=\"image-tools grid-tools text-center hide-for-small bottom hover-slide-in show-on-hover\">\n\t\t\t\t\t\t\t<\/div>\n\t\t\t\t\t<\/div>\n\n\t\t<div class=\"box-text box-text-products text-center grid-style-2\">\n\t\t\t<div class=\"title-wrapper\"><\/div><div class=\"price-wrapper\"><\/div>\t\t<\/div>\n\t<\/div>\n\t\t<\/div>\n<\/div>\n\n<div class=\"product-small col has-hover product type-product post-704 status-publish last instock product_cat-thiet-bi-bep has-post-thumbnail shipping-taxable purchasable product-type-simple\">\n\t<div class=\"col-inner\">\n\t\n<div class=\"badge-container absolute left top z-1\">\n<\/div>\n\t<div class=\"product-small box \">\n\t\t<div class=\"box-image\">\n\t\t\t<div class=\"image-fade_in_back\">\n\t\t\t\t<a href=\"https:\/\/webmaibinh.com\/w\/shopnoithat\/shop\/may-hut-mui-canzy-cz-3388-7090\">\n\t\t\t\t\t<img width=\"300\" height=\"300\" src=\"https:\/\/webmaibinh.com\/w\/shopnoithat\/wp-content\/uploads\/2017\/06\/may-khu-mui-nha-bep-sevilla-sv-3388-90-scaled-300x300.jpg\" class=\"attachment-woocommerce_thumbnail size-woocommerce_thumbnail\" alt=\"\" loading=\"lazy\" srcset=\"https:\/\/webmaibinh.com\/w\/shopnoithat\/wp-content\/uploads\/2017\/06\/may-khu-mui-nha-bep-sevilla-sv-3388-90-scaled-300x300.jpg 300w, https:\/\/webmaibinh.com\/w\/shopnoithat\/wp-content\/uploads\/2017\/06\/may-khu-mui-nha-bep-sevilla-sv-3388-90-scaled-100x100.jpg 100w, https:\/\/webmaibinh.com\/w\/shopnoithat\/wp-content\/uploads\/2017\/06\/may-khu-mui-nha-bep-sevilla-sv-3388-90-280x280.jpg 280w\" sizes=\"(max-width: 300px) 100vw, 300px\" \/><img width=\"300\" height=\"300\" src=\"https:\/\/webmaibinh.com\/w\/shopnoithat\/wp-content\/uploads\/2017\/06\/may-khu-mui-nha-bep-sevilla-sv-3388-90-scaled-300x300.jpg\" class=\"show-on-hover absolute fill hide-for-small back-image\" alt=\"\" loading=\"lazy\" srcset=\"https:\/\/webmaibinh.com\/w\/shopnoithat\/wp-content\/uploads\/2017\/06\/may-khu-mui-nha-bep-sevilla-sv-3388-90-scaled-300x300.jpg 300w, https:\/\/webmaibinh.com\/w\/shopnoithat\/wp-content\/uploads\/2017\/06\/may-khu-mui-nha-bep-sevilla-sv-3388-90-scaled-100x100.jpg 100w, https:\/\/webmaibinh.com\/w\/shopnoithat\/wp-content\/uploads\/2017\/06\/may-khu-mui-nha-bep-sevilla-sv-3388-90-280x280.jpg 280w\" sizes=\"(max-width: 300px) 100vw, 300px\" \/>\t\t\t\t<\/a>\n\t\t\t<\/div>\n\t\t\t<div class=\"image-tools is-small top right show-on-hover\">\n\t\t\t\t\t\t\t<\/div>\n\t\t\t<div class=\"image-tools is-small hide-for-small bottom left show-on-hover\">\n\t\t\t\t\t\t\t<\/div>\n\t\t\t<div class=\"image-tools grid-tools text-center hide-for-small bottom hover-slide-in show-on-hover\">\n\t\t\t\t\t\t\t<\/div>\n\t\t\t\t\t<\/div>\n\n\t\t<div class=\"box-text box-text-products text-center grid-style-2\">\n\t\t\t<div class=\"title-wrapper\"><\/div><div class=\"price-wrapper\"><\/div>\t\t<\/div>\n\t<\/div>\n\t\t<\/div>\n<\/div>\n\n<div class=\"product-small col has-hover product type-product post-702 status-publish first instock product_cat-thiet-bi-bep has-post-thumbnail shipping-taxable purchasable product-type-simple\">\n\t<div class=\"col-inner\">\n\t\n<div class=\"badge-container absolute left top z-1\">\n<\/div>\n\t<div class=\"product-small box \">\n\t\t<div class=\"box-image\">\n\t\t\t<div class=\"image-fade_in_back\">\n\t\t\t\t<a href=\"https:\/\/webmaibinh.com\/w\/shopnoithat\/shop\/may-hut-mui-giovani-g70-prs\">\n\t\t\t\t\t<img width=\"300\" height=\"300\" src=\"https:\/\/webmaibinh.com\/w\/shopnoithat\/wp-content\/uploads\/2017\/06\/giovani-300x300.jpg\" class=\"attachment-woocommerce_thumbnail size-woocommerce_thumbnail\" alt=\"\" loading=\"lazy\" srcset=\"https:\/\/webmaibinh.com\/w\/shopnoithat\/wp-content\/uploads\/2017\/06\/giovani-300x300.jpg 300w, https:\/\/webmaibinh.com\/w\/shopnoithat\/wp-content\/uploads\/2017\/06\/giovani-100x100.jpg 100w, https:\/\/webmaibinh.com\/w\/shopnoithat\/wp-content\/uploads\/2017\/06\/giovani-280x280.jpg 280w, https:\/\/webmaibinh.com\/w\/shopnoithat\/wp-content\/uploads\/2017\/06\/giovani-400x400.jpg 400w, https:\/\/webmaibinh.com\/w\/shopnoithat\/wp-content\/uploads\/2017\/06\/giovani.jpg 446w\" sizes=\"(max-width: 300px) 100vw, 300px\" \/><img width=\"300\" height=\"300\" src=\"https:\/\/webmaibinh.com\/w\/shopnoithat\/wp-content\/uploads\/2017\/06\/giovani-300x300.jpg\" class=\"show-on-hover absolute fill hide-for-small back-image\" alt=\"\" loading=\"lazy\" srcset=\"https:\/\/webmaibinh.com\/w\/shopnoithat\/wp-content\/uploads\/2017\/06\/giovani-300x300.jpg 300w, https:\/\/webmaibinh.com\/w\/shopnoithat\/wp-content\/uploads\/2017\/06\/giovani-100x100.jpg 100w, https:\/\/webmaibinh.com\/w\/shopnoithat\/wp-content\/uploads\/2017\/06\/giovani-280x280.jpg 280w, https:\/\/webmaibinh.com\/w\/shopnoithat\/wp-content\/uploads\/2017\/06\/giovani-400x400.jpg 400w, https:\/\/webmaibinh.com\/w\/shopnoithat\/wp-content\/uploads\/2017\/06\/giovani.jpg 446w\" sizes=\"(max-width: 300px) 100vw, 300px\" \/>\t\t\t\t<\/a>\n\t\t\t<\/div>\n\t\t\t<div class=\"image-tools is-small top right show-on-hover\">\n\t\t\t\t\t\t\t<\/div>\n\t\t\t<div class=\"image-tools is-small hide-for-small bottom left show-on-hover\">\n\t\t\t\t\t\t\t<\/div>\n\t\t\t<div class=\"image-tools grid-tools text-center hide-for-small bottom hover-slide-in show-on-hover\">\n\t\t\t\t\t\t\t<\/div>\n\t\t\t\t\t<\/div>\n\n\t\t<div class=\"box-text box-text-products text-center grid-style-2\">\n\t\t\t<div class=\"title-wrapper\"><\/div><div class=\"price-wrapper\"><\/div>\t\t<\/div>\n\t<\/div>\n\t\t<\/div>\n<\/div>\n\n<div class=\"product-small col has-hover product type-product post-686 status-publish last instock product_cat-thiet-bi-bep has-post-thumbnail shipping-taxable purchasable product-type-simple\">\n\t<div class=\"col-inner\">\n\t\n<div class=\"badge-container absolute left top z-1\">\n<\/div>\n\t<div class=\"product-small box \">\n\t\t<div class=\"box-image\">\n\t\t\t<div class=\"image-fade_in_back\">\n\t\t\t\t<a href=\"https:\/\/webmaibinh.com\/w\/shopnoithat\/shop\/bep-ga-am-kinh-kaff-kf-321\">\n\t\t\t\t\t<img width=\"300\" height=\"300\" src=\"https:\/\/webmaibinh.com\/w\/shopnoithat\/wp-content\/uploads\/2017\/06\/bep01-300x300.jpg\" class=\"attachment-woocommerce_thumbnail size-woocommerce_thumbnail\" alt=\"\" loading=\"lazy\" srcset=\"https:\/\/webmaibinh.com\/w\/shopnoithat\/wp-content\/uploads\/2017\/06\/bep01-300x300.jpg 300w, https:\/\/webmaibinh.com\/w\/shopnoithat\/wp-content\/uploads\/2017\/06\/bep01-100x100.jpg 100w, https:\/\/webmaibinh.com\/w\/shopnoithat\/wp-content\/uploads\/2017\/06\/bep01-280x280.jpg 280w, https:\/\/webmaibinh.com\/w\/shopnoithat\/wp-content\/uploads\/2017\/06\/bep01-400x400.jpg 400w, https:\/\/webmaibinh.com\/w\/shopnoithat\/wp-content\/uploads\/2017\/06\/bep01.jpg 446w\" sizes=\"(max-width: 300px) 100vw, 300px\" \/><img width=\"300\" height=\"300\" src=\"https:\/\/webmaibinh.com\/w\/shopnoithat\/wp-content\/uploads\/2017\/06\/bep01-300x300.jpg\" class=\"show-on-hover absolute fill hide-for-small back-image\" alt=\"\" loading=\"lazy\" srcset=\"https:\/\/webmaibinh.com\/w\/shopnoithat\/wp-content\/uploads\/2017\/06\/bep01-300x300.jpg 300w, https:\/\/webmaibinh.com\/w\/shopnoithat\/wp-content\/uploads\/2017\/06\/bep01-100x100.jpg 100w, https:\/\/webmaibinh.com\/w\/shopnoithat\/wp-content\/uploads\/2017\/06\/bep01-280x280.jpg 280w, https:\/\/webmaibinh.com\/w\/shopnoithat\/wp-content\/uploads\/2017\/06\/bep01-400x400.jpg 400w, https:\/\/webmaibinh.com\/w\/shopnoithat\/wp-content\/uploads\/2017\/06\/bep01.jpg 446w\" sizes=\"(max-width: 300px) 100vw, 300px\" \/>\t\t\t\t<\/a>\n\t\t\t<\/div>\n\t\t\t<div class=\"image-tools is-small top right show-on-hover\">\n\t\t\t\t\t\t\t<\/div>\n\t\t\t<div class=\"image-tools is-small hide-for-small bottom left show-on-hover\">\n\t\t\t\t\t\t\t<\/div>\n\t\t\t<div class=\"image-tools grid-tools text-center hide-for-small bottom hover-slide-in show-on-hover\">\n\t\t\t\t\t\t\t<\/div>\n\t\t\t\t\t<\/div>\n\n\t\t<div class=\"box-text box-text-products text-center grid-style-2\">\n\t\t\t<div class=\"title-wrapper\"><\/div><div class=\"price-wrapper\"><\/div>\t\t<\/div>\n\t<\/div>\n\t\t<\/div>\n<\/div>\n\n<div class=\"product-small col has-hover product type-product post-679 status-publish first instock product_cat-thiet-bi-bep has-post-thumbnail shipping-taxable purchasable product-type-simple\">\n\t<div class=\"col-inner\">\n\t\n<div class=\"badge-container absolute left top z-1\">\n<\/div>\n\t<div class=\"product-small box \">\n\t\t<div class=\"box-image\">\n\t\t\t<div class=\"image-fade_in_back\">\n\t\t\t\t<a href=\"https:\/\/webmaibinh.com\/w\/shopnoithat\/shop\/lo-vi-song-sanyo-em-g2088vve3-20-lit\">\n\t\t\t\t\t<img width=\"300\" height=\"300\" src=\"https:\/\/webmaibinh.com\/w\/shopnoithat\/wp-content\/uploads\/2017\/06\/chon-mua-loai-lo-vi-song-nao-300x300.jpg\" class=\"attachment-woocommerce_thumbnail size-woocommerce_thumbnail\" alt=\"\" loading=\"lazy\" srcset=\"https:\/\/webmaibinh.com\/w\/shopnoithat\/wp-content\/uploads\/2017\/06\/chon-mua-loai-lo-vi-song-nao-300x300.jpg 300w, https:\/\/webmaibinh.com\/w\/shopnoithat\/wp-content\/uploads\/2017\/06\/chon-mua-loai-lo-vi-song-nao-100x100.jpg 100w, https:\/\/webmaibinh.com\/w\/shopnoithat\/wp-content\/uploads\/2017\/06\/chon-mua-loai-lo-vi-song-nao-280x280.jpg 280w, https:\/\/webmaibinh.com\/w\/shopnoithat\/wp-content\/uploads\/2017\/06\/chon-mua-loai-lo-vi-song-nao-400x400.jpg 400w, https:\/\/webmaibinh.com\/w\/shopnoithat\/wp-content\/uploads\/2017\/06\/chon-mua-loai-lo-vi-song-nao.jpg 446w\" sizes=\"(max-width: 300px) 100vw, 300px\" \/><img width=\"300\" height=\"300\" src=\"https:\/\/webmaibinh.com\/w\/shopnoithat\/wp-content\/uploads\/2017\/06\/chon-mua-loai-lo-vi-song-nao-300x300.jpg\" class=\"show-on-hover absolute fill hide-for-small back-image\" alt=\"\" loading=\"lazy\" srcset=\"https:\/\/webmaibinh.com\/w\/shopnoithat\/wp-content\/uploads\/2017\/06\/chon-mua-loai-lo-vi-song-nao-300x300.jpg 300w, https:\/\/webmaibinh.com\/w\/shopnoithat\/wp-content\/uploads\/2017\/06\/chon-mua-loai-lo-vi-song-nao-100x100.jpg 100w, https:\/\/webmaibinh.com\/w\/shopnoithat\/wp-content\/uploads\/2017\/06\/chon-mua-loai-lo-vi-song-nao-280x280.jpg 280w, https:\/\/webmaibinh.com\/w\/shopnoithat\/wp-content\/uploads\/2017\/06\/chon-mua-loai-lo-vi-song-nao-400x400.jpg 400w, https:\/\/webmaibinh.com\/w\/shopnoithat\/wp-content\/uploads\/2017\/06\/chon-mua-loai-lo-vi-song-nao.jpg 446w\" sizes=\"(max-width: 300px) 100vw, 300px\" \/>\t\t\t\t<\/a>\n\t\t\t<\/div>\n\t\t\t<div class=\"image-tools is-small top right show-on-hover\">\n\t\t\t\t\t\t\t<\/div>\n\t\t\t<div class=\"image-tools is-small hide-for-small bottom left show-on-hover\">\n\t\t\t\t\t\t\t<\/div>\n\t\t\t<div class=\"image-tools grid-tools text-center hide-for-small bottom hover-slide-in show-on-hover\">\n\t\t\t\t\t\t\t<\/div>\n\t\t\t\t\t<\/div>\n\n\t\t<div class=\"box-text box-text-products text-center grid-style-2\">\n\t\t\t<div class=\"title-wrapper\"><\/div><div class=\"price-wrapper\"><\/div>\t\t<\/div>\n\t<\/div>\n\t\t<\/div>\n<\/div>\n\n<div class=\"product-small col has-hover product type-product post-672 status-publish last instock product_cat-thiet-bi-ve-sinh has-post-thumbnail shipping-taxable purchasable product-type-simple\">\n\t<div class=\"col-inner\">\n\t\n<div class=\"badge-container absolute left top z-1\">\n<\/div>\n\t<div class=\"product-small box \">\n\t\t<div class=\"box-image\">\n\t\t\t<div class=\"image-fade_in_back\">\n\t\t\t\t<a href=\"https:\/\/webmaibinh.com\/w\/shopnoithat\/shop\/bon-cau-dien-tu-03\">\n\t\t\t\t\t<img width=\"300\" height=\"300\" src=\"https:\/\/webmaibinh.com\/w\/shopnoithat\/wp-content\/uploads\/2017\/06\/WF-1806-300x300.jpg\" class=\"attachment-woocommerce_thumbnail size-woocommerce_thumbnail\" alt=\"\" loading=\"lazy\" srcset=\"https:\/\/webmaibinh.com\/w\/shopnoithat\/wp-content\/uploads\/2017\/06\/WF-1806-300x300.jpg 300w, https:\/\/webmaibinh.com\/w\/shopnoithat\/wp-content\/uploads\/2017\/06\/WF-1806-100x100.jpg 100w, https:\/\/webmaibinh.com\/w\/shopnoithat\/wp-content\/uploads\/2017\/06\/WF-1806-280x280.jpg 280w\" sizes=\"(max-width: 300px) 100vw, 300px\" \/><img width=\"300\" height=\"300\" src=\"https:\/\/webmaibinh.com\/w\/shopnoithat\/wp-content\/uploads\/2017\/06\/WF-1806-300x300.jpg\" class=\"show-on-hover absolute fill hide-for-small back-image\" alt=\"\" loading=\"lazy\" srcset=\"https:\/\/webmaibinh.com\/w\/shopnoithat\/wp-content\/uploads\/2017\/06\/WF-1806-300x300.jpg 300w, https:\/\/webmaibinh.com\/w\/shopnoithat\/wp-content\/uploads\/2017\/06\/WF-1806-100x100.jpg 100w, https:\/\/webmaibinh.com\/w\/shopnoithat\/wp-content\/uploads\/2017\/06\/WF-1806-280x280.jpg 280w\" sizes=\"(max-width: 300px) 100vw, 300px\" \/>\t\t\t\t<\/a>\n\t\t\t<\/div>\n\t\t\t<div class=\"image-tools is-small top right show-on-hover\">\n\t\t\t\t\t\t\t<\/div>\n\t\t\t<div class=\"image-tools is-small hide-for-small bottom left show-on-hover\">\n\t\t\t\t\t\t\t<\/div>\n\t\t\t<div class=\"image-tools grid-tools text-center hide-for-small bottom hover-slide-in show-on-hover\">\n\t\t\t\t\t\t\t<\/div>\n\t\t\t\t\t<\/div>\n\n\t\t<div class=\"box-text box-text-products text-center grid-style-2\">\n\t\t\t<div class=\"title-wrapper\"><\/div><div class=\"price-wrapper\"><\/div>\t\t<\/div>\n\t<\/div>\n\t\t<\/div>\n<\/div>\n<\/div><!-- row --><\/div>\n\t\t<\/div>\n\t\t\t<\/div>\n\n\t\n<\/div>\n","protected":false},"excerpt":{"rendered":"<p>\u0110\u00e8n ng\u1ee7 \u0111\u1ec3 b\u00e0n \u0111\u1eb9p gi\u00e1 r\u1ebb t\u1ea1i H\u00e0 N\u1ed9i, \u0110\u00e8n Nguy\u1ec5n Anh chuy\u00ean b\u00e1n c\u00e1c lo\u1ea1i \u0111\u00e8n ng\u1ee7 \u0111\u1ec3 b\u00e0n \u0111\u1eb9p, nhi\u1ec1u m\u1eabu m\u00e3 cho b\u1ea1n l\u1ef1a ch\u1ecdn, ch\u1ea5t l\u01b0\u1ee3ng t\u1ed1t v\u1edbi gi\u00e1 r\u1ebb nh\u1ea5t.<\/p>\n","protected":false},"featured_media":614,"comment_status":"open","ping_status":"closed","template":"","meta":[],"_links":{"self":[{"href":"https:\/\/webmaibinh.com\/w\/shopnoithat\/wp-json\/wp\/v2\/product\/608"}],"collection":[{"href":"https:\/\/webmaibinh.com\/w\/shopnoithat\/wp-json\/wp\/v2\/product"}],"about":[{"href":"https:\/\/webmaibinh.com\/w\/shopnoithat\/wp-json\/wp\/v2\/types\/product"}],"replies":[{"embeddable":true,"href":"https:\/\/webmaibinh.com\/w\/shopnoithat\/wp-json\/wp\/v2\/comments?post=608"}],"wp:featuredmedia":[{"embeddable":true,"href":"https:\/\/webmaibinh.com\/w\/shopnoithat\/wp-json\/wp\/v2\/media\/614"}],"wp:attachment":[{"href":"https:\/\/webmaibinh.com\/w\/shopnoithat\/wp-json\/wp\/v2\/media?parent=608"}],"curies":[{"name":"wp","href":"https:\/\/api.w.org\/{rel}","templated":true}]}}