{"id":273,"date":"2018-07-31T16:56:33","date_gmt":"2018-07-31T09:56:33","guid":{"rendered":"http:\/\/hoatuoifly.com\/?post_type=product&#038;p=273"},"modified":"2018-09-19T15:52:53","modified_gmt":"2018-09-19T08:52:53","slug":"combo-tui-xach-tui-deo-cheo-phoi-hat-sid61600","status":"publish","type":"product","link":"https:\/\/webmaibinh.com\/w\/shophoa\/san-pham\/combo-tui-xach-tui-deo-cheo-phoi-hat-sid61600\/","title":{"rendered":"Hoa b\u00f3 k\u1ef7 ni\u1ec7m ng\u00e0y c\u01b0\u1edbi c\u1ef1c teen cho v\u1ee3 ch\u1ed3ng tr\u1ebb"},"content":{"rendered":"<p>Combo t\u00fai x\u00e1ch + t\u00fai \u0111eo ch\u00e9o ph\u1ed1i h\u1ea1t \u0111\u01b0\u1ee3c thi\u1ebft k\u1ebf th\u1eddi trang, ti\u1ec7n d\u1ee5ng v\u1edbi ki\u1ec3u d\u00e1ng tr\u01a1n \u0111\u01a1n gi\u1ea3n, t\u1ea1o n\u00e9t c\u00e1 t\u00ednh ri\u00eang c\u1ee7a b\u1ea1n. Thi\u1ebft k\u1ebf g\u1ed3m t\u00fai x\u00e1ch + t\u00fai \u0111eo ch\u00e8o ph\u1ed1i h\u1ea1t \u0111\u1ed3ng m\u00e0u mang l\u1ea1i s\u1ef1 ti\u1ec7n d\u1ee5ng c\u0169ng nh\u01b0 n\u00e9t \u0111\u1eb9p n\u1ed5i b\u1eadt v\u00e0 \u0111\u1ed9c \u0111\u00e1o cho ng\u01b0\u1eddi di\u1ec7n. T\u00fai v\u1edbi d\u00e2y c\u1ea7m tay v\u00e0 d\u00e2y \u0111eo ch\u1eafc ch\u1eafn, ph\u1ed1i m\u00e0u \u0111\u1eb9p m\u1eaft t\u1ea1o s\u1ef1 thanh l\u1ecbch v\u00e0 n\u1eef t\u00ednh cho ph\u00e1i \u0111\u1eb9p khi s\u1eed d\u1ee5ng. \u0110\u01b0\u1eddng ch\u1ec9 may \u0111\u1eb9p v\u00e0 tinh t\u1ebf gi\u00fap b\u1ea1n g\u00e1i an t\u00e2m tuy\u1ec7t \u0111\u1ed1i khi mang ra ngo\u00e0i \u0111i b\u1ea5t k\u00ec n\u01a1i \u0111\u00e2u.<br \/>\nM\u00e0u s\u1eafc \u0111\u1ea7y n\u1ed5i b\u1eadt c\u00f9ng ph\u1ed1i h\u1ea1t b\u1eaft m\u1eaft<\/p>\n<p><img src=\"https:\/\/bizweb.dktcdn.net\/100\/296\/275\/files\/5c.jpg?v=1522253975451\" data-thumb=\"original\" \/><\/p>\n<p>T\u00fai thi\u1ebft k\u1ebf d\u1ea1ng tr\u01a1n \u0111\u01a1n gi\u1ea3n, \u0111i\u1ec3m nh\u1ea5n thu h\u00fat ch\u00ednh l\u00e0 ph\u1ea7n ph\u1ed1i h\u1ea1t c\u00f9ng d\u00e2y g\u1eafn v\u00e0o ph\u1ea7n quai tay c\u1ea7m c\u00f9ng v\u1edbi l\u1edbp kh\u00f3a n\u00fat b\u1ea5m \u1edf ph\u00eda tr\u00ean v\u00e0 kh\u00f3a k\u00e9o \u1edf m\u1eb7t sau t\u1ea1o n\u00ean t\u1ed5ng th\u1ec3 ho\u00e0n h\u1ea3o cho s\u1ea3n ph\u1ea9m \u0111\u01a1n gi\u1ea3n c\u00f4 \u0111i\u1ec3n nh\u01b0ng c\u0169ng th\u1eadt n\u1ed5i b\u1eadt. T\u00fai v\u1edbi nhi\u1ec1u m\u00e0u s\u1eafc cho b\u1ea1n l\u1ef1a ch\u1ecdn theo s\u1edf th\u00edch, c\u00e1 t\u00ednh ri\u00eang c\u1ee7a m\u00ecnh, ti\u1ec7n l\u1ee3i, \u1ee9ng d\u1ee5ng trong nhi\u1ec1u ho\u00e0n c\u1ea3nh.<br \/>\n<strong>Ch\u1ea5t li\u1ec7u da PU ch\u1eafc ch\u1eafn, b\u1ec1n m\u00e0u<\/strong><\/p>\n<p><strong><img src=\"https:\/\/bizweb.dktcdn.net\/100\/296\/275\/files\/5-9c825b02-0a0f-41b0-9de3-b3e2ec14c78c.jpg?v=1522253945970\" data-thumb=\"original\" \/><\/strong><\/p>\n<p>Da PU l\u00e0 m\u1ed9t ch\u1ea5t li\u1ec7u c\u00f3 \u0111\u1eb7c t\u00ednh m\u1ec1m nh\u1eb9, th\u00f4ng tho\u00e1ng, b\u1ec1n ch\u1eafc. Ch\u1ea5t li\u1ec7u v\u1ea3i n\u00e0y c\u00f3 b\u1ec1 m\u1eb7t m\u1ec1m m\u1ea1i c\u00f9ng nh\u1eefng \u0111\u01b0\u1eddng v\u00e2n \u1ea5n t\u01b0\u1ee3ng t\u1ea1o n\u00ean n\u00e9t thu h\u00fat ri\u00eang c\u1ee7a t\u1eebng s\u1ea3n ph\u1ea9m. \u0110\u00e2y l\u00e0 ch\u1ea5t li\u1ec7u \u0111\u01b0\u1ee3c nhi\u1ec1u c\u00f4 n\u00e0ng l\u1ef1a ch\u1ecdn khi s\u1eafm nh\u1eefng chi\u1ebfc t\u00fai x\u00e1ch cho b\u1ed9 s\u01b0u t\u1eadp th\u1eddi trang c\u1ee7a m\u00ecnh.<\/p>\n<p><img src=\"https:\/\/bizweb.dktcdn.net\/100\/296\/275\/files\/5b.jpg?v=1522253958903\" data-thumb=\"original\" \/><br \/>\n<strong>C\u00c1CH B\u1ea2O QU\u1ea2N T\u00daI X\u00c1CH &#8211; T\u00daI \u0110EO DA N\u1eee NH\u01af M\u1edaI<\/strong><\/p>\n<p>T\u00fai x\u00e1ch, T\u00fai \u0111eo da n\u1eef l\u00e0 m\u1ed9t trong nh\u1eefng xu h\u01b0\u1edbng \u0111\u01b0\u1ee3c b\u1ea1n g\u00e1i tr\u1ebb y\u00eau m\u1ebfn v\u00e0 ch\u01b0a bao gi\u1edd l\u1ed7i m\u1ed1t. Nh\u1eefng ki\u1ec3u t\u00fai x\u00e1ch n\u1eef , t\u00fai \u0111eo n\u1eef ki\u1ec3u m\u1edbi \u0111\u01b0\u1ee3c l\u00e0m t\u1eeb nhi\u1ec1u ch\u1ea5t li\u1ec7u kh\u00e1c nhau nh\u01b0ng ch\u01b0a c\u00f3 ch\u1ea5t li\u1ec7u n\u00e0o th\u1ec3 hi\u1ec7n \u0111\u01b0\u1ee3c \u0111\u1eb3ng c\u1ea5p c\u0169ng nh\u01b0 phong c\u00e1ch nh\u01b0 t\u00fai da. T\u00fai da kh\u00f4ng h\u1ec1 r\u1ebb ch\u00fat n\u00e0o n\u00ean khi s\u1eed d\u1ee5ng c\u00e1c b\u1ea1n g\u00e1i c\u0169ng r\u1ea5t n\u00e2ng niu v\u00e0 b\u1ea3o v\u1ec7. V\u1eady c\u00e1c b\u1ea1n \u0111\u00e3 bi\u1ebft c\u00e1ch b\u1ea3o qu\u1ea3n c\u0169ng nh\u01b0 v\u1ec7 sinh nh\u1eefng chi\u1ebfc t\u00fai c\u1ee7a m\u00ecnh \u0111\u00fang c\u00e1ch ch\u01b0a? Kh\u00f4ng qu\u00e1 kh\u00f3 \u0111\u1ec3 b\u1ea3o qu\u1ea3n, ch\u1ec9 c\u1ea7n m\u1ed9t v\u00e0i l\u01b0u \u00fd l\u00e0 b\u1ea1n c\u00f3 th\u1ec3 s\u1eed d\u1ee5ng l\u00e2u d\u00e0i m\u00e0 s\u1ea3n ph\u1ea9m v\u1eabn nh\u01b0 m\u1edbi. \u0110\u1eebng n\u00ean b\u1ecf nhi\u1ec1u \u0111\u1ed3 v\u00e0o t\u00fai, kh\u00f4ng \u0111\u01b0\u1ee3c \u0111\u1eb7t l\u00ean s\u00e0n nh\u00e0, \u0111\u1eebng \u0111\u1ec3 b\u1ecb \u01b0\u1edbt m\u01b0a, v\u1ec7 sinh th\u01b0\u1eddng xuy\u00ean.<\/p>\n","protected":false},"excerpt":{"rendered":"<p>Combo t\u00fai x\u00e1ch + t\u00fai \u0111eo ch\u00e9o ph\u1ed1i h\u1ea1t: Ch\u1ea5t li\u1ec7u da PU \u0111\u1eb9p ch\u1eafc ch\u1eafn, b\u1ec1n m\u00e0u cho b\u1ea1n y\u00ean t\u00e2m khi s\u1eed d\u1ee5ng. Thi\u1ebft k\u1ebf th\u1eddi trang ti\u1ec7n d\u1ee5ng, ki\u1ec3u d\u00e1ng tr\u01a1n \u0111\u01a1n gi\u1ea3n, t\u1ea1o n\u00e9t c\u00e1 t\u00ednh ri\u00eang c\u1ee7a b\u1ea1n<\/p>\n","protected":false},"featured_media":1066,"comment_status":"open","ping_status":"closed","template":"","meta":[],"_links":{"self":[{"href":"https:\/\/webmaibinh.com\/w\/shophoa\/wp-json\/wp\/v2\/product\/273"}],"collection":[{"href":"https:\/\/webmaibinh.com\/w\/shophoa\/wp-json\/wp\/v2\/product"}],"about":[{"href":"https:\/\/webmaibinh.com\/w\/shophoa\/wp-json\/wp\/v2\/types\/product"}],"replies":[{"embeddable":true,"href":"https:\/\/webmaibinh.com\/w\/shophoa\/wp-json\/wp\/v2\/comments?post=273"}],"wp:featuredmedia":[{"embeddable":true,"href":"https:\/\/webmaibinh.com\/w\/shophoa\/wp-json\/wp\/v2\/media\/1066"}],"wp:attachment":[{"href":"https:\/\/webmaibinh.com\/w\/shophoa\/wp-json\/wp\/v2\/media?parent=273"}],"curies":[{"name":"wp","href":"https:\/\/api.w.org\/{rel}","templated":true}]}}