{"id":264,"date":"2018-07-31T16:51:20","date_gmt":"2018-07-31T09:51:20","guid":{"rendered":"http:\/\/hoatuoifly.com\/?post_type=product&#038;p=264"},"modified":"2018-09-19T15:56:47","modified_gmt":"2018-09-19T08:56:47","slug":"vong-chi-tay-ngu-sac-sid66482-chat-luong-cao","status":"publish","type":"product","link":"https:\/\/webmaibinh.com\/w\/shophoa\/san-pham\/vong-chi-tay-ngu-sac-sid66482-chat-luong-cao\/","title":{"rendered":"Hoa b\u00f3 c\u1ea9m t\u00fa c\u1ea7u + c\u1ea9m ch\u01b0\u1edbng \u0111\u1eb9p t\u1eb7ng v\u1ee3"},"content":{"rendered":"<p><strong>\u0110I\u1ec2M N\u1ed4I B\u1eacT<\/strong><\/p>\n<ul>\n<li>V\u00f2ng ch\u1ec9 tay ng\u0169 s\u1eafc \u0111\u01b0\u1ee3c thi\u1ebft k\u1ebf \u0111eo tay ti\u1ec7n d\u1ee5ng, \u0111em l\u1ea1i may m\u1eafn cho ng\u01b0\u1eddi \u0111eo<\/li>\n<li>D\u00e2y Ng\u0169 S\u1eafc Ph\u1eadt Gi\u00e1o c\u00f3 5 m\u00e0u t\u01b0\u1ee3ng tr\u01b0ng cho 5 lo\u1ea1i Ph\u00e1p M\u00f4n Ph\u1eadt g\u1ed3m T\u00edn, Ti\u1ebfn, Ni\u1ec7m, \u0110\u1ecbnh, Tu\u1ec7<\/li>\n<li>M\u00e0u \u0111\u1ecf n\u1ed5i b\u1eadt, g\u1eafn \u0111\u00e1 ch\u1eafc ch\u1eafn t\u1ea1o \u1ea5n t\u01b0\u1ee3ng, th\u00eam thu h\u00fat v\u00e0 l\u00f4i cu\u1ed1n<\/li>\n<li>V\u00f2ng ch\u1ec9 tay ng\u0169 s\u1eafc \u0111em l\u1ea1i may m\u1eafn, b\u00ecnh an, th\u00e0nh \u0111\u1ea1t v\u00e0 h\u1ea1nh ph\u00fac cho nh\u1eefng ng\u01b0\u1eddi s\u1edf h\u1eefu n\u00f3<\/li>\n<li>\u0110eo d\u00e2y ng\u0169 s\u1eafc k\u1ebft h\u1ee3p v\u1edbi \u0110\u00c1 PHONG TH\u1ee6Y l\u00e0m t\u0103ng hi\u1ec7u qu\u1ea3 g\u1ea5p b\u1ed9i<\/li>\n<li>Trong t\u1eadp t\u1ee5c d\u00e2n gian, D\u00e2y Ng\u0169 S\u1eafc c\u00f2n c\u00f3 th\u1ec3 mang \u0111\u1ebfn nh\u00e2n duy\u00ean, t\u00ecnh c\u1ea3m t\u1ed1t l\u00e0nh.<\/li>\n<li>T\u1ea5t c\u1ea3 s\u1ea3n ph\u1ea9m \u0111\u1ec1u \u0111\u01b0\u1ee3c tr\u00ec ch\u00fa tr\u01b0\u1edbc khi nh\u1eadp kho v\u00e0 giao \u0111\u1ebfn tay kh\u00e1ch 5 h\u1ea1t tr\u00ean v\u00f2ng n\u00e0y thu\u1ed9c 5 ng\u0169 h\u00e0nh kim m\u1ed9c thu\u1ef7 ho\u1ea3 th\u1ed5: Kim l\u00e0 th\u1ea1ch anh tr\u1eafng, M\u1ed9c l\u00e0 \u0111\u00e1 c\u1ea9m th\u1ea1ch, Thu\u1ef7 l\u00e0 \u0111\u00e1 lapis, Lapis lazulli, Ho\u1ea3 l\u00e0 th\u1ea1ch anh h\u1ed3ng\/th\u1ea1ch anh t\u00edm\/sunstone, Th\u1ed5 l\u00e0 th\u1ea1ch anh t\u00f3c v\u00e0ng\/ c\u1ea9m th\u1ea1ch v\u00e0ng\/, m\u1eaft h\u1ed5 v\u00e0ng<\/li>\n<\/ul>\n<p><img src=\"https:\/\/bizweb.dktcdn.net\/100\/296\/275\/files\/23.jpg?v=1522251733395\" data-thumb=\"original\" \/><br \/>\n<strong>TH\u00d4NG S\u1ed0 K\u0128 THU\u1eacT<\/strong><br \/>\nM\u00c3 SP: SID66482<br \/>\nTH\u01af\u01a0NG HI\u1ec6U: \u0110\u00e1 Qu\u00fd Online<br \/>\nM\u00c0U S\u1eaeC: \u0110\u1ecf<br \/>\nCH\u1ea4T LI\u1ec6U: \u0110\u00e1<br \/>\nKI\u1ec2U D\u00c1NG: \u0110eo tay<br \/>\nM\u1ee4C \u0110\u00cdCH SD: C\u00f4ng s\u1edf, Du l\u1ecbch, D\u1ef1 ti\u1ec7c, \u0110i ch\u01a1i, \u0110i h\u1ecdc<br \/>\nM\u00d9A PH\u00d9 H\u1ee2P: Thu \u0110\u00f4ng, Xu\u00e2n H\u00e8<br \/>\nXU\u1ea4T X\u1ee8: Vi\u1ec7t Nam<br \/>\nT\u00ccNH TR\u1ea0NG: C\u00d2N \u00cdT H\u00c0NG<\/p>\n<p><img src=\"https:\/\/bizweb.dktcdn.net\/100\/296\/275\/files\/26-017b18c8-b94a-42b7-a8a6-4e52bce8fff7.jpg?v=1522251747892\" data-thumb=\"original\" \/><\/p>\n<p>Nh\u1eefng vi\u00ean \u0111\u00e1 phong th\u1ee7y v\u1edbi m\u00e0u s\u1eafc c\u1ee7a thi\u00ean nhi\u00ean, c\u00e1c v\u00e2n \u0111\u00e1 n\u1ed5i b\u1eadt v\u00e0 b\u1eaft m\u1eaft l\u00e0 m\u1ed9t trong nh\u1eefng item trang s\u1ee9c m\u00e0 b\u1ea1n kh\u00f4ng n\u00ean b\u1ecf qua. V\u1edbi thi\u1ebft k\u1ebf \u0111eo tay \u0111\u1ea7y \u0111\u1ed9c \u0111\u00e1o v\u00e0 m\u1edbi l\u1ea1, kh\u00f4ng nh\u1eefng mang n\u00e9t \u0111\u1eb9p v\u1ec1 m\u1eb7t th\u1ea9m m\u1ef9 m\u00e0 c\u00f2n mang \u00fd ngh\u0129a t\u00e2m linh r\u1ea5t l\u1edbn \u0111\u1ed1i v\u1edbi ng\u01b0\u1eddi \u0111eo. V\u00f2ng tay mang \u0111\u1ebfn s\u1ef1 b\u00ecnh an, may m\u1eafn v\u00e0 tr\u00e1nh nh\u1eefng \u0111i\u1ec1u r\u1ee7i ro cho b\u1ea1n. C\u00f9ng s\u1eafm ngay m\u1eabu v\u00f2ng m\u1edbi nh\u1ea5t c\u00f9ng Zanado c\u00f3 m\u1ed9t kh\u00f4ng hai d\u01b0\u1edbi \u0111\u00e2y nh\u00e9!<\/p>\n<p><img src=\"https:\/\/bizweb.dktcdn.net\/100\/296\/275\/files\/24-5a2c7a2d-b030-4c76-9846-2e2a36af4c02.jpg?v=1522251763866\" data-thumb=\"original\" \/><\/p>\n<p>Trong l\u01b0\u1ee3t deal m\u1edbi h\u00f4m nay, Zanado s\u1ebd gi\u1edbi thi\u1ec7u \u0111\u1ebfn c\u00e1c b\u1ea1n m\u1ed9t thi\u1ebft k\u1ebf m\u1edbi th\u1eddi trang &#8211; V\u00f2ng ch\u1ec9 tay ng\u0169 s\u1eafc c\u00f9ng xem s\u1ea3n ph\u1ea9m n\u00e0y c\u00f3 g\u00ec n\u1ed5i b\u1eadt nh\u00e9!<\/p>\n<p><strong>Thi\u1ebft k\u1ebf \u0111eo tay \u0111\u01a1n gi\u1ea3n<\/strong><\/p>\n<p><strong><img src=\"https:\/\/bizweb.dktcdn.net\/100\/296\/275\/files\/25-1298bf3b-e322-429b-b2ce-981262a873c2.jpg?v=1522251783476\" data-thumb=\"original\" \/><\/strong><\/p>\n<p>V\u00f2ng ch\u1ec9 tay ng\u0169 s\u1eafc \u0111\u01b0\u1ee3c thi\u1ebft k\u1ebf \u0111eo tay ti\u1ec7n d\u1ee5ng, \u0111em l\u1ea1i may m\u1eafn cho ng\u01b0\u1eddi \u0111eo. D\u00e2y Ng\u0169 S\u1eafc Ph\u1eadt Gi\u00e1o c\u00f3 5 m\u00e0u t\u01b0\u1ee3ng tr\u01b0ng cho 5 lo\u1ea1i Ph\u00e1p M\u00f4n Ph\u1eadt g\u1ed3m T\u00edn, Ti\u1ebfn, Ni\u1ec7m, \u0110\u1ecbnh, Tu\u1ec7. V\u00f2ng tay l\u00e0 m\u1ed9t trong s\u1ed1 nh\u1eefng m\u00f3n trang s\u1ee9c d\u1ec5 d\u00e0ng ph\u00f9 h\u1ee3p v\u1edbi m\u1ecdi \u0111\u1ed1i t\u01b0\u1ee3ng kh\u00e1c h\u00e0ng, c\u0169ng nh\u01b0 n\u00f3 r\u1ea5t d\u1ec5 \u0111\u1ec3 b\u1ea1n k\u1ebft h\u1ee3p c\u00f9ng nh\u1eefng b\u1ed9 trang ph\u1ee5c th\u1eddi trang c\u1ee7a m\u00ecnh.<\/p>\n","protected":false},"excerpt":{"rendered":"<p><strong>V\u00f2ng ch\u1ec9 tay ng\u0169 s\u1eafc:<\/strong>\u00a0D\u00e2y Ng\u0169 S\u1eafc Ph\u1eadt Gi\u00e1o c\u00f3 5 m\u00e0u t\u01b0\u1ee3ng tr\u01b0ng cho 5 lo\u1ea1i Ph\u00e1p M\u00f4n Ph\u1eadt g\u1ed3m T\u00edn, Ti\u1ebfn, Ni\u1ec7m, \u0110\u1ecbnh, Tu\u1ec7. Thi\u1ebft k\u1ebf \u0111eo tay ti\u1ec7n d\u1ee5ng, \u0111em l\u1ea1i may m\u1eafn cho ng\u01b0\u1eddi \u0111eo<\/p>\n","protected":false},"featured_media":1069,"comment_status":"open","ping_status":"closed","template":"","meta":[],"_links":{"self":[{"href":"https:\/\/webmaibinh.com\/w\/shophoa\/wp-json\/wp\/v2\/product\/264"}],"collection":[{"href":"https:\/\/webmaibinh.com\/w\/shophoa\/wp-json\/wp\/v2\/product"}],"about":[{"href":"https:\/\/webmaibinh.com\/w\/shophoa\/wp-json\/wp\/v2\/types\/product"}],"replies":[{"embeddable":true,"href":"https:\/\/webmaibinh.com\/w\/shophoa\/wp-json\/wp\/v2\/comments?post=264"}],"wp:featuredmedia":[{"embeddable":true,"href":"https:\/\/webmaibinh.com\/w\/shophoa\/wp-json\/wp\/v2\/media\/1069"}],"wp:attachment":[{"href":"https:\/\/webmaibinh.com\/w\/shophoa\/wp-json\/wp\/v2\/media?parent=264"}],"curies":[{"name":"wp","href":"https:\/\/api.w.org\/{rel}","templated":true}]}}