{"id":23,"date":"2019-08-09T04:14:27","date_gmt":"2019-08-09T04:14:27","guid":{"rendered":"http:\/\/demo23.muathemewordpress.net\/?page_id=23"},"modified":"2020-05-22T14:18:51","modified_gmt":"2020-05-22T07:18:51","slug":"lien-he","status":"publish","type":"page","link":"https:\/\/webmaibinh.com\/w\/shopgiay2011\/lien-he\/","title":{"rendered":"Li\u00ean h\u1ec7"},"content":{"rendered":"<p><iframe style=\"border: 0;\" src=\"https:\/\/www.google.com\/maps\/embed?pb=!1m14!1m8!1m3!1d7666.997592897877!2d108.142464!3d16.091478!3m2!1i1024!2i768!4f13.1!3m3!1m2!1s0x31421f3531f10e9d%3A0xc3c2d888f9432ed3!2zNDY0IE5ndXnhu4VuIEzGsMahbmcgQuG6sW5nLCBIb8OgIEhp4buHcCBOYW0sIExpw6puIENoaeG7g3UsIMSQw6AgTuG6tW5nLCBWaeG7h3QgTmFt!5e0!3m2!1svi!2sus!4v1565143071896!5m2!1svi!2sus\" width=\"100%\" height=\"400\" frameborder=\"0\" allowfullscreen=\"allowfullscreen\" data-mce-fragment=\"1\"><\/iframe><\/p>\n<div class=\"row\"  id=\"row-9805033\">\n\n\t<div id=\"col-90806595\" class=\"col medium-6 large-6\"  >\n\t\t<div class=\"col-inner\"  >\n\t\t\t\n\t\t\t\n<div class=\"container section-title-container\" ><h3 class=\"section-title section-title-normal\"><b><\/b><span class=\"section-title-main\" >TH\u00d4NG TIN LI\u00caN H\u1ec6<\/span><b><\/b><\/h3><\/div>\n<p>H\u00e3y g\u1ecdi \u0111\u1ebfn HOTLINE : <strong style=\"font-size: 120%;\">0999.999.999<\/strong><\/p>\n<p>Ho\u1eb7c g\u1eedi th\u01b0 qua email : email@gmail.com<\/p>\n<p>\u0111\u1ec3 \u0111\u01b0\u1ee3c t\u01b0 v\u1ea5n v\u00e0 gi\u1ea3i \u0111\u00e1p m\u1ecdi th\u1eafc m\u1eafc c\u1ee7a qu\u00fd kh\u00e1ch h\u00e0ng !<\/p>\n<p><strong>Ph\u1ea1m V\u0103n B\u1ea1ch, P. 15, Q. T\u00e2n B\u00ecnh, Tp. HCM<\/p>\n\t\t<\/div>\n\t\t\t<\/div>\n\n\t\n\n\t<div id=\"col-1720862969\" class=\"col medium-6 large-6\"  >\n\t\t<div class=\"col-inner\"  >\n\t\t\t\n\t\t\t\n<div class=\"container section-title-container\" ><h3 class=\"section-title section-title-normal\"><b><\/b><span class=\"section-title-main\" >G\u1eecI TIN NH\u1ea4N<\/span><b><\/b><\/h3><\/div>\n<div role=\"form\" class=\"wpcf7\" id=\"wpcf7-f8-o1\" lang=\"en-US\" dir=\"ltr\">\n<div class=\"screen-reader-response\"><p role=\"status\" aria-live=\"polite\" aria-atomic=\"true\"><\/p> <ul><\/ul><\/div>\n<form action=\"\/w\/shopgiay2011\/wp-json\/wp\/v2\/pages\/23#wpcf7-f8-o1\" method=\"post\" class=\"wpcf7-form init\" novalidate=\"novalidate\" data-status=\"init\">\n<div style=\"display: none;\">\n<input type=\"hidden\" name=\"_wpcf7\" value=\"8\" \/>\n<input type=\"hidden\" name=\"_wpcf7_version\" value=\"5.3\" \/>\n<input type=\"hidden\" name=\"_wpcf7_locale\" value=\"en_US\" \/>\n<input type=\"hidden\" name=\"_wpcf7_unit_tag\" value=\"wpcf7-f8-o1\" \/>\n<input type=\"hidden\" name=\"_wpcf7_container_post\" value=\"0\" \/>\n<input type=\"hidden\" name=\"_wpcf7_posted_data_hash\" value=\"\" \/>\n<\/div>\n<div class=\"form-flat\">\n<span class=\"wpcf7-form-control-wrap your-name\"><input type=\"text\" name=\"your-name\" value=\"\" size=\"40\" class=\"wpcf7-form-control wpcf7-text wpcf7-validates-as-required\" aria-required=\"true\" aria-invalid=\"false\" placeholder=\"Your Name (required)\" \/><\/span><\/p>\n<p><span class=\"wpcf7-form-control-wrap your-email\"><input type=\"email\" name=\"your-email\" value=\"\" size=\"40\" class=\"wpcf7-form-control wpcf7-text wpcf7-email wpcf7-validates-as-required wpcf7-validates-as-email\" aria-required=\"true\" aria-invalid=\"false\" placeholder=\"Your Email (required)\" \/><\/span> <\/p>\n<p><span class=\"wpcf7-form-control-wrap your-message\"><textarea name=\"your-message\" cols=\"40\" rows=\"10\" class=\"wpcf7-form-control wpcf7-textarea\" aria-invalid=\"false\" placeholder=\"Your Message (required)\"><\/textarea><\/span> <\/p>\n<p><input type=\"submit\" value=\"Submit\" class=\"wpcf7-form-control wpcf7-submit button\" \/>\n<\/p><\/div>\n<div class=\"wpcf7-response-output\" aria-hidden=\"true\"><\/div><\/form><\/div>\n\t\t<\/div>\n\t\t\t<\/div>\n\n\t\n<\/div>\n","protected":false},"excerpt":{"rendered":"","protected":false},"author":1,"featured_media":0,"parent":0,"menu_order":0,"comment_status":"closed","ping_status":"closed","template":"","meta":[],"_links":{"self":[{"href":"https:\/\/webmaibinh.com\/w\/shopgiay2011\/wp-json\/wp\/v2\/pages\/23"}],"collection":[{"href":"https:\/\/webmaibinh.com\/w\/shopgiay2011\/wp-json\/wp\/v2\/pages"}],"about":[{"href":"https:\/\/webmaibinh.com\/w\/shopgiay2011\/wp-json\/wp\/v2\/types\/page"}],"author":[{"embeddable":true,"href":"https:\/\/webmaibinh.com\/w\/shopgiay2011\/wp-json\/wp\/v2\/users\/1"}],"replies":[{"embeddable":true,"href":"https:\/\/webmaibinh.com\/w\/shopgiay2011\/wp-json\/wp\/v2\/comments?post=23"}],"version-history":[{"count":5,"href":"https:\/\/webmaibinh.com\/w\/shopgiay2011\/wp-json\/wp\/v2\/pages\/23\/revisions"}],"predecessor-version":[{"id":708,"href":"https:\/\/webmaibinh.com\/w\/shopgiay2011\/wp-json\/wp\/v2\/pages\/23\/revisions\/708"}],"wp:attachment":[{"href":"https:\/\/webmaibinh.com\/w\/shopgiay2011\/wp-json\/wp\/v2\/media?parent=23"}],"curies":[{"name":"wp","href":"https:\/\/api.w.org\/{rel}","templated":true}]}}