{"id":350,"date":"2019-09-13T16:53:56","date_gmt":"2019-09-13T09:53:56","guid":{"rendered":"http:\/\/demo5.muathemewordpress.net\/chi-tiet\/giay-xang-dan-de-bet-quai-dinh-da-sd01080"},"modified":"2019-09-13T16:54:02","modified_gmt":"2019-09-13T09:54:02","slug":"giay-xang-dan-de-bet-quai-dinh-da-sd01080","status":"publish","type":"product","link":"https:\/\/webmaibinh.com\/w\/shopgiay12011\/san-pham\/giay-xang-dan-de-bet-quai-dinh-da-sd01080\/","title":{"rendered":"Gi\u00e0y x\u0103ng \u0111an \u0111\u1ebf b\u1ec7t quai \u0111\u00ednh \u0111\u00e1 SD01080"},"content":{"rendered":"<p>\u0110ang c\u1eadp nh\u1eadt&#8230;<\/p>\n","protected":false},"excerpt":{"rendered":"<p>\u0110ang c\u1eadp nh\u1eadt&#8230;<\/p>\n","protected":false},"featured_media":351,"comment_status":"open","ping_status":"closed","template":"","meta":[],"_links":{"self":[{"href":"https:\/\/webmaibinh.com\/w\/shopgiay12011\/wp-json\/wp\/v2\/product\/350"}],"collection":[{"href":"https:\/\/webmaibinh.com\/w\/shopgiay12011\/wp-json\/wp\/v2\/product"}],"about":[{"href":"https:\/\/webmaibinh.com\/w\/shopgiay12011\/wp-json\/wp\/v2\/types\/product"}],"replies":[{"embeddable":true,"href":"https:\/\/webmaibinh.com\/w\/shopgiay12011\/wp-json\/wp\/v2\/comments?post=350"}],"wp:featuredmedia":[{"embeddable":true,"href":"https:\/\/webmaibinh.com\/w\/shopgiay12011\/wp-json\/wp\/v2\/media\/351"}],"wp:attachment":[{"href":"https:\/\/webmaibinh.com\/w\/shopgiay12011\/wp-json\/wp\/v2\/media?parent=350"}],"curies":[{"name":"wp","href":"https:\/\/api.w.org\/{rel}","templated":true}]}}