{"id":342,"date":"2019-09-13T16:53:15","date_gmt":"2019-09-13T09:53:15","guid":{"rendered":"http:\/\/demo5.muathemewordpress.net\/chi-tiet\/giay-xang-dan-got-vuong-hoa-tiet-det-gam-ngau-hung-thoi-gian-sd05033"},"modified":"2019-09-13T16:53:21","modified_gmt":"2019-09-13T09:53:21","slug":"giay-xang-dan-got-vuong-hoa-tiet-det-gam-ngau-hung-thoi-gian-sd05033","status":"publish","type":"product","link":"https:\/\/webmaibinh.com\/w\/shopgiay12011\/san-pham\/giay-xang-dan-got-vuong-hoa-tiet-det-gam-ngau-hung-thoi-gian-sd05033\/","title":{"rendered":"Gi\u00e0y x\u0103ng \u0111an g\u00f3t vu\u00f4ng ho\u1ea1 ti\u1ebft d\u1ec7t g\u1ea5m &#8220;Ng\u1eabu H\u1ee9ng Th\u1eddi Gian&#8221; &#8211; SD05033"},"content":{"rendered":"<p>\u0110ang c\u1eadp nh\u1eadt&#8230;<\/p>\n","protected":false},"excerpt":{"rendered":"<p>\u0110ang c\u1eadp nh\u1eadt&#8230;<\/p>\n","protected":false},"featured_media":343,"comment_status":"open","ping_status":"closed","template":"","meta":[],"_links":{"self":[{"href":"https:\/\/webmaibinh.com\/w\/shopgiay12011\/wp-json\/wp\/v2\/product\/342"}],"collection":[{"href":"https:\/\/webmaibinh.com\/w\/shopgiay12011\/wp-json\/wp\/v2\/product"}],"about":[{"href":"https:\/\/webmaibinh.com\/w\/shopgiay12011\/wp-json\/wp\/v2\/types\/product"}],"replies":[{"embeddable":true,"href":"https:\/\/webmaibinh.com\/w\/shopgiay12011\/wp-json\/wp\/v2\/comments?post=342"}],"wp:featuredmedia":[{"embeddable":true,"href":"https:\/\/webmaibinh.com\/w\/shopgiay12011\/wp-json\/wp\/v2\/media\/343"}],"wp:attachment":[{"href":"https:\/\/webmaibinh.com\/w\/shopgiay12011\/wp-json\/wp\/v2\/media?parent=342"}],"curies":[{"name":"wp","href":"https:\/\/api.w.org\/{rel}","templated":true}]}}