{"id":327,"date":"2019-09-13T16:52:09","date_gmt":"2019-09-13T09:52:09","guid":{"rendered":"http:\/\/demo5.muathemewordpress.net\/chi-tiet\/guoc-quai-trong-got-vuong-5cm-sd05036"},"modified":"2019-09-13T16:52:14","modified_gmt":"2019-09-13T09:52:14","slug":"guoc-quai-trong-got-vuong-5cm-sd05036","status":"publish","type":"product","link":"https:\/\/webmaibinh.com\/w\/shopgiay12011\/san-pham\/guoc-quai-trong-got-vuong-5cm-sd05036\/","title":{"rendered":"Gu\u1ed1c quai trong g\u00f3t vu\u00f4ng 5cm SD05036"},"content":{"rendered":"<p>\u0110ang c\u1eadp nh\u1eadt&#8230;<\/p>\n","protected":false},"excerpt":{"rendered":"<p>\u0110ang c\u1eadp nh\u1eadt&#8230;<\/p>\n","protected":false},"featured_media":328,"comment_status":"open","ping_status":"closed","template":"","meta":[],"_links":{"self":[{"href":"https:\/\/webmaibinh.com\/w\/shopgiay12011\/wp-json\/wp\/v2\/product\/327"}],"collection":[{"href":"https:\/\/webmaibinh.com\/w\/shopgiay12011\/wp-json\/wp\/v2\/product"}],"about":[{"href":"https:\/\/webmaibinh.com\/w\/shopgiay12011\/wp-json\/wp\/v2\/types\/product"}],"replies":[{"embeddable":true,"href":"https:\/\/webmaibinh.com\/w\/shopgiay12011\/wp-json\/wp\/v2\/comments?post=327"}],"wp:featuredmedia":[{"embeddable":true,"href":"https:\/\/webmaibinh.com\/w\/shopgiay12011\/wp-json\/wp\/v2\/media\/328"}],"wp:attachment":[{"href":"https:\/\/webmaibinh.com\/w\/shopgiay12011\/wp-json\/wp\/v2\/media?parent=327"}],"curies":[{"name":"wp","href":"https:\/\/api.w.org\/{rel}","templated":true}]}}