{"id":318,"date":"2019-09-13T16:51:30","date_gmt":"2019-09-13T09:51:30","guid":{"rendered":"http:\/\/demo5.muathemewordpress.net\/chi-tiet\/giay-xang-dan-got-vuong-cach-dieu-sd07032"},"modified":"2019-09-13T16:51:35","modified_gmt":"2019-09-13T09:51:35","slug":"giay-xang-dan-got-vuong-cach-dieu-sd07032","status":"publish","type":"product","link":"https:\/\/webmaibinh.com\/w\/shopgiay12011\/san-pham\/giay-xang-dan-got-vuong-cach-dieu-sd07032\/","title":{"rendered":"Gi\u00e0y x\u0103ng \u0111an g\u00f3t vu\u00f4ng c\u00e1ch \u0111i\u1ec7u SD07032"},"content":{"rendered":"<p>\u0110ang c\u1eadp nh\u1eadt&#8230;<\/p>\n","protected":false},"excerpt":{"rendered":"<p>\u0110ang c\u1eadp nh\u1eadt&#8230;<\/p>\n","protected":false},"featured_media":319,"comment_status":"open","ping_status":"closed","template":"","meta":[],"_links":{"self":[{"href":"https:\/\/webmaibinh.com\/w\/shopgiay12011\/wp-json\/wp\/v2\/product\/318"}],"collection":[{"href":"https:\/\/webmaibinh.com\/w\/shopgiay12011\/wp-json\/wp\/v2\/product"}],"about":[{"href":"https:\/\/webmaibinh.com\/w\/shopgiay12011\/wp-json\/wp\/v2\/types\/product"}],"replies":[{"embeddable":true,"href":"https:\/\/webmaibinh.com\/w\/shopgiay12011\/wp-json\/wp\/v2\/comments?post=318"}],"wp:featuredmedia":[{"embeddable":true,"href":"https:\/\/webmaibinh.com\/w\/shopgiay12011\/wp-json\/wp\/v2\/media\/319"}],"wp:attachment":[{"href":"https:\/\/webmaibinh.com\/w\/shopgiay12011\/wp-json\/wp\/v2\/media?parent=318"}],"curies":[{"name":"wp","href":"https:\/\/api.w.org\/{rel}","templated":true}]}}