{"id":314,"date":"2019-09-13T16:51:16","date_gmt":"2019-09-13T09:51:16","guid":{"rendered":"http:\/\/demo5.muathemewordpress.net\/chi-tiet\/giay-xang-dan-got-vuong-5cm-quai-nhung-sd05037"},"modified":"2019-09-13T16:51:20","modified_gmt":"2019-09-13T09:51:20","slug":"giay-xang-dan-got-vuong-5cm-quai-nhung-sd05037","status":"publish","type":"product","link":"https:\/\/webmaibinh.com\/w\/shopgiay12011\/san-pham\/giay-xang-dan-got-vuong-5cm-quai-nhung-sd05037\/","title":{"rendered":"Gi\u00e0y x\u0103ng \u0111an g\u00f3t vu\u00f4ng 5cm quai nhung SD05037"},"content":{"rendered":"<p>\u0110ang c\u1eadp nh\u1eadt&#8230;<\/p>\n","protected":false},"excerpt":{"rendered":"<p>\u0110ang c\u1eadp nh\u1eadt&#8230;<\/p>\n","protected":false},"featured_media":315,"comment_status":"open","ping_status":"closed","template":"","meta":[],"_links":{"self":[{"href":"https:\/\/webmaibinh.com\/w\/shopgiay12011\/wp-json\/wp\/v2\/product\/314"}],"collection":[{"href":"https:\/\/webmaibinh.com\/w\/shopgiay12011\/wp-json\/wp\/v2\/product"}],"about":[{"href":"https:\/\/webmaibinh.com\/w\/shopgiay12011\/wp-json\/wp\/v2\/types\/product"}],"replies":[{"embeddable":true,"href":"https:\/\/webmaibinh.com\/w\/shopgiay12011\/wp-json\/wp\/v2\/comments?post=314"}],"wp:featuredmedia":[{"embeddable":true,"href":"https:\/\/webmaibinh.com\/w\/shopgiay12011\/wp-json\/wp\/v2\/media\/315"}],"wp:attachment":[{"href":"https:\/\/webmaibinh.com\/w\/shopgiay12011\/wp-json\/wp\/v2\/media?parent=314"}],"curies":[{"name":"wp","href":"https:\/\/api.w.org\/{rel}","templated":true}]}}