{"id":232,"date":"2019-09-13T16:29:04","date_gmt":"2019-09-13T09:29:04","guid":{"rendered":"http:\/\/demo5.muathemewordpress.net\/chi-tiet\/vi-cam-tay-hoa-tiet-van-chim-vi052"},"modified":"2019-09-13T16:29:12","modified_gmt":"2019-09-13T09:29:12","slug":"vi-cam-tay-hoa-tiet-van-chim-vi052","status":"publish","type":"product","link":"https:\/\/webmaibinh.com\/w\/shopgiay12011\/san-pham\/vi-cam-tay-hoa-tiet-van-chim-vi052\/","title":{"rendered":"V\u00ed c\u1ea7m tay ho\u1ea1 ti\u1ebft v\u00e2n ch\u00ecm VI052"},"content":{"rendered":"<p>\u0110ang c\u1eadp nh\u1eadt&#8230;<\/p>\n","protected":false},"excerpt":{"rendered":"<p>\u0110ang c\u1eadp nh\u1eadt&#8230;<\/p>\n","protected":false},"featured_media":233,"comment_status":"open","ping_status":"closed","template":"","meta":[],"_links":{"self":[{"href":"https:\/\/webmaibinh.com\/w\/shopgiay12011\/wp-json\/wp\/v2\/product\/232"}],"collection":[{"href":"https:\/\/webmaibinh.com\/w\/shopgiay12011\/wp-json\/wp\/v2\/product"}],"about":[{"href":"https:\/\/webmaibinh.com\/w\/shopgiay12011\/wp-json\/wp\/v2\/types\/product"}],"replies":[{"embeddable":true,"href":"https:\/\/webmaibinh.com\/w\/shopgiay12011\/wp-json\/wp\/v2\/comments?post=232"}],"wp:featuredmedia":[{"embeddable":true,"href":"https:\/\/webmaibinh.com\/w\/shopgiay12011\/wp-json\/wp\/v2\/media\/233"}],"wp:attachment":[{"href":"https:\/\/webmaibinh.com\/w\/shopgiay12011\/wp-json\/wp\/v2\/media?parent=232"}],"curies":[{"name":"wp","href":"https:\/\/api.w.org\/{rel}","templated":true}]}}