{"id":226,"date":"2019-09-13T16:27:50","date_gmt":"2019-09-13T09:27:50","guid":{"rendered":"http:\/\/demo5.muathemewordpress.net\/chi-tiet\/vi-cam-tay-nap-gap-trang-tri-khoen-tron-vi109"},"modified":"2019-09-13T16:28:08","modified_gmt":"2019-09-13T09:28:08","slug":"vi-cam-tay-nap-gap-trang-tri-khoen-tron-vi109","status":"publish","type":"product","link":"https:\/\/webmaibinh.com\/w\/shopgiay12011\/san-pham\/vi-cam-tay-nap-gap-trang-tri-khoen-tron-vi109\/","title":{"rendered":"V\u00ed c\u1ea7m tay n\u1eafp g\u1eadp trang tr\u00ed khoen tr\u00f2n VI109"},"content":{"rendered":"<p>\u0110ang c\u1eadp nh\u1eadt&#8230;<\/p>\n","protected":false},"excerpt":{"rendered":"<p>\u0110ang c\u1eadp nh\u1eadt&#8230;<\/p>\n","protected":false},"featured_media":227,"comment_status":"open","ping_status":"closed","template":"","meta":[],"_links":{"self":[{"href":"https:\/\/webmaibinh.com\/w\/shopgiay12011\/wp-json\/wp\/v2\/product\/226"}],"collection":[{"href":"https:\/\/webmaibinh.com\/w\/shopgiay12011\/wp-json\/wp\/v2\/product"}],"about":[{"href":"https:\/\/webmaibinh.com\/w\/shopgiay12011\/wp-json\/wp\/v2\/types\/product"}],"replies":[{"embeddable":true,"href":"https:\/\/webmaibinh.com\/w\/shopgiay12011\/wp-json\/wp\/v2\/comments?post=226"}],"wp:featuredmedia":[{"embeddable":true,"href":"https:\/\/webmaibinh.com\/w\/shopgiay12011\/wp-json\/wp\/v2\/media\/227"}],"wp:attachment":[{"href":"https:\/\/webmaibinh.com\/w\/shopgiay12011\/wp-json\/wp\/v2\/media?parent=226"}],"curies":[{"name":"wp","href":"https:\/\/api.w.org\/{rel}","templated":true}]}}