{"id":210,"date":"2019-09-13T16:22:14","date_gmt":"2019-09-13T09:22:14","guid":{"rendered":"http:\/\/demo5.muathemewordpress.net\/chi-tiet\/giay-cao-got-5cm-ho-mui-phong-cach-art-deco-cg05062"},"modified":"2019-09-13T16:22:24","modified_gmt":"2019-09-13T09:22:24","slug":"giay-cao-got-5cm-ho-mui-phong-cach-art-deco-cg05062","status":"publish","type":"product","link":"https:\/\/webmaibinh.com\/w\/shopgiay12011\/san-pham\/giay-cao-got-5cm-ho-mui-phong-cach-art-deco-cg05062\/","title":{"rendered":"Gi\u00e0y cao g\u00f3t 5cm h\u1edf m\u0169i phong c\u00e1ch Art Deco CG05062"},"content":{"rendered":"<p>\u0110ang c\u1eadp nh\u1eadt&#8230;<\/p>\n","protected":false},"excerpt":{"rendered":"<p>\u0110ang c\u1eadp nh\u1eadt&#8230;<\/p>\n","protected":false},"featured_media":211,"comment_status":"open","ping_status":"closed","template":"","meta":[],"_links":{"self":[{"href":"https:\/\/webmaibinh.com\/w\/shopgiay12011\/wp-json\/wp\/v2\/product\/210"}],"collection":[{"href":"https:\/\/webmaibinh.com\/w\/shopgiay12011\/wp-json\/wp\/v2\/product"}],"about":[{"href":"https:\/\/webmaibinh.com\/w\/shopgiay12011\/wp-json\/wp\/v2\/types\/product"}],"replies":[{"embeddable":true,"href":"https:\/\/webmaibinh.com\/w\/shopgiay12011\/wp-json\/wp\/v2\/comments?post=210"}],"wp:featuredmedia":[{"embeddable":true,"href":"https:\/\/webmaibinh.com\/w\/shopgiay12011\/wp-json\/wp\/v2\/media\/211"}],"wp:attachment":[{"href":"https:\/\/webmaibinh.com\/w\/shopgiay12011\/wp-json\/wp\/v2\/media?parent=210"}],"curies":[{"name":"wp","href":"https:\/\/api.w.org\/{rel}","templated":true}]}}