{"id":204,"date":"2019-09-13T16:21:36","date_gmt":"2019-09-13T09:21:36","guid":{"rendered":"http:\/\/demo5.muathemewordpress.net\/chi-tiet\/giay-cao-got-5cm-mui-nhon-dinh-da-cg05068"},"modified":"2019-09-13T16:21:41","modified_gmt":"2019-09-13T09:21:41","slug":"giay-cao-got-5cm-mui-nhon-dinh-da-cg05068","status":"publish","type":"product","link":"https:\/\/webmaibinh.com\/w\/shopgiay12011\/san-pham\/giay-cao-got-5cm-mui-nhon-dinh-da-cg05068\/","title":{"rendered":"Gi\u00e0y cao g\u00f3t 5cm m\u0169i nh\u1ecdn \u0111\u00ednh \u0111\u00e1 CG05068"},"content":{"rendered":"<p>\u0110ang c\u1eadp nh\u1eadt&#8230;<\/p>\n","protected":false},"excerpt":{"rendered":"<p>\u0110ang c\u1eadp nh\u1eadt&#8230;<\/p>\n","protected":false},"featured_media":205,"comment_status":"open","ping_status":"closed","template":"","meta":[],"_links":{"self":[{"href":"https:\/\/webmaibinh.com\/w\/shopgiay12011\/wp-json\/wp\/v2\/product\/204"}],"collection":[{"href":"https:\/\/webmaibinh.com\/w\/shopgiay12011\/wp-json\/wp\/v2\/product"}],"about":[{"href":"https:\/\/webmaibinh.com\/w\/shopgiay12011\/wp-json\/wp\/v2\/types\/product"}],"replies":[{"embeddable":true,"href":"https:\/\/webmaibinh.com\/w\/shopgiay12011\/wp-json\/wp\/v2\/comments?post=204"}],"wp:featuredmedia":[{"embeddable":true,"href":"https:\/\/webmaibinh.com\/w\/shopgiay12011\/wp-json\/wp\/v2\/media\/205"}],"wp:attachment":[{"href":"https:\/\/webmaibinh.com\/w\/shopgiay12011\/wp-json\/wp\/v2\/media?parent=204"}],"curies":[{"name":"wp","href":"https:\/\/api.w.org\/{rel}","templated":true}]}}