{"id":200,"date":"2019-09-13T16:21:11","date_gmt":"2019-09-13T09:21:11","guid":{"rendered":"http:\/\/demo5.muathemewordpress.net\/chi-tiet\/giay-cao-got-5cm-mui-nhon-quai-no-cach-dieu-cg05073"},"modified":"2019-09-13T16:21:22","modified_gmt":"2019-09-13T09:21:22","slug":"giay-cao-got-5cm-mui-nhon-quai-no-cach-dieu-cg05073","status":"publish","type":"product","link":"https:\/\/webmaibinh.com\/w\/shopgiay12011\/san-pham\/giay-cao-got-5cm-mui-nhon-quai-no-cach-dieu-cg05073\/","title":{"rendered":"Gi\u00e0y cao g\u00f3t 5cm m\u0169i nh\u1ecdn quai n\u01a1 c\u00e1ch \u0111i\u1ec7u CG05073"},"content":{"rendered":"<p>\u0110ang c\u1eadp nh\u1eadt&#8230;<\/p>\n","protected":false},"excerpt":{"rendered":"<p>\u0110ang c\u1eadp nh\u1eadt&#8230;<\/p>\n","protected":false},"featured_media":201,"comment_status":"open","ping_status":"closed","template":"","meta":[],"_links":{"self":[{"href":"https:\/\/webmaibinh.com\/w\/shopgiay12011\/wp-json\/wp\/v2\/product\/200"}],"collection":[{"href":"https:\/\/webmaibinh.com\/w\/shopgiay12011\/wp-json\/wp\/v2\/product"}],"about":[{"href":"https:\/\/webmaibinh.com\/w\/shopgiay12011\/wp-json\/wp\/v2\/types\/product"}],"replies":[{"embeddable":true,"href":"https:\/\/webmaibinh.com\/w\/shopgiay12011\/wp-json\/wp\/v2\/comments?post=200"}],"wp:featuredmedia":[{"embeddable":true,"href":"https:\/\/webmaibinh.com\/w\/shopgiay12011\/wp-json\/wp\/v2\/media\/201"}],"wp:attachment":[{"href":"https:\/\/webmaibinh.com\/w\/shopgiay12011\/wp-json\/wp\/v2\/media?parent=200"}],"curies":[{"name":"wp","href":"https:\/\/api.w.org\/{rel}","templated":true}]}}