{"id":199,"date":"2019-09-13T16:21:01","date_gmt":"2019-09-13T09:21:01","guid":{"rendered":"http:\/\/demo5.muathemewordpress.net\/chi-tiet\/giay-cao-got-5cm-mui-nhon-got-phoi-guong-cg05074"},"modified":"2019-09-13T16:21:05","modified_gmt":"2019-09-13T09:21:05","slug":"giay-cao-got-5cm-mui-nhon-got-phoi-guong-cg05074","status":"publish","type":"product","link":"https:\/\/webmaibinh.com\/w\/shopgiay12011\/san-pham\/giay-cao-got-5cm-mui-nhon-got-phoi-guong-cg05074\/","title":{"rendered":"Gi\u00e0y cao g\u00f3t 5cm m\u0169i nh\u1ecdn g\u00f3t ph\u1ed1i g\u01b0\u01a1ng CG05074"},"content":{"rendered":"<p>\u0110ang c\u1eadp nh\u1eadt&#8230;<\/p>\n","protected":false},"excerpt":{"rendered":"<p>\u0110ang c\u1eadp nh\u1eadt&#8230;<\/p>\n","protected":false},"featured_media":0,"comment_status":"open","ping_status":"closed","template":"","meta":[],"_links":{"self":[{"href":"https:\/\/webmaibinh.com\/w\/shopgiay12011\/wp-json\/wp\/v2\/product\/199"}],"collection":[{"href":"https:\/\/webmaibinh.com\/w\/shopgiay12011\/wp-json\/wp\/v2\/product"}],"about":[{"href":"https:\/\/webmaibinh.com\/w\/shopgiay12011\/wp-json\/wp\/v2\/types\/product"}],"replies":[{"embeddable":true,"href":"https:\/\/webmaibinh.com\/w\/shopgiay12011\/wp-json\/wp\/v2\/comments?post=199"}],"wp:attachment":[{"href":"https:\/\/webmaibinh.com\/w\/shopgiay12011\/wp-json\/wp\/v2\/media?parent=199"}],"curies":[{"name":"wp","href":"https:\/\/api.w.org\/{rel}","templated":true}]}}