{"id":197,"date":"2019-09-13T16:20:45","date_gmt":"2019-09-13T09:20:45","guid":{"rendered":"http:\/\/demo5.muathemewordpress.net\/chi-tiet\/guoc-cao-5cm-got-bac-mui-tron-cg05070"},"modified":"2019-09-13T16:20:58","modified_gmt":"2019-09-13T09:20:58","slug":"guoc-cao-5cm-got-bac-mui-tron-cg05070","status":"publish","type":"product","link":"https:\/\/webmaibinh.com\/w\/shopgiay12011\/san-pham\/guoc-cao-5cm-got-bac-mui-tron-cg05070\/","title":{"rendered":"Gu\u1ed1c cao 5cm g\u00f3t b\u1ea1c m\u0169i tr\u00f2n CG05070"},"content":{"rendered":"<p>\u0110ang c\u1eadp nh\u1eadt&#8230;<\/p>\n","protected":false},"excerpt":{"rendered":"<p>\u0110ang c\u1eadp nh\u1eadt&#8230;<\/p>\n","protected":false},"featured_media":198,"comment_status":"open","ping_status":"closed","template":"","meta":[],"_links":{"self":[{"href":"https:\/\/webmaibinh.com\/w\/shopgiay12011\/wp-json\/wp\/v2\/product\/197"}],"collection":[{"href":"https:\/\/webmaibinh.com\/w\/shopgiay12011\/wp-json\/wp\/v2\/product"}],"about":[{"href":"https:\/\/webmaibinh.com\/w\/shopgiay12011\/wp-json\/wp\/v2\/types\/product"}],"replies":[{"embeddable":true,"href":"https:\/\/webmaibinh.com\/w\/shopgiay12011\/wp-json\/wp\/v2\/comments?post=197"}],"wp:featuredmedia":[{"embeddable":true,"href":"https:\/\/webmaibinh.com\/w\/shopgiay12011\/wp-json\/wp\/v2\/media\/198"}],"wp:attachment":[{"href":"https:\/\/webmaibinh.com\/w\/shopgiay12011\/wp-json\/wp\/v2\/media?parent=197"}],"curies":[{"name":"wp","href":"https:\/\/api.w.org\/{rel}","templated":true}]}}