{"id":154,"date":"2019-09-13T15:37:22","date_gmt":"2019-09-13T08:37:22","guid":{"rendered":"http:\/\/demo5.muathemewordpress.net\/?post_type=product&#038;p=154"},"modified":"2019-09-13T16:11:02","modified_gmt":"2019-09-13T09:11:02","slug":"giay-cao-got-mui-nhon-trang-tri-no","status":"publish","type":"product","link":"https:\/\/webmaibinh.com\/w\/shopgiay12011\/san-pham\/giay-cao-got-mui-nhon-trang-tri-no\/","title":{"rendered":"Gi\u00e0y cao g\u00f3t m\u0169i nh\u1ecdn trang tr\u00ed n\u01a1"},"content":{"rendered":"","protected":false},"excerpt":{"rendered":"","protected":false},"featured_media":155,"comment_status":"open","ping_status":"closed","template":"","meta":[],"_links":{"self":[{"href":"https:\/\/webmaibinh.com\/w\/shopgiay12011\/wp-json\/wp\/v2\/product\/154"}],"collection":[{"href":"https:\/\/webmaibinh.com\/w\/shopgiay12011\/wp-json\/wp\/v2\/product"}],"about":[{"href":"https:\/\/webmaibinh.com\/w\/shopgiay12011\/wp-json\/wp\/v2\/types\/product"}],"replies":[{"embeddable":true,"href":"https:\/\/webmaibinh.com\/w\/shopgiay12011\/wp-json\/wp\/v2\/comments?post=154"}],"wp:featuredmedia":[{"embeddable":true,"href":"https:\/\/webmaibinh.com\/w\/shopgiay12011\/wp-json\/wp\/v2\/media\/155"}],"wp:attachment":[{"href":"https:\/\/webmaibinh.com\/w\/shopgiay12011\/wp-json\/wp\/v2\/media?parent=154"}],"curies":[{"name":"wp","href":"https:\/\/api.w.org\/{rel}","templated":true}]}}