{"id":1306,"date":"2020-04-07T09:47:03","date_gmt":"2020-04-07T09:47:03","guid":{"rendered":"http:\/\/xaydung4.muathemewordpress.net\/?post_type=product&#038;p=1306"},"modified":"2020-04-07T09:47:24","modified_gmt":"2020-04-07T09:47:24","slug":"may-van-vit-dung-pin-bosch-go-solo","status":"publish","type":"product","link":"https:\/\/webmaibinh.com\/w\/shopcokhi2011\/san-pham\/may-van-vit-dung-pin-bosch-go-solo\/","title":{"rendered":"M\u00e1y v\u1eb7n v\u00edt d\u00f9ng pin Bosch go (Solo)"},"content":{"rendered":"<p><strong>Thang nh\u00f4m gh\u1ebf Nikawa NKS-05<\/strong>\u00a0l\u00e0 d\u00f2ng thang gh\u1ebf \u0111\u01b0\u1ee3c \u01b0a chu\u1ed9ng s\u1ed1 1 t\u1ea1i th\u1ecb tr\u01b0\u1eddng Vi\u1ec7t Nam. S\u1ea3n ph\u1ea9m \u0111\u01b0\u1ee3c ch\u1ebf t\u1ea1o t\u1eeb nh\u00f4m ch\u1ea5t l\u01b0\u1ee3ng cao tr\u00ean d\u00e2y chuy\u1ec1n thi\u1ebft b\u1ecb Nh\u1eadt B\u1ea3n, v\u00e0 \u0111\u01b0\u1ee3c ch\u00fang nh\u1eadn \u0111\u1ea1t ch\u1ea5t l\u01b0\u1ee3ng an to\u00e0n theo ti\u00eau chu\u1ea9n EN 131 c\u1ee7a Ch\u00e2u \u00c2u.<\/p>\n<div><img src=\"http:\/\/xaydung4.muathemewordpress.net\/wp-content\/uploads\/2020\/04\/thang-nhom-ghe-nikawa-nks-05-1297.jpg\" alt=\"Thang nh\u00f4m gh\u1ebf Nikawa NKS-05\" \/><\/div>\n<h2>Thi\u1ebft k\u1ebf n\u1ed5i b\u1eadt c\u1ee7a\u00a0Thang nh\u00f4m gh\u1ebf Nikawa NKS-05<\/h2>\n<p><strong><a href=\"https:\/\/diyhomedepot.vn\/163\/thang-nhom-ghe.html\">Thang gh\u1ebf\u00a0<\/a><\/strong>Nikawa NKS-05\u00a0\u0111\u01b0\u1ee3c ch\u1ebf t\u1ea1o t\u1eeb h\u1ee3p kim nh\u00f4m cao c\u1ea5p v\u1edbi c\u00e1c chi ti\u1ebft gia c\u00f4ng c\u00f3 \u0111\u1ed9 ch\u00ednh x\u00e1c cao theo ti\u00eau chu\u1ea9n ch\u1ea5t l\u01b0\u1ee3ng Nh\u1eadt B\u1ea3n, \u0111\u1ea3m b\u1ea3o ch\u1eafc ch\u1eafn v\u00e0 an to\u00e0n t\u1ed1i \u0111a khi s\u1eed d\u1ee5ng. Thang c\u00f3 thi\u1ebft k\u1ebf \u0111\u01a1n gi\u1ea3n, m\u00e0u s\u1eafc tr\u1ebb trung v\u01a1i 4 b\u1eadc thang k\u00edch th\u01b0\u1edbc 13cm, chi\u1ec1u cao t\u1ed1i \u0111a 1,69m. K\u00edch th\u01b0\u1edbc b\u1eadc tr\u00ean c\u00f9ng c\u1ee7a thang l\u00ean t\u1edbi 18cm, gi\u00fap b\u1ea1n gi\u1eef th\u0103ng b\u1eb1ng t\u1ed1t h\u01a1n ngay c\u1ea3 khi \u0111\u1ee9ng l\u00e0m vi\u1ec7c tr\u00ean cao.<\/p>\n<div>\n<p>Thang gh\u1ebf 5 b\u1eadc Nikawa NKS-05 \u0111\u01b0\u1ee3c thi\u1ebft k\u1ebf chuy\u00ean d\u1ee5ng cho c\u00e1c c\u00f4ng vi\u1ec7c c\u01a1 b\u1ea3n trong gia \u0111\u00ecnh nh\u01b0:\u00a0th\u1eafp nhang, lau d\u1ecdn, trang tr\u00ed nh\u00e0 c\u1eeda,\u2026\u00a0 Ki\u1ec3u d\u00e1ng \u0111\u01a1n gi\u1ea3n v\u00e0 m\u00e0u s\u1eafc b\u1eaft m\u1eaft l\u00e0 \u0111i\u1ec3m c\u1ed9ng \u0111\u1ea7u ti\u00ean cho d\u00f2ng thang n\u00e0y. B\u00ean c\u1ea1nh \u0111\u00f3, k\u1ebft c\u1ea5u \u0111\u01a1n gi\u1ea3n, v\u00e0 kh\u1ea3 n\u0103ng si\u00eau ch\u1ecbu l\u1ef1c l\u00ean t\u1edbi 150kg c\u1ee7a v\u1eadt li\u1ec7u ch\u1ebf t\u1ea1o l\u00ean thang c\u0169ng \u0111\u01b0\u1ee3c ng\u01b0\u1eddi d\u00f9ng \u0111\u00e1nh gi\u00e1 cao.<\/p>\n<div><img src=\"http:\/\/xaydung4.muathemewordpress.net\/wp-content\/uploads\/2020\/04\/thang-nhom-ghe-nikawa-nks-05-1297-1.jpg\" alt=\"Thang gh\u1ebf 5 b\u1eadc Nikawa NKS-05\" \/><\/div>\n<p>Ph\u1ea7n th\u00e2n c\u1ee7a\u00a0thang \u0111\u01b0\u1ee3c l\u00e0m b\u1eb1ng th\u00e9p \u1ed1ng ph\u1ee7 s\u01a1n t\u0129nh \u0111i\u1ec7n v\u00f4 c\u00f9ng ch\u1eafc ch\u1eafn, mang l\u1ea1i c\u1ea3m gi\u00e1c an to\u00e0n cho ng\u01b0\u1eddi s\u1eed d\u1ee5ng. B\u1eadc thang c\u00f3 \u0111\u1ed9 r\u1ed9ng v\u1eeba ph\u1ea3i v\u1edbi c\u00e1c \u0111\u01b0\u1eddng kh\u00eda ngang t\u1ea1o ma s\u00e1t t\u1ed1t, ch\u1ed1ng tr\u01b0\u1ee3t ch\u00e2n, gi\u00fap b\u1ea1n c\u00f3 c\u1ea3m gi\u00e1c tho\u1ea3i m\u00e1i nh\u1ea5t khi \u0111\u1ee9ng tr\u00ean thang. B\u1ed1n ch\u00e2n tr\u1ee5 c\u1ee7a thang \u0111\u01b0\u1ee3c g\u1eafn \u0111\u1ebf cao su v\u1eeba gi\u00fap thang b\u00e1m t\u1ed1t h\u01a1n v\u00e0o c\u00e1c b\u1ec1 m\u1eb7t d\u1ef1ng thang v\u1eeba h\u1ea1n ch\u1ebf l\u00e0m ch\u1ea7y x\u01b0\u1edbc s\u00e0n nh\u00e0.<br \/>\nS\u1ea3n ph\u1ea9m \u0111\u01b0\u1ee3c b\u1ea3o h\u00e0nh 18 th\u00e1ng v\u00e0 \u0111\u01b0\u1ee3c b\u1ea3o hi\u1ec3m tr\u00e1ch nhi\u1ec7m b\u1edfi B\u1ea3o Minh, mang \u0111\u1ebfn s\u1ef1 an t\u00e2m, an to\u00e0n cho ng\u01b0\u1eddi s\u1eed d\u1ee5ng.<\/p>\n<div><img src=\"http:\/\/xaydung4.muathemewordpress.net\/wp-content\/uploads\/2020\/04\/thang-nhom-ghe-nikawa-nks-05-1297-2.jpg\" alt=\"Thang gh\u1ebf 5 b\u1eadc Nikawa NKS-05\" \/><\/div>\n<\/div>\n","protected":false},"excerpt":{"rendered":"<ul class=\"prodt-r-info\">\n<li>M\u00e3 sp: NKS-05<\/li>\n<li>H\u00e3ng s\u1ea3n xu\u1ea5t: Nikawa<\/li>\n<li>Xu\u1ea5t x\u1ee9: China<\/li>\n<li>T\u00ecnh tr\u1ea1ng: C\u00f2n h\u00e0ng<\/li>\n<li>B\u1ea3o h\u00e0nh: 18 th\u00e1ng<\/li>\n<\/ul>\n","protected":false},"featured_media":1307,"comment_status":"open","ping_status":"closed","template":"","meta":[],"_links":{"self":[{"href":"https:\/\/webmaibinh.com\/w\/shopcokhi2011\/wp-json\/wp\/v2\/product\/1306"}],"collection":[{"href":"https:\/\/webmaibinh.com\/w\/shopcokhi2011\/wp-json\/wp\/v2\/product"}],"about":[{"href":"https:\/\/webmaibinh.com\/w\/shopcokhi2011\/wp-json\/wp\/v2\/types\/product"}],"replies":[{"embeddable":true,"href":"https:\/\/webmaibinh.com\/w\/shopcokhi2011\/wp-json\/wp\/v2\/comments?post=1306"}],"wp:featuredmedia":[{"embeddable":true,"href":"https:\/\/webmaibinh.com\/w\/shopcokhi2011\/wp-json\/wp\/v2\/media\/1307"}],"wp:attachment":[{"href":"https:\/\/webmaibinh.com\/w\/shopcokhi2011\/wp-json\/wp\/v2\/media?parent=1306"}],"curies":[{"name":"wp","href":"https:\/\/api.w.org\/{rel}","templated":true}]}}