{"id":663,"date":"2019-08-25T16:17:19","date_gmt":"2019-08-25T16:17:19","guid":{"rendered":"http:\/\/xaydung4.muathemewordpress.net\/?page_id=663"},"modified":"2020-04-07T15:09:40","modified_gmt":"2020-04-07T15:09:40","slug":"gioi-thieu","status":"publish","type":"page","link":"https:\/\/webmaibinh.com\/w\/shopcokhi2011\/gioi-thieu\/","title":{"rendered":"Gi\u1edbi thi\u1ec7u"},"content":{"rendered":"<div><strong>H\u00d9NG S\u1ef8 &#8211; \u0110\u1ed2NG H\u00c0NH C\u00d9NG MAKITA, BOSCH, MAKTEC, SKIL<\/strong><\/div>\n<div><\/div>\n<div>Nh\u00e0 Ph\u00e2n ph\u1ed1i, \u0110\u1ea1i l\u00fd,\u00a0Trung t\u00e2m b\u1ea3o h\u00e0nh t\u1ea1i \u0110\u00e0 N\u1eb5ng &amp; c\u00e1c t\u1ec9nh Mi\u1ec1n trung, T\u00e2y nguy\u00ean\n<\/div>\n<div><strong>D\u1ee5ng C\u1ee5 \u0110i\u1ec7n C\u1ea7m Tay\u00a0MAKITA &amp; MAKTEC\u00a0(NH\u1eacT)<\/strong><\/div>\n<div><strong>D\u1ee5ng C\u1ee5 \u0110i\u1ec7n C\u1ea7m Tay\u00a0BOSCH\u00a0 &amp; SKIL (\u0110\u1ee8C)<\/strong><\/div>\n<div>\n<div><img src=\"http:\/\/xaydung4.muathemewordpress.net\/wp-content\/uploads\/2020\/04\/gioi-thieu-663-7.jpg\" alt=\"\" \/><\/div>\n<div><strong>H\u00d9NG S\u1ef8<\/strong>\u00a0xu\u1ea5t ph\u00e1t t\u1eeb n\u1ec1n k\u1ef9 thu\u1eadt s\u1eeda ch\u1eefa, l\u1eafp\u00a0\u0111\u1eb7t, b\u1ea3o tr\u00ec,v\u1eadn h\u00e0nh thi\u1ebft b\u1ecb \u0111i\u1ec7n\u00a0\u0111\u01b0\u1ee3c kh\u1edfi nghi\u1ec7p 1995. T\u1eeb n\u1ec1n kinh t\u1ebf th\u1ecb tr\u01b0\u1eddng, \u0111\u1ec3 \u0111\u00e1p \u1ee9ng s\u1ef1 chuy\u00ean nghi\u1ec7p h\u00f3a \u0111\u1ed5i m\u1edbi c\u1ee7a n\u1ec1n c\u00f4ng nghi\u1ec7p, hi\u1ec7n \u0111\u1ea1i trong gia \u0111o\u1ea1n ph\u00e1t tri\u1ec3n kinh t\u1ebf, \u0111\u00e1p \u1ee9ng\u00a0nhu c\u1ea7u ng\u01b0\u1eddi ti\u00eau d\u00f9ng.\u00a0T\u1eeb \u0111\u00f3 ch\u00fang t\u00f4i\u00a0th\u00e0nh l\u1eadp doanh nghi\u1ec7p v\u00e0o ng\u00e0y 20 th\u00e1ng 04 n\u0103m 2009 \u0111\u1ec3\u00a0ph\u1ee5c v\u1ee5 qu\u00fd kh\u00e1ch h\u00e0ng c\u00e1c lo\u1ea1i m\u00e1y trong l\u0129nh\u00a0v\u1ef1c c\u00f4ng c\u1ee5 d\u1ee5ng\u00a0c\u1ee5 \u0111i\u1ec7n ch\u00ednh h\u00e3ng. Ch\u00fang t\u00f4i lu\u00f4n mang \u0111\u1ebfn cho Qu\u00fd kh\u00e1ch h\u00e0ng nh\u1eefng l\u1ef1a ch\u1ecdn t\u1ed1i \u01b0u nh\u1ea5t\u00a0v\u1ec1 s\u1ea3n ph\u1ea9m, nh\u1eefng y\u00eau c\u1ea7u m\u00e0 qu\u00fd kh\u00e1ch mong mu\u1ed1n. Khi qu\u00fd kh\u00e1ch \u0111\u1ebfn v\u1edbi ch\u00fang t\u00f4i s\u1ebd\u00a0\u0111\u01b0\u1ee3c tr\u1ea3i nghi\u1ec7m s\u1ea3n ph\u1ea9m v\u00e0 s\u1ef1 ch\u0103m s\u00f3c v\u1ec1 d\u1ecbch v\u1ee5 sau b\u00e1n h\u00e0ng nh\u01b0 b\u1ea3o h\u00e0nh, b\u1ea3o tr\u00ec, s\u1eeda ch\u1eefa, \u0111\u01b0\u1ee3c ph\u1ee5c v\u1ee5 t\u1eadn t\u00ecnh v\u00e0 lu\u00f4n l\u1eafng nghe \u00fd ki\u1ebfn c\u1ee7a kh\u00e1ch h\u00e0ng \u0111\u1ec3 ng\u00e0y c\u00e0ng ho\u00e0n thi\u1ec7n h\u01a1n s\u1ef1 h\u00e0i l\u00f2ng qu\u00ed kh\u00e1ch h\u00e0ng.<\/div>\n<p><img src=\"http:\/\/xaydung4.muathemewordpress.net\/wp-content\/uploads\/2020\/04\/gioi-thieu-663-8.jpg\" alt=\"\" \/><strong>H\u1ec6 TH\u1ed0NG C\u1eecA H\u00c0NG H\u00d9NG S\u1ef8 T\u1ea0I \u0110\u00c0 N\u1eb4NG<\/strong><br \/>\n\u0110\u1ec3 \u0111\u00e1p \u1ee9ng nhu c\u1ea7u c\u1ee7a kh\u00e1ch h\u00e0ng ng\u00e0y c\u00e0ng t\u0103ng ch\u00fang t\u00f4i mong mu\u1ed1n s\u1ef1 h\u1ee3p t\u00e1c qu\u00ed kh\u00e1ch h\u00e0ng,\u00a0\u0111\u1ea1i l\u00fd v\u00e0 ng\u01b0\u1eddi d\u00f9ng v\u1edbi\u00a0c\u00e1c ch\u00ednh s\u00e1ch h\u1ed7 tr\u1ee3 cho \u0111\u1ea1i l\u00fd b\u00e1n h\u00e0ng v\u00e0 ng\u01b0\u1eddi d\u00f9ng t\u1ed1t nh\u1ea5t:<\/div>\n<div>\n<strong>\u0110\u1ecba \u0111i\u1ec3m tr\u01b0ng b\u00e0y<\/strong><\/div>\n<div><strong>CS1:<\/strong>\u00a089 Tri\u1ec7u N\u1eef V\u01b0\u01a1ng, Qu\u1eadn H\u1ea3i Ch\u00e2u, Tp. \u0110\u00e0 N\u1eb5ng<\/div>\n<ul>\n<li class=\"first-child\">\u0110i\u1ec7n tho\u1ea1i: 02363 962 629<\/li>\n<li class=\"last-child\">Email:\u00a0hungsynn@gmail.com<\/li>\n<\/ul>\n<div><strong>CS2:<\/strong>\u00a0279A L\u00ea V\u0103n Hi\u1ebfn, Q. Ng\u0169 H\u00e0nh S\u01a1n, Tp. \u0110\u00e0 N\u1eb5ng<\/div>\n<div>\n<strong>\u0110\u1ecba \u0111i\u1ec3m b\u1ea3o h\u00e0nh s\u1ea3n ph\u1ea9m<\/strong><br \/>\n<strong>CS3:\u00a0<\/strong>91 Tri\u1ec7u N\u1eef V\u01b0\u01a1ng, Qu\u1eadn H\u1ea3i Ch\u00e2u, Tp. \u0110\u00e0 N\u1eb5ng<\/div>\n<ul>\n<li class=\"first-child\">\u0110i\u1ec7n tho\u1ea1i: 02363\u00a0573 368<\/li>\n<li class=\"last-child\">Email:\u00a0hungsynn@gmail.com<\/li>\n<\/ul>\n<div><\/div>\n<div><img src=\"http:\/\/xaydung4.muathemewordpress.net\/wp-content\/uploads\/2020\/04\/gioi-thieu-663-9.jpg\" alt=\"\" \/><\/div>\n<div>\n<strong>CH\u00cdNH S\u00c1CH CHO \u0110\u1ea0I L\u00dd<\/strong><\/div>\n<ul>\n<li class=\"first-child\">H\u01b0\u1edbng d\u1eabn c\u1eadp nh\u1eadt s\u1ea3n ph\u1ea9m m\u1edbi v\u00e0 nhu c\u1ea7u th\u1ecb tr\u01b0\u1eddng c\u1ee7a t\u1eebng khu v\u1ef1c t\u1eebng \u0111\u1ea1i l\u00fd.<\/li>\n<li>Th\u1ef1c hi\u1ec7n ch\u1ebf \u0111\u1ed9 b\u1ea3o h\u00e0nh s\u1ea3n ph\u1ea9m theo ti\u00eau chu\u1ea9n nh\u00e0 s\u1ea3n xu\u1ea5t.<\/li>\n<li>Ch\u1ea5t l\u01b0\u1ee3ng, xu\u1ea5t x\u1ee9 h\u00e0ng h\u00f3a r\u00f5 r\u00e0ng.<\/li>\n<li>\u0110em l\u1ea1i hi\u1ec7u qu\u1ea3 v\u00e0 L\u1ee3i nhu\u1eadn cho \u0111\u1ea1i l\u00fd.<\/li>\n<li>\u0110em l\u1ea1i D\u1ecbch v\u1ee5 b\u00e1n h\u00e0ng v\u00e0 sau b\u00e1n h\u00e0ng s\u1ef1 h\u00e0i l\u00f2ng<\/li>\n<li class=\"last-child\">\u0110em l\u1ea1i ni\u1ec1m tin\u00a0\u2013 gi\u1eef ch\u1eef \u00a0\u201cT\u00edn\u201d v\u1edbi qu\u00fd kh\u00e1ch h\u00e0ng.<\/li>\n<\/ul>\n<div>\n<strong>NG\u01af\u1edcI TI\u00caU D\u00d9NG \u0110\u01af\u1ee2C<\/strong><\/div>\n<ul>\n<li class=\"first-child\">T\u00ecm hi\u1ec3u, t\u01b0 v\u1ea5n Th\u00f4ng tin ch\u00ednh x\u00e1c\u00a0v\u1ec1 ch\u1ea5t l\u01b0\u1ee3ng s\u1ea3n ph\u1ea9m.<\/li>\n<li>Ngu\u1ed3n g\u1ed1c xu\u1ea5t x\u1ee9 c\u1ee7a s\u1ea3n ph\u1ea9m r\u00f5 r\u00e0ng.<\/li>\n<li>Ch\u00fang t\u00f4i vinh h\u1ea1nh \u0111\u01b0\u1ee3c ph\u1ee5c v\u1ee5 qu\u00ed kh\u00e1ch v\u1edbi t\u00e2m huy\u1ebft\u00a0\u0111em \u0111\u1ebfn qu\u00ed kh\u00e1ch s\u1ef1 y\u00ean t\u00e2m khi s\u1eed d\u1ee5ng s\u1ea3n ph\u1ea9m do CTy ch\u00fang t\u00f4i cung c\u1ea5p.<\/li>\n<li>\u0110em \u0111\u1ebfn V\u1edbi d\u1ecbch v\u1ee5 ch\u0103m s\u00f3c tr\u01b0\u1edbc, trong, v\u00e0 sau b\u00e1n h\u00e0ng.<\/li>\n<li class=\"last-child\">\u0110em \u0111\u1ebfn c\u00e1c s\u1ef1 ki\u1ec7n h\u1ed5 tr\u1ee3 kh\u00e1ch h\u00e0ng di\u1ec5n\u00a0ra trong n\u0103m.<\/li>\n<\/ul>\n<div><\/div>\n<div><em>&#8221; S\u1ef1 h\u00e0i l\u00f2ng c\u1ee7a Qu\u00fd kh\u00e1ch h\u00e0ng l\u00e0 ni\u1ec1m vinh h\u1ea1nh, kh\u00edch l\u1ec7 tinh th\u1ea7n cho t\u1eadp th\u1ec3 C\u00f4ng nh\u00e2n vi\u00ean Ch\u00fang t\u00f4i n\u1ed5 l\u1ef1c t\u00edch c\u1ef1c ho\u1ea1t \u0111\u1ed9ng vun tr\u1ed3ng c\u00f4ng s\u1ee9c c\u1ee7a m\u00ecnh h\u01a1n n\u1eefa \u0111\u1ec3 qu\u00fd kh\u00e1ch h\u00e0ng tin c\u1eady, g\u1ea7n g\u0169i, v\u00e0 th\u00e2n thi\u1ec7n h\u01a1n\u00a0&#8220;<\/em>\n<\/div>\n<div><strong>TH\u00c0NH T\u1ef0U \u0110\u1ea0T \u0110\u01af\u1ee2C<\/strong><br \/>\n<img src=\"http:\/\/xaydung4.muathemewordpress.net\/wp-content\/uploads\/2020\/04\/gioi-thieu-663-10.jpg\" alt=\"\" \/><\/div>\n<div><strong><img src=\"http:\/\/xaydung4.muathemewordpress.net\/wp-content\/uploads\/2020\/04\/gioi-thieu-663-11.jpg\" alt=\"\" \/><br \/>\n\u0110\u1ed8I NG\u0168 NH\u00c2N VI\u00caN H\u00d9NG S\u1ef8\u00a0TRI \u00c2N KH\u00c1CH H\u00c0NG<\/strong><img src=\"http:\/\/xaydung4.muathemewordpress.net\/wp-content\/uploads\/2020\/04\/gioi-thieu-663-12.jpg\" alt=\"\" \/><br \/>\n<strong>H\u1ed8I CH\u1ee2 TRI\u1ec2N L\u00c3M S\u1ea2N PH\u1ea8M<\/p>\n<p><img src=\"http:\/\/xaydung4.muathemewordpress.net\/wp-content\/uploads\/2020\/04\/gioi-thieu-663-13.jpg\" alt=\"\" \/><\/p>\n<p>K\u00ednh ch\u00fac qu\u00fd kh\u00e1ch h\u00e0ng nhi\u1ec1u s\u1ee9c kh\u1ecfe, an khang th\u1ecbnh v\u01b0\u1ee3ng !<\/strong><\/div>\n<p>&nbsp;<\/p>\n","protected":false},"excerpt":{"rendered":"<p>H\u00d9NG S\u1ef8 &#8211; \u0110\u1ed2NG H\u00c0NH C\u00d9NG MAKITA, BOSCH, MAKTEC, SKIL Nh\u00e0 Ph\u00e2n ph\u1ed1i, \u0110\u1ea1i l\u00fd,\u00a0Trung t\u00e2m b\u1ea3o h\u00e0nh t\u1ea1i \u0110\u00e0 N\u1eb5ng &amp; c\u00e1c t\u1ec9nh Mi\u1ec1n trung, T\u00e2y nguy\u00ean D\u1ee5ng C\u1ee5 \u0110i\u1ec7n C\u1ea7m Tay\u00a0MAKITA &amp; MAKTEC\u00a0(NH\u1eacT) D\u1ee5ng C\u1ee5 \u0110i\u1ec7n C\u1ea7m Tay\u00a0BOSCH\u00a0 &amp; SKIL (\u0110\u1ee8C) H\u00d9NG S\u1ef8\u00a0xu\u1ea5t ph\u00e1t t\u1eeb n\u1ec1n k\u1ef9 thu\u1eadt s\u1eeda ch\u1eefa, l\u1eafp\u00a0\u0111\u1eb7t, b\u1ea3o tr\u00ec,v\u1eadn&#8230;<\/p>\n","protected":false},"author":1,"featured_media":0,"parent":0,"menu_order":0,"comment_status":"closed","ping_status":"closed","template":"page-left-sidebar.php","meta":[],"_links":{"self":[{"href":"https:\/\/webmaibinh.com\/w\/shopcokhi2011\/wp-json\/wp\/v2\/pages\/663"}],"collection":[{"href":"https:\/\/webmaibinh.com\/w\/shopcokhi2011\/wp-json\/wp\/v2\/pages"}],"about":[{"href":"https:\/\/webmaibinh.com\/w\/shopcokhi2011\/wp-json\/wp\/v2\/types\/page"}],"author":[{"embeddable":true,"href":"https:\/\/webmaibinh.com\/w\/shopcokhi2011\/wp-json\/wp\/v2\/users\/1"}],"replies":[{"embeddable":true,"href":"https:\/\/webmaibinh.com\/w\/shopcokhi2011\/wp-json\/wp\/v2\/comments?post=663"}],"version-history":[{"count":6,"href":"https:\/\/webmaibinh.com\/w\/shopcokhi2011\/wp-json\/wp\/v2\/pages\/663\/revisions"}],"predecessor-version":[{"id":1348,"href":"https:\/\/webmaibinh.com\/w\/shopcokhi2011\/wp-json\/wp\/v2\/pages\/663\/revisions\/1348"}],"wp:attachment":[{"href":"https:\/\/webmaibinh.com\/w\/shopcokhi2011\/wp-json\/wp\/v2\/media?parent=663"}],"curies":[{"name":"wp","href":"https:\/\/api.w.org\/{rel}","templated":true}]}}