{"id":386,"date":"2019-08-21T02:27:05","date_gmt":"2019-08-21T09:27:05","guid":{"rendered":"http:\/\/sango.w2steam.com\/?post_type=product&#038;p=386"},"modified":"2019-08-21T02:27:05","modified_gmt":"2019-08-21T09:27:05","slug":"bo-ban-ghe-an-trevi","status":"publish","type":"product","link":"https:\/\/webmaibinh.com\/w\/sango2011\/san-pham\/bo-ban-ghe-an-trevi\/","title":{"rendered":"B\u1ed9 b\u00e0n gh\u1ebf \u0103n Trevi"},"content":{"rendered":"<p><strong>B\u1ed9 b\u00e0n gh\u1ebf \u0103n\u00a0Trevi\u00a0<\/strong>c\u00f3 k\u00edch th\u01b0\u1edbc l\u1edbn, ph\u00f9 h\u1ee3p kh\u00f4ng gian 150 \u2013 200m2\u00a0(m\u1eb7t s\u00e0n) gi\u00fap nhi\u1ec1u th\u00e0nh vi\u00ean trong gia \u0111\u00ecnh, b\u1ea1n b\u00e8 qu\u00e2y qu\u1ea7n b\u00ean nhau. H\u01a1n th\u1ebf n\u1eefa, b\u00e0n \u0103n l\u1edbn bi\u1ec3u hi\u1ec7n cho s\u1ef1 ph\u00f3ng kho\u00e1ng, r\u1ed9ng r\u00e3i v\u00e0 gi\u00e0u sang, uy quy\u1ec1n c\u1ee7a gia ch\u1ee7.<\/p>\n<h3><strong>B\u00e0n \u0103n Trevi<\/strong><\/h3>\n<p><img loading=\"lazy\" class=\"alignnone size-full wp-image-68796 aligncenter lazyloaded lazy-load-active\" src=\"https:\/\/noithatducduong.com\/wp-content\/uploads\/2017\/05\/DSC05087a-e1532598782854.png\" alt=\"\" width=\"690\" height=\"414\" data-src=\"https:\/\/noithatducduong.com\/wp-content\/uploads\/2017\/05\/DSC05087a-e1532598782854.png\" data-lazy-src=\"https:\/\/noithatducduong.com\/wp-content\/uploads\/2017\/05\/DSC05087a-e1532598782854.png\" data-was-processed=\"true\" \/><\/p>\n<table class=\" aligncenter\">\n<tbody>\n<tr>\n<td>Th\u00f4ng s\u1ed1 k\u1ef9 thu\u1eadt<\/td>\n<td>\n<ul>\n<li>Ch\u1ea5t li\u1ec7u g\u1ed7: G\u1ed7 \u00f3c ch\u00f3 nh\u1eadp kh\u1ea9u B\u1eafc M\u1ef9<\/li>\n<li>K\u00edch th\u01b0\u1edbc: d\u00e0i 2530 x\u00a0 r\u1ed9ng 1050 x cao 750 (mm)<\/li>\n<\/ul>\n<\/td>\n<\/tr>\n<\/tbody>\n<\/table>\n<p>B\u00e0n \u0103n Trevi \u0111\u01b0\u1ee3c thi\u1ebft k\u1ebf c\u00e1c \u0111\u01b0\u1eddng n\u00e9t vu\u00f4ng v\u1eafn. \u0110\u1ed9 d\u00e0y c\u1ee7a m\u1eb7t b\u00e0n l\u1edbn k\u1ebft h\u1ee3p c\u00f9ng ph\u1ea7n ch\u00e2n h\u00ecnh v\u00e1t t\u1ea1o hi\u1ec7u \u1ee9ng th\u1ecb gi\u00e1c m\u1edbi m\u1ebb cho ph\u00f2ng \u0103n c\u1ee7a gia \u0111\u00ecnh. M\u1eb7t b\u00e0n sinh \u0111\u1ed9ng v\u1edbi h\u1ec7\u00a0v\u00e2n g\u1ed7 l\u01b0\u1ee3n s\u00f3ng uy\u1ec3n chuy\u1ec3n, c\u00f9ng m\u1ea3ng m\u00e0u socola \u0111\u1ea7y ngh\u1ec7 thu\u1eadt t\u1eeb ch\u1ea5t li\u1ec7u g\u1ed7 \u00f3c ch\u00f3.<\/p>\n<p>Qu\u00fd kh\u00e1ch c\u00f3 th\u1ec3 trang tr\u00ed b\u1eb1ng nh\u1eefng chi\u1ebfc kh\u0103n tr\u1ea3i b\u00e0n b\u1eb1ng v\u1ea3i ho\u1eb7c nh\u1ef1a m\u1ec1m \u0111\u1ec3 t\u1ea1o n\u00ean b\u1eefa \u0103n \u0111\u1eb9p m\u1eaft, ngon mi\u1ec7ng.<\/p>\n<h3><strong>GH\u1ebe \u0102N TREVI<\/strong><\/h3>\n<p><img loading=\"lazy\" class=\"alignnone wp-image-68856 aligncenter lazyloaded lazy-load-active\" src=\"https:\/\/noithatducduong.com\/wp-content\/uploads\/2017\/05\/ghe-9.jpg\" sizes=\"(max-width: 400px) 100vw, 400px\" srcset=\"https:\/\/noithatducduong.com\/wp-content\/uploads\/2017\/05\/ghe-9.jpg 690w, https:\/\/noithatducduong.com\/wp-content\/uploads\/2017\/05\/ghe-9-167x250.jpg 167w, https:\/\/noithatducduong.com\/wp-content\/uploads\/2017\/05\/ghe-9-200x300.jpg 200w\" alt=\"\" width=\"400\" height=\"600\" data-src=\"https:\/\/noithatducduong.com\/wp-content\/uploads\/2017\/05\/ghe-9.jpg\" data-srcset=\"https:\/\/noithatducduong.com\/wp-content\/uploads\/2017\/05\/ghe-9.jpg 690w, https:\/\/noithatducduong.com\/wp-content\/uploads\/2017\/05\/ghe-9-167x250.jpg 167w, https:\/\/noithatducduong.com\/wp-content\/uploads\/2017\/05\/ghe-9-200x300.jpg 200w\" data-lazy-srcset=\"https:\/\/noithatducduong.com\/wp-content\/uploads\/2017\/05\/ghe-9.jpg 690w, https:\/\/noithatducduong.com\/wp-content\/uploads\/2017\/05\/ghe-9-167x250.jpg 167w, https:\/\/noithatducduong.com\/wp-content\/uploads\/2017\/05\/ghe-9-200x300.jpg 200w\" data-lazy-sizes=\"(max-width: 400px) 100vw, 400px\" data-lazy-src=\"https:\/\/noithatducduong.com\/wp-content\/uploads\/2017\/05\/ghe-9.jpg\" data-was-processed=\"true\" \/><\/p>\n<table class=\" aligncenter\">\n<tbody>\n<tr>\n<td>Th\u00f4ng s\u1ed1 k\u1ef9 thu\u1eadt<\/td>\n<td>\n<ul>\n<li>Ch\u1ea5t li\u1ec7u g\u1ed7: G\u1ed7 \u00f3c ch\u00f3 nh\u1eadp kh\u1ea9u B\u1eafc M\u1ef9<\/li>\n<li>K\u00edch th\u01b0\u1edbc: d\u00e0i 468 x\u00a0 r\u1ed9ng 529 x cao 1050 (mm)<\/li>\n<\/ul>\n<\/td>\n<\/tr>\n<\/tbody>\n<\/table>\n<p><img loading=\"lazy\" class=\"wp-image-68855 aligncenter lazyloaded lazy-load-active\" src=\"https:\/\/noithatducduong.com\/wp-content\/uploads\/2017\/05\/ghe-8.jpg\" sizes=\"(max-width: 400px) 100vw, 400px\" srcset=\"https:\/\/noithatducduong.com\/wp-content\/uploads\/2017\/05\/ghe-8.jpg 690w, https:\/\/noithatducduong.com\/wp-content\/uploads\/2017\/05\/ghe-8-178x250.jpg 178w, https:\/\/noithatducduong.com\/wp-content\/uploads\/2017\/05\/ghe-8-213x300.jpg 213w\" alt=\"\" width=\"400\" height=\"563\" data-src=\"https:\/\/noithatducduong.com\/wp-content\/uploads\/2017\/05\/ghe-8.jpg\" data-srcset=\"https:\/\/noithatducduong.com\/wp-content\/uploads\/2017\/05\/ghe-8.jpg 690w, https:\/\/noithatducduong.com\/wp-content\/uploads\/2017\/05\/ghe-8-178x250.jpg 178w, https:\/\/noithatducduong.com\/wp-content\/uploads\/2017\/05\/ghe-8-213x300.jpg 213w\" data-lazy-srcset=\"https:\/\/noithatducduong.com\/wp-content\/uploads\/2017\/05\/ghe-8.jpg 690w, https:\/\/noithatducduong.com\/wp-content\/uploads\/2017\/05\/ghe-8-178x250.jpg 178w, https:\/\/noithatducduong.com\/wp-content\/uploads\/2017\/05\/ghe-8-213x300.jpg 213w\" data-lazy-sizes=\"(max-width: 400px) 100vw, 400px\" data-lazy-src=\"https:\/\/noithatducduong.com\/wp-content\/uploads\/2017\/05\/ghe-8.jpg\" data-was-processed=\"true\" \/><\/p>\n<p>\u01afu \u0111i\u1ec3m c\u1ee7a b\u00e0n l\u00e0 k\u00edch th\u01b0\u1edbc l\u1edbn\u00a0n\u00ean c\u00f3 th\u1ec3 k\u1ebft h\u1ee3p \u0111\u01b0\u1ee3c 8-10 gh\u1ebf. Gh\u1ebf \u0103n Trevi \u0111\u01b0\u1ee3c thi\u1ebft k\u1ebf ph\u1ea7n d\u1ef1a l\u01b0ng cao, ph\u00eda sau l\u01b0\u1ee3n cong ngh\u1ec7 thu\u1eadt, t\u1ea1o c\u1ea3m gi\u00e1c tho\u1ea3i m\u00e1i nh\u1ea5t cho ng\u01b0\u1eddi d\u00f9ng khi ng\u1ed3i th\u01b0\u1edfng th\u1ee9c c\u00e1c m\u00f3n \u0103n. Gi\u1eefa ph\u1ea7n d\u1ef1a l\u01b0ng gh\u1ebf t\u1ea1o \u00f4 tho\u00e1ng gi\u00fap c\u1ea3 b\u1ed9 b\u00e0n gh\u1ebf thanh tho\u00e1t, kh\u00f4ng b\u1ecb n\u1eb7ng n\u1ec1.<\/p>\n","protected":false},"excerpt":{"rendered":"<ul>\n<li><span class=\"label\">M\u00e3 s\u1ea3n ph\u1ea9m:<\/span>\u00a0<span class=\"value\">BAN\/001<\/span><\/li>\n<li><span class=\"label\">K\u00edch th\u01b0\u1edbc:<\/span>\u00a0<span class=\"value\">2530 x 1050 x 750<\/span><\/li>\n<li><span class=\"label\">Ch\u1ea5t li\u1ec7u:<\/span>\u00a0<span class=\"value\">G\u1ed7 \u00f3c ch\u00f3 t\u1ef1 nhi\u00ean<\/span><\/li>\n<li><span class=\"label\">Nh\u00e0 s\u1ea3n xu\u1ea5t:<\/span><\/li>\n<li><span class=\"label\">B\u1ea3o h\u00e0nh:<\/span>\u00a0<span class=\"value\">12 th\u00e1ng<\/span><\/li>\n<li><span class=\"label\">T\u00ecnh tr\u1ea1ng:<\/span>\u00a0<span class=\"value\">C\u00f2n h\u00e0ng<\/span><\/li>\n<li><span class=\"label\">S\u1ed1 l\u01b0\u1ee3ng<\/span>\u00a0<span class=\"value\">Theo y\u00eau c\u1ea7u<\/span><\/li>\n<li><span class=\"label\">Gi\u00e1:<\/span>\u00a0<span class=\"value gia-tien\">0 \u0111<\/span><\/li>\n<\/ul>\n","protected":false},"featured_media":388,"comment_status":"open","ping_status":"closed","template":"","meta":[],"_links":{"self":[{"href":"https:\/\/webmaibinh.com\/w\/sango2011\/wp-json\/wp\/v2\/product\/386"}],"collection":[{"href":"https:\/\/webmaibinh.com\/w\/sango2011\/wp-json\/wp\/v2\/product"}],"about":[{"href":"https:\/\/webmaibinh.com\/w\/sango2011\/wp-json\/wp\/v2\/types\/product"}],"replies":[{"embeddable":true,"href":"https:\/\/webmaibinh.com\/w\/sango2011\/wp-json\/wp\/v2\/comments?post=386"}],"wp:featuredmedia":[{"embeddable":true,"href":"https:\/\/webmaibinh.com\/w\/sango2011\/wp-json\/wp\/v2\/media\/388"}],"wp:attachment":[{"href":"https:\/\/webmaibinh.com\/w\/sango2011\/wp-json\/wp\/v2\/media?parent=386"}],"curies":[{"name":"wp","href":"https:\/\/api.w.org\/{rel}","templated":true}]}}