{"id":382,"date":"2019-08-21T02:24:43","date_gmt":"2019-08-21T09:24:43","guid":{"rendered":"http:\/\/sango.w2steam.com\/?post_type=product&#038;p=382"},"modified":"2019-08-21T02:24:43","modified_gmt":"2019-08-21T09:24:43","slug":"cot-nha-go","status":"publish","type":"product","link":"https:\/\/webmaibinh.com\/w\/sango2011\/san-pham\/cot-nha-go\/","title":{"rendered":"C\u1ed9t nh\u00e0 g\u1ed7"},"content":{"rendered":"","protected":false},"excerpt":{"rendered":"<ul>\n<li>Xu\u1ea5t x\u1ee9: Vi\u1ec7t Nam\/ L\u00e0o<\/li>\n<li>G\u1ed7: G\u1ed7 lim, g\u1ed7 xoan \u0111\u00e0o<\/li>\n<li>Ch\u1ea5t l\u01b0\u1ee3ng: G\u1ed7 kh\u00f4, \u0111\u00e3 s\u01a1 ch\u1ebf<\/li>\n<\/ul>\n","protected":false},"featured_media":383,"comment_status":"open","ping_status":"closed","template":"","meta":[],"_links":{"self":[{"href":"https:\/\/webmaibinh.com\/w\/sango2011\/wp-json\/wp\/v2\/product\/382"}],"collection":[{"href":"https:\/\/webmaibinh.com\/w\/sango2011\/wp-json\/wp\/v2\/product"}],"about":[{"href":"https:\/\/webmaibinh.com\/w\/sango2011\/wp-json\/wp\/v2\/types\/product"}],"replies":[{"embeddable":true,"href":"https:\/\/webmaibinh.com\/w\/sango2011\/wp-json\/wp\/v2\/comments?post=382"}],"wp:featuredmedia":[{"embeddable":true,"href":"https:\/\/webmaibinh.com\/w\/sango2011\/wp-json\/wp\/v2\/media\/383"}],"wp:attachment":[{"href":"https:\/\/webmaibinh.com\/w\/sango2011\/wp-json\/wp\/v2\/media?parent=382"}],"curies":[{"name":"wp","href":"https:\/\/api.w.org\/{rel}","templated":true}]}}