{"id":342,"date":"2019-08-21T02:13:14","date_gmt":"2019-08-21T09:13:14","guid":{"rendered":"http:\/\/sango.w2steam.com\/?post_type=product&#038;p=342"},"modified":"2019-08-21T02:13:14","modified_gmt":"2019-08-21T09:13:14","slug":"san-go-go-do-chau-phi-600-000d-m2","status":"publish","type":"product","link":"https:\/\/webmaibinh.com\/w\/sango2011\/san-pham\/san-go-go-do-chau-phi-600-000d-m2\/","title":{"rendered":"S\u00e0n G\u1ed7 g\u00f5 \u0111\u1ecf Ch\u00e2u Phi (600.000\u0111\/m2)"},"content":{"rendered":"<div id=\"toc_container\" class=\"toc_white no_bullets\"><p class=\"toc_title\">N\u1ed9i dung ch&iacute;nh<\/p><ul class=\"toc_list\"><li><a href=\"#Thong_tin_san_go_Go_Do_Nam_Phi\"><span class=\"toc_number toc_depth_1\">1<\/span> Th\u00f4ng tin s\u00e0n g\u1ed7 G\u00f5 \u0110\u1ecf Nam Phi<\/a><ul><li><a href=\"#Quy_cach_kich_thuoc_cua_san_Go_Do\"><span class=\"toc_number toc_depth_2\">1.1<\/span> Quy c\u00e1ch k\u00edch th\u01b0\u1edbc c\u1ee7a s\u00e0n G\u00f5 \u0110\u1ecf:<\/a><ul><li><a href=\"#Loai_thong_dung_voi_kich_thuoc\"><span class=\"toc_number toc_depth_3\">1.1.1<\/span> Lo\u1ea1i th\u00f4ng d\u1ee5ng v\u1edbi k\u00edch th\u01b0\u1edbc<\/a><\/li><li><a href=\"#Loai_san_go_do_Nam_Phi_cao_cap\"><span class=\"toc_number toc_depth_3\">1.1.2<\/span> Lo\u1ea1i s\u00e0n g\u00f5 \u0111\u1ecf Nam Phi cao c\u1ea5p<\/a><\/li><\/ul><\/li><\/ul><\/li><\/ul><\/div>\n<h2><span id=\"Thong_tin_san_go_Go_Do_Nam_Phi\">Th\u00f4ng tin s\u00e0n g\u1ed7 G\u00f5 \u0110\u1ecf Nam Phi<\/span><\/h2>\n<ul>\n<li>K\u1ebft C\u1ea5u: g\u1ed7 G\u00f5 \u0110\u1ecf solid nguy\u00ean kh\u1ed1i \u0111\u1ed3ng nh\u1ea5t<\/li>\n<li>Xu\u1ea5t x\u1ee9 g\u1ed7 : G\u00f5 \u0111\u1ecf Nam Phi<\/li>\n<li>\u0110\u1ed9 \u1ea9m ti\u00eau chu\u1ea9n \u0111\u1ea1t: 9- 12 %<\/li>\n<li>\u0110\u1ed9 \u0111\u00f4ng \u0111\u1ec1u m\u00e0u s\u00e0n g\u1ed7 t\u1eeb 92- 95 %<\/li>\n<\/ul>\n<p>S\u00e0n g\u1ed7 G\u00f5 \u0110\u1ecf \u0111\u01b0\u1ee3c s\u01a1n ph\u1ee7 m\u1ed9t l\u1edbp s\u01a1n PU m\u1ecfng c\u00f3 t\u00e1c d\u1ee5ng l\u00e0m n\u1ed5i v\u00e2n c\u1ee7a g\u1ed7 G\u00f5 \u0110\u1ecf. M\u1eb7t tr\u01b0\u1edbc v\u00e0 m\u1eb7t sau \u0111\u01b0\u1ee3c s\u01a1n ph\u1ee7 06 l\u1edbp UV \u0111\u1ec3 ch\u1ed1ng tr\u1ea7y s\u01b0\u1edbc v\u00e0 t\u1ea1o \u0111\u1ed9 b\u00f3ng cho s\u00e0n g\u1ed7 G\u00f5 \u0110\u1ecf<\/p>\n<h3><span id=\"Quy_cach_kich_thuoc_cua_san_Go_Do\">Quy c\u00e1ch k\u00edch th\u01b0\u1edbc c\u1ee7a s\u00e0n G\u00f5 \u0110\u1ecf:<\/span><\/h3>\n<h4><span id=\"Loai_thong_dung_voi_kich_thuoc\">Lo\u1ea1i th\u00f4ng d\u1ee5ng v\u1edbi k\u00edch th\u01b0\u1edbc<\/span><\/h4>\n<ul>\n<li>Chi\u1ec1u r\u1ed9ng: 90 (mm)<\/li>\n<li>Chi\u1ec1u d\u00e0y: 15 (mm)<\/li>\n<li>Chi\u1ec1u d\u00e0i: 450 \u2013 600 \u2013 750 \u2013 900 -1050 \u2013 1200 (mm)<\/li>\n<\/ul>\n<h4><span id=\"Loai_san_go_do_Nam_Phi_cao_cap\">Lo\u1ea1i s\u00e0n g\u00f5 \u0111\u1ecf Nam Phi cao c\u1ea5p<\/span><\/h4>\n<ul>\n<li>Chi\u1ec1u d\u00e0y : 18 \u2013 20 \u2013 25 (mm)<\/li>\n<li>Chi\u1ec1u r\u1ed9ng : 105 \u2013 120 \u2013 130\u00a0 (mm)<\/li>\n<li>Chi\u1ec1u d\u00e0i:\u00a0 750 \u2013\u00a0 900 \u2013 1200 \u2013 1500 \u2013 1820 (mm)<\/li>\n<\/ul>\n","protected":false},"excerpt":{"rendered":"<ul>\n<li>K\u00edch th\u01b0\u1edbc: 15 x 60 x 600mm (D\u00e0y x R\u1ed9ng x D\u00e0i)<\/li>\n<li>\u0110\u1ed9 \u1ea9m t\u1eeb 10 \u0111\u1ebfn 12%<\/li>\n<li>C\u1ea1nh ph\u1ee7 s\u00e1p n\u1ebfn ch\u1ed1ng \u1ea9m<\/li>\n<li>S\u01a1n UV 8 l\u1edbp ho\u00e0n thi\u1ec7n<\/li>\n<li>Kh\u1ea3 n\u0103ng ch\u1ecbu m\u00e0i m\u00f2n, ch\u1ed1ng tr\u1ea7y x\u01b0\u1edbc b\u1ec1 m\u1eb7t, ch\u1ed1ng cong v\u00eanh<\/li>\n<\/ul>\n","protected":false},"featured_media":343,"comment_status":"open","ping_status":"closed","template":"","meta":[],"_links":{"self":[{"href":"https:\/\/webmaibinh.com\/w\/sango2011\/wp-json\/wp\/v2\/product\/342"}],"collection":[{"href":"https:\/\/webmaibinh.com\/w\/sango2011\/wp-json\/wp\/v2\/product"}],"about":[{"href":"https:\/\/webmaibinh.com\/w\/sango2011\/wp-json\/wp\/v2\/types\/product"}],"replies":[{"embeddable":true,"href":"https:\/\/webmaibinh.com\/w\/sango2011\/wp-json\/wp\/v2\/comments?post=342"}],"wp:featuredmedia":[{"embeddable":true,"href":"https:\/\/webmaibinh.com\/w\/sango2011\/wp-json\/wp\/v2\/media\/343"}],"wp:attachment":[{"href":"https:\/\/webmaibinh.com\/w\/sango2011\/wp-json\/wp\/v2\/media?parent=342"}],"curies":[{"name":"wp","href":"https:\/\/api.w.org\/{rel}","templated":true}]}}