{"id":327,"date":"2019-08-21T02:03:43","date_gmt":"2019-08-21T09:03:43","guid":{"rendered":"http:\/\/sango.w2steam.com\/?post_type=product&#038;p=327"},"modified":"2019-08-21T02:03:43","modified_gmt":"2019-08-21T09:03:43","slug":"san-go-go-do-chau-phi-phachyloba","status":"publish","type":"product","link":"https:\/\/webmaibinh.com\/w\/sango2011\/san-pham\/san-go-go-do-chau-phi-phachyloba\/","title":{"rendered":"S\u00e0n g\u1ed7 G\u1ed7 \u0111\u1ecf Ch\u00e2u Phi (PHACHYLOBA)"},"content":{"rendered":"<p>G\u1ed7 G\u00f5 \u0110\u1ecf l\u00e0 G\u1ed7 kh\u00e1 n\u1eb7ng, c\u1ee9ng b\u1ec1n, th\u1edb m\u1ecbn, kh\u00f4ng m\u1ed1i m\u1ecdt \u00edt b\u1ecb \u1ea3nh h\u01b0\u1edfng c\u1ee7a th\u1eddi ti\u1ebft, d\u1ec5 gia c\u00f4ng, ch\u1ecbu \u0111\u01b0\u1ee3c m\u01b0a n\u1eafng, \u0111\u00e1nh b\u00f3ng r\u1ea5t \u0111\u1eb9p, d\u00f9ng \u0111\u00f3ng \u0111\u1ed3, trang tr\u00ed n\u1ed9i th\u1ea5t, ch\u1ea1m tr\u1ed7. Nh\u1ea5t l\u00e0 c\u00e1c u g\u1ed7 tr\u00ean th\u00e2n c\u00f3 v\u00e2n xo\u00e1y r\u1ea5t \u0111\u1eb9p, l\u00e0m g\u1ed7 m\u1ef9 ngh\u1ec7, l\u00e0m s\u00e0n nh\u00e0, \u0111\u00f3ng b\u00e0n gh\u1ebf, gi\u01b0\u1eddng t\u1ee7, \u0111\u1ed3 ch\u1ea1m tr\u1ed5 cao c\u1ea5p kh\u00e1c \u2026.<\/p>\n<p><img loading=\"lazy\" class=\"aligncenter size-full wp-image-269\" src=\"https:\/\/sangosht.vn\/wp-content\/uploads\/2019\/05\/Go-d%E1%BB%8F-ch%C3%A2u-phi.jpg\" sizes=\"(max-width: 411px) 100vw, 411px\" srcset=\"https:\/\/sangosht.vn\/wp-content\/uploads\/2019\/05\/Go-d\u1ecf-ch\u00e2u-phi.jpg 411w, https:\/\/sangosht.vn\/wp-content\/uploads\/2019\/05\/Go-d\u1ecf-ch\u00e2u-phi-287x300.jpg 287w\" alt=\"\" width=\"411\" height=\"429\" \/><\/p>\n","protected":false},"excerpt":{"rendered":"<ul>\n<li>K\u00edch th\u01b0\u1edbc: 15;18 x 60;90;120 x 600;750;900;1200;1500<\/li>\n<li>Big size: 15:18 x 150; 180 x 1500;1800 (D\u00e0y x R\u1ed9ng x D\u00e0i)<\/li>\n<li>\u0110\u1ed9 \u1ea9m t\u1eeb 10 \u0111\u1ebfn 12%<\/li>\n<li>C\u1ea1nh ph\u1ee7 s\u00e1p n\u1ebfn ch\u1ed1ng \u1ea9m<\/li>\n<li>S\u01a1n UV 8 l\u1edbp ho\u00e0n thi\u1ec7n<\/li>\n<li>Kh\u1ea3 n\u0103ng ch\u1ecbu m\u00e0i m\u00f2n, ch\u1ed1ng tr\u1ea7y x\u01b0\u1edbc b\u1ec1 m\u1eb7t, ch\u1ed1ng cong v\u00eanh<\/li>\n<\/ul>\n","protected":false},"featured_media":329,"comment_status":"open","ping_status":"closed","template":"","meta":[],"_links":{"self":[{"href":"https:\/\/webmaibinh.com\/w\/sango2011\/wp-json\/wp\/v2\/product\/327"}],"collection":[{"href":"https:\/\/webmaibinh.com\/w\/sango2011\/wp-json\/wp\/v2\/product"}],"about":[{"href":"https:\/\/webmaibinh.com\/w\/sango2011\/wp-json\/wp\/v2\/types\/product"}],"replies":[{"embeddable":true,"href":"https:\/\/webmaibinh.com\/w\/sango2011\/wp-json\/wp\/v2\/comments?post=327"}],"wp:featuredmedia":[{"embeddable":true,"href":"https:\/\/webmaibinh.com\/w\/sango2011\/wp-json\/wp\/v2\/media\/329"}],"wp:attachment":[{"href":"https:\/\/webmaibinh.com\/w\/sango2011\/wp-json\/wp\/v2\/media?parent=327"}],"curies":[{"name":"wp","href":"https:\/\/api.w.org\/{rel}","templated":true}]}}