{"id":315,"date":"2019-08-21T00:00:28","date_gmt":"2019-08-21T07:00:28","guid":{"rendered":"http:\/\/sango.w2steam.com\/?post_type=product&#038;p=315"},"modified":"2019-08-21T00:00:28","modified_gmt":"2019-08-21T07:00:28","slug":"san-go-bach-xanh-nam-my","status":"publish","type":"product","link":"https:\/\/webmaibinh.com\/w\/sango2011\/san-pham\/san-go-bach-xanh-nam-my\/","title":{"rendered":"S\u00e0n g\u1ed7 B\u00e1ch xanh Nam M\u1ef9"},"content":{"rendered":"<p>C\u00e2y b\u00e1ch xanh\u00a0cho ch\u1ea5t l\u01b0\u1ee3ng g\u1ed7 t\u1ed1t \u0111\u01b0\u1ee3c s\u1eed d\u1ee5ng \u0111\u1ec3 x\u00e2y d\u1ef1ng nh\u00e0 c\u1eeda, \u0111\u00f3ng \u0111\u1ed3 g\u1ed7 cao c\u1ea5p, ti\u1ec7n \u0111\u1ed3 m\u1ef9 ngh\u1ec7 v\u00e0 l\u00e0m \u0111\u1ed3 d\u00f9ng v\u0103n ph\u00f2ng. Do g\u1ed7 c\u00f3 m\u00f9i th\u01a1m d\u1ecbu n\u00ean c\u00f2n \u0111\u01b0\u1ee3c d\u00f9ng l\u00e0m b\u1ed9t h\u01b0\u01a1ng. Ngo\u00e0i ra c\u00e2y c\u00f3 d\u00e1ng \u0111\u1eb9p, c\u00f3 th\u1ec3 tr\u1ed3ng l\u00e0m c\u1ea3nh.<\/p>\n<p><img loading=\"lazy\" class=\"aligncenter size-full wp-image-242\" src=\"https:\/\/sangosht.vn\/wp-content\/uploads\/2019\/05\/Bach-xanh-1.jpg\" sizes=\"(max-width: 386px) 100vw, 386px\" srcset=\"https:\/\/sangosht.vn\/wp-content\/uploads\/2019\/05\/Bach-xanh-1.jpg 386w, https:\/\/sangosht.vn\/wp-content\/uploads\/2019\/05\/Bach-xanh-1-300x117.jpg 300w\" alt=\"\" width=\"386\" height=\"150\" \/><\/p>\n","protected":false},"excerpt":{"rendered":"<ul>\n<li>K\u00edch th\u01b0\u1edbc: 15;18 x 60;90;120 x 600;750;900;1200;1500<\/li>\n<li>Big size: 15:18 x 150; 180 x 1500;1800 (D\u00e0y x R\u1ed9ng x D\u00e0i)<\/li>\n<li>\u0110\u1ed9 \u1ea9m t\u1eeb 10 \u0111\u1ebfn 12%<\/li>\n<li>C\u1ea1nh ph\u1ee7 s\u00e1p n\u1ebfn ch\u1ed1ng \u1ea9m<\/li>\n<li>S\u01a1n UV 8 l\u1edbp ho\u00e0n thi\u1ec7n<\/li>\n<li>Kh\u1ea3 n\u0103ng ch\u1ecbu m\u00e0i m\u00f2n, ch\u1ed1ng tr\u1ea7y x\u01b0\u1edbc b\u1ec1 m\u1eb7t, ch\u1ed1ng cong v\u00eanh<\/li>\n<\/ul>\n","protected":false},"featured_media":318,"comment_status":"open","ping_status":"closed","template":"","meta":[],"_links":{"self":[{"href":"https:\/\/webmaibinh.com\/w\/sango2011\/wp-json\/wp\/v2\/product\/315"}],"collection":[{"href":"https:\/\/webmaibinh.com\/w\/sango2011\/wp-json\/wp\/v2\/product"}],"about":[{"href":"https:\/\/webmaibinh.com\/w\/sango2011\/wp-json\/wp\/v2\/types\/product"}],"replies":[{"embeddable":true,"href":"https:\/\/webmaibinh.com\/w\/sango2011\/wp-json\/wp\/v2\/comments?post=315"}],"wp:featuredmedia":[{"embeddable":true,"href":"https:\/\/webmaibinh.com\/w\/sango2011\/wp-json\/wp\/v2\/media\/318"}],"wp:attachment":[{"href":"https:\/\/webmaibinh.com\/w\/sango2011\/wp-json\/wp\/v2\/media?parent=315"}],"curies":[{"name":"wp","href":"https:\/\/api.w.org\/{rel}","templated":true}]}}