{"id":32,"date":"2019-08-20T19:45:11","date_gmt":"2019-08-21T02:45:11","guid":{"rendered":"http:\/\/sango.w2steam.com\/?page_id=32"},"modified":"2019-08-21T05:47:27","modified_gmt":"2019-08-21T12:47:27","slug":"gioi-thieu","status":"publish","type":"page","link":"https:\/\/webmaibinh.com\/w\/sango2011\/gioi-thieu\/","title":{"rendered":"Gi\u1edbi thi\u1ec7u"},"content":{"rendered":"<p><img loading=\"lazy\" class=\"aligncenter wp-image-596 size-full\" src=\"http:\/\/sango.w2steam.com\/wp-content\/uploads\/2019\/08\/a-1024x161.png\" alt=\"\" width=\"1024\" height=\"161\" srcset=\"https:\/\/webmaibinh.com\/w\/sango2011\/wp-content\/uploads\/2019\/08\/a-1024x161.png 1024w, https:\/\/webmaibinh.com\/w\/sango2011\/wp-content\/uploads\/2019\/08\/a-1024x161-510x80.png 510w, https:\/\/webmaibinh.com\/w\/sango2011\/wp-content\/uploads\/2019\/08\/a-1024x161-300x47.png 300w, https:\/\/webmaibinh.com\/w\/sango2011\/wp-content\/uploads\/2019\/08\/a-1024x161-768x121.png 768w\" sizes=\"(max-width: 1024px) 100vw, 1024px\" \/><\/p>\n<p><strong><em>V\u1ec1 ch\u00fang t\u00f4i\u00a0<\/em><\/strong>SHT l\u00e0 nh\u00e0 cung c\u1ea5p v\u00e1n s\u00e0n g\u1ed7 v\u00e0 g\u1ed7 h\u1ed9p t\u1ef1 nhi\u00ean cao c\u1ea5p, v\u1edbi ngu\u1ed3n s\u1ea3n ph\u1ea9m \u0111\u01b0\u1ee3c khai th\u00e1c, s\u01a1 ch\u1ebf v\u00e0 nh\u1eadp kh\u1ea9u tr\u1ef1c ti\u1ebfp t\u1eeb ch\u00e2u Phi v\u00e0 Nam M\u1ef9.\u00a0<strong><em>M\u1ee5c ti\u00eau\u00a0<\/em><\/strong>Nhi\u1ec7m v\u1ee5 c\u1ee7a ch\u00fang t\u00f4i l\u00e0 t\u1ea1o ra c\u00e1c s\u1ea3n ph\u1ea9m \u0111\u00e1p \u1ee9ng ti\u00eau ch\u00ed Ch\u1ea5t l\u01b0\u1ee3ng \u2013 Nhanh ch\u00f3ng \u2013 Ph\u00f9 h\u1ee3p, \u0111em l\u1ea1i s\u1ef1 h\u00e0i l\u00f2ng cao nh\u1ea5t cho kh\u00e1ch h\u00e0ng.\u00a0<strong><em>Gi\u00e1 tr\u1ecb c\u1ed1t l\u00f5i\u00a0<\/em><\/strong>S\u1ea3n ph\u1ea9m c\u1ee7a SHT \u0111\u01b0\u1ee3c kh\u00e1ch h\u00e0ng tin t\u01b0\u1edfng ch\u1ecdn l\u1ef1a nh\u1edd 3 gi\u00e1 tr\u1ecb:<\/p>\n<ul>\n<li>Ngu\u1ed3n g\u1ed7 t\u1ef1 nhi\u00ean cao c\u1ea5p, \u0111\u01b0\u1ee3c khai th\u00e1c, s\u01a1 ch\u1ebf v\u00e0 nh\u1eadp kh\u1ea9u tr\u1ef1c ti\u1ebfp t\u1eeb ch\u00e2u Phi v\u00e0 Nam M\u1ef9.<\/li>\n<li>Ch\u1ee7ng lo\u1ea1i s\u1ea3n ph\u1ea9m \u0111a d\u1ea1ng, trong \u0111\u00f3 c\u00f3 nhi\u1ec1u lo\u1ea1i g\u1ed7 \u0111\u1eb7c bi\u1ec7t qu\u00fd hi\u1ebfm nh\u01b0 Nam \u0111u\u00f4i c\u00f4ng, C\u1ea9m Lai, Mun S\u1eebng, B\u00e1ch Xanh.<\/li>\n<li>C\u00f4ng ngh\u1ec7 ch\u1ebf bi\u1ebfn v\u00e0 x\u1eed l\u00ed g\u1ed7 hi\u1ec7n \u0111\u1ea1i nh\u1eadp kh\u1ea9u t\u1eeb C\u1ed9ng ho\u00e0 li\u00ean bang \u0110\u1ee9c.<\/li>\n<\/ul>\n<p><strong><em>L\u1ecbch s\u1eed h\u00ecnh th\u00e0nh v\u00e0 ph\u00e1t tri\u1ec3n<\/em><\/strong><\/p>\n<ul>\n<li>N\u0103m 2005, gi\u00e1m \u0111\u1ed1c C\u00f4ng ty S\u01a1n H\u1ea3i t\u1edbi Cameroon (ch\u00e2u Phi), l\u00e0 m\u1ed9t trong hai doanh nh\u00e2n Vi\u1ec7t \u0111\u1ea7u ti\u00ean \u0111\u1ea7u t\u01b0 khai th\u00e1c v\u00e0 nh\u1eadp kh\u1ea9u g\u1ed7 v\u1ec1 Vi\u1ec7t Nam, \u0111\u1eb7c bi\u1ec7t l\u00e0 c\u00e1c ch\u1ee7ng lo\u1ea1i g\u1ed7 qu\u00fd hi\u1ebfm c\u1ee7a ch\u00e2u Phi nh\u01b0 Wenwen (Nam \u0111u\u00f4i c\u00f4ng), Bubinga (C\u1ea9m Lai), EBen (Mun S\u1eebng).<\/li>\n<li>Ng\u00e0y 19\/05\/2008, c\u00f4ng ty S\u01a1n H\u1ea3i \u0111\u01b0\u1ee3c th\u00e0nh l\u1eadp.<\/li>\n<li>N\u0103m 2010, c\u00f4ng ty S\u01a1n H\u1ea3i Exim \u0111\u01b0\u1ee3c th\u00e0nh l\u1eadp, ch\u00ednh th\u1ee9c \u0111\u1ea7u t\u01b0 x\u00e2y d\u1ef1ng x\u01b0\u1edfng s\u01a1 ch\u1ebf g\u1ed7 t\u1ea1i Cameroon, xu\u1ea5t kh\u1ea9u v\u1ec1 Vi\u1ec7t Nam.<\/li>\n<li>N\u0103m 2015, c\u00f4ng ty S\u01a1n H\u1ea3i Exim \u0111\u1eb7t tr\u1ee5 s\u1edf t\u1ea1i th\u00e0nh ph\u1ed1 Douala(Cameroon) v\u00e0 s\u1edf h\u1eefu 3 x\u01b0\u1edfng ch\u1ebf bi\u1ebfn g\u1ed7 t\u1ea1i qu\u1ed1c gia n\u00e0y. H\u1eb1ng th\u00e1ng, c\u00f3 t\u1eeb 80 \u0111\u1ebfn h\u01a1n 100 container g\u1ed7 \u0111\u01b0\u1ee3c x\u1ebb h\u1ed9p v\u00e0 \u0111\u01b0a v\u1ec1 Vi\u1ec7t Nam.<\/li>\n<li>\u0110\u1ea7u n\u0103m 2016, \u0111\u1ec3 \u0111\u00e1p \u1ee9ng nhu c\u1ea7u ng\u00e0y c\u00e0ng cao v\u1ec1 c\u00e1c lo\u1ea1i g\u1ed7 qu\u00fd hi\u1ebfm, h\u00ecnh th\u1ee9c \u0111\u1eb9p, ch\u1ea5t l\u01b0\u1ee3ng v\u01b0\u1ee3t tr\u1ed9i c\u1ee7a th\u1ecb tr\u01b0\u1eddng Vi\u1ec7t Nam v\u00e0 khu v\u1ef1c \u0110\u00f4ng Nam \u00c1, c\u00f4ng ty \u0111\u00e3 li\u00ean t\u1ee5c t\u00ecm t\u00f2i ngu\u1ed3n t\u00e0i nguy\u00ean m\u1edbi t\u1eeb c\u00e1c n\u01b0\u1edbc Nam M\u1ef9 nh\u01b0 Braxin, Paraguay, Bolivia\u2026<\/li>\n<li>N\u0103m 2018, c\u00f4ng ty nghi\u00ean c\u1ee9u th\u00e0nh c\u00f4ng v\u00e0 nh\u1eadp kh\u1ea9u v\u1ec1 Vi\u1ec7t Nam m\u1ed9t s\u1ed1 ch\u1ee7ng lo\u1ea1i g\u1ed7 qu\u00fd hi\u1ebfm nh\u01b0 Mun, C\u1ea9m Lai, B\u00e1ch Xanh, G\u00f5 \u0110\u1ecf. \u0110\u00e2y l\u00e0 nh\u1eefng lo\u1ea1i g\u1ed7 c\u00f3 ch\u1ea5t l\u01b0\u1ee3ng t\u1ed1t, h\u00ecnh th\u1ee9c \u0111\u1eb9p, c\u00f3 th\u1ec3 s\u00e1nh ngang v\u1edbi g\u1ed7 t\u1eeb c\u00e1c n\u01b0\u1edbc \u0110\u00f4ng Nam \u00c1 nh\u01b0 Vi\u1ec7t Nam, L\u00e0o, Campuchia. Cho \u0111\u1ebfn nay, c\u00f4ng ty t\u1ef1 h\u00e0o l\u00e0 doanh nghi\u1ec7p Vi\u1ec7t Nam ti\u00ean phong \u0111\u01b0a ra th\u1ecb tr\u01b0\u1eddng 3 lo\u1ea1i g\u1ed7 Mun, C\u1ea9m Lai v\u00e0 B\u00e1ch Xanh n\u00e0y.<\/li>\n<li>N\u0103m 2019, th\u01b0\u01a1ng hi\u1ec7u SHT ra \u0111\u1eddi, ph\u1ee5c v\u1ee5 chuy\u00ean s\u00e2u s\u1ea3n ph\u1ea9m s\u00e0n g\u1ed7 t\u1ef1 nhi\u00ean cao c\u1ea5p, \u0111\u00e1p \u1ee9ng nhu c\u1ea7u ng\u00e0y c\u00e0ng cao \u0111\u1ed1i v\u1edbi v\u00e1n s\u00e0n g\u1ed7 t\u1ef1 nhi\u00ean tr\u00ean th\u1ecb tr\u01b0\u1eddng. V\u1edbi l\u1ee3i th\u1ebf s\u1eb5n c\u00f3 v\u1ec1 nguy\u00ean li\u1ec7u g\u1ed7 th\u00e0nh ph\u1ea9m, ch\u00fang t\u00f4i \u0111\u00e3 \u0111\u1ea7u t\u01b0 d\u00e2y chuy\u1ec1n c\u00f4ng ngh\u1ec7, m\u00e1y m\u00f3c thi\u1ebft b\u1ecb hi\u1ec7n \u0111\u1ea1i c\u1ee7a C\u1ed9ng ho\u00e0 Li\u00ean bang \u0110\u1ee9c, \u0111em \u0111\u1ebfn nh\u1eefng s\u1ea3n ph\u1ea9m c\u00f3 ch\u1ea5t l\u01b0\u1ee3ng qu\u1ed1c t\u1ebf t\u1edbi kh\u00e1ch h\u00e0ng.<\/li>\n<\/ul>\n","protected":false},"excerpt":{"rendered":"<p>V\u1ec1 ch\u00fang t\u00f4i\u00a0SHT l\u00e0 nh\u00e0 cung c\u1ea5p v\u00e1n s\u00e0n g\u1ed7 v\u00e0 g\u1ed7 h\u1ed9p t\u1ef1 nhi\u00ean cao c\u1ea5p, v\u1edbi ngu\u1ed3n s\u1ea3n ph\u1ea9m \u0111\u01b0\u1ee3c khai th\u00e1c, s\u01a1 ch\u1ebf v\u00e0 nh\u1eadp kh\u1ea9u tr\u1ef1c ti\u1ebfp t\u1eeb ch\u00e2u Phi v\u00e0 Nam M\u1ef9.\u00a0M\u1ee5c ti\u00eau\u00a0Nhi\u1ec7m v\u1ee5 c\u1ee7a ch\u00fang t\u00f4i l\u00e0 t\u1ea1o ra c\u00e1c s\u1ea3n ph\u1ea9m \u0111\u00e1p \u1ee9ng ti\u00eau ch\u00ed Ch\u1ea5t l\u01b0\u1ee3ng \u2013 &#8230;<\/p>\n","protected":false},"author":1,"featured_media":0,"parent":0,"menu_order":0,"comment_status":"closed","ping_status":"closed","template":"page-right-sidebar.php","meta":[],"_links":{"self":[{"href":"https:\/\/webmaibinh.com\/w\/sango2011\/wp-json\/wp\/v2\/pages\/32"}],"collection":[{"href":"https:\/\/webmaibinh.com\/w\/sango2011\/wp-json\/wp\/v2\/pages"}],"about":[{"href":"https:\/\/webmaibinh.com\/w\/sango2011\/wp-json\/wp\/v2\/types\/page"}],"author":[{"embeddable":true,"href":"https:\/\/webmaibinh.com\/w\/sango2011\/wp-json\/wp\/v2\/users\/1"}],"replies":[{"embeddable":true,"href":"https:\/\/webmaibinh.com\/w\/sango2011\/wp-json\/wp\/v2\/comments?post=32"}],"version-history":[{"count":0,"href":"https:\/\/webmaibinh.com\/w\/sango2011\/wp-json\/wp\/v2\/pages\/32\/revisions"}],"wp:attachment":[{"href":"https:\/\/webmaibinh.com\/w\/sango2011\/wp-json\/wp\/v2\/media?parent=32"}],"curies":[{"name":"wp","href":"https:\/\/api.w.org\/{rel}","templated":true}]}}