{"id":147,"date":"2018-06-16T00:02:43","date_gmt":"2018-06-15T17:02:43","guid":{"rendered":"https:\/\/bizhostvn.com\/w\/salecar2\/?post_type=product&#038;p=147"},"modified":"2018-06-16T00:02:43","modified_gmt":"2018-06-15T17:02:43","slug":"do-noi-that-xe-audi-q5-ban-do-cuc-chat","status":"publish","type":"product","link":"https:\/\/webmaibinh.com\/w\/salecar2\/san-pham\/do-noi-that-xe-audi-q5-ban-do-cuc-chat\/","title":{"rendered":"\u0110\u1ed9 n\u1ed9i th\u1ea5t xe Audi Q5 b\u1ea3n \u0111\u1ed9 c\u1ef1c ch\u1ea5t"},"content":{"rendered":"<p>N\u1ed8I TH\u1ea4T \u00d4 T\u00d4 VI\u1ec6T THANH<\/p>\n<p>???? Gi\u1edbi thi\u1ec7u B\u1ed9 s\u1ea3n ph\u1ea9m. M\u1edbi \u0111\u1ed5i m\u00e0u n\u1ed9i th\u1ea5t xe Audi Q5 2012 c\u1ef1c ch\u1ea5t \u00a0v\u1edbi gam m\u00e0u th\u1ec3 thao nh\u01b0ng \u0111\u1ea7y sang tr\u1ecdng<\/p>\n<p>???? v\u1edbi \u0111\u1ed9i ng\u0169 kinh nghi\u1ec7m n\u00e2u n\u0103m c\u00f9ng v\u1edbi t\u01b0 duy thi\u1ebft k\u1ebf ch\u1ecdn m\u1eabu \u0111\u1ec3 \u0111\u01b0a ra s\u1ea3n ph\u1ea9m \u0111\u01b0\u1ee3c kh\u00e1ch h\u00e0ng \u01b0ng \u00fd nh\u1ea5t<\/p>\n<p>???? chi\u1ebfc Audi Q5 s\u01a1n l\u1ea1i n\u1ed9i th\u1ea5t v\u00e0 \u00a0d\u00e1n da<\/p>\n<p>???? may gh\u1ebf da cao c\u1ea5p ph\u1ed1i m\u00e0u \u0111\u1ecf \u0111en c\u1ef1c ng\u1ea7u<\/p>\n<p>???? b\u1ed9 v\u00e2n g\u1ed7 \u0111\u1ed9c gam m\u00e0u theo n\u1ed9i th\u1ea5t<\/p>\n<p>???? Th\u1ea3m 5D c\u0169ng \u0111\u01b0\u1ee3c th\u00eam v\u00e0o \u0111\u1ec3 t\u1ea1o n\u00ean \u00a0phong c\u00e1ch ri\u00eang<\/p>\n<p>???? tr\u1ea7n xe \u0111\u01b0\u1ee3c thi\u1ebft k\u1ebf ri\u00eang v\u1edbi ch\u1ea5t li\u1ec7u v\u00e0 ki\u1ec3u c\u00e1ch m\u1edbi 7D \u00a0th\u00eam tr\u1ea7n sao m\u00e0 ch\u1ec9 c\u00f3 \u1edf RR t\u1ea1o n\u00ean \u00a0thi\u1ebft k\u1ebf ho\u00e0n to\u00e0n m\u1edbi cho d\u00f2ng xe Audi Q5 \u0111\u1ed9c nh\u1ea5t Vi\u1ec7t nam nh\u01b0 hi\u1ec7n t\u1ea1i<\/p>\n<p>???? b\u1ea1n c\u00f3 th\u1ec3 xem qua nh\u1eefng h\u00ecnh \u1ea3nh xe \u0111\u00e3 l\u00e0m ch\u00fang t\u00f4i cam k\u1ebft t\u1ea5t c\u1ea3 \u0111\u01b0\u1ee3c l\u00e0m t\u1ea1i VI\u1ec6TTHANHAUTO<\/p>\n<p>NH\u1eeeNG H\u00ccNH \u1ea2NH \u0110\u1ed8C QUY\u1ec0N<\/p>\n","protected":false},"excerpt":{"rendered":"<p>&#8211; Gi\u1edbi thi\u1ec7u B\u1ed9 s\u1ea3n ph\u1ea9m. M\u1edbi \u0111\u1ed5i m\u00e0u n\u1ed9i th\u1ea5t xe Audi Q5 2012 c\u1ef1c ch\u1ea5t \u00a0v\u1edbi gam m\u00e0u th\u1ec3 thao nh\u01b0ng \u0111\u1ea7y sang tr\u1ecdng<\/p>\n<p>&#8211; V\u1edbi \u0111\u1ed9i ng\u0169 kinh nghi\u1ec7m n\u00e2u n\u0103m c\u00f9ng v\u1edbi t\u01b0 duy thi\u1ebft k\u1ebf ch\u1ecdn m\u1eabu \u0111\u1ec3 \u0111\u01b0a ra s\u1ea3n ph\u1ea9m \u0111\u01b0\u1ee3c kh\u00e1ch h\u00e0ng \u01b0ng \u00fd nh\u1ea5t<\/p>\n<p>&#8211; Chi\u1ebfc Audi Q5 s\u01a1n l\u1ea1i n\u1ed9i th\u1ea5t v\u00e0 \u00a0d\u00e1n da<\/p>\n","protected":false},"featured_media":148,"comment_status":"open","ping_status":"closed","template":"","meta":[],"_links":{"self":[{"href":"https:\/\/webmaibinh.com\/w\/salecar2\/wp-json\/wp\/v2\/product\/147"}],"collection":[{"href":"https:\/\/webmaibinh.com\/w\/salecar2\/wp-json\/wp\/v2\/product"}],"about":[{"href":"https:\/\/webmaibinh.com\/w\/salecar2\/wp-json\/wp\/v2\/types\/product"}],"replies":[{"embeddable":true,"href":"https:\/\/webmaibinh.com\/w\/salecar2\/wp-json\/wp\/v2\/comments?post=147"}],"wp:featuredmedia":[{"embeddable":true,"href":"https:\/\/webmaibinh.com\/w\/salecar2\/wp-json\/wp\/v2\/media\/148"}],"wp:attachment":[{"href":"https:\/\/webmaibinh.com\/w\/salecar2\/wp-json\/wp\/v2\/media?parent=147"}],"curies":[{"name":"wp","href":"https:\/\/api.w.org\/{rel}","templated":true}]}}