{"id":833,"date":"2022-09-30T22:34:03","date_gmt":"2022-09-30T15:34:03","guid":{"rendered":"https:\/\/webmaibinh.com\/w\/quangcaocongnghe\/?post_type=product&#038;p=833"},"modified":"2024-11-21T13:09:53","modified_gmt":"2024-11-21T06:09:53","slug":"thiet-ke-thi-cong-man-hinh-led","status":"publish","type":"product","link":"https:\/\/webmaibinh.com\/w\/quangcaocongnghe\/san-pham\/thiet-ke-thi-cong-man-hinh-led\/","title":{"rendered":"Thi\u1ebft k\u1ebf Thi c\u00f4ng M\u00e0n h\u00ecnh Led"},"content":{"rendered":"<p style=\"text-align: justify;\">M\u00e0n h\u00ecnh Led qu\u1ea3ng c\u00e1o t\u1eeb l\u00e2u \u0111\u00e3 tr\u1edf th\u00e0nh m\u1ed9t chi\u1ebfn l\u01b0\u1ee3c Marketting v\u00f4 c\u00f9ng hi\u1ec7u qu\u1ea3 \u0111\u1ed1i v\u1edbi c\u00e1c doanh nghi\u1ec7p mu\u1ed1n qu\u1ea3ng\u00a0 b\u00e1 th\u01b0\u01a1ng hi\u1ec7u c\u1ee7a m\u00ecnh \u0111\u1ebfn v\u1edbi kh\u00e1ch h\u00e0ng.<\/p>\n<p><img loading=\"lazy\" class=\"aligncenter wp-image-873 size-full\" src=\"https:\/\/webmaibinh.com\/w\/quangcaocongnghe\/wp-content\/uploads\/2022\/09\/Thi-cong-lap-dat-man-hinh-led-2.jpg\" alt=\"\" width=\"1280\" height=\"720\" srcset=\"https:\/\/webmaibinh.com\/w\/quangcaocongnghe\/wp-content\/uploads\/2022\/09\/Thi-cong-lap-dat-man-hinh-led-2.jpg 1280w, https:\/\/webmaibinh.com\/w\/quangcaocongnghe\/wp-content\/uploads\/2022\/09\/Thi-cong-lap-dat-man-hinh-led-2-300x169.jpg 300w, https:\/\/webmaibinh.com\/w\/quangcaocongnghe\/wp-content\/uploads\/2022\/09\/Thi-cong-lap-dat-man-hinh-led-2-1024x576.jpg 1024w, https:\/\/webmaibinh.com\/w\/quangcaocongnghe\/wp-content\/uploads\/2022\/09\/Thi-cong-lap-dat-man-hinh-led-2-768x432.jpg 768w, https:\/\/webmaibinh.com\/w\/quangcaocongnghe\/wp-content\/uploads\/2022\/09\/Thi-cong-lap-dat-man-hinh-led-2-600x338.jpg 600w\" sizes=\"(max-width: 1280px) 100vw, 1280px\" \/><\/p>\n<p style=\"text-align: justify;\">V\u1edbi ph\u01b0\u01a1ng ch\u00e2m l\u00e0m vi\u1ec7c uy t\u00edn &#8211; chuy\u00ean nghi\u1ec7p &#8211; t\u1eadn t\u00ecnh ph\u1ee5c v\u1ee5 kh\u00e1ch h\u00e0ng ch\u00fang t\u00f4i t\u1ef1 tin c\u00f3 nhi\u1ec1u \u00fd t\u01b0\u1edfng s\u00e1ng t\u1ea1o, hi\u1ec7u qu\u1ea3, \u0111\u1ed9i ng\u0169 thi c\u00f4ng ch\u1ea5t l\u01b0\u1ee3ng nhi\u1ec1u n\u0103m s\u1ebd gi\u00fap qu\u00fd kh\u00e1ch h\u00e0ng an t\u00e2m, tin t\u01b0\u1edfng s\u1eed d\u1ee5ng l\u00e2u d\u00e0i.<\/p>\n<p style=\"text-align: justify;\">\u0110\u01a1n v\u1ecb ch\u00fang t\u00f4i chuy\u00ean thi\u1ebft k\u1ebf &#8211; thi c\u00f4ng M\u00e0n h\u00ecnh Led ch\u1ea5t l\u01b0\u1ee3ng b\u1ec1n b\u1ec9, gi\u00e1 r\u1ebb t\u1ea1i B\u00ecnh D\u01b0\u01a1ng v\u00e0 c\u00e1c t\u1ec9nh Mi\u1ec1n \u0110\u00f4ng Nam b\u1ed9, d\u00f9 kh\u00e1ch h\u00e0ng \u1edf m\u1ecdi l\u0129nh v\u1ef1c, ch\u00fang t\u00f4i \u0111\u1ec1u t\u1ef1 tin thi\u1ebft k\u1ebf thi c\u00f4ng mang l\u1ea1i kh\u00e1ch h\u00e0ng nh\u1eefng s\u1ea3n ph\u1ea9m t\u1ed1t nh\u1ea5t, mang \u0111\u1ebfn ch\u1ea5t l\u01b0\u1ee3ng Marketing t\u1ed1t nh\u1ea5t.<\/p>\n<p style=\"text-align: justify;\">\n","protected":false},"excerpt":{"rendered":"<p><span style=\"color: #ed1c24; font-size: 130%;\"><strong><img loading=\"lazy\" class=\" wp-image-858 alignleft\" src=\"https:\/\/webmaibinh.com\/w\/quangcaocongnghe\/wp-content\/uploads\/2022\/10\/LOGO2-300x300.png\" alt=\"\" width=\"231\" height=\"231\" srcset=\"https:\/\/webmaibinh.com\/w\/quangcaocongnghe\/wp-content\/uploads\/2022\/10\/LOGO2-300x300.png 300w, https:\/\/webmaibinh.com\/w\/quangcaocongnghe\/wp-content\/uploads\/2022\/10\/LOGO2-150x150.png 150w, https:\/\/webmaibinh.com\/w\/quangcaocongnghe\/wp-content\/uploads\/2022\/10\/LOGO2-100x100.png 100w, https:\/\/webmaibinh.com\/w\/quangcaocongnghe\/wp-content\/uploads\/2022\/10\/LOGO2.png 523w\" sizes=\"(max-width: 231px) 100vw, 231px\" \/>Li\u00ean h\u1ec7 ngay cho ch\u00fang t\u00f4i \u0111\u1ec3 \u0111\u01b0\u1ee3c t\u01b0 v\u1ea5n nhanh nh\u1ea5t v\u00e0 b\u00e1 gi\u00e1 t\u1ed1t nh\u1ea5t<\/strong><\/span><\/p>\n<p><strong><span style=\"color: #2332a1;\">C\u00d4NG TY TNHH QU\u1ea2NG C\u00c1O N\u1ed8I TH\u1ea4T C\u00d4NG NGH\u1ec6<\/span><\/strong><\/p>\n<p>&nbsp;<\/p>\n<p><strong><span style=\"color: #282828;\">\u0110\u1ecba ch\u1ec9: Th\u1eeda 146, T\u1edd b\u1ea3n \u0111\u1ed3 213, \u0110\u01b0\u1eddng L\u00fd T\u1ef1 Tr\u1ecdng, B\u00ecnh Ph\u01b0\u1edbc A, B\u00ecnh Chu\u1ea9n, Thu\u1eadn An, B\u00ecnh D\u01b0\u01a1ng, Vi\u1ec7t Nam<\/span><\/strong><\/p>\n<p><strong><span style=\"color: #282828;\">Gmail: qc.congnghe@gmail.com<\/span><\/strong><\/p>\n<p><strong><span style=\"color: #282828;\">\u0110i\u1ec7n tho\u1ea1i: 0961 678 277<\/span><\/strong><\/p>\n<p><strong><span style=\"color: #282828;\">Gi\u00e1m \u0111\u1ed1c: Phan V\u0103n L\u1ef1c<\/span><\/strong><\/p>\n","protected":false},"featured_media":873,"comment_status":"open","ping_status":"closed","template":"","meta":[],"_links":{"self":[{"href":"https:\/\/webmaibinh.com\/w\/quangcaocongnghe\/wp-json\/wp\/v2\/product\/833"}],"collection":[{"href":"https:\/\/webmaibinh.com\/w\/quangcaocongnghe\/wp-json\/wp\/v2\/product"}],"about":[{"href":"https:\/\/webmaibinh.com\/w\/quangcaocongnghe\/wp-json\/wp\/v2\/types\/product"}],"replies":[{"embeddable":true,"href":"https:\/\/webmaibinh.com\/w\/quangcaocongnghe\/wp-json\/wp\/v2\/comments?post=833"}],"wp:featuredmedia":[{"embeddable":true,"href":"https:\/\/webmaibinh.com\/w\/quangcaocongnghe\/wp-json\/wp\/v2\/media\/873"}],"wp:attachment":[{"href":"https:\/\/webmaibinh.com\/w\/quangcaocongnghe\/wp-json\/wp\/v2\/media?parent=833"}],"curies":[{"name":"wp","href":"https:\/\/api.w.org\/{rel}","templated":true}]}}