{"id":831,"date":"2022-09-30T22:33:07","date_gmt":"2022-09-30T15:33:07","guid":{"rendered":"https:\/\/webmaibinh.com\/w\/quangcaocongnghe\/?post_type=product&#038;p=831"},"modified":"2025-02-11T16:39:14","modified_gmt":"2025-02-11T09:39:14","slug":"cat-khac-laser-cnc","status":"publish","type":"product","link":"https:\/\/webmaibinh.com\/w\/quangcaocongnghe\/san-pham\/cat-khac-laser-cnc\/","title":{"rendered":"C\u1eaft kh\u1eafc laser, CNC"},"content":{"rendered":"<p style=\"text-align: justify;\">C\u00f4ng ty Qu\u1ea3ng c\u00e1o N\u1ed9i th\u1ea5t C\u00f4ng Ngh\u1ec7 chuy\u00ean s\u1eed d\u1ee5ng m\u00e1y m\u00f3c c\u00f4ng ngh\u1ec7 cao \u0111\u1ec3 c\u00e1c kh\u1eafc Laser, CNC v\u1edbi gi\u00e1 r\u1ebb nh\u01b0ng ch\u1ea5t l\u01b0\u1ee3ng cao, \u0111\u1ea3m b\u1ea3o \u0111\u1ed9 tinh x\u1ea3o tuy\u1ec7t \u0111\u1ed1i c\u1ee7a s\u1ea3n ph\u1ea9m v\u1edbi n\u00e9t kh\u1eafc s\u00e2u r\u00f5 n\u00e9t<\/p>\n<p style=\"text-align: justify;\"><img loading=\"lazy\" class=\"aligncenter wp-image-874 size-full\" src=\"https:\/\/webmaibinh.com\/w\/quangcaocongnghe\/wp-content\/uploads\/2022\/09\/Khac-Laser-CNC.jpg\" alt=\"\" width=\"750\" height=\"492\" srcset=\"https:\/\/webmaibinh.com\/w\/quangcaocongnghe\/wp-content\/uploads\/2022\/09\/Khac-Laser-CNC.jpg 750w, https:\/\/webmaibinh.com\/w\/quangcaocongnghe\/wp-content\/uploads\/2022\/09\/Khac-Laser-CNC-300x197.jpg 300w, https:\/\/webmaibinh.com\/w\/quangcaocongnghe\/wp-content\/uploads\/2022\/09\/Khac-Laser-CNC-600x394.jpg 600w\" sizes=\"(max-width: 750px) 100vw, 750px\" \/><\/p>\n<h3 id=\"ftoc-heading-2\" class=\"ftwp-heading aligncenter wp-image-209068\" style=\"text-align: justify;\"><b>C\u00f4ng ty Qu\u1ea3ng c\u00e1o N\u1ed9i th\u1ea5t C\u00f4ng Ngh\u1ec7 chuy\u00ean cung c\u1ea5p d\u1ecbch v\u1ee5 kh\u1eafc c\u1eaft laser l\u00ean m\u1ecdi v\u1eadt li\u1ec7u:<\/b><\/h3>\n<ul>\n<li style=\"text-align: justify;\">D\u1ecbch v\u1ee5 c\u1eaft Laser kim lo\u1ea1i: C\u1eaft inox t\u1ea5m, c\u1eaft laser nh\u00f4m, s\u1eaft th\u00e9p<\/li>\n<li style=\"text-align: justify;\">D\u1ecbch v\u1ee5 c\u1eaft CNC l\u00ean g\u1ed7 c\u00f4ng nghi\u1ec7p mdf, mica, alu, c\u1eaft CNC nh\u1ef1a pom<\/li>\n<li style=\"text-align: justify;\">Kh\u1eafc laser l\u00ean kim lo\u1ea1i: inox, nh\u00f4m, \u0111\u1ed3ng, th\u00e9p, kh\u1eafc ch\u1eef l\u00ean khu\u00f4n m\u1eabu<\/li>\n<li style=\"text-align: justify;\">Kh\u1eafc laser l\u00ean g\u1ed7, mica, nh\u1ef1a, th\u1ebb t\u00ean dogtag, th\u1ebb ch\u00f3 m\u00e8o pet tag<\/li>\n<li style=\"text-align: justify;\">Kh\u1eafc t\u00ean v\u00e0 logo l\u00ean qu\u00e0 t\u1eb7ng b\u00ecnh gi\u1eef nhi\u1ec7t, usb, v\u00ed da, b\u00fat g\u1ed7, kh\u1eafc nh\u1eabn v\u00f2ng v\u00e0ng b\u1ea1c<\/li>\n<li style=\"text-align: justify;\">Kh\u1eafc logo l\u00ean s\u1ea3n ph\u1ea9m: logo, th\u00f4ng s\u1ed1 k\u1ef9 thu\u1eadt<\/li>\n<li style=\"text-align: justify;\">S\u1ea3n xu\u1ea5t v\u00e0 gia c\u00f4ng tem nh\u00e3n m\u00e1c kim lo\u1ea1i: tem nh\u00f4m, tem inox, tem nh\u00e3n \u0103n m\u00f2n<\/li>\n<li style=\"text-align: justify;\">Gia c\u00f4ng v\u00e0 thi c\u00f4ng bi\u1ec3n b\u1ea3ng Qu\u1ea3ng c\u00e1o: Mica \u2013 Alu, Bi\u1ec3n Led ch\u1eef n\u1ed5i, Bi\u1ec3n b\u1ea3ng v\u0103n ph\u00f2ng, Bi\u1ec3n c\u00f4ng ty<\/li>\n<li style=\"text-align: justify;\">D\u1ecbch v\u1ee5 in kh\u1eafc: in uv l\u00ean m\u1ecdi ch\u1ea5t li\u1ec7u, kh\u1eafc \u1ea3nh \u0111\u1eb9p l\u00ean g\u1ed7 mica<\/li>\n<\/ul>\n","protected":false},"excerpt":{"rendered":"<p><span style=\"color: #ed1c24; font-size: 130%;\"><strong><img loading=\"lazy\" class=\" wp-image-858 alignleft\" src=\"https:\/\/webmaibinh.com\/w\/quangcaocongnghe\/wp-content\/uploads\/2022\/10\/LOGO2-300x300.png\" alt=\"\" width=\"231\" height=\"231\" srcset=\"https:\/\/webmaibinh.com\/w\/quangcaocongnghe\/wp-content\/uploads\/2022\/10\/LOGO2-300x300.png 300w, https:\/\/webmaibinh.com\/w\/quangcaocongnghe\/wp-content\/uploads\/2022\/10\/LOGO2-150x150.png 150w, https:\/\/webmaibinh.com\/w\/quangcaocongnghe\/wp-content\/uploads\/2022\/10\/LOGO2-100x100.png 100w, https:\/\/webmaibinh.com\/w\/quangcaocongnghe\/wp-content\/uploads\/2022\/10\/LOGO2.png 523w\" sizes=\"(max-width: 231px) 100vw, 231px\" \/>Li\u00ean h\u1ec7 ngay cho ch\u00fang t\u00f4i \u0111\u1ec3 \u0111\u01b0\u1ee3c t\u01b0 v\u1ea5n nhanh nh\u1ea5t v\u00e0 b\u00e1 gi\u00e1 t\u1ed1t nh\u1ea5t<\/strong><\/span><\/p>\n<p><strong><span style=\"color: #2332a1;\">C\u00d4NG TY TNHH QU\u1ea2NG C\u00c1O N\u1ed8I TH\u1ea4T C\u00d4NG NGH\u1ec6<\/span><\/strong><\/p>\n<p>&nbsp;<\/p>\n<p><strong><span style=\"color: #282828;\">\u0110\u1ecba ch\u1ec9: Th\u1eeda 146, T\u1edd b\u1ea3n \u0111\u1ed3 213, \u0110\u01b0\u1eddng L\u00fd T\u1ef1 Tr\u1ecdng, B\u00ecnh Ph\u01b0\u1edbc A, B\u00ecnh Chu\u1ea9n, Thu\u1eadn An, B\u00ecnh D\u01b0\u01a1ng, Vi\u1ec7t Nam<\/span><\/strong><\/p>\n<p><strong><span style=\"color: #282828;\">Gmail: qc.congnghe@gmail.com<\/span><\/strong><\/p>\n<p><strong><span style=\"color: #282828;\">\u0110i\u1ec7n tho\u1ea1i: 0961 678 277<\/span><\/strong><\/p>\n<p><strong><span style=\"color: #282828;\">Gi\u00e1m \u0111\u1ed1c: Phan V\u0103n L\u1ef1c<\/span><\/strong><\/p>\n","protected":false},"featured_media":874,"comment_status":"open","ping_status":"closed","template":"","meta":[],"_links":{"self":[{"href":"https:\/\/webmaibinh.com\/w\/quangcaocongnghe\/wp-json\/wp\/v2\/product\/831"}],"collection":[{"href":"https:\/\/webmaibinh.com\/w\/quangcaocongnghe\/wp-json\/wp\/v2\/product"}],"about":[{"href":"https:\/\/webmaibinh.com\/w\/quangcaocongnghe\/wp-json\/wp\/v2\/types\/product"}],"replies":[{"embeddable":true,"href":"https:\/\/webmaibinh.com\/w\/quangcaocongnghe\/wp-json\/wp\/v2\/comments?post=831"}],"wp:featuredmedia":[{"embeddable":true,"href":"https:\/\/webmaibinh.com\/w\/quangcaocongnghe\/wp-json\/wp\/v2\/media\/874"}],"wp:attachment":[{"href":"https:\/\/webmaibinh.com\/w\/quangcaocongnghe\/wp-json\/wp\/v2\/media?parent=831"}],"curies":[{"name":"wp","href":"https:\/\/api.w.org\/{rel}","templated":true}]}}