{"id":830,"date":"2022-09-30T22:32:47","date_gmt":"2022-09-30T15:32:47","guid":{"rendered":"https:\/\/webmaibinh.com\/w\/quangcaocongnghe\/?post_type=product&#038;p=830"},"modified":"2025-02-11T16:39:29","modified_gmt":"2025-02-11T09:39:29","slug":"thi-cong-bang-alu-chu-noi-den-led","status":"publish","type":"product","link":"https:\/\/webmaibinh.com\/w\/quangcaocongnghe\/san-pham\/thi-cong-bang-alu-chu-noi-den-led\/","title":{"rendered":"Thi c\u00f4ng b\u1ea3ng Alu, ch\u1eef n\u1ed5i, \u0111\u00e8n led"},"content":{"rendered":"<div style=\"width: 640px;\" class=\"wp-video\"><!--[if lt IE 9]><script>document.createElement('video');<\/script><![endif]-->\n<video class=\"wp-video-shortcode\" id=\"video-830-1\" width=\"640\" height=\"360\" preload=\"metadata\" controls=\"controls\"><source type=\"video\/mp4\" src=\"https:\/\/webmaibinh.com\/w\/quangcaocongnghe\/wp-content\/uploads\/2022\/10\/VIDEO-LED.mp4?_=1\" \/><a href=\"https:\/\/webmaibinh.com\/w\/quangcaocongnghe\/wp-content\/uploads\/2022\/10\/VIDEO-LED.mp4\">https:\/\/webmaibinh.com\/w\/quangcaocongnghe\/wp-content\/uploads\/2022\/10\/VIDEO-LED.mp4<\/a><\/video><\/div>\n","protected":false},"excerpt":{"rendered":"<p><span style=\"color: #ed1c24; font-size: 130%;\"><strong><img loading=\"lazy\" class=\" wp-image-858 alignleft\" src=\"https:\/\/webmaibinh.com\/w\/quangcaocongnghe\/wp-content\/uploads\/2022\/10\/LOGO2-300x300.png\" alt=\"\" width=\"231\" height=\"231\" srcset=\"https:\/\/webmaibinh.com\/w\/quangcaocongnghe\/wp-content\/uploads\/2022\/10\/LOGO2-300x300.png 300w, https:\/\/webmaibinh.com\/w\/quangcaocongnghe\/wp-content\/uploads\/2022\/10\/LOGO2-150x150.png 150w, https:\/\/webmaibinh.com\/w\/quangcaocongnghe\/wp-content\/uploads\/2022\/10\/LOGO2-100x100.png 100w, https:\/\/webmaibinh.com\/w\/quangcaocongnghe\/wp-content\/uploads\/2022\/10\/LOGO2.png 523w\" sizes=\"(max-width: 231px) 100vw, 231px\" \/>Li\u00ean h\u1ec7 ngay cho ch\u00fang t\u00f4i \u0111\u1ec3 \u0111\u01b0\u1ee3c t\u01b0 v\u1ea5n nhanh nh\u1ea5t v\u00e0 b\u00e1 gi\u00e1 t\u1ed1t nh\u1ea5t<\/strong><\/span><\/p>\n<p><strong><span style=\"color: #2332a1;\">C\u00d4NG TY TNHH QU\u1ea2NG C\u00c1O N\u1ed8I TH\u1ea4T C\u00d4NG NGH\u1ec6<\/span><\/strong><\/p>\n<p>&nbsp;<\/p>\n<p><strong><span style=\"color: #282828;\">\u0110\u1ecba ch\u1ec9: Th\u1eeda 146, T\u1edd b\u1ea3n \u0111\u1ed3 213, \u0110\u01b0\u1eddng L\u00fd T\u1ef1 Tr\u1ecdng, B\u00ecnh Ph\u01b0\u1edbc A, B\u00ecnh Chu\u1ea9n, Thu\u1eadn An, B\u00ecnh D\u01b0\u01a1ng, Vi\u1ec7t Nam<\/span><\/strong><\/p>\n<p><strong><span style=\"color: #282828;\">Gmail: qc.congnghe@gmail.com<\/span><\/strong><\/p>\n<p><strong><span style=\"color: #282828;\">\u0110i\u1ec7n tho\u1ea1i: 0961 678 277<\/span><\/strong><\/p>\n<p><strong><span style=\"color: #282828;\">Gi\u00e1m \u0111\u1ed1c: Phan V\u0103n L\u1ef1c<\/span><\/strong><\/p>\n","protected":false},"featured_media":956,"comment_status":"open","ping_status":"closed","template":"","meta":[],"_links":{"self":[{"href":"https:\/\/webmaibinh.com\/w\/quangcaocongnghe\/wp-json\/wp\/v2\/product\/830"}],"collection":[{"href":"https:\/\/webmaibinh.com\/w\/quangcaocongnghe\/wp-json\/wp\/v2\/product"}],"about":[{"href":"https:\/\/webmaibinh.com\/w\/quangcaocongnghe\/wp-json\/wp\/v2\/types\/product"}],"replies":[{"embeddable":true,"href":"https:\/\/webmaibinh.com\/w\/quangcaocongnghe\/wp-json\/wp\/v2\/comments?post=830"}],"wp:featuredmedia":[{"embeddable":true,"href":"https:\/\/webmaibinh.com\/w\/quangcaocongnghe\/wp-json\/wp\/v2\/media\/956"}],"wp:attachment":[{"href":"https:\/\/webmaibinh.com\/w\/quangcaocongnghe\/wp-json\/wp\/v2\/media?parent=830"}],"curies":[{"name":"wp","href":"https:\/\/api.w.org\/{rel}","templated":true}]}}