{"id":17,"date":"2018-02-23T10:58:57","date_gmt":"2018-02-23T03:58:57","guid":{"rendered":"https:\/\/bizhostvn.com\/w\/noithat2\/?page_id=17"},"modified":"2022-10-02T23:27:27","modified_gmt":"2022-10-02T16:27:27","slug":"lien-he","status":"publish","type":"page","link":"https:\/\/webmaibinh.com\/w\/quangcaocongnghe\/lien-he\/","title":{"rendered":"Li\u00ean h\u1ec7"},"content":{"rendered":"\n\t<div class=\"img has-hover x md-x lg-x y md-y lg-y\" id=\"image_552166922\">\n\t\t\t\t\t\t\t\t<div class=\"img-inner image-cover dark\" style=\"padding-top:25%;\">\n\t\t\t<img width=\"1920\" height=\"739\" src=\"https:\/\/webmaibinh.com\/w\/quangcaocongnghe\/wp-content\/uploads\/2018\/02\/63852508-furniture-wallpapers.jpg\" class=\"attachment-original size-original\" alt=\"\" loading=\"lazy\" srcset=\"https:\/\/webmaibinh.com\/w\/quangcaocongnghe\/wp-content\/uploads\/2018\/02\/63852508-furniture-wallpapers.jpg 1920w, https:\/\/webmaibinh.com\/w\/quangcaocongnghe\/wp-content\/uploads\/2018\/02\/63852508-furniture-wallpapers-300x115.jpg 300w, https:\/\/webmaibinh.com\/w\/quangcaocongnghe\/wp-content\/uploads\/2018\/02\/63852508-furniture-wallpapers-768x296.jpg 768w, https:\/\/webmaibinh.com\/w\/quangcaocongnghe\/wp-content\/uploads\/2018\/02\/63852508-furniture-wallpapers-1024x394.jpg 1024w, https:\/\/webmaibinh.com\/w\/quangcaocongnghe\/wp-content\/uploads\/2018\/02\/63852508-furniture-wallpapers-600x231.jpg 600w\" sizes=\"(max-width: 1920px) 100vw, 1920px\" \/>\t\t\t\t\t\t\n\t\t\t\t\t<\/div>\n\t\t\t\t\t\t\t\t\n<style>\n#image_552166922 {\n  width: 100%;\n}\n<\/style>\n\t<\/div>\n\t\n\n\t<section class=\"section\" id=\"section_731766619\">\n\t\t<div class=\"bg section-bg fill bg-fill bg-loaded bg-loaded\" >\n\n\t\t\t\n\t\t\t\n\t\t\t\n\n\t\t<\/div>\n\n\t\t<div class=\"section-content relative\">\n\t\t\t\n\n<div class=\"row row-small\"  id=\"row-881299193\">\n\n\n\t<div id=\"col-777730530\" class=\"col medium-6 small-12 large-6\"  >\n\t\t<div class=\"col-inner\"  >\n\t\t\t\n\t\t\t\n\n<h3>Li\u00ean h\u1ec7 v\u1edbi ch\u00fang t\u00f4i<\/h3>\n<p>\u00a0<\/p>\n\t<div class=\"img has-hover x md-x lg-x y md-y lg-y\" id=\"image_612354271\">\n\t\t\t\t\t\t\t\t<div class=\"img-inner dark\" >\n\t\t\t<img width=\"523\" height=\"521\" src=\"https:\/\/webmaibinh.com\/w\/quangcaocongnghe\/wp-content\/uploads\/2022\/10\/LOGO2.png\" class=\"attachment-large size-large\" alt=\"\" loading=\"lazy\" srcset=\"https:\/\/webmaibinh.com\/w\/quangcaocongnghe\/wp-content\/uploads\/2022\/10\/LOGO2.png 523w, https:\/\/webmaibinh.com\/w\/quangcaocongnghe\/wp-content\/uploads\/2022\/10\/LOGO2-300x300.png 300w, https:\/\/webmaibinh.com\/w\/quangcaocongnghe\/wp-content\/uploads\/2022\/10\/LOGO2-150x150.png 150w, https:\/\/webmaibinh.com\/w\/quangcaocongnghe\/wp-content\/uploads\/2022\/10\/LOGO2-100x100.png 100w\" sizes=\"(max-width: 523px) 100vw, 523px\" \/>\t\t\t\t\t\t\n\t\t\t\t\t<\/div>\n\t\t\t\t\t\t\t\t\n<style>\n#image_612354271 {\n  width: 80%;\n}\n<\/style>\n\t<\/div>\n\t\n\n\n\t\t<\/div>\n\t\t\t<\/div>\n\n\t\n\n\t<div id=\"col-1592105451\" class=\"col medium-6 small-12 large-6\"  >\n\t\t<div class=\"col-inner\"  >\n\t\t\t\n\t\t\t\n\n\t<div class=\"img has-hover x md-x lg-x y md-y lg-y\" id=\"image_1318760196\">\n\t\t\t\t\t\t\t\t<div class=\"img-inner dark\" >\n\t\t\t<img width=\"1020\" height=\"457\" src=\"https:\/\/webmaibinh.com\/w\/quangcaocongnghe\/wp-content\/uploads\/2022\/10\/banner-1-1024x459.jpg\" class=\"attachment-large size-large\" alt=\"\" loading=\"lazy\" srcset=\"https:\/\/webmaibinh.com\/w\/quangcaocongnghe\/wp-content\/uploads\/2022\/10\/banner-1-1024x459.jpg 1024w, https:\/\/webmaibinh.com\/w\/quangcaocongnghe\/wp-content\/uploads\/2022\/10\/banner-1-300x135.jpg 300w, https:\/\/webmaibinh.com\/w\/quangcaocongnghe\/wp-content\/uploads\/2022\/10\/banner-1-768x344.jpg 768w, https:\/\/webmaibinh.com\/w\/quangcaocongnghe\/wp-content\/uploads\/2022\/10\/banner-1-600x269.jpg 600w, https:\/\/webmaibinh.com\/w\/quangcaocongnghe\/wp-content\/uploads\/2022\/10\/banner-1.jpg 1204w\" sizes=\"(max-width: 1020px) 100vw, 1020px\" \/>\t\t\t\t\t\t\n\t\t\t\t\t<\/div>\n\t\t\t\t\t\t\t\t\n<style>\n#image_1318760196 {\n  width: 100%;\n}\n<\/style>\n\t<\/div>\n\t\n\n<h3 style=\"text-align: justify;\">Th\u00f4ng tin li\u00ean h\u1ec7<\/h3>\n<p style=\"text-align: justify;\"><strong>C\u00d4NG TY TNHH QU\u1ea2NG C\u00c1O N\u1ed8I TH\u1ea4T C\u00d4NG NGH\u1ec6<\/strong><\/p>\n<p style=\"text-align: justify;\"><strong>\u0110\u1ecba ch\u1ec9: Th\u1eeda 146, T\u1edd b\u1ea3n \u0111\u1ed3 213, \u0110\u01b0\u1eddng L\u00fd T\u1ef1 Tr\u1ecdng, B\u00ecnh Ph\u01b0\u1edbc A, B\u00ecnh Chu\u1ea9n, Thu\u1eadn An, B\u00ecnh D\u01b0\u01a1ng, Vi\u1ec7t Nam<\/strong><\/p>\n<p style=\"text-align: justify;\"><strong>Gmail: qc.congnghe@gmail.com<\/strong><\/p>\n<p style=\"text-align: justify;\"><strong>\u0110i\u1ec7n tho\u1ea1i: 0961 678 277<\/strong><\/p>\n\n\t\t<\/div>\n\t\t\t<\/div>\n\n\t\n\n<\/div>\n<div class=\"row row-small\"  id=\"row-2091472676\">\n\n\n\t<div id=\"col-434038216\" class=\"col small-12 large-12\"  >\n\t\t<div class=\"col-inner\"  >\n\t\t\t\n\t\t\t\n\n<div class=\"container section-title-container\" ><h3 class=\"section-title section-title-center\"><b><\/b><span class=\"section-title-main\" style=\"color:rgb(0, 90, 188);\">B\u1ea2N \u0110\u1ed2 \u0110I \u0110\u1ebeN C\u00d4NG TY CH\u00daNG T\u00d4I<\/span><b><\/b><\/h3><\/div>\n\n<iframe src=\"https:\/\/www.google.com\/maps\/embed?pb=!1m18!1m12!1m3!1d3916.7203409068743!2d106.71913415658412!3d10.984468774328912!2m3!1f0!2f0!3f0!3m2!1i1024!2i768!4f13.1!3m3!1m2!1s0x3174d1d373116ef9%3A0xa8a8038d8e72d03d!2zUXXhuqNuZyBDw6FvIC0gTuG7mWkgVGjhuqV0IEPDtG5nIE5naOG7hw!5e0!3m2!1svi!2s!4v1664727899550!5m2!1svi!2s\" width=\"1200\" height=\"450\" style=\"border:0;\" allowfullscreen=\"\" loading=\"lazy\" referrerpolicy=\"no-referrer-when-downgrade\"><\/iframe>\n\n\t\t<\/div>\n\t\t\t<\/div>\n\n\t\n\n<\/div>\n\n\t\t<\/div>\n\n\t\t\n<style>\n#section_731766619 {\n  padding-top: 30px;\n  padding-bottom: 30px;\n}\n<\/style>\n\t<\/section>\n\t\n\n","protected":false},"excerpt":{"rendered":"","protected":false},"author":1,"featured_media":0,"parent":0,"menu_order":0,"comment_status":"closed","ping_status":"closed","template":"page-blank.php","meta":[],"_links":{"self":[{"href":"https:\/\/webmaibinh.com\/w\/quangcaocongnghe\/wp-json\/wp\/v2\/pages\/17"}],"collection":[{"href":"https:\/\/webmaibinh.com\/w\/quangcaocongnghe\/wp-json\/wp\/v2\/pages"}],"about":[{"href":"https:\/\/webmaibinh.com\/w\/quangcaocongnghe\/wp-json\/wp\/v2\/types\/page"}],"author":[{"embeddable":true,"href":"https:\/\/webmaibinh.com\/w\/quangcaocongnghe\/wp-json\/wp\/v2\/users\/1"}],"replies":[{"embeddable":true,"href":"https:\/\/webmaibinh.com\/w\/quangcaocongnghe\/wp-json\/wp\/v2\/comments?post=17"}],"version-history":[{"count":14,"href":"https:\/\/webmaibinh.com\/w\/quangcaocongnghe\/wp-json\/wp\/v2\/pages\/17\/revisions"}],"predecessor-version":[{"id":964,"href":"https:\/\/webmaibinh.com\/w\/quangcaocongnghe\/wp-json\/wp\/v2\/pages\/17\/revisions\/964"}],"wp:attachment":[{"href":"https:\/\/webmaibinh.com\/w\/quangcaocongnghe\/wp-json\/wp\/v2\/media?parent=17"}],"curies":[{"name":"wp","href":"https:\/\/api.w.org\/{rel}","templated":true}]}}