{"id":63,"date":"2018-03-03T11:13:08","date_gmt":"2018-03-03T04:13:08","guid":{"rendered":"https:\/\/bizhostvn.com\/w\/print3\/?page_id=63"},"modified":"2018-03-03T17:28:24","modified_gmt":"2018-03-03T10:28:24","slug":"lien-he","status":"publish","type":"page","link":"https:\/\/webmaibinh.com\/w\/print3\/lien-he\/","title":{"rendered":"Li\u00ean h\u1ec7"},"content":{"rendered":"\t<div class=\"img has-hover x md-x lg-x y md-y lg-y\" id=\"image_1984786253\">\n\t\t\t\t\t\t\t\t<div class=\"img-inner image-cover dark\" style=\"padding-top:25%;\">\n\t\t\t<img width=\"1366\" height=\"373\" src=\"https:\/\/webmaibinh.com\/w\/print3\/wp-content\/uploads\/2018\/03\/li\u00ean-h\u1eb9.jpg\" class=\"attachment-original size-original\" alt=\"\" loading=\"lazy\" srcset=\"https:\/\/webmaibinh.com\/w\/print3\/wp-content\/uploads\/2018\/03\/li\u00ean-h\u1eb9.jpg 1366w, https:\/\/webmaibinh.com\/w\/print3\/wp-content\/uploads\/2018\/03\/li\u00ean-h\u1eb9-300x82.jpg 300w, https:\/\/webmaibinh.com\/w\/print3\/wp-content\/uploads\/2018\/03\/li\u00ean-h\u1eb9-768x210.jpg 768w, https:\/\/webmaibinh.com\/w\/print3\/wp-content\/uploads\/2018\/03\/li\u00ean-h\u1eb9-1024x280.jpg 1024w\" sizes=\"(max-width: 1366px) 100vw, 1366px\" \/>\t\t\t\t\t\t\n\t\t\t\t\t<\/div>\n\t\t\t\t\t\t\t\t\n<style>\n#image_1984786253 {\n  width: 100%;\n}\n<\/style>\n\t<\/div>\n\t\n\t<div id=\"gap-1858810039\" class=\"gap-element clearfix\" style=\"display:block; height:auto;\">\n\t\t\n<style>\n#gap-1858810039 {\n  padding-top: 15px;\n}\n<\/style>\n\t<\/div>\n\t\n<div class=\"row row-small phan-than-trang\"  id=\"row-1828247823\">\n\n\t<div id=\"col-132536480\" class=\"col medium-3 small-12 large-3\"  >\n\t\t<div class=\"col-inner\"  >\n\t\t\t\n\t\t\t\n<div class=\"title-slider2\"><span class=\"fa fa-edit\"><\/span><span>B\u00c1O GI\u00c1 C\u00c1C D\u1ecaCH V\u1ee4 IN<\/span><\/div>\n<ul class=\"sidebar-wrapper ul-reset\"><li id=\"nav_menu-2\" class=\"widget widget_nav_menu\"><div class=\"menu-bao-gia-in-container\"><ul id=\"menu-bao-gia-in\" class=\"menu\"><li id=\"menu-item-332\" class=\"menu-cha menu-item menu-item-type-custom menu-item-object-custom menu-item-332\"><a href=\"https:\/\/bizhostvn.com\/w\/print3\/bai-viet\/in-an\/in-an-pham-quang-cao\/\">In \u1ea5n ph\u1ea9m qu\u1ea3ng c\u00e1o<\/a><\/li>\n<li id=\"menu-item-333\" class=\"menu-item menu-item-type-custom menu-item-object-custom menu-item-333\"><a href=\"https:\/\/bizhostvn.com\/w\/print3\/bao-gia-in-nhanh-thiep-tet-giay-moi\/\">In nhanh Thi\u1ec7p T\u1ebft &#8211; Gi\u1ea5y m\u1eddi<\/a><\/li>\n<li id=\"menu-item-334\" class=\"menu-item menu-item-type-custom menu-item-object-custom menu-item-334\"><a href=\"https:\/\/bizhostvn.com\/w\/print3\/bao-gia-in-nhanh-to-roi-thiep-gap\/\">In nhanh T\u1edd r\u01a1i &#8211; T\u1edd g\u1ea5p<\/a><\/li>\n<li id=\"menu-item-358\" class=\"menu-item menu-item-type-custom menu-item-object-custom menu-item-358\"><a href=\"https:\/\/bizhostvn.com\/w\/print3\/bao-gia-in-nhanh-catalogue-brochure\/\">In nhanh Catalogue &#8211; Brochure<\/a><\/li>\n<li id=\"menu-item-359\" class=\"menu-item menu-item-type-custom menu-item-object-custom menu-item-359\"><a href=\"https:\/\/bizhostvn.com\/w\/print3\/bao-gia-in-nhanh-voucher-the-vip\/\">In nhanh Voucher &#8211; Th\u1ebb VIP<\/a><\/li>\n<li id=\"menu-item-360\" class=\"menu-item menu-item-type-custom menu-item-object-custom menu-item-360\"><a href=\"https:\/\/bizhostvn.com\/w\/print3\/bao-gia-in-nhanh-chung-chi-giay-khen\/\">In nhanh Ch\u1ee9ng ch\u1ec9 &#8211; Gi\u1ea5y khen<\/a><\/li>\n<li id=\"menu-item-361\" class=\"menu-item menu-item-type-custom menu-item-object-custom menu-item-361\"><a href=\"https:\/\/bizhostvn.com\/w\/print3\/bao-gia-in-nhanh-menu-thuc-don-nha-hang\/\">In nhanh Menu &#8211; Th\u1ef1c \u0111\u01a1n<\/a><\/li>\n<li id=\"menu-item-366\" class=\"menu-cha menu-item menu-item-type-custom menu-item-object-custom menu-item-366\"><a href=\"https:\/\/bizhostvn.com\/w\/print3\/bai-viet\/in-an\/in-an-pham-van-phong\/\">In \u1ea5n ph\u1ea9m v\u0103n ph\u00f2ng<\/a><\/li>\n<li id=\"menu-item-367\" class=\"menu-item menu-item-type-custom menu-item-object-custom menu-item-367\"><a href=\"https:\/\/bizhostvn.com\/w\/print3\/bao-gia-in-nhanh-namecard-danh-thiep\/\">In nhanh Namecard &#8211; Danh thi\u1ebfp<\/a><\/li>\n<li id=\"menu-item-368\" class=\"menu-item menu-item-type-custom menu-item-object-custom menu-item-368\"><a href=\"https:\/\/bizhostvn.com\/w\/print3\/bao-gia-in-nhanh-folder-kep-file\/\">In nhanh Folder- K\u1eb9p file<\/a><\/li>\n<li id=\"menu-item-369\" class=\"menu-item menu-item-type-custom menu-item-object-custom menu-item-369\"><a href=\"https:\/\/bizhostvn.com\/w\/print3\/bao-gia-in-nhanh-tieu-de-thu-letter-head\/\">In nhanh Ti\u00eau \u0111\u1ec1 &#8211; Letterhead<\/a><\/li>\n<li id=\"menu-item-370\" class=\"menu-item menu-item-type-custom menu-item-object-custom menu-item-370\"><a href=\"https:\/\/bizhostvn.com\/w\/print3\/bao-gia-in-nhanh-phong-bi-thu-envelope\/\">In nhanh Phong b\u00ec th\u01b0 &#8211; Envelope<\/a><\/li>\n<li id=\"menu-item-371\" class=\"menu-cha menu-item menu-item-type-custom menu-item-object-custom menu-item-371\"><a href=\"https:\/\/bizhostvn.com\/w\/print3\/bai-viet\/in-an\/in-decal-tem-nhan-dinh\/\">In decal, tem nh\u00e3n d\u00ednh<\/a><\/li>\n<li id=\"menu-item-372\" class=\"menu-item menu-item-type-custom menu-item-object-custom menu-item-372\"><a href=\"https:\/\/bizhostvn.com\/w\/print3\/bao-gia-in-decal-vo-tem-bao-hanh\/\">In Decal v\u1ee1 &#8211; Tem b\u1ea3o h\u00e0nh<\/a><\/li>\n<li id=\"menu-item-373\" class=\"menu-item menu-item-type-custom menu-item-object-custom menu-item-373\"><a href=\"https:\/\/bizhostvn.com\/w\/print3\/bao-gia-in-nhanh-tem-decal-trong-pvc\/\">In Tem decal trong &#8211; PVC<\/a><\/li>\n<li id=\"menu-item-374\" class=\"menu-item menu-item-type-custom menu-item-object-custom menu-item-374\"><a href=\"https:\/\/bizhostvn.com\/w\/print3\/bao-gia-in-nhanh-tem-decal-nhua-pvc-sticker\/\">In Tem decal nh\u1ef1a PCV &#8211; Sticker<\/a><\/li>\n<li id=\"menu-item-375\" class=\"menu-item menu-item-type-custom menu-item-object-custom menu-item-375\"><a href=\"https:\/\/bizhostvn.com\/w\/print3\/bao-gia-in-nhanh-tem-decal-giay-nhan\/\">In Tem decal gi\u1ea5y, nh\u00e3n<\/a><\/li>\n<li id=\"menu-item-376\" class=\"menu-item menu-item-type-custom menu-item-object-custom menu-item-376\"><a href=\"https:\/\/bizhostvn.com\/w\/print3\/bao-gia-in-nhanh-tem-decal-krap-da-bo\/\">In Tem decal KRAP da b\u00f2<\/a><\/li>\n<li id=\"menu-item-377\" class=\"menu-item menu-item-type-custom menu-item-object-custom menu-item-377\"><a href=\"https:\/\/bizhostvn.com\/w\/print3\/bao-gia-in-nhanh-tem-decal-bac-decal-thiec\/\">In Tem decal b\u1ea1c, decal thi\u1ebfc<\/a><\/li>\n<li id=\"menu-item-383\" class=\"menu-cha menu-item menu-item-type-custom menu-item-object-custom menu-item-383\"><a href=\"https:\/\/bizhostvn.com\/w\/print3\/bai-viet\/in-an\/in-an-pham-ca-nhan\/\">In \u1ea5n ph\u1ea9m c\u00e1 nh\u00e2n<\/a><\/li>\n<li id=\"menu-item-384\" class=\"menu-item menu-item-type-custom menu-item-object-custom menu-item-384\"><a href=\"https:\/\/bizhostvn.com\/w\/print3\/bao-gia-in-ky-yeu-yearbook-2018\/\">In K\u1ef7 y\u1ebfu &#8211; Yearbook 2018<\/a><\/li>\n<li id=\"menu-item-385\" class=\"menu-item menu-item-type-custom menu-item-object-custom menu-item-385\"><a href=\"https:\/\/bizhostvn.com\/w\/print3\/bao-gia-in-lich-tet-lich-ban-calendar\/\">In L\u1ecbch T\u1ebft &#8211; L\u1ecbch b\u00e0n &#8211; Calendar<\/a><\/li>\n<li id=\"menu-item-386\" class=\"menu-item menu-item-type-custom menu-item-object-custom menu-item-386\"><a href=\"https:\/\/bizhostvn.com\/w\/print3\/bao-gia-in-sach-album-anh-photobook\/\">In S\u00e1ch \u1ea3nh &#8211; Photobook<\/a><\/li>\n<li id=\"menu-item-387\" class=\"menu-item menu-item-type-custom menu-item-object-custom menu-item-387\"><a href=\"https:\/\/bizhostvn.com\/w\/print3\/bao-gia-in-so-tay-lovebook-notebook\/\">In S\u1ed5 tay &#8211; Lovebook &#8211; Notebook<\/a><\/li>\n<li id=\"menu-item-388\" class=\"menu-item menu-item-type-custom menu-item-object-custom menu-item-388\"><a href=\"https:\/\/bizhostvn.com\/w\/print3\/bao-gia-in-tranh-canvas-anh-go\/\">In Tranh Canvas &#8211; \u1ea2nh g\u1ed7<\/a><\/li>\n<li id=\"menu-item-389\" class=\"menu-cha menu-item menu-item-type-custom menu-item-object-custom menu-item-389\"><a href=\"https:\/\/bizhostvn.com\/w\/print3\/bai-viet\/in-an\/in-an-pham-quang-cao\/\">In qu\u1ea3ng c\u00e1o kh\u1ed5 l\u1edbn<\/a><\/li>\n<li id=\"menu-item-390\" class=\"menu-item menu-item-type-custom menu-item-object-custom menu-item-390\"><a href=\"https:\/\/bizhostvn.com\/w\/print3\/bao-gia-in-bat-hiflex\/\">In b\u1ea1t Hiflex<\/a><\/li>\n<li id=\"menu-item-391\" class=\"menu-item menu-item-type-custom menu-item-object-custom menu-item-391\"><a href=\"https:\/\/bizhostvn.com\/w\/print3\/bao-gia-in-decal-pp-ngoai-troi\/\">In Decal PP ngo\u00e0i tr\u1eddi<\/a><\/li>\n<li id=\"menu-item-392\" class=\"menu-item menu-item-type-custom menu-item-object-custom menu-item-392\"><a href=\"https:\/\/bizhostvn.com\/w\/print3\/bao-gia-in-decal-pp-trong-nha\/\">In Decal PP trong nh\u00e0<\/a><\/li>\n<li id=\"menu-item-393\" class=\"menu-item menu-item-type-custom menu-item-object-custom menu-item-393\"><a href=\"https:\/\/bizhostvn.com\/w\/print3\/bao-gia-in-standee-gia-chu-x-bang-ron\/\">In Standee &#8211; B\u0103ng r\u00f4n<\/a><\/li>\n<li id=\"menu-item-394\" class=\"menu-item menu-item-type-custom menu-item-object-custom menu-item-394\"><a href=\"https:\/\/bizhostvn.com\/w\/print3\/bao-gia-in-decal-pp-boi-formech\/\">In Decal PP b\u1ed3i Formech<\/a><\/li>\n<\/ul><\/div><\/li><\/ul>\n\t\t<\/div>\n\t\t\t<\/div>\n\n\t\n\n\t<div id=\"col-788731650\" class=\"col medium-6 small-12 large-6\"  >\n\t\t<div class=\"col-inner\"  >\n\t\t\t\n\t\t\t\n<p><span style=\"font-size: 95%;\">Xin ch\u00e0o b\u1ea1n \u2013 \u0111\u1ed9c gi\u1ea3 c\u1ee7a <a href=\"https:\/\/webdesign.com\/\">Webdesign.com<\/a>,<\/span><\/p>\n<p><span style=\"font-size: 95%;\">L\u1eddi \u0111\u1ea7u ti\u00ean, cho ph\u00e9p WEBDESIGN \u0111\u01b0\u1ee3c g\u1eedi t\u1edbi qu\u00fd kh\u00e1ch, qu\u00fd th\u00e2n nh\u00e2n v\u00e0 b\u1ea1n b\u00e8 l\u1eddi ch\u00fac s\u1ee9c kh\u1ecfe, th\u00e0nh \u0111\u1ea1t v\u00e0 h\u1ea1nh ph\u00fac.<\/span><\/p>\n<p><span style=\"font-size: 95%;\"><a href=\"http:\/\/webdesign.com\/\">Webdesign.com<\/a> \u0111\u01b0\u1ee3c th\u00e0nh l\u1eadp th\u00e1ng 11\/2016 d\u01b0\u1edbi d\u1ea1ng Blog c\u00e1 nh\u00e2n, v\u1edbi m\u1ee5c \u0111\u00edch ban \u0111\u1ea7u l\u00e0 n\u01a1i\u00a0l\u01b0u tr\u1eef nh\u1eefng <strong>b\u00e0i vi\u1ebft ki\u1ebfn th\u1ee9c<\/strong> ho\u1eb7c nh\u1eefng<strong> s\u1ea3n ph\u1ea9m s\u00e1ng t\u1ea1o<\/strong> trong qu\u00e1 tr\u00ecnh h\u1ecdc t\u1eadp,\u00a0l\u00e0m vi\u1ec7c.<\/span><\/p>\n<p><span style=\"font-size: 95%;\">Sau m\u1ed9t th\u1eddi gian ho\u1ea1t \u0111\u1ed9ng, website \u0111\u00e3 c\u00f3 nh\u1eefng b\u01b0\u1edbc ti\u1ebfn \u0111\u00e1ng k\u1ec3 c\u1ea3 v\u1ec1 ch\u1ea5t l\u01b0\u1ee3ng v\u00e0 h\u00ecnh th\u1ee9c. S\u1ed1 l\u01b0\u1ee3ng kh\u00e1ch truy c\u1eadp website\u00a0tr\u1edf th\u00e0nh kh\u00e1ch h\u00e0ng s\u1eed d\u1ee5ng d\u1ecbch v\u1ee5 thi\u1ebft k\u1ebf t\u0103ng l\u00ean \u0111\u00e1ng k\u1ec3. T\u1eeb vi\u1ec7c ch\u0103m ch\u00fat n\u1ed9i dung cho website theo s\u1edf th\u00edch, WEBDESIGN\u00a0\u0111\u00e3 d\u1ea7n chinh ph\u1ee5c kh\u00e1ch h\u00e0ng v\u1edbi nh\u1eefng d\u1ecbch v\u1ee5 thi\u1ebft k\u1ebf s\u00e1ng t\u1ea1o uy t\u00edn v\u00e0 ch\u1ea5t l\u01b0\u1ee3ng.<\/span><\/p>\n<p><span style=\"font-size: 95%;\">T\u1ef1 tin v\u1edbi kh\u1ea3 n\u0103ng \u0111\u00e1p \u1ee9ng m\u1ecdi y\u00eau c\u1ea7u thi\u1ebft k\u1ebf c\u1ee7a kh\u00e1ch h\u00e0ng, WEBDESIGN ch\u00ednh th\u1ee9c \u0111em l\u1ea1i d\u1ecbch v\u1ee5 <strong>Thi\u1ebft k\u1ebf \u0111\u1ed3 h\u1ecda<\/strong>\u00a0v\u00e0 <strong>Thi\u1ebft k\u1ebf Website chuy\u00ean nghi\u1ec7p\u00a0<\/strong>t\u1eeb \u0111\u1ea7u n\u0103m 2017.<strong>\u00a0<\/strong>S\u1ef1 \u1ee7ng h\u1ed9 v\u00e0 tin t\u01b0\u1edfng c\u1ee7a kh\u00e1ch h\u00e0ng s\u1ebd\u00a0tr\u1edf th\u00e0nh ngu\u1ed3n c\u1ea3m h\u1ee9ng\u00a0l\u1edbn lao cho WEBDESIGN\u00a0trong qu\u00e1 tr\u00ecnh\u00a0ph\u00e1c h\u1ecda nh\u1eefng \u00fd t\u01b0\u1edfng thi\u1ebft k\u1ebf \u0111\u01b0\u1ee3c tr\u1edf th\u00e0nh hi\u1ec7n th\u1ef1c.<\/span><\/p>\n<p><span style=\"font-size: 95%;\">Xin c\u00e1m \u01a1n s\u1ef1 tin t\u01b0\u1edfng v\u00e0 \u1ee7ng h\u1ed9 c\u1ee7a qu\u00fd kh\u00e1ch trong th\u1eddi gian qua.<\/span><\/p>\n<p><span style=\"font-size: 95%;\">Tr\u00e2n tr\u1ecdng.\/.<\/span><\/p>\n<p><span style=\"font-size: 95%;\">Admin<\/span><\/p>\n\t\t<\/div>\n\t\t\t<\/div>\n\n\t\n\n\t<div id=\"col-1313100294\" class=\"col medium-3 small-12 large-3\"  >\n\t\t<div class=\"col-inner\"  >\n\t\t\t\n\t\t\t\n<div role=\"form\" class=\"wpcf7\" id=\"wpcf7-f503-o1\" lang=\"vi\" dir=\"ltr\">\n<div class=\"screen-reader-response\"><p role=\"status\" aria-live=\"polite\" aria-atomic=\"true\"><\/p> <ul><\/ul><\/div>\n<form action=\"\/w\/print3\/wp-json\/wp\/v2\/pages\/63#wpcf7-f503-o1\" method=\"post\" class=\"wpcf7-form init\" novalidate=\"novalidate\" data-status=\"init\">\n<div style=\"display: none;\">\n<input type=\"hidden\" name=\"_wpcf7\" value=\"503\" \/>\n<input type=\"hidden\" name=\"_wpcf7_version\" value=\"5.3\" \/>\n<input type=\"hidden\" name=\"_wpcf7_locale\" value=\"vi\" \/>\n<input type=\"hidden\" name=\"_wpcf7_unit_tag\" value=\"wpcf7-f503-o1\" \/>\n<input type=\"hidden\" name=\"_wpcf7_container_post\" value=\"0\" \/>\n<input type=\"hidden\" name=\"_wpcf7_posted_data_hash\" value=\"\" \/>\n<\/div>\n<h3>Bi\u1ec3u m\u1eabu li\u00ean h\u1ec7<\/h3>\n<p><span class=\"wpcf7-form-control-wrap text-30\"><input type=\"text\" name=\"text-30\" value=\"\" size=\"40\" class=\"wpcf7-form-control wpcf7-text wpcf7-validates-as-required\" aria-required=\"true\" aria-invalid=\"false\" placeholder=\"H\u1ecd t\u00ean c\u1ee7a b\u1ea1n...\" \/><\/span><br \/>\n<span class=\"wpcf7-form-control-wrap email-480\"><input type=\"email\" name=\"email-480\" value=\"\" size=\"40\" class=\"wpcf7-form-control wpcf7-text wpcf7-email wpcf7-validates-as-email\" aria-invalid=\"false\" placeholder=\"Email c\u1ee7a b\u1ea1n...\" \/><\/span><br \/>\n<span class=\"wpcf7-form-control-wrap tel-572\"><input type=\"tel\" name=\"tel-572\" value=\"\" size=\"40\" class=\"wpcf7-form-control wpcf7-text wpcf7-tel wpcf7-validates-as-required wpcf7-validates-as-tel\" aria-required=\"true\" aria-invalid=\"false\" placeholder=\"S\u1ed1 \u0111i\u1ec7n tho\u1ea1i...\" \/><\/span><br \/>\n<span class=\"wpcf7-form-control-wrap text-354\"><input type=\"text\" name=\"text-354\" value=\"\" size=\"40\" class=\"wpcf7-form-control wpcf7-text wpcf7-validates-as-required\" aria-required=\"true\" aria-invalid=\"false\" placeholder=\"S\u1ea3n ph\u1ea9m &amp; d\u1ecbch v\u1ee5 c\u1ea7n t\u01b0 v\u1ea5n\" \/><\/span><br \/>\n<span class=\"wpcf7-form-control-wrap textarea-836\"><textarea name=\"textarea-836\" cols=\"40\" rows=\"10\" class=\"wpcf7-form-control wpcf7-textarea wpcf7-validates-as-required\" aria-required=\"true\" aria-invalid=\"false\" placeholder=\"N\u1ed9i dung chi ti\u1ebft...\"><\/textarea><\/span><br \/>\n<input type=\"submit\" value=\"G\u1eedi li\u00ean h\u1ec7\" class=\"wpcf7-form-control wpcf7-submit\" \/><\/p>\n<div class=\"wpcf7-response-output\" aria-hidden=\"true\"><\/div><\/form><\/div>\n\t\t<\/div>\n\t\t\t<\/div>\n\n\t\n<\/div>\n","protected":false},"excerpt":{"rendered":"","protected":false},"author":1,"featured_media":0,"parent":0,"menu_order":0,"comment_status":"closed","ping_status":"closed","template":"","meta":[],"_links":{"self":[{"href":"https:\/\/webmaibinh.com\/w\/print3\/wp-json\/wp\/v2\/pages\/63"}],"collection":[{"href":"https:\/\/webmaibinh.com\/w\/print3\/wp-json\/wp\/v2\/pages"}],"about":[{"href":"https:\/\/webmaibinh.com\/w\/print3\/wp-json\/wp\/v2\/types\/page"}],"author":[{"embeddable":true,"href":"https:\/\/webmaibinh.com\/w\/print3\/wp-json\/wp\/v2\/users\/1"}],"replies":[{"embeddable":true,"href":"https:\/\/webmaibinh.com\/w\/print3\/wp-json\/wp\/v2\/comments?post=63"}],"version-history":[{"count":0,"href":"https:\/\/webmaibinh.com\/w\/print3\/wp-json\/wp\/v2\/pages\/63\/revisions"}],"wp:attachment":[{"href":"https:\/\/webmaibinh.com\/w\/print3\/wp-json\/wp\/v2\/media?parent=63"}],"curies":[{"name":"wp","href":"https:\/\/api.w.org\/{rel}","templated":true}]}}