{"id":539,"date":"2018-06-04T23:33:42","date_gmt":"2018-06-04T16:33:42","guid":{"rendered":"http:\/\/phunxam.khowebseotop.vn\/?page_id=539"},"modified":"2020-05-07T22:27:34","modified_gmt":"2020-05-07T15:27:34","slug":"lien-he","status":"publish","type":"page","link":"https:\/\/webmaibinh.com\/w\/phunxam2011\/lien-he\/","title":{"rendered":"Li\u00ean h\u1ec7"},"content":{"rendered":"\n\t<div class=\"img has-hover x md-x lg-x y md-y lg-y\" id=\"image_199976355\">\n\t\t\t\t\t\t\t\t<div class=\"img-inner image-cover dark\" style=\"padding-top:20%;\">\n\t\t\t\t\t\t\t\t\t\n\t\t\t\t\t<\/div>\n\t\t\t\t\t\t\t\t\n<style>\n#image_199976355 {\n  width: 100%;\n}\n<\/style>\n\t<\/div>\n\t\n\n\t<div id=\"gap-998788559\" class=\"gap-element clearfix\" style=\"display:block; height:auto;\">\n\t\t\n<style>\n#gap-998788559 {\n  padding-top: 30px;\n}\n<\/style>\n\t<\/div>\n\t\n\n<div class=\"row\"  id=\"row-1897125668\">\n\n\n\t<div id=\"col-1645381651\" class=\"col medium-8 small-12 large-8\"  >\n\t\t<div class=\"col-inner\"  >\n\t\t\t\n\t\t\t\n\n<h4 class=\"gp-widget-title\">TH\u00d4NG TIN LI\u00caN H\u1ec6<\/h4>\n<ul>\n<li>\u0110\u1ecba ch\u1ec9: <span style=\"font-size: 100%;\">Ph\u1ea1m V\u0103n B\u1ea1ch, P. 15, Q. T\u00e2n B\u00ecnh, Tp. HCM<\/span><\/li>\n<li>Email: <a href=\"#\"><span style=\"font-size: 100%;\">email@gmail.com\u00a0<\/span><\/a><\/li>\n<li>Website:\u00a0<a href=\"#\"><span style=\"font-size: 100%;\">www.tenweb.vn<\/span><\/a><\/li>\n<li><a href=\"#\"><span style=\"font-size: 100%;\">fb.com\/facebook<\/span><\/a><\/li>\n<\/ul>\n<p><b>Hotline t\u01b0 v\u1ea5n 24\/7:\u00a0<span style=\"font-size: 100%;\">0999.999.999<\/span><br \/><\/b><\/p>\n<p><iframe style=\"border: 0;\" src=\"https:\/\/www.google.com\/maps\/embed?pb=!1m18!1m12!1m3!1d3919.3351581801553!2d106.69751825030643!3d10.785621761935591!2m3!1f0!2f0!3f0!3m2!1i1024!2i768!4f13.1!3m3!1m2!1s0x31752f876a164ff9%3A0x69d44958d6bba8d5!2zxJBpw6p1IEto4bqvYyBDaMOibiBNw6B5IEplbm5pZWJyb3dz!5e0!3m2!1svi!2s!4v1530806684334\" width=\"100%\" height=\"200px\" frameborder=\"0\" allowfullscreen=\"allowfullscreen\"><\/iframe><\/p>\n\n\t\t<\/div>\n\t\t\t<\/div>\n\n\t\n\n\t<div id=\"col-329818168\" class=\"col medium-4 small-12 large-4\"  >\n\t\t<div class=\"col-inner\"  >\n\t\t\t\n\t\t\t\n\n<h3><span style=\"font-size: 95%;\">\u0110\u0103ng k\u00fd l\u1ecbch h\u1eb9n<\/span><\/h3>\n<div role=\"form\" class=\"wpcf7\" id=\"wpcf7-f345-o1\" lang=\"vi\" dir=\"ltr\">\n<div class=\"screen-reader-response\"><p role=\"status\" aria-live=\"polite\" aria-atomic=\"true\"><\/p> <ul><\/ul><\/div>\n<form action=\"\/w\/phunxam2011\/wp-json\/wp\/v2\/pages\/539#wpcf7-f345-o1\" method=\"post\" class=\"wpcf7-form init\" novalidate=\"novalidate\" data-status=\"init\">\n<div style=\"display: none;\">\n<input type=\"hidden\" name=\"_wpcf7\" value=\"345\" \/>\n<input type=\"hidden\" name=\"_wpcf7_version\" value=\"5.3\" \/>\n<input type=\"hidden\" name=\"_wpcf7_locale\" value=\"vi\" \/>\n<input type=\"hidden\" name=\"_wpcf7_unit_tag\" value=\"wpcf7-f345-o1\" \/>\n<input type=\"hidden\" name=\"_wpcf7_container_post\" value=\"0\" \/>\n<input type=\"hidden\" name=\"_wpcf7_posted_data_hash\" value=\"\" \/>\n<\/div>\n<div class=\"dat-lich-hen\">\n<div class=\"li\">\n<span class=\"wpcf7-form-control-wrap text-385\"><input type=\"text\" name=\"text-385\" value=\"\" size=\"40\" class=\"wpcf7-form-control wpcf7-text wpcf7-validates-as-required\" aria-required=\"true\" aria-invalid=\"false\" placeholder=\"H\u1ecd t\u00ean c\u1ee7a b\u1ea1n...\" \/><\/span>\n<\/div>\n<div class=\"li\">\n<span class=\"wpcf7-form-control-wrap email-447\"><input type=\"email\" name=\"email-447\" value=\"\" size=\"40\" class=\"wpcf7-form-control wpcf7-text wpcf7-email wpcf7-validates-as-required wpcf7-validates-as-email\" aria-required=\"true\" aria-invalid=\"false\" placeholder=\"\u0110\u1ecba ch\u1ec9 email...\" \/><\/span>\n<\/div>\n<div class=\"li\">\n<span class=\"wpcf7-form-control-wrap tel-156\"><input type=\"tel\" name=\"tel-156\" value=\"\" size=\"40\" class=\"wpcf7-form-control wpcf7-text wpcf7-tel wpcf7-validates-as-required wpcf7-validates-as-tel\" aria-required=\"true\" aria-invalid=\"false\" placeholder=\"S\u1ed1 \u0111i\u1ec7n tho\u1ea1i c\u1ee7a b\u1ea1n...\" \/><\/span>\n<\/div>\n<div class=\"li\">\n<span class=\"wpcf7-form-control-wrap text-383\"><input type=\"text\" name=\"text-383\" value=\"\" size=\"40\" class=\"wpcf7-form-control wpcf7-text wpcf7-validates-as-required\" aria-required=\"true\" aria-invalid=\"false\" placeholder=\"D\u1ecbch v\u1ee5 b\u1ea1n mu\u1ed1n \u0111\u1eb7t l\u1ecbch h\u1eb9n\" \/><\/span>\n<\/div>\n<div class=\"li\">\n<span class=\"wpcf7-form-control-wrap date-204\"><input type=\"date\" name=\"date-204\" value=\"\" class=\"wpcf7-form-control wpcf7-date wpcf7-validates-as-required wpcf7-validates-as-date\" aria-required=\"true\" aria-invalid=\"false\" placeholder=\"L\u1ecbch h\u1eb9n ch\u00ednh x\u00e1c\" \/><\/span>\n<\/div>\n<div class=\"li\">\n<input type=\"submit\" value=\"\u0110\u0103ng k\u00fd ngay\" class=\"wpcf7-form-control wpcf7-submit\" \/>\n<\/div>\n<\/div>\n<div class=\"wpcf7-response-output\" aria-hidden=\"true\"><\/div><\/form><\/div>\n\n<div class=\"social-icons follow-icons\" ><a href=\"https:\/\/www.facebook.com\/thao.bui.phibrows\/\" target=\"_blank\" data-label=\"Facebook\"  rel=\"noopener noreferrer nofollow\" class=\"icon primary button circle facebook tooltip\" title=\"Follow on Facebook\"><i class=\"icon-facebook\" ><\/i><\/a><a href=\"#\" target=\"_blank\" rel=\"noopener noreferrer nofollow\"  data-label=\"Pinterest\"  class=\"icon primary button circle  pinterest tooltip\" title=\"Follow on Pinterest\"><i class=\"icon-pinterest\" ><\/i><\/a><a href=\"#\" target=\"_blank\" rel=\"noopener noreferrer nofollow\" data-label=\"YouTube\" class=\"icon primary button circle  youtube tooltip\" title=\"Follow on YouTube\"><i class=\"icon-youtube\" ><\/i><\/a><\/div>\n\n\n\t\t<\/div>\n\t\t\t<\/div>\n\n\t\n\n<\/div>\n\n","protected":false},"excerpt":{"rendered":"","protected":false},"author":3,"featured_media":0,"parent":0,"menu_order":0,"comment_status":"closed","ping_status":"closed","template":"page-blank.php","meta":[],"_links":{"self":[{"href":"https:\/\/webmaibinh.com\/w\/phunxam2011\/wp-json\/wp\/v2\/pages\/539"}],"collection":[{"href":"https:\/\/webmaibinh.com\/w\/phunxam2011\/wp-json\/wp\/v2\/pages"}],"about":[{"href":"https:\/\/webmaibinh.com\/w\/phunxam2011\/wp-json\/wp\/v2\/types\/page"}],"author":[{"embeddable":true,"href":"https:\/\/webmaibinh.com\/w\/phunxam2011\/wp-json\/wp\/v2\/users\/3"}],"replies":[{"embeddable":true,"href":"https:\/\/webmaibinh.com\/w\/phunxam2011\/wp-json\/wp\/v2\/comments?post=539"}],"version-history":[{"count":6,"href":"https:\/\/webmaibinh.com\/w\/phunxam2011\/wp-json\/wp\/v2\/pages\/539\/revisions"}],"predecessor-version":[{"id":808,"href":"https:\/\/webmaibinh.com\/w\/phunxam2011\/wp-json\/wp\/v2\/pages\/539\/revisions\/808"}],"wp:attachment":[{"href":"https:\/\/webmaibinh.com\/w\/phunxam2011\/wp-json\/wp\/v2\/media?parent=539"}],"curies":[{"name":"wp","href":"https:\/\/api.w.org\/{rel}","templated":true}]}}