{"id":521,"date":"2018-06-04T23:28:50","date_gmt":"2018-06-04T16:28:50","guid":{"rendered":"http:\/\/phunxam.khowebseotop.vn\/?page_id=521"},"modified":"2018-06-04T23:33:11","modified_gmt":"2018-06-04T16:33:11","slug":"bang-gia","status":"publish","type":"page","link":"https:\/\/webmaibinh.com\/w\/phunxam2011\/bang-gia\/","title":{"rendered":"B\u1ea3ng gi\u00e1"},"content":{"rendered":"\t<div class=\"img has-hover x md-x lg-x y md-y lg-y\" id=\"image_167364158\">\n\t\t\t\t\t\t\t\t<div class=\"img-inner image-cover dark\" style=\"padding-top:21%;\">\n\t\t\t<img width=\"1142\" height=\"437\" src=\"https:\/\/webmaibinh.com\/w\/phunxam2011\/wp-content\/uploads\/2018\/06\/slider1.jpg\" class=\"attachment-original size-original\" alt=\"\" loading=\"lazy\" srcset=\"https:\/\/webmaibinh.com\/w\/phunxam2011\/wp-content\/uploads\/2018\/06\/slider1.jpg 1142w, https:\/\/webmaibinh.com\/w\/phunxam2011\/wp-content\/uploads\/2018\/06\/slider1-300x115.jpg 300w, https:\/\/webmaibinh.com\/w\/phunxam2011\/wp-content\/uploads\/2018\/06\/slider1-768x294.jpg 768w, https:\/\/webmaibinh.com\/w\/phunxam2011\/wp-content\/uploads\/2018\/06\/slider1-1024x392.jpg 1024w\" sizes=\"(max-width: 1142px) 100vw, 1142px\" \/>\t\t\t\t\t\t\n\t\t\t\t\t<\/div>\n\t\t\t\t\t\t\t\t\n<style>\n#image_167364158 {\n  width: 100%;\n}\n<\/style>\n\t<\/div>\n\t\n\t<div id=\"gap-1635738079\" class=\"gap-element clearfix\" style=\"display:block; height:auto;\">\n\t\t\n<style>\n#gap-1635738079 {\n  padding-top: 30px;\n}\n<\/style>\n\t<\/div>\n\t\n<div class=\"row row-dashed\"  id=\"row-1207983036\">\n\n\t<div id=\"col-3433186\" class=\"col medium-6 small-12 large-6\"  >\n\t\t<div class=\"col-inner\"  >\n\t\t\t\n\t\t\t\n<h3><span style=\"font-size: 95%;\">B\u1ea3ng gi\u00e1 phun m\u00f4i th\u1ea9m m\u1ef9<\/span><\/h3>\n<table>\n<tbody>\n<tr>\n<td>D\u1ecaCH V\u1ee4<\/td>\n<td>Chi ph\u00ed<\/td>\n<td><strong>Th\u1eddi gian th\u1ef1c hi\u1ec7n (ph\u00fat)<\/strong><\/td>\n<\/tr>\n<tr>\n<td>N\u00e2ng m\u0169i H\u00e0n Qu\u1ed1c<\/td>\n<td><b>10<\/b><\/td>\n<td>45<\/td>\n<\/tr>\n<tr>\n<td>N\u00e2ng m\u0169i b\u1ecdc s\u1ee5n<\/td>\n<td><b>15<\/b><\/td>\n<td>45-60<\/td>\n<\/tr>\n<tr>\n<td>N\u00e2ng m\u0169i S line\/ L line 3D<\/td>\n<td><b>25<\/b><\/td>\n<td>60<\/td>\n<\/tr>\n<tr>\n<td>N\u00e2ng m\u0169i c\u1ea5u tr\u00fac 4D<\/td>\n<td><b>35<\/b><\/td>\n<td>60<\/td>\n<\/tr>\n<tr>\n<td>N\u00e2ng m\u0169i c\u1ea5u tr\u00fac 4D si\u00eau \u00e2m<\/td>\n<td><b>45<\/b><\/td>\n<td>60<\/td>\n<\/tr>\n<tr>\n<td>N\u00e2ng m\u0169i c\u1ea5u tr\u00fac 4D NanoForm<\/td>\n<td><b>55<\/b><\/td>\n<td>60-90<\/td>\n<\/tr>\n<tr>\n<td>N\u00e2ng m\u0169i c\u1ea5u tr\u00fac 4D t\u1ef1 th\u00e2n<\/td>\n<td><b>75<\/b><\/td>\n<td>60-90<\/td>\n<\/tr>\n<\/tbody>\n<\/table>\n\t\t<\/div>\n\t\t\t<\/div>\n\n\t\n\n\t<div id=\"col-533016581\" class=\"col medium-6 small-12 large-6\"  >\n\t\t<div class=\"col-inner\"  >\n\t\t\t\n\t\t\t\n<h3><span style=\"font-size: 95%;\">B\u1ea3ng gi\u00e1 phun m\u00f4i th\u1ea9m m\u1ef9<\/span><\/h3>\n<table>\n<tbody>\n<tr>\n<td>D\u1ecaCH V\u1ee4<\/td>\n<td>Chi ph\u00ed<\/td>\n<td><strong>Th\u1eddi gian th\u1ef1c hi\u1ec7n (ph\u00fat)<\/strong><\/td>\n<\/tr>\n<tr>\n<td>N\u00e2ng m\u0169i H\u00e0n Qu\u1ed1c<\/td>\n<td><b>10<\/b><\/td>\n<td>45<\/td>\n<\/tr>\n<tr>\n<td>N\u00e2ng m\u0169i b\u1ecdc s\u1ee5n<\/td>\n<td><b>15<\/b><\/td>\n<td>45-60<\/td>\n<\/tr>\n<tr>\n<td>N\u00e2ng m\u0169i S line\/ L line 3D<\/td>\n<td><b>25<\/b><\/td>\n<td>60<\/td>\n<\/tr>\n<tr>\n<td>N\u00e2ng m\u0169i c\u1ea5u tr\u00fac 4D<\/td>\n<td><b>35<\/b><\/td>\n<td>60<\/td>\n<\/tr>\n<tr>\n<td>N\u00e2ng m\u0169i c\u1ea5u tr\u00fac 4D si\u00eau \u00e2m<\/td>\n<td><b>45<\/b><\/td>\n<td>60<\/td>\n<\/tr>\n<tr>\n<td>N\u00e2ng m\u0169i c\u1ea5u tr\u00fac 4D NanoForm<\/td>\n<td><b>55<\/b><\/td>\n<td>60-90<\/td>\n<\/tr>\n<tr>\n<td>N\u00e2ng m\u0169i c\u1ea5u tr\u00fac 4D t\u1ef1 th\u00e2n<\/td>\n<td><b>75<\/b><\/td>\n<td>60-90<\/td>\n<\/tr>\n<\/tbody>\n<\/table>\n\t\t<\/div>\n\t\t\t<\/div>\n\n\t\n<\/div>\n<div class=\"row row-dashed\"  id=\"row-1144163722\">\n\n\t<div id=\"col-1503206267\" class=\"col medium-6 small-12 large-6\"  >\n\t\t<div class=\"col-inner\"  >\n\t\t\t\n\t\t\t\n<h3><span style=\"font-size: 95%;\">B\u1ea3ng gi\u00e1 phun m\u00f4i th\u1ea9m m\u1ef9<\/span><\/h3>\n<table>\n<tbody>\n<tr>\n<td>D\u1ecaCH V\u1ee4<\/td>\n<td>Chi ph\u00ed<\/td>\n<td><strong>Th\u1eddi gian th\u1ef1c hi\u1ec7n (ph\u00fat)<\/strong><\/td>\n<\/tr>\n<tr>\n<td>N\u00e2ng m\u0169i H\u00e0n Qu\u1ed1c<\/td>\n<td><b>10<\/b><\/td>\n<td>45<\/td>\n<\/tr>\n<tr>\n<td>N\u00e2ng m\u0169i b\u1ecdc s\u1ee5n<\/td>\n<td><b>15<\/b><\/td>\n<td>45-60<\/td>\n<\/tr>\n<tr>\n<td>N\u00e2ng m\u0169i S line\/ L line 3D<\/td>\n<td><b>25<\/b><\/td>\n<td>60<\/td>\n<\/tr>\n<tr>\n<td>N\u00e2ng m\u0169i c\u1ea5u tr\u00fac 4D<\/td>\n<td><b>35<\/b><\/td>\n<td>60<\/td>\n<\/tr>\n<tr>\n<td>N\u00e2ng m\u0169i c\u1ea5u tr\u00fac 4D si\u00eau \u00e2m<\/td>\n<td><b>45<\/b><\/td>\n<td>60<\/td>\n<\/tr>\n<tr>\n<td>N\u00e2ng m\u0169i c\u1ea5u tr\u00fac 4D NanoForm<\/td>\n<td><b>55<\/b><\/td>\n<td>60-90<\/td>\n<\/tr>\n<tr>\n<td>N\u00e2ng m\u0169i c\u1ea5u tr\u00fac 4D t\u1ef1 th\u00e2n<\/td>\n<td><b>75<\/b><\/td>\n<td>60-90<\/td>\n<\/tr>\n<\/tbody>\n<\/table>\n\t\t<\/div>\n\t\t\t<\/div>\n\n\t\n\n\t<div id=\"col-625747272\" class=\"col medium-6 small-12 large-6\"  >\n\t\t<div class=\"col-inner\"  >\n\t\t\t\n\t\t\t\n<h3><span style=\"font-size: 95%;\">B\u1ea3ng gi\u00e1 phun m\u00f4i th\u1ea9m m\u1ef9<\/span><\/h3>\n<table>\n<tbody>\n<tr>\n<td>D\u1ecaCH V\u1ee4<\/td>\n<td>Chi ph\u00ed<\/td>\n<td><strong>Th\u1eddi gian th\u1ef1c hi\u1ec7n (ph\u00fat)<\/strong><\/td>\n<\/tr>\n<tr>\n<td>N\u00e2ng m\u0169i H\u00e0n Qu\u1ed1c<\/td>\n<td><b>10<\/b><\/td>\n<td>45<\/td>\n<\/tr>\n<tr>\n<td>N\u00e2ng m\u0169i b\u1ecdc s\u1ee5n<\/td>\n<td><b>15<\/b><\/td>\n<td>45-60<\/td>\n<\/tr>\n<tr>\n<td>N\u00e2ng m\u0169i S line\/ L line 3D<\/td>\n<td><b>25<\/b><\/td>\n<td>60<\/td>\n<\/tr>\n<tr>\n<td>N\u00e2ng m\u0169i c\u1ea5u tr\u00fac 4D<\/td>\n<td><b>35<\/b><\/td>\n<td>60<\/td>\n<\/tr>\n<tr>\n<td>N\u00e2ng m\u0169i c\u1ea5u tr\u00fac 4D si\u00eau \u00e2m<\/td>\n<td><b>45<\/b><\/td>\n<td>60<\/td>\n<\/tr>\n<tr>\n<td>N\u00e2ng m\u0169i c\u1ea5u tr\u00fac 4D NanoForm<\/td>\n<td><b>55<\/b><\/td>\n<td>60-90<\/td>\n<\/tr>\n<tr>\n<td>N\u00e2ng m\u0169i c\u1ea5u tr\u00fac 4D t\u1ef1 th\u00e2n<\/td>\n<td><b>75<\/b><\/td>\n<td>60-90<\/td>\n<\/tr>\n<\/tbody>\n<\/table>\n\t\t<\/div>\n\t\t\t<\/div>\n\n\t\n<\/div>\n","protected":false},"excerpt":{"rendered":"","protected":false},"author":3,"featured_media":0,"parent":0,"menu_order":0,"comment_status":"closed","ping_status":"closed","template":"page-blank.php","meta":[],"_links":{"self":[{"href":"https:\/\/webmaibinh.com\/w\/phunxam2011\/wp-json\/wp\/v2\/pages\/521"}],"collection":[{"href":"https:\/\/webmaibinh.com\/w\/phunxam2011\/wp-json\/wp\/v2\/pages"}],"about":[{"href":"https:\/\/webmaibinh.com\/w\/phunxam2011\/wp-json\/wp\/v2\/types\/page"}],"author":[{"embeddable":true,"href":"https:\/\/webmaibinh.com\/w\/phunxam2011\/wp-json\/wp\/v2\/users\/3"}],"replies":[{"embeddable":true,"href":"https:\/\/webmaibinh.com\/w\/phunxam2011\/wp-json\/wp\/v2\/comments?post=521"}],"version-history":[{"count":0,"href":"https:\/\/webmaibinh.com\/w\/phunxam2011\/wp-json\/wp\/v2\/pages\/521\/revisions"}],"wp:attachment":[{"href":"https:\/\/webmaibinh.com\/w\/phunxam2011\/wp-json\/wp\/v2\/media?parent=521"}],"curies":[{"name":"wp","href":"https:\/\/api.w.org\/{rel}","templated":true}]}}