{"id":507,"date":"2018-06-04T23:24:46","date_gmt":"2018-06-04T16:24:46","guid":{"rendered":"http:\/\/phunxam.khowebseotop.vn\/?page_id=507"},"modified":"2019-10-01T22:25:02","modified_gmt":"2019-10-01T15:25:02","slug":"dat-lich-hen","status":"publish","type":"page","link":"https:\/\/webmaibinh.com\/w\/phunxam2011\/dat-lich-hen\/","title":{"rendered":"\u0110\u1eb7t l\u1ecbch h\u1eb9n"},"content":{"rendered":"\n\t<div class=\"img has-hover x md-x lg-x y md-y lg-y\" id=\"image_1653873853\">\n\t\t\t\t\t\t\t\t<div class=\"img-inner image-cover dark\" style=\"padding-top:20%;\">\n\t\t\t\t\t\t\t\t\t\n\t\t\t\t\t<\/div>\n\t\t\t\t\t\t\t\t\n<style>\n#image_1653873853 {\n  width: 100%;\n}\n<\/style>\n\t<\/div>\n\t\n\n\t<div id=\"gap-1979977187\" class=\"gap-element clearfix\" style=\"display:block; height:auto;\">\n\t\t\n<style>\n#gap-1979977187 {\n  padding-top: 30px;\n}\n<\/style>\n\t<\/div>\n\t\n\n<div class=\"row\"  id=\"row-1581020688\">\n\n\n\t<div id=\"col-1980102848\" class=\"col medium-6 small-12 large-6\"  >\n\t\t<div class=\"col-inner\"  >\n\t\t\t\n\t\t\t\n\n<h3><span style=\"font-size: 90%;\">\u0110\u1eb7t l\u1ecbch h\u1eb9n<\/span><\/h3>\n<div role=\"form\" class=\"wpcf7\" id=\"wpcf7-f345-o1\" lang=\"vi\" dir=\"ltr\">\n<div class=\"screen-reader-response\"><p role=\"status\" aria-live=\"polite\" aria-atomic=\"true\"><\/p> <ul><\/ul><\/div>\n<form action=\"\/w\/phunxam2011\/wp-json\/wp\/v2\/pages\/507#wpcf7-f345-o1\" method=\"post\" class=\"wpcf7-form init\" novalidate=\"novalidate\" data-status=\"init\">\n<div style=\"display: none;\">\n<input type=\"hidden\" name=\"_wpcf7\" value=\"345\" \/>\n<input type=\"hidden\" name=\"_wpcf7_version\" value=\"5.3\" \/>\n<input type=\"hidden\" name=\"_wpcf7_locale\" value=\"vi\" \/>\n<input type=\"hidden\" name=\"_wpcf7_unit_tag\" value=\"wpcf7-f345-o1\" \/>\n<input type=\"hidden\" name=\"_wpcf7_container_post\" value=\"0\" \/>\n<input type=\"hidden\" name=\"_wpcf7_posted_data_hash\" value=\"\" \/>\n<\/div>\n<div class=\"dat-lich-hen\">\n<div class=\"li\">\n<span class=\"wpcf7-form-control-wrap text-385\"><input type=\"text\" name=\"text-385\" value=\"\" size=\"40\" class=\"wpcf7-form-control wpcf7-text wpcf7-validates-as-required\" aria-required=\"true\" aria-invalid=\"false\" placeholder=\"H\u1ecd t\u00ean c\u1ee7a b\u1ea1n...\" \/><\/span>\n<\/div>\n<div class=\"li\">\n<span class=\"wpcf7-form-control-wrap email-447\"><input type=\"email\" name=\"email-447\" value=\"\" size=\"40\" class=\"wpcf7-form-control wpcf7-text wpcf7-email wpcf7-validates-as-required wpcf7-validates-as-email\" aria-required=\"true\" aria-invalid=\"false\" placeholder=\"\u0110\u1ecba ch\u1ec9 email...\" \/><\/span>\n<\/div>\n<div class=\"li\">\n<span class=\"wpcf7-form-control-wrap tel-156\"><input type=\"tel\" name=\"tel-156\" value=\"\" size=\"40\" class=\"wpcf7-form-control wpcf7-text wpcf7-tel wpcf7-validates-as-required wpcf7-validates-as-tel\" aria-required=\"true\" aria-invalid=\"false\" placeholder=\"S\u1ed1 \u0111i\u1ec7n tho\u1ea1i c\u1ee7a b\u1ea1n...\" \/><\/span>\n<\/div>\n<div class=\"li\">\n<span class=\"wpcf7-form-control-wrap text-383\"><input type=\"text\" name=\"text-383\" value=\"\" size=\"40\" class=\"wpcf7-form-control wpcf7-text wpcf7-validates-as-required\" aria-required=\"true\" aria-invalid=\"false\" placeholder=\"D\u1ecbch v\u1ee5 b\u1ea1n mu\u1ed1n \u0111\u1eb7t l\u1ecbch h\u1eb9n\" \/><\/span>\n<\/div>\n<div class=\"li\">\n<span class=\"wpcf7-form-control-wrap date-204\"><input type=\"date\" name=\"date-204\" value=\"\" class=\"wpcf7-form-control wpcf7-date wpcf7-validates-as-required wpcf7-validates-as-date\" aria-required=\"true\" aria-invalid=\"false\" placeholder=\"L\u1ecbch h\u1eb9n ch\u00ednh x\u00e1c\" \/><\/span>\n<\/div>\n<div class=\"li\">\n<input type=\"submit\" value=\"\u0110\u0103ng k\u00fd ngay\" class=\"wpcf7-form-control wpcf7-submit\" \/>\n<\/div>\n<\/div>\n<div class=\"wpcf7-response-output\" aria-hidden=\"true\"><\/div><\/form><\/div>\n\n\n\t\t<\/div>\n\t\t\t<\/div>\n\n\t\n\n\t<div id=\"col-855339694\" class=\"col medium-6 small-12 large-6\"  >\n\t\t<div class=\"col-inner\"  >\n\t\t\t\n\t\t\t\n\n<h3><span style=\"font-size: 90%;\">Th\u00f4ng tin li\u00ean h\u1ec7:<\/span><\/h3>\n<p><span style=\"font-size: 100%;\">C\u00e1m \u01a1n b\u1ea1n \u0111\u00e3 quan t\u00e2m t\u1edbi d\u1ecbch v\u1ee5 c\u1ee7a\u00a0jennie brows. B\u1ea1n vui l\u00f2ng \u0111\u1eb7t l\u1ecbch b\u1eb1ng c\u00e1ch \u0111\u0103ng k\u00fd v\u00e0o form b\u00ean d\u01b0\u1edbi, ho\u1eb7c li\u00ean h\u1ec7 tr\u1ef1c ti\u1ebfp s\u1ed1 \u0111i\u1ec7n tho\u1ea1i\u00a0094 676 3379<\/span><\/p>\n<p><span style=\"font-size: 100%;\"><strong>\u0110\u1ecba ch\u1ec9: <span style=\"font-weight: 400;\">490A, \u0110i\u1ec7n Bi\u00ean Ph\u1ee7, P.21, Q. T\u00e2n B\u00ecnh, Tp. HCM<\/span><\/strong><\/span><\/p>\n<p><span style=\"font-size: 100%;\"><strong>\u0110i\u1ec7n tho\u1ea1i: <span style=\"font-weight: 400;\">0909000000<\/span><\/strong><\/span><\/p>\n<p><span style=\"font-size: 100%;\"><strong>Email: <a href=\"mailto:hotro@webdemo.com\"><span style=\"font-weight: 400;\">hotro@webdemo.com<\/span><\/a><\/strong><\/span><\/p>\n<p><span style=\"font-size: 100%;\"><strong>Website:<\/strong> <a href=\"https:\/\/www.webdemo.com\"><span style=\"font-weight: 400;\">www.webdemo.com<\/span><\/a><\/span><\/p>\n\n\t\t<\/div>\n\t\t\t<\/div>\n\n\t\n\n<\/div>\n<iframe src=\"https:\/\/www.google.com\/maps\/embed?pb=!1m18!1m12!1m3!1d3918.8951647747363!2d106.63615131462117!3d10.819334261359117!2m3!1f0!2f0!3f0!3m2!1i1024!2i768!4f13.1!3m3!1m2!1s0x317529667c77fcdd%3A0x39f60dd29f004faf!2zMi84NSBQaOG6oW0gVsSDbiBC4bqhY2gsIFBoxrDhu51uZyAxNSwgVMOibiBCw6xuaCwgSOG7kyBDaMOtIE1pbmgsIFZp4buHdCBOYW0!5e0!3m2!1svi!2s!4v1568732176587!5m2!1svi!2s\" width=\"100%\" height=\"450\" frameborder=\"0\" style=\"border:0;\" allowfullscreen=\"\"><\/iframe>\n\n","protected":false},"excerpt":{"rendered":"","protected":false},"author":3,"featured_media":0,"parent":0,"menu_order":0,"comment_status":"closed","ping_status":"closed","template":"page-blank.php","meta":[],"_links":{"self":[{"href":"https:\/\/webmaibinh.com\/w\/phunxam2011\/wp-json\/wp\/v2\/pages\/507"}],"collection":[{"href":"https:\/\/webmaibinh.com\/w\/phunxam2011\/wp-json\/wp\/v2\/pages"}],"about":[{"href":"https:\/\/webmaibinh.com\/w\/phunxam2011\/wp-json\/wp\/v2\/types\/page"}],"author":[{"embeddable":true,"href":"https:\/\/webmaibinh.com\/w\/phunxam2011\/wp-json\/wp\/v2\/users\/3"}],"replies":[{"embeddable":true,"href":"https:\/\/webmaibinh.com\/w\/phunxam2011\/wp-json\/wp\/v2\/comments?post=507"}],"version-history":[{"count":6,"href":"https:\/\/webmaibinh.com\/w\/phunxam2011\/wp-json\/wp\/v2\/pages\/507\/revisions"}],"predecessor-version":[{"id":803,"href":"https:\/\/webmaibinh.com\/w\/phunxam2011\/wp-json\/wp\/v2\/pages\/507\/revisions\/803"}],"wp:attachment":[{"href":"https:\/\/webmaibinh.com\/w\/phunxam2011\/wp-json\/wp\/v2\/media?parent=507"}],"curies":[{"name":"wp","href":"https:\/\/api.w.org\/{rel}","templated":true}]}}