{"id":490,"date":"2018-06-04T23:19:41","date_gmt":"2018-06-04T16:19:41","guid":{"rendered":"http:\/\/phunxam.khowebseotop.vn\/?page_id=490"},"modified":"2018-07-06T17:27:20","modified_gmt":"2018-07-06T10:27:20","slug":"gioi-thieu-doanh-nghiep","status":"publish","type":"page","link":"https:\/\/webmaibinh.com\/w\/phunxam2011\/gioi-thieu-doanh-nghiep\/","title":{"rendered":"Gi\u1edbi thi\u1ec7u doanh nghi\u1ec7p"},"content":{"rendered":"\t<div class=\"img has-hover x md-x lg-x y md-y lg-y\" id=\"image_1345292206\">\n\t\t\t\t\t\t\t\t<div class=\"img-inner image-cover dark\" style=\"padding-top:20%;\">\n\t\t\t<img width=\"1142\" height=\"437\" src=\"https:\/\/webmaibinh.com\/w\/phunxam2011\/wp-content\/uploads\/2018\/06\/slider1.jpg\" class=\"attachment-original size-original\" alt=\"\" loading=\"lazy\" srcset=\"https:\/\/webmaibinh.com\/w\/phunxam2011\/wp-content\/uploads\/2018\/06\/slider1.jpg 1142w, https:\/\/webmaibinh.com\/w\/phunxam2011\/wp-content\/uploads\/2018\/06\/slider1-300x115.jpg 300w, https:\/\/webmaibinh.com\/w\/phunxam2011\/wp-content\/uploads\/2018\/06\/slider1-768x294.jpg 768w, https:\/\/webmaibinh.com\/w\/phunxam2011\/wp-content\/uploads\/2018\/06\/slider1-1024x392.jpg 1024w\" sizes=\"(max-width: 1142px) 100vw, 1142px\" \/>\t\t\t\t\t\t\n\t\t\t\t\t<\/div>\n\t\t\t\t\t\t\t\t\n<style>\n#image_1345292206 {\n  width: 100%;\n}\n<\/style>\n\t<\/div>\n\t\n\t<div id=\"gap-601759243\" class=\"gap-element clearfix\" style=\"display:block; height:auto;\">\n\t\t\n<style>\n#gap-601759243 {\n  padding-top: 30px;\n}\n<\/style>\n\t<\/div>\n\t\n<div class=\"row\"  id=\"row-674426512\">\n\n\t<div id=\"col-2007487386\" class=\"col medium-8 small-12 large-8\"  >\n\t\t<div class=\"col-inner\"  >\n\t\t\t\n\t\t\t\n<h3>Jennie Brows chuy\u00ean vi\u00ean ch\u0103m s\u00f3c s\u1eafc \u0111\u1eb9p<\/h3>\n<p>T\u1ea1i Jennie Brows, m\u1ecdi kh\u00e1ch h\u00e0ng khi phun x\u0103m th\u1ea9m m\u1ef9 s\u1ebd \u0111\u01b0\u1ee3c th\u1ef1c hi\u1ec7n b\u1edfi c\u00e1c chuy\u00ean gia \u0111\u01b0\u1ee3c \u0111\u00e0o t\u1ea1o b\u00e0i b\u1ea3n, c\u00f3 ki\u1ebfn th\u1ee9c chuy\u00ean s\u00e2u v\u1ec1 phun x\u0103m c\u00f9ng v\u1edbi gu th\u1ea9m m\u1ef9 cao. Jennie Brows \u0111\u1ea7u t\u01b0 h\u1ebft 200% nh\u00e2n l\u1ef1c v\u00e0 v\u1eadt l\u1ef1c \u0111\u1ec3 nhanh ch\u00f3ng \u0111\u1ea1t \u0111\u01b0\u1ee3c m\u1ee5c ti\u00eau trong th\u1eddi gian ng\u1eafn nh\u1ea5t.<\/p>\n<p>V\u1edbi b\u00e0n tay kh\u00e9o l\u00e9o c\u1ee7a chuy\u00ean gia phun x\u0103m kinh nghi\u1ec7m l\u00e2u n\u0103m, t\u1ea1i Jennie Brows kh\u00e1ch h\u00e0ng s\u1ebd c\u00f3 n\u00e9t m\u00e0y \u0111\u1eb9p, m\u00e0u m\u00f4i, m\u00e0u m\u1eaft quy\u1ebfn r\u0169 v\u00e0 t\u1ef1 nhi\u00ean nh\u01b0 \u00fd mu\u1ed1n v\u1edbi c\u00e1c d\u1ecbch v\u1ee5:<\/p>\n<p><strong>Phun th\u00eau\/ \u0111<\/strong><strong>i\u00eau kh\u1eafc l\u00f4ng m\u00e0y<\/strong><strong>:<\/strong> v\u1edbi c\u00f4ng ngh\u1ec7 Nano Microblading Schoke: \u0110i\u00eau kh\u1eafc l\u00f4ng m\u00e0y gi\u00fap ch\u1ecb em kh\u1eafc h\u1ecda nh\u1eefng \u0111\u01b0\u1eddng n\u00e9t m\u1ec1m m\u1ea1i, duy\u00ean d\u00e1ng, v\u00f4 c\u00f9ng \u1ea5n t\u01b0\u1ee3ng v\u00e0 \u0111\u1eb9p t\u1ef1 nhi\u00ean v\u1edbi k\u0129 thu\u1eadt m\u1edbi nh\u1ea5t \u0111\u1ebfn t\u1eeb Ch\u00e2u \u00c2u.<\/p>\n<p><strong>X\u0103m m\u00f4i th\u1ea9m m\u1ef9<\/strong><strong>: <\/strong>m\u1ed9t b\u1edd m\u00f4i g\u1ee3i c\u1ea3m lu\u00f4n l\u00e0 ni\u1ec1m kh\u00e1t khao c\u1ee7a ch\u1ecb em ph\u1ee5 n\u1eef. Son m\u00f4i l\u00e0 c\u00e1ch l\u00e0m \u0111\u1eb9p nh\u01b0ng l\u1ea1i m\u1ea5t th\u1eddi gian n\u00ean th\u1ea9m m\u1ef9 phun x\u0103m m\u00e0u l\u00e0 m\u1ed9t gi\u1ea3i ph\u00e1p t\u1ed1i \u01b0u, \u0111\u01a1n gi\u1ea3n.<\/p>\n<p><strong>X\u0103m m\u00ed m\u1eaft t\u1ef1 nhi\u00ean<\/strong><strong>:<\/strong> v\u1edbi d\u1ecbch v\u1ee5 phun m\u00ed m\u1eaft t\u1ea1i Jennie Browns, b\u1ea1n s\u1ebd c\u00f3 m\u1ed9t \u0111\u00f4i m\u1eaft \u0111\u1eb9p long lanh, h\u00e0i h\u00f2a, ph\u00f9 h\u1ee3p v\u1edbi g\u01b0\u01a1ng m\u1eb7t.<\/p>\n<p>C\u00f4ng ngh\u1ec7 phun x\u0103m n\u1ed5i b\u1eadc v\u1edbi m\u0169i kim vi ch\u1ea1m, ch\u1ec9 t\u00e1c \u0111\u1ed9ng nh\u1eb9 l\u00ean b\u1ec1 m\u1eb7t da \u1edf \u0111\u1ed9 s\u00e2u kh\u00f4ng qu\u00e1 0.2mm n\u00ean kh\u00f4ng g\u00e2y ra s\u01b0ng \u0111au v\u00e0 h\u1ea1n ch\u1ebf t\u1ed1i \u0111a c\u00e1c t\u1ed5n th\u01b0\u01a1ng, x\u0103m l\u1ea7n sau khi phu x\u0103m. M\u1ef1c phun cao c\u1ea5p \u0111\u01b0\u1ee3c nh\u1ea5p kh\u1ea9u tr\u1ef1c ti\u1ebfp, c\u00f3 chi\u1ebft xu\u1ea5t ho\u00e0n to\u00e0n t\u1ef1 nhi\u00ean, th\u00e2n thi\u1ec7n v\u1edbi m\u1ecdi lo\u1ea1i da, \u0111\u1ea3m b\u1ea3o an to\u00e0n tuy\u1ec7t \u0111\u1ed1i cho kh\u00e1ch h\u00e0ng.<\/p>\n<p>Ngo\u00e0i nh\u1eefng d\u1ecbch v\u1ee5 tr\u00ean, Jennie brows c\u00f2n c\u00f3 h\u1ec7 th\u1ed1ng m\u00e1y spa <strong>ch\u0103m s\u00f3c da <\/strong>c\u00f4ng ngh\u1ec7 cao v\u00e0 \u0111\u1ed9i ng\u0169 nh\u00e2n vi\u00ean c\u00f3 tay ngh\u1ec1 gi\u1ecfi, nhi\u1ec1u n\u0103m kinh nghi\u1ec7m. Ch\u00fang t\u00f4i h\u1ee9a h\u1eb9n l\u00e0 l\u1ef1a ch\u1ecdn ch\u00ednh x\u00e1c cho ti\u1ec1n tr\u00ecnh t\u00e1i t\u1ea1o nhan s\u1eafc, s\u1ef1 tr\u1ebb trung, t\u1ef1 tin c\u1ee7a c\u00e1c ch\u1ecb em ph\u1ee5 n\u1eef. B\u00ean c\u1ea1nh \u0111\u00f3 c\u00e1c d\u1ecbch v\u1ee5 nh\u01b0 <strong>n\u1ed1i c\u1ea5y mi<\/strong> v\u00e0 <strong>tattoo mini<\/strong> c\u0169ng r\u1ea5t thu h\u00fat s\u1ef1 ch\u00fa \u00fd c\u1ee7a ph\u00e1i \u0111\u1eb9p.<\/p>\n<p><strong>Kh\u00f4ng ng\u1eebng \u1edf vi\u1ec7c ph\u1ee5c v\u1ee5 ch\u0103m s\u00f3c s\u1eafc \u0111\u1eb9p, Jennie Brows li\u00ean t\u1ee5c m\u1edf c\u00e1c l\u1edbp \u0111\u00e0o t\u1ea1o h\u1ecdc vi\u00ean uy t\u00edn, ch\u1ea5t l\u01b0\u1ee3ng.<\/strong><\/p>\n\t\t<\/div>\n\t\t\t<\/div>\n\n\t\n\n\t<div id=\"col-682964973\" class=\"col medium-4 small-12 large-4\"  >\n\t\t<div class=\"col-inner\"  >\n\t\t\t\n\t\t\t\n<h3><span style=\"font-size: 90%;\">Th\u00f4ng tin li\u00ean h\u1ec7:<\/span><\/h3>\n<p><strong>\u0110\u1ecba ch\u1ec9: <\/strong>18 Bis\/10 Nguy\u1ec5n Th\u1ecb Minh khai Qu\u1eadn 1 HCM<\/p>\n<p><strong>\u0110i\u1ec7n tho\u1ea1i: <\/strong>094 676 3379<\/p>\n<p><strong>Email:\u00a0<\/strong><a href=\"mailto:jenniethaobrows@gmail.com\">jenniethaobrows@gmail.com\u00a0<\/a><\/p>\n<p><strong>Website:\u00a0<\/strong><a href=\"http:\/\/phunxam.khowebseotop.vn\/\">http:\/\/phunxam.khowebseotop.vn\/<\/a><\/p>\n<p><a href=\"https:\/\/www.facebook.com\/thao.bui.phibrows\/\">facebook.com\/thao.bui.phibrows<\/a><\/p>\n<p>\u00a0<\/p>\n\t\t<\/div>\n\t\t\t<\/div>\n\n\t\n<\/div>\n","protected":false},"excerpt":{"rendered":"","protected":false},"author":3,"featured_media":0,"parent":0,"menu_order":0,"comment_status":"closed","ping_status":"closed","template":"page-blank.php","meta":[],"_links":{"self":[{"href":"https:\/\/webmaibinh.com\/w\/phunxam2011\/wp-json\/wp\/v2\/pages\/490"}],"collection":[{"href":"https:\/\/webmaibinh.com\/w\/phunxam2011\/wp-json\/wp\/v2\/pages"}],"about":[{"href":"https:\/\/webmaibinh.com\/w\/phunxam2011\/wp-json\/wp\/v2\/types\/page"}],"author":[{"embeddable":true,"href":"https:\/\/webmaibinh.com\/w\/phunxam2011\/wp-json\/wp\/v2\/users\/3"}],"replies":[{"embeddable":true,"href":"https:\/\/webmaibinh.com\/w\/phunxam2011\/wp-json\/wp\/v2\/comments?post=490"}],"version-history":[{"count":3,"href":"https:\/\/webmaibinh.com\/w\/phunxam2011\/wp-json\/wp\/v2\/pages\/490\/revisions"}],"predecessor-version":[{"id":729,"href":"https:\/\/webmaibinh.com\/w\/phunxam2011\/wp-json\/wp\/v2\/pages\/490\/revisions\/729"}],"wp:attachment":[{"href":"https:\/\/webmaibinh.com\/w\/phunxam2011\/wp-json\/wp\/v2\/media?parent=490"}],"curies":[{"name":"wp","href":"https:\/\/api.w.org\/{rel}","templated":true}]}}