{"id":1528,"date":"2020-03-17T10:25:28","date_gmt":"2020-03-17T03:25:28","guid":{"rendered":"https:\/\/bidatranchan.com\/?post_type=product&#038;p=1528"},"modified":"2020-03-17T10:25:28","modified_gmt":"2020-03-17T03:25:28","slug":"cap-doi-tay-va-chui-bong-bi-aramith","status":"publish","type":"product","link":"https:\/\/webmaibinh.com\/w\/phukienbida2011\/san-pham\/cap-doi-tay-va-chui-bong-bi-aramith\/","title":{"rendered":"C\u1eb6P \u0110\u00d4I T\u1ea8Y V\u00c0 CH\u00d9I B\u00d3NG BI ARAMITH"},"content":{"rendered":"","protected":false},"excerpt":{"rendered":"","protected":false},"featured_media":1529,"comment_status":"closed","ping_status":"closed","template":"","meta":[],"_links":{"self":[{"href":"https:\/\/webmaibinh.com\/w\/phukienbida2011\/wp-json\/wp\/v2\/product\/1528"}],"collection":[{"href":"https:\/\/webmaibinh.com\/w\/phukienbida2011\/wp-json\/wp\/v2\/product"}],"about":[{"href":"https:\/\/webmaibinh.com\/w\/phukienbida2011\/wp-json\/wp\/v2\/types\/product"}],"replies":[{"embeddable":true,"href":"https:\/\/webmaibinh.com\/w\/phukienbida2011\/wp-json\/wp\/v2\/comments?post=1528"}],"wp:featuredmedia":[{"embeddable":true,"href":"https:\/\/webmaibinh.com\/w\/phukienbida2011\/wp-json\/wp\/v2\/media\/1529"}],"wp:attachment":[{"href":"https:\/\/webmaibinh.com\/w\/phukienbida2011\/wp-json\/wp\/v2\/media?parent=1528"}],"curies":[{"name":"wp","href":"https:\/\/api.w.org\/{rel}","templated":true}]}}