{"id":1523,"date":"2020-03-17T10:21:58","date_gmt":"2020-03-17T03:21:58","guid":{"rendered":"https:\/\/bidatranchan.com\/?post_type=product&#038;p=1523"},"modified":"2020-03-17T10:21:58","modified_gmt":"2020-03-17T03:21:58","slug":"tam-giac-dai-loan","status":"publish","type":"product","link":"https:\/\/webmaibinh.com\/w\/phukienbida2011\/san-pham\/tam-giac-dai-loan\/","title":{"rendered":"TAM GI\u00c1C \u0110\u00c0I LOAN"},"content":{"rendered":"","protected":false},"excerpt":{"rendered":"","protected":false},"featured_media":1502,"comment_status":"closed","ping_status":"closed","template":"","meta":[],"_links":{"self":[{"href":"https:\/\/webmaibinh.com\/w\/phukienbida2011\/wp-json\/wp\/v2\/product\/1523"}],"collection":[{"href":"https:\/\/webmaibinh.com\/w\/phukienbida2011\/wp-json\/wp\/v2\/product"}],"about":[{"href":"https:\/\/webmaibinh.com\/w\/phukienbida2011\/wp-json\/wp\/v2\/types\/product"}],"replies":[{"embeddable":true,"href":"https:\/\/webmaibinh.com\/w\/phukienbida2011\/wp-json\/wp\/v2\/comments?post=1523"}],"wp:featuredmedia":[{"embeddable":true,"href":"https:\/\/webmaibinh.com\/w\/phukienbida2011\/wp-json\/wp\/v2\/media\/1502"}],"wp:attachment":[{"href":"https:\/\/webmaibinh.com\/w\/phukienbida2011\/wp-json\/wp\/v2\/media?parent=1523"}],"curies":[{"name":"wp","href":"https:\/\/api.w.org\/{rel}","templated":true}]}}