{"id":1521,"date":"2020-03-17T10:20:56","date_gmt":"2020-03-17T03:20:56","guid":{"rendered":"https:\/\/bidatranchan.com\/?post_type=product&#038;p=1521"},"modified":"2020-03-17T10:27:08","modified_gmt":"2020-03-17T03:27:08","slug":"may-danh-bong-bi-4-trai-6-trai","status":"publish","type":"product","link":"https:\/\/webmaibinh.com\/w\/phukienbida2011\/san-pham\/may-danh-bong-bi-4-trai-6-trai\/","title":{"rendered":"M\u00c1Y \u0110\u00c1NH B\u00d3NG BI 4 TR\u00c1I \/ 6 TR\u00c1I"},"content":{"rendered":"","protected":false},"excerpt":{"rendered":"","protected":false},"featured_media":1496,"comment_status":"closed","ping_status":"closed","template":"","meta":[],"_links":{"self":[{"href":"https:\/\/webmaibinh.com\/w\/phukienbida2011\/wp-json\/wp\/v2\/product\/1521"}],"collection":[{"href":"https:\/\/webmaibinh.com\/w\/phukienbida2011\/wp-json\/wp\/v2\/product"}],"about":[{"href":"https:\/\/webmaibinh.com\/w\/phukienbida2011\/wp-json\/wp\/v2\/types\/product"}],"replies":[{"embeddable":true,"href":"https:\/\/webmaibinh.com\/w\/phukienbida2011\/wp-json\/wp\/v2\/comments?post=1521"}],"wp:featuredmedia":[{"embeddable":true,"href":"https:\/\/webmaibinh.com\/w\/phukienbida2011\/wp-json\/wp\/v2\/media\/1496"}],"wp:attachment":[{"href":"https:\/\/webmaibinh.com\/w\/phukienbida2011\/wp-json\/wp\/v2\/media?parent=1521"}],"curies":[{"name":"wp","href":"https:\/\/api.w.org\/{rel}","templated":true}]}}