{"id":1520,"date":"2020-03-17T10:20:33","date_gmt":"2020-03-17T03:20:33","guid":{"rendered":"https:\/\/bidatranchan.com\/?post_type=product&#038;p=1520"},"modified":"2020-03-17T10:27:14","modified_gmt":"2020-03-17T03:27:14","slug":"may-danh-bong-bi-3-trai","status":"publish","type":"product","link":"https:\/\/webmaibinh.com\/w\/phukienbida2011\/san-pham\/may-danh-bong-bi-3-trai\/","title":{"rendered":"M\u00c1Y \u0110\u00c1NH B\u00d3NG BI 3 TR\u00c1I"},"content":{"rendered":"","protected":false},"excerpt":{"rendered":"","protected":false},"featured_media":1495,"comment_status":"closed","ping_status":"closed","template":"","meta":[],"_links":{"self":[{"href":"https:\/\/webmaibinh.com\/w\/phukienbida2011\/wp-json\/wp\/v2\/product\/1520"}],"collection":[{"href":"https:\/\/webmaibinh.com\/w\/phukienbida2011\/wp-json\/wp\/v2\/product"}],"about":[{"href":"https:\/\/webmaibinh.com\/w\/phukienbida2011\/wp-json\/wp\/v2\/types\/product"}],"replies":[{"embeddable":true,"href":"https:\/\/webmaibinh.com\/w\/phukienbida2011\/wp-json\/wp\/v2\/comments?post=1520"}],"wp:featuredmedia":[{"embeddable":true,"href":"https:\/\/webmaibinh.com\/w\/phukienbida2011\/wp-json\/wp\/v2\/media\/1495"}],"wp:attachment":[{"href":"https:\/\/webmaibinh.com\/w\/phukienbida2011\/wp-json\/wp\/v2\/media?parent=1520"}],"curies":[{"name":"wp","href":"https:\/\/api.w.org\/{rel}","templated":true}]}}