{"id":1325,"date":"2020-03-16T23:49:02","date_gmt":"2020-03-16T16:49:02","guid":{"rendered":"https:\/\/bidatranchan.com\/?post_type=product&#038;p=1325"},"modified":"2020-03-17T08:49:04","modified_gmt":"2020-03-17T01:49:04","slug":"trai-bi-bat-quai","status":"publish","type":"product","link":"https:\/\/webmaibinh.com\/w\/phukienbida2011\/san-pham\/trai-bi-bat-quai\/","title":{"rendered":"TR\u00c1I BI B\u00c1T QU\u00c1I"},"content":{"rendered":"","protected":false},"excerpt":{"rendered":"","protected":false},"featured_media":1313,"comment_status":"closed","ping_status":"closed","template":"","meta":[],"_links":{"self":[{"href":"https:\/\/webmaibinh.com\/w\/phukienbida2011\/wp-json\/wp\/v2\/product\/1325"}],"collection":[{"href":"https:\/\/webmaibinh.com\/w\/phukienbida2011\/wp-json\/wp\/v2\/product"}],"about":[{"href":"https:\/\/webmaibinh.com\/w\/phukienbida2011\/wp-json\/wp\/v2\/types\/product"}],"replies":[{"embeddable":true,"href":"https:\/\/webmaibinh.com\/w\/phukienbida2011\/wp-json\/wp\/v2\/comments?post=1325"}],"wp:featuredmedia":[{"embeddable":true,"href":"https:\/\/webmaibinh.com\/w\/phukienbida2011\/wp-json\/wp\/v2\/media\/1313"}],"wp:attachment":[{"href":"https:\/\/webmaibinh.com\/w\/phukienbida2011\/wp-json\/wp\/v2\/media?parent=1325"}],"curies":[{"name":"wp","href":"https:\/\/api.w.org\/{rel}","templated":true}]}}