{"id":1188,"date":"2020-03-15T22:51:12","date_gmt":"2020-03-15T15:51:12","guid":{"rendered":"https:\/\/bidatranchan.webdemo.vn\/?post_type=product&#038;p=1188"},"modified":"2020-03-30T10:09:02","modified_gmt":"2020-03-30T03:09:02","slug":"ban-bida-lip-hollywood-cu-da-qua-su-dung","status":"publish","type":"product","link":"https:\/\/webmaibinh.com\/w\/phukienbida2011\/san-pham\/ban-bida-lip-hollywood-cu-da-qua-su-dung\/","title":{"rendered":"B\u00c0N BIDA LIP HOLLYWOOD C\u0168 (\u0110\u00c3 QUA S\u1eec D\u1ee4NG)"},"content":{"rendered":"<div><em><strong>* Chuy\u00ean mua b\u00e1n thanh l\u00fd, l\u1eafp r\u00e1p b\u00e0n bida c\u00e1c lo\u1ea1i : nh\u00e2\u0323n s\u01b0\u0309a ch\u01b0\u0303a \u0111o\u0301ng \u0111\u0103\u0323t ba\u0300n bida m\u01a1\u0301i &amp; cu\u0303. Nh\u00e2\u0323n n\u00e2ng c\u00e2\u0301p \u0111\u00f4\u0309i m\u00e2\u0303u cu\u0303 l\u00ean m\u00e2\u0303u m\u01a1\u0301i.<\/strong><\/em><\/div>\n<div><em><strong>* Ba\u0301n ba\u0300n m\u01a1\u0301i va\u0300 cu\u0303 gia\u0301 re\u0303<\/strong><\/em><\/div>\n<div><em><strong>* Cung c\u1ea5p ph\u1ee5 t\u00f9ng bida : bi, c\u01a1, thay v\u1ea3i, b\u0103ng,&#8230;.<\/strong><\/em><\/div>\n<div><em><strong>* Nh\u1eadn b\u1ea3o tr\u00ec : thay v\u1ea3i, thay b\u0103ng, c\u00e2n ch\u1ec9nh b\u00e0n. Ph\u1ee5c v\u1ee5 m\u1ecdi n\u01a1i nh\u00e9<br \/>\nLi\u00ean h\u1ec7 tr\u1ef1c ti\u1ebfp \u0111\u1ec3 c\u00f3 gi\u00e1 t\u1ed1t. Bao gi\u00e1 t\u1ed1t nh\u1ea5t cho anh em, l\u00e2\u0301y uy ti\u0301n ch\u00e2\u0301t l\u01b0\u01a1\u0323ng la\u0300m ha\u0300ng \u0111\u00e2\u0300u<\/strong><\/em><\/div>\n<div><em><strong>* R\u1ea5t nhi\u1ec1u m\u1ea9u m\u00e3 ki\u1ec3u d\u00e1ng v\u00e0 ch\u1ea5t l\u01b0\u1ee3ng ph\u00f9 h\u1ee3p gi\u00e1 ti\u1ec1n (b\u00e0n ngo\u1ea1i nh\u1eadp, b\u00e0n Vi\u1ec7t Nam, b\u00e0n \u0110\u00e0i Loan &#8230;.)<br \/>\n* Chuy\u00ean thu mua b\u00e0n c\u0169 gi\u00e1 cao, kh\u00f4ng ng\u1ea1i xa<br \/>\n* \u0110\u1ecba ch\u1ec9 : 131 T\u00e2n S\u01a1n, Ph\u01b0\u1eddng 15, Qu\u1eadn T\u00e2n B\u00ecnh, Tp. H\u1ed3 Ch\u00ed Minh<\/strong><\/em><\/div>\n<div><em><strong>\u0110T : 0937 61 99 62 &#8211; 0948 61 99 62<\/strong><\/em><\/div>\n<div><em><strong>Di\u0323ch Vu\u0323 Mua Ba\u0301n Tr\u00ean Toa\u0300n Qu\u00f4\u0301c<\/strong><\/em><\/div>\n<div><em><strong>\u0110i\u00ea\u0309m Chi\u0301nh Ca\u0301c Vu\u0300ng Nam Mi\u00ea\u0300n Trung<\/strong><\/em><\/div>\n<div>\n<p><em><strong>C\u1edf s\u1edf ch\u00fang t\u00f4i lu\u00f4n l\u1ea5y uy t\u00edn ch\u1ea5t l\u01b0\u1ee3ng l\u00e0m ti\u00eau ch\u00ed h\u00e0ng \u0111\u1ea7u ph\u1ee5c v\u1ee5 cho kh\u00e1ch h\u00e0ng<\/strong><\/em><\/p>\n<p><em><strong>Ch\u00fang t\u00f4i s\u1ebd l\u00e0m theo y\u00eau c\u1ea7u cho \u0111\u1ebfn khi kh\u00e1ch h\u00e0ng h\u00e0i l\u00f2ng v\u1edbi s\u1ea3n ph\u1ea9m<\/strong><\/em><\/p>\n<p><em><strong>Qu\u00fd kh\u00e1ch c\u00f3 b\u1ea5t c\u1ee9 y\u00eau c\u1ea7u hay th\u1eafc m\u1eafc vui l\u00f2ng li\u00ean h\u1ec7 tr\u1ef1c ti\u1ebfp \u0111\u1ec3 ch\u00fang t\u00f4i ph\u1ee5c v\u1ee5 qu\u00fd kh\u00e1ch nhanh nh\u1ea5t!<\/strong><\/em><\/p>\n<\/div>\n","protected":false},"excerpt":{"rendered":"<p>* Chuy\u00ean mua b\u00e1n thanh l\u00fd, l\u1eafp r\u00e1p b\u00e0n bida c\u00e1c lo\u1ea1i : nh\u00e2\u0323n s\u01b0\u0309a ch\u01b0\u0303a \u0111o\u0301ng \u0111\u0103\u0323t ba\u0300n bida m\u01a1\u0301i &amp; cu\u0303. Nh\u00e2\u0323n n\u00e2ng c\u00e2\u0301p \u0111\u00f4\u0309i m\u00e2\u0303u cu\u0303 l\u00ean m\u00e2\u0303u m\u01a1\u0301i. * Ba\u0301n ba\u0300n m\u01a1\u0301i va\u0300 cu\u0303 gia\u0301 re\u0303 * Cung c\u1ea5p ph\u1ee5 t\u00f9ng bida : bi, c\u01a1, thay v\u1ea3i, b\u0103ng,&#8230;. * Nh\u1eadn b\u1ea3o &#8230;<\/p>\n","protected":false},"featured_media":1184,"comment_status":"closed","ping_status":"closed","template":"","meta":[],"_links":{"self":[{"href":"https:\/\/webmaibinh.com\/w\/phukienbida2011\/wp-json\/wp\/v2\/product\/1188"}],"collection":[{"href":"https:\/\/webmaibinh.com\/w\/phukienbida2011\/wp-json\/wp\/v2\/product"}],"about":[{"href":"https:\/\/webmaibinh.com\/w\/phukienbida2011\/wp-json\/wp\/v2\/types\/product"}],"replies":[{"embeddable":true,"href":"https:\/\/webmaibinh.com\/w\/phukienbida2011\/wp-json\/wp\/v2\/comments?post=1188"}],"wp:featuredmedia":[{"embeddable":true,"href":"https:\/\/webmaibinh.com\/w\/phukienbida2011\/wp-json\/wp\/v2\/media\/1184"}],"wp:attachment":[{"href":"https:\/\/webmaibinh.com\/w\/phukienbida2011\/wp-json\/wp\/v2\/media?parent=1188"}],"curies":[{"name":"wp","href":"https:\/\/api.w.org\/{rel}","templated":true}]}}