{"id":679,"date":"2019-07-30T17:28:43","date_gmt":"2019-07-30T10:28:43","guid":{"rendered":"https:\/\/ghevanphong.khowebseotop.vn\/?page_id=679"},"modified":"2020-05-10T00:18:16","modified_gmt":"2020-05-09T17:18:16","slug":"lien-he","status":"publish","type":"page","link":"https:\/\/webmaibinh.com\/w\/phukienbida2011\/lien-he\/","title":{"rendered":"Li\u00ean h\u1ec7"},"content":{"rendered":"\t<section class=\"section dark\" id=\"section_2107130984\">\n\t\t<div class=\"bg section-bg fill bg-fill  \" >\n\n\t\t\t\n\t\t\t<div class=\"section-bg-overlay absolute fill\"><\/div>\n\t\t\t\n\n\t\t<\/div>\n\n\t\t<div class=\"section-content relative\">\n\t\t\t\n<div class=\"row\"  id=\"row-1234313415\">\n\n\t<div id=\"col-1429665889\" class=\"col small-12 large-12\"  >\n\t\t<div class=\"col-inner text-center\"  >\n\t\t\t\n\t\t\t\n<h2 style=\"font-size:200%;\">LI\u00caN H\u1ec6 V\u1edaI CH\u00daNG T\u00d4I<\/h2>\n<p>Email: email@gmail.com<br \/>\n| \u0110i\u1ec7n tho\u1ea1i: 0999.999.999<\/p>\n\t\t<\/div>\n\t\t\n<style>\n#col-1429665889 > .col-inner {\n  padding: 20px 0px 0px 0px;\n}\n<\/style>\n\t<\/div>\n\n\t\n<\/div>\n\t\t<\/div>\n\n\t\t\n<style>\n#section_2107130984 {\n  padding-top: 144px;\n  padding-bottom: 144px;\n  background-color: rgba(40, 40, 40, 0.06);\n}\n#section_2107130984 .section-bg-overlay {\n  background-color: rgba(0, 0, 0, 0.3);\n}\n#section_2107130984 .section-bg.bg-loaded {\n  background-image: url(https:\/\/webmaibinh.com\/w\/phukienbida2011\/wp-content\/uploads\/2020\/03\/bida1.jpg);\n}\n#section_2107130984 .section-bg {\n  background-position: 48% 50%;\n}\n<\/style>\n\t<\/section>\n\t\n\t<section class=\"section\" id=\"section_1562201592\">\n\t\t<div class=\"bg section-bg fill bg-fill  bg-loaded\" >\n\n\t\t\t\n\t\t\t\n\t\t\t\n\n\t\t<\/div>\n\n\t\t<div class=\"section-content relative\">\n\t\t\t\n<div class=\"row\"  id=\"row-1364216706\">\n\n\t<div id=\"col-1977537319\" class=\"col small-12 large-12\"  >\n\t\t<div class=\"col-inner\"  >\n\t\t\t\n\t\t\t\n<div class=\"row align-equal\"  id=\"row-1057089615\">\n\n\t<div id=\"col-987336657\" class=\"col medium-6 small-12 large-6\"  >\n\t\t<div class=\"col-inner text-center\"  >\n\t\t\t\n\t\t\t\n\n\t\t<div class=\"icon-box featured-box icon-box-center text-center\"  >\n\t\t\t\t\t<div class=\"icon-box-img\" style=\"width: 60px\">\n\t\t\t\t<div class=\"icon\">\n\t\t\t\t\t<div class=\"icon-inner\" >\n\t\t\t\t\t\t<img width=\"300\" height=\"300\" src=\"https:\/\/webmaibinh.com\/w\/phukienbida2011\/wp-content\/uploads\/2020\/03\/contact-page-for-flatsome-wordpress-theme-pointed-icon-phone-300x300.png\" class=\"attachment-medium size-medium\" alt=\"\" loading=\"lazy\" srcset=\"https:\/\/webmaibinh.com\/w\/phukienbida2011\/wp-content\/uploads\/2020\/03\/contact-page-for-flatsome-wordpress-theme-pointed-icon-phone-300x300.png 300w, https:\/\/webmaibinh.com\/w\/phukienbida2011\/wp-content\/uploads\/2020\/03\/contact-page-for-flatsome-wordpress-theme-pointed-icon-phone-100x100.png 100w, https:\/\/webmaibinh.com\/w\/phukienbida2011\/wp-content\/uploads\/2020\/03\/contact-page-for-flatsome-wordpress-theme-pointed-icon-phone-510x510.png 510w, https:\/\/webmaibinh.com\/w\/phukienbida2011\/wp-content\/uploads\/2020\/03\/contact-page-for-flatsome-wordpress-theme-pointed-icon-phone-150x150.png 150w, https:\/\/webmaibinh.com\/w\/phukienbida2011\/wp-content\/uploads\/2020\/03\/contact-page-for-flatsome-wordpress-theme-pointed-icon-phone.png 512w\" sizes=\"(max-width: 300px) 100vw, 300px\" \/>\t\t\t\t\t<\/div>\n\t\t\t\t<\/div>\n\t\t\t<\/div>\n\t\t\t\t<div class=\"icon-box-text last-reset\">\n\t\t\t\t\t\t\t\t\t\n<h4>G\u1eccI NGAY CHO BIDA TR\u1ea6N CH\u00c2N<\/h4>\n<p>H\u1ed7 tr\u1ee3 t\u01b0 v\u1ea5n tr\u1ef1c ti\u1ebfp, b\u00e1o gi\u00e1 nhanh ch\u00f3ng qua hotline<\/p>\n\t<div id=\"gap-1916572702\" class=\"gap-element clearfix\" style=\"display:block; height:auto;\">\n\t\t\n<style>\n#gap-1916572702 {\n  padding-top: 20px;\n}\n<\/style>\n\t<\/div>\n\t\n<a data-animate=\"bounceIn\" href=\"#\" target=\"_self\" class=\"button secondary\"  >\n  <i class=\"icon-phone\" ><\/i>  <span>0999.999.999<\/span>\n  <\/a>\n\n\t\t<\/div>\n\t<\/div>\n\t\n\t\n\t\t<\/div>\n\t\t\t<\/div>\n\n\t\n\n\t<div id=\"col-566536022\" class=\"col medium-6 small-12 large-6\"  >\n\t\t<div class=\"col-inner text-center\"  >\n\t\t\t\n\t\t\t\n\n\t\t<div class=\"icon-box featured-box icon-box-center text-center\"  >\n\t\t\t\t\t<div class=\"icon-box-img\" style=\"width: 60px\">\n\t\t\t\t<div class=\"icon\">\n\t\t\t\t\t<div class=\"icon-inner\" >\n\t\t\t\t\t\t<img width=\"300\" height=\"300\" src=\"https:\/\/webmaibinh.com\/w\/phukienbida2011\/wp-content\/uploads\/2020\/03\/contact-page-for-flatsome-wordpress-theme-pointed-icon-chat-300x300.png\" class=\"attachment-medium size-medium\" alt=\"\" loading=\"lazy\" srcset=\"https:\/\/webmaibinh.com\/w\/phukienbida2011\/wp-content\/uploads\/2020\/03\/contact-page-for-flatsome-wordpress-theme-pointed-icon-chat-300x300.png 300w, https:\/\/webmaibinh.com\/w\/phukienbida2011\/wp-content\/uploads\/2020\/03\/contact-page-for-flatsome-wordpress-theme-pointed-icon-chat-100x100.png 100w, https:\/\/webmaibinh.com\/w\/phukienbida2011\/wp-content\/uploads\/2020\/03\/contact-page-for-flatsome-wordpress-theme-pointed-icon-chat-510x510.png 510w, https:\/\/webmaibinh.com\/w\/phukienbida2011\/wp-content\/uploads\/2020\/03\/contact-page-for-flatsome-wordpress-theme-pointed-icon-chat-150x150.png 150w, https:\/\/webmaibinh.com\/w\/phukienbida2011\/wp-content\/uploads\/2020\/03\/contact-page-for-flatsome-wordpress-theme-pointed-icon-chat.png 512w\" sizes=\"(max-width: 300px) 100vw, 300px\" \/>\t\t\t\t\t<\/div>\n\t\t\t\t<\/div>\n\t\t\t<\/div>\n\t\t\t\t<div class=\"icon-box-text last-reset\">\n\t\t\t\t\t\t\t\t\t\n<h4>NH\u1eaeN TIN ZALO CHO BIDA TR\u1ea6N CH\u00c2N<\/h4>\n<p>H\u1ed7 tr\u1ee3 gi\u1ea3i \u0111\u00e1p t\u1ee9c th\u00ec c\u00e1c y\u00eau c\u1ea7u c\u1ee7a b\u1ea1n<\/p>\n\t<div id=\"gap-716769012\" class=\"gap-element clearfix\" style=\"display:block; height:auto;\">\n\t\t\n<style>\n#gap-716769012 {\n  padding-top: 20px;\n}\n<\/style>\n\t<\/div>\n\t\n\t\t<\/div>\n\t<\/div>\n\t\n\t\n<a data-animate=\"bounceIn\" href=\"#\" target=\"_self\" class=\"button secondary\"  >\n  <i class=\"icon-user-o\" ><\/i>  <span>Nh\u1eafn tin Zalo Ngay<\/span>\n  <\/a>\n\n\t\t<\/div>\n\t\t\t<\/div>\n\n\t\n\n\t<div id=\"col-348939013\" class=\"col small-12 large-12\"  >\n\t\t<div class=\"col-inner text-left\"  >\n\t\t\t\n\t\t\t\n<h4>131 T\u00e2n S\u01a1n, Ph\u01b0\u1eddng 15, Qu\u1eadn T\u00e2n B\u00ecnh, Tp. H\u1ed3 Ch\u00ed Minh<\/h4>\n<p><iframe src=\"https:\/\/www.google.com\/maps\/embed?pb=!1m18!1m12!1m3!1d3918.7657426993433!2d106.64158365824073!3d10.829230902674938!2m3!1f0!2f0!3f0!3m2!1i1024!2i768!4f13.1!3m3!1m2!1s0x31752977274cda75%3A0xd6d12fa13ebc056d!2zMTMxIFTDom4gU8ahbiwgUGjGsOG7nW5nIDE1LCBHw7IgVuG6pXAsIEjhu5MgQ2jDrSBNaW5oLCBWaeG7h3QgTmFt!5e0!3m2!1svi!2s!4v1584462317629!5m2!1svi!2s\" width=\"100%\" height=\"450\" frameborder=\"0\" style=\"border:0;\" allowfullscreen=\"\" aria-hidden=\"false\" tabindex=\"0\"><\/iframe><\/p>\n\t\t<\/div>\n\t\t\t<\/div>\n\n\t\n\n<style>\n#row-1057089615 > .col > .col-inner {\n  padding: 40px 40px 40px 40px;\n  background-color: rgb(255,255,255);\n}\n<\/style>\n<\/div>\n\t\t<\/div>\n\t\t\n<style>\n#col-1977537319 > .col-inner {\n  margin: -100px 0px 0px 0px;\n}\n<\/style>\n\t<\/div>\n\n\t\n<\/div>\n\t\t<\/div>\n\n\t\t\n<style>\n#section_1562201592 {\n  padding-top: 30px;\n  padding-bottom: 30px;\n  background-color: rgb(244, 244, 244);\n}\n<\/style>\n\t<\/section>\n\t\n","protected":false},"excerpt":{"rendered":"","protected":false},"author":1,"featured_media":0,"parent":0,"menu_order":0,"comment_status":"closed","ping_status":"closed","template":"page-blank.php","meta":[],"_links":{"self":[{"href":"https:\/\/webmaibinh.com\/w\/phukienbida2011\/wp-json\/wp\/v2\/pages\/679"}],"collection":[{"href":"https:\/\/webmaibinh.com\/w\/phukienbida2011\/wp-json\/wp\/v2\/pages"}],"about":[{"href":"https:\/\/webmaibinh.com\/w\/phukienbida2011\/wp-json\/wp\/v2\/types\/page"}],"author":[{"embeddable":true,"href":"https:\/\/webmaibinh.com\/w\/phukienbida2011\/wp-json\/wp\/v2\/users\/1"}],"replies":[{"embeddable":true,"href":"https:\/\/webmaibinh.com\/w\/phukienbida2011\/wp-json\/wp\/v2\/comments?post=679"}],"version-history":[{"count":7,"href":"https:\/\/webmaibinh.com\/w\/phukienbida2011\/wp-json\/wp\/v2\/pages\/679\/revisions"}],"predecessor-version":[{"id":1656,"href":"https:\/\/webmaibinh.com\/w\/phukienbida2011\/wp-json\/wp\/v2\/pages\/679\/revisions\/1656"}],"wp:attachment":[{"href":"https:\/\/webmaibinh.com\/w\/phukienbida2011\/wp-json\/wp\/v2\/media?parent=679"}],"curies":[{"name":"wp","href":"https:\/\/api.w.org\/{rel}","templated":true}]}}