{"id":29,"date":"2019-05-17T03:56:59","date_gmt":"2019-05-17T03:56:59","guid":{"rendered":"http:\/\/phelieuduyduc.com\/?page_id=29"},"modified":"2019-10-05T03:24:03","modified_gmt":"2019-10-05T03:24:03","slug":"bao-gia","status":"publish","type":"page","link":"https:\/\/webmaibinh.com\/w\/phelieu2011\/bao-gia\/","title":{"rendered":"B\u00e1o gi\u00e1"},"content":{"rendered":"\t<section class=\"section bao-gia-section dark\" id=\"section_1538418320\">\n\t\t<div class=\"bg section-bg fill bg-fill  \" >\n\n\t\t\t\n\t\t\t<div class=\"section-bg-overlay absolute fill\"><\/div>\n\t\t\t\n\n\t\t<\/div>\n\n\t\t<div class=\"section-content relative\">\n\t\t\t\n<div class=\"row\"  id=\"row-88783242\">\n\n\t<div id=\"col-1483630905\" class=\"col small-12 large-12\"  >\n\t\t<div class=\"col-inner\"  >\n\t\t\t\n\t\t\t\n<div class=\"container section-title-container\" ><h2 class=\"section-title section-title-center\"><b><\/b><span class=\"section-title-main\" style=\"color:rgb(188, 213, 255);\">Y\u00eau c\u1ea7u t\u01b0 v\u1ea5n & b\u00e1o gi\u00e1 thu mua ph\u1ebf li\u1ec7u<\/span><b><\/b><\/h2><\/div>\n<p style=\"text-align: center;\">\u0110\u1ec3 \u0111\u01b0\u1ee3c t\u01b0 v\u1ea5n v\u00e0 kh\u1ea3o s\u00e1t b\u00e1o gi\u00e1 t\u1eadn n\u01a1i thu mua ph\u1ebf li\u1ec7u, Vui l\u00f2ng \u0111i\u1ec1n d\u1ea7y \u0111\u1ee7 c\u00e1c th\u00f4ng tin d\u01b0\u1edbi \u0111\u00e2y ! Hotline: <strong>0938 775 369 &#8211; 0975 280 232<\/strong><\/p>\n\t\t<\/div>\n\t\t\t<\/div>\n\n\t\n<\/div>\n\t\t<\/div>\n\n\t\t\n<style>\n#section_1538418320 {\n  padding-top: 46px;\n  padding-bottom: 46px;\n}\n#section_1538418320 .section-bg-overlay {\n  background-color: rgba(28, 44, 77, 0.88);\n}\n#section_1538418320 .section-bg.bg-loaded {\n  background-image: url(https:\/\/webmaibinh.com\/w\/phelieu2011\/wp-content\/uploads\/2019\/05\/background.jpg);\n}\n<\/style>\n\t<\/section>\n\t\n\t<section class=\"section\" id=\"section_1632798378\">\n\t\t<div class=\"bg section-bg fill bg-fill  bg-loaded\" >\n\n\t\t\t\n\t\t\t\n\t\t\t\n\n\t\t<\/div>\n\n\t\t<div class=\"section-content relative\">\n\t\t\t\n<div class=\"row\"  id=\"row-1587991346\">\n\n\t<div id=\"col-1332672882\" class=\"col small-12 large-12\"  >\n\t\t<div class=\"col-inner\"  >\n\t\t\t\n\t\t\t\n<div class=\"content_abin\">\n<h2 class=\"lined-heading\">THU MUA PH\u1ebe LI\u1ec6U GI\u00c1 CAO DUY \u0110\u1ee8C<\/h2>\n<p class=\"slogan_about\">Chuy\u00ean thu mua ph\u1ebf li\u1ec7u gi\u00e1 cao c\u00e1c lo\u1ea1i: s\u1eaft, \u0111\u1ed3ng, nh\u00f4m, k\u1ebdm, ph\u1ebf li\u1ec7u c\u00f4ng tr\u00ecnh, nh\u00e0 m\u00e1y, x\u00ed nghi\u1ec7p,\u2026s\u1ed1 l\u01b0\u1ee3ng kh\u00f4ng h\u1ea1n ch\u1ebf.<\/p>\n<div class=\"lined-heading2\">\n<p>\u2013 Thu mua t\u1ea5t c\u1ea3 c\u00e1c lo\u1ea1i ph\u1ebf li\u1ec7u s\u1eaft, \u0111\u1ed3ng ph\u1ebf li\u1ec7u, nh\u00f4m ph\u1ebf li\u1ec7u, inox ph\u1ebf li\u1ec7u, s\u1eaft th\u00e9p ph\u1ebf li\u1ec7u, k\u1ebdm ph\u1ebf li\u1ec7u, m\u1ee7, mi ca m\u00e1y m\u00f3c c\u0169, x\u00e1c nh\u00e0,\u2026 v\u00e0 c\u00e1c lo\u1ea1i h\u00e0ng thanh l\u00fd ph\u1ebf li\u1ec7u t\u1ed3n kho v\u1edbi s\u1ed1 l\u01b0\u1ee3ng l\u1edbn.<\/p>\n<p>\u2013 Thu mua c\u00e1c lo\u1ea1i \u0111\u1ed3 d\u00f9ng, \u0111\u1ed3 \u0111i\u1ec7n gia d\u1ee5ng, m\u00e1y m\u00f3c, thi\u1ebft b\u1ecb c\u01a1 kh\u00ed, c\u00e1c lo\u1ea1i \u0111\u1ed3 d\u00f9ng, \u0111\u1ed3 \u0111i\u1ec7n gia d\u1ee5ng, m\u00e1y m\u00f3c, khung nh\u00e0 x\u01b0\u1edfng th\u00e1o d\u1ee1 gi\u00e1 cao.<\/p>\n<p>\u2013 Ch\u00fang t\u00f4i cam k\u1ebft gi\u00e1 thu mua gi\u00e1 cao nh\u1ea5t th\u1ecb tr\u01b0\u1eddng, kh\u00f4ng \u00e9p gi\u00e1.<\/p>\n<p>\u2013 T\u00f9y theo ch\u1ee7ng lo\u1ea1i , t\u00ecnh tr\u1ea1ng v\u00e0 gi\u00e1 c\u1ea3 th\u1ecb tr\u01b0\u1eddng t\u1ea1i th\u1eddi \u0111i\u1ec3m ch\u00fang t\u00f4i thu mua gi\u00e1 c\u1ea3 h\u1ee3p l\u00fd nh\u1ea5t\u2026<\/p>\n<p>\u2013 Ch\u00fang t\u00f4i nh\u1eadn th\u00f4ng tin v\u00e0 xu\u1ed1ng t\u1eadn n\u01a1i \u0111\u1ec3 xem h\u00e0ng v\u00e0 b\u00e1o gi\u00e1.<\/p>\n<p>\u2013 D\u1ef1a tr\u00ean ch\u1ee7ng lo\u1ea1i v\u00e0 gi\u00e1 th\u1ecb tr\u01b0\u1eddng t\u1ea1i th\u1eddi \u0111i\u1ec3m ch\u00fang t\u00f4i \u0111\u1ec1 xu\u1ea5t m\u1ee9c gi\u00e1 h\u1ee3p l\u00fd . N\u1ebfu kh\u00e1ch h\u00e0ng \u0111\u1ed3ng \u00fd gi\u00e1 , Ch\u00fang t\u00f4i ti\u1ebfn h\u00e0nh thu mua .<\/p>\n<p>\u2013 Ch\u00fang t\u00f4i thanh to\u00e1n ti\u1ec1n h\u00e0ng m\u1ed9t l\u1ea7n cho kh\u00e1ch h\u00e0ng v\u00e0 t\u1ef1 th\u00e1o l\u1eafp, b\u1ed1c h\u00e0ng v\u00e0 v\u1eadn chuy\u1ec3n .<\/p>\n<p>\u2013 Nguy\u00ean t\u1eafc thu mua c\u1ee7a ch\u00fang t\u00f4i l\u00e0 nhi\u1ec7t t\u00ecnh, vui v\u1ebb , kh\u00f4ng \u00e9p gi\u00e1 v\u00e0 kh\u00f4ng ng\u1ea1i xa.<\/p>\n<\/div>\n<div class=\"descrit-about\">Qu\u00fd kh\u00e1ch \u0111ang c\u00f3 nhu c\u1ea7u t\u00ecm cho m\u00ecnh m\u1ed9t C\u00f4ng ty chuy\u00ean thu mua ph\u1ebf li\u1ec7u v\u1edbi gi\u00e1 cao v\u00e0 uy t\u00edn hi\u1ec7n nay. H\u00e3y \u0111\u1ebfn v\u1edbi ch\u00fang t\u00f4i, C\u00f4ng ty thu mua Ph\u1ebf li\u1ec7u Duy \u0110\u1ee9c \u0111\u1ea3m b\u1ea3o thu mua t\u1ea5t c\u1ea3 c\u00e1c lo\u1ea1i ph\u1ebf li\u1ec7u v\u1edbi gi\u00e1 cao nh\u1ea5t.<\/div>\n<\/div>\n\t\t<\/div>\n\t\t\t<\/div>\n\n\t\n<\/div>\n\t\t<\/div>\n\n\t\t\n<style>\n#section_1632798378 {\n  padding-top: 30px;\n  padding-bottom: 30px;\n}\n<\/style>\n\t<\/section>\n\t\n","protected":false},"excerpt":{"rendered":"","protected":false},"author":2,"featured_media":0,"parent":0,"menu_order":0,"comment_status":"closed","ping_status":"closed","template":"page-blank.php","meta":[],"_links":{"self":[{"href":"https:\/\/webmaibinh.com\/w\/phelieu2011\/wp-json\/wp\/v2\/pages\/29"}],"collection":[{"href":"https:\/\/webmaibinh.com\/w\/phelieu2011\/wp-json\/wp\/v2\/pages"}],"about":[{"href":"https:\/\/webmaibinh.com\/w\/phelieu2011\/wp-json\/wp\/v2\/types\/page"}],"author":[{"embeddable":true,"href":"https:\/\/webmaibinh.com\/w\/phelieu2011\/wp-json\/wp\/v2\/users\/2"}],"replies":[{"embeddable":true,"href":"https:\/\/webmaibinh.com\/w\/phelieu2011\/wp-json\/wp\/v2\/comments?post=29"}],"version-history":[{"count":0,"href":"https:\/\/webmaibinh.com\/w\/phelieu2011\/wp-json\/wp\/v2\/pages\/29\/revisions"}],"wp:attachment":[{"href":"https:\/\/webmaibinh.com\/w\/phelieu2011\/wp-json\/wp\/v2\/media?parent=29"}],"curies":[{"name":"wp","href":"https:\/\/api.w.org\/{rel}","templated":true}]}}