{"id":27,"date":"2019-05-17T03:56:54","date_gmt":"2019-05-17T03:56:54","guid":{"rendered":"http:\/\/phelieuduyduc.com\/?page_id=27"},"modified":"2019-10-03T03:19:51","modified_gmt":"2019-10-03T03:19:51","slug":"gioi-thieu","status":"publish","type":"page","link":"https:\/\/webmaibinh.com\/w\/phelieu2011\/gioi-thieu\/","title":{"rendered":"Gi\u1edbi thi\u1ec7u"},"content":{"rendered":"<h3 style=\"text-align: center;\">C\u00d4NG TY THU MUA PH\u1ebe LI\u1ec6U DUY \u0110\u1ee8C<\/h3>\n<div id=\"head-product\">\u00a0Ch\u00fang t\u00f4i xin k\u00ednh ch\u00e0o qu\u00fd kh\u00e1ch, C\u00f4ng ty thu mua ph\u1ebf li\u1ec7u Duy \u0110\u1ee9c chuy\u00ean thu mua \u0111\u1ed3ng ph\u1ebf li\u1ec7u,\u00a0nh\u00f4m ph\u1ebf li\u1ec7u,\u00a0inox ph\u1ebf li\u1ec7u,\u00a0s\u1eaft th\u00e9p ph\u1ebf li\u1ec7u,\u00a0k\u1ebdm ph\u1ebf li\u1ec7u, m\u1ee7,\u00a0mi ca m\u00e1y m\u00f3c c\u0169, x\u00e1c nh\u00e0,\u2026 v\u00e0 c\u00e1c lo\u1ea1i h\u00e0ng\u00a0thanh l\u00fd ph\u1ebf li\u1ec7u t\u1ed3n kho v\u1edbi s\u1ed1 l\u01b0\u1ee3ng l\u1edbn.<\/p>\n<p>\u00a0C\u1edf s\u1edf chu\u0301ng t\u00f4i thu mua v\u1edbi gi\u00e1 c\u1ea3 t\u1ed1t nh\u1ea5t, c\u1ea1nh tranh nh\u1ea5t c\u00f3 th\u1ec3, th\u1eddi gian th\u1ef1c hi\u1ec7n giao d\u1ecbch nhanh ch\u00f3ng, \u0111\u1ebfn t\u1eadn n\u01a1i thu mua, h\u00ecnh th\u1ee9c thanh to\u00e1n b\u1eb1ng ti\u1ec1n m\u1eb7t ho\u1eb7c chuy\u1ec3n kho\u1ea3n t\u00f9y theo nhu c\u1ea7u c\u1ee7a kh\u00e1ch h\u00e0ng.\u00a0<\/p>\n<p><img loading=\"lazy\" class=\"aligncenter wp-image-818 size-full\" src=\"https:\/\/phelieuduyduc.com\/wp-content\/uploads\/2019\/10\/anh1-1.jpg\" alt=\"\" width=\"640\" height=\"315\" srcset=\"https:\/\/webmaibinh.com\/w\/phelieu2011\/wp-content\/uploads\/2019\/10\/anh1-1.jpg 640w, https:\/\/webmaibinh.com\/w\/phelieu2011\/wp-content\/uploads\/2019\/10\/anh1-1-300x148.jpg 300w\" sizes=\"(max-width: 640px) 100vw, 640px\" \/><\/p>\n<\/div>\n<div style=\"text-align: center;\">M\u1ecdi th\u00f4ng tin chi ti\u1ebft Qu\u00fd Kh\u00e1ch vui l\u00f2ng li\u00ean h\u1ec7:\u00a0<\/div>\n<div>\n<p style=\"text-align: center;\"><strong>C\u00d4NG TY THU MUA PH\u1ebe LI\u1ec6U DUY \u0110\u1ee8C<\/strong><\/p>\n<p style=\"text-align: center;\"><span style=\"font-size: 14.4px;\"><strong>Hotline:<\/strong> 0938.775.369 (Mr. \u0110\u1ee9c)<\/span><\/p>\n<p style=\"text-align: center;\"><strong>Email:<\/strong> phelieuduyduc@gmail.com<\/p>\n<p style=\"text-align: center;\"><strong>Website:<\/strong>\u00a0<a href=\"http:\/\/phelieuduyduc.com\/\">http:\/\/phelieuduyduc.com<\/a><\/p>\n<\/div>\n","protected":false},"excerpt":{"rendered":"<p>C\u00d4NG TY THU MUA PH\u1ebe LI\u1ec6U DUY \u0110\u1ee8C \u00a0Ch\u00fang t\u00f4i xin k\u00ednh ch\u00e0o qu\u00fd kh\u00e1ch, C\u00f4ng ty thu mua ph\u1ebf li\u1ec7u Duy \u0110\u1ee9c chuy\u00ean thu mua \u0111\u1ed3ng ph\u1ebf li\u1ec7u,\u00a0nh\u00f4m ph\u1ebf li\u1ec7u,\u00a0inox ph\u1ebf li\u1ec7u,\u00a0s\u1eaft th\u00e9p ph\u1ebf li\u1ec7u,\u00a0k\u1ebdm ph\u1ebf li\u1ec7u, m\u1ee7,\u00a0mi ca m\u00e1y m\u00f3c c\u0169, x\u00e1c nh\u00e0,\u2026 v\u00e0 c\u00e1c lo\u1ea1i h\u00e0ng\u00a0thanh l\u00fd ph\u1ebf li\u1ec7u t\u1ed3n kho v\u1edbi &#8230;<\/p>\n","protected":false},"author":2,"featured_media":0,"parent":0,"menu_order":0,"comment_status":"closed","ping_status":"closed","template":"page-right-sidebar.php","meta":[],"_links":{"self":[{"href":"https:\/\/webmaibinh.com\/w\/phelieu2011\/wp-json\/wp\/v2\/pages\/27"}],"collection":[{"href":"https:\/\/webmaibinh.com\/w\/phelieu2011\/wp-json\/wp\/v2\/pages"}],"about":[{"href":"https:\/\/webmaibinh.com\/w\/phelieu2011\/wp-json\/wp\/v2\/types\/page"}],"author":[{"embeddable":true,"href":"https:\/\/webmaibinh.com\/w\/phelieu2011\/wp-json\/wp\/v2\/users\/2"}],"replies":[{"embeddable":true,"href":"https:\/\/webmaibinh.com\/w\/phelieu2011\/wp-json\/wp\/v2\/comments?post=27"}],"version-history":[{"count":0,"href":"https:\/\/webmaibinh.com\/w\/phelieu2011\/wp-json\/wp\/v2\/pages\/27\/revisions"}],"wp:attachment":[{"href":"https:\/\/webmaibinh.com\/w\/phelieu2011\/wp-json\/wp\/v2\/media?parent=27"}],"curies":[{"name":"wp","href":"https:\/\/api.w.org\/{rel}","templated":true}]}}