{"id":985,"date":"2022-06-01T22:11:31","date_gmt":"2022-06-01T15:11:31","guid":{"rendered":"https:\/\/webmaibinh.com\/w\/pallethoangdung\/?post_type=product&#038;p=985"},"modified":"2023-03-28T20:17:59","modified_gmt":"2023-03-28T13:17:59","slug":"pallet-go-4-huong-nang-mat-lien","status":"publish","type":"product","link":"https:\/\/webmaibinh.com\/w\/pallethoangdung\/san-pham\/pallet-go-4-huong-nang-mat-lien\/","title":{"rendered":"Pallet g\u1ed7 4 h\u01b0\u1edbng n\u00e2ng m\u1eb7t li\u1ec1n"},"content":{"rendered":"<p><span style=\"color: #000000;\"><strong>Pallet g\u1ed7<\/strong>\u00a04 h\u01b0\u1edbng n\u00e2ng c\u00f3 m\u1eb7t ph\u00eda tr\u00ean k\u00edn, c\u00e1c thanh g\u1ed7 \u0111\u01b0\u1ee3c gh\u00e9p kh\u00edt l\u1ea1i v\u1edbi nhau, ph\u00f9 h\u1ee3p cho vi\u1ec7c \u0111\u1eb7t c\u00e1c bao nguy\u00ean li\u1ec7u, kh\u00f4ng c\u00f3 khe h\u1edf bao t\u1ea3i kh\u00f4ng b\u1ecb l\u1ed3i xu\u1ed1n \u0111\u00e1y pallet v\u00e0 kh\u00f4ng b\u1ecb c\u00e0ng xe n\u00e2ng \u0111i v\u00e0o l\u00e0m r\u00e1ch.<\/span><\/p>\n<h2><span style=\"color: #000000;\">\u0110\u1eb7c \u0111i\u1ec3m s\u1ea3n ph\u1ea9m:<\/span><\/h2>\n<p><span style=\"color: #000000;\">\u2013 Ch\u1ec9 s\u1eed d\u1ee5ng \u0111\u01b0\u1ee3c cho xe n\u00e2ng m\u00e1y.<\/span><br \/>\n<span style=\"color: #000000;\">\u2013 C\u00f3 th\u1ec3 x\u1ebfp pallet c\u00f3 ch\u1ee9a s\u1ea3n ph\u1ea9m l\u00ean th\u00e0nh 2 t\u1ea7ng<\/span><br \/>\n<span style=\"color: #000000;\">Ch\u00fa \u00fd khi x\u1ebfp t\u1ea7ng th\u00ec m\u1ee9c ch\u1ecbu t\u1ea3i c\u1ee7a pallet n\u00ean \u0111\u1ec3 gi\u1ea3m xu\u1ed1ng 1500KG<\/span><br \/>\n<span style=\"color: #000000;\">(Xem th\u00eam:\u00a0C\u00e1ch s\u1eed d\u1ee5ng pallet g\u1ed7)<\/span><br \/>\n<span style=\"color: #000000;\">\u2013 S\u1eed d\u1ee5ng thu\u1eadn ti\u1ec7n cho c\u1ea3 l\u01b0 kho v\u00e0 v\u1eadn chuy\u1ec3n container<\/span><br \/>\n<span style=\"color: #000000;\">(Xem th\u00eam\u00a0C\u00e1ch ch\u1ecdn k\u00edch th\u01b0\u1edbc pallet)<\/span><br \/>\n<span style=\"color: #000000;\">\u2013 S\u1ea3n ph\u1ea9m c\u00f3 th\u1ec3 \u0111\u01b0\u1ee3c s\u1ea5y kh\u00f4 ho\u1eb7c ph\u01a1i kh\u00f4 t\u1ef1 nhi\u00ean ho\u1eb7c kh\u1eed tr\u00f9ng thu\u1ed1c, kh\u1eed tr\u00f9ng nhi\u1ec7t t\u00f9y theo nhu c\u1ea7u s\u1eed d\u1ee5ng.<\/span><br \/>\n<span style=\"color: #000000;\">(Xem th\u00eam\u00a0khi n\u00e0o c\u1ea7n ph\u1ea3i s\u1ea5y pallet g\u1ed7,\u00a0khi n\u00e0o c\u1ea7n kh\u1eed tr\u00f9ng pallet g\u1ed7)<\/span><\/p>\n<h2><span style=\"color: #000000;\">K\u00edch th\u01b0\u1edbc chi ti\u1ebft:<\/span><\/h2>\n<table border=\"1\" cellspacing=\"1\" cellpadding=\"1\">\n<tbody>\n<tr>\n<td><span style=\"color: #000000;\"><strong>M\u00c3 S\u1ea2N PH\u1ea8M<\/strong><\/span><\/td>\n<td><span style=\"color: #000000;\">\u00a04W2000<\/span><\/td>\n<\/tr>\n<tr>\n<td><span style=\"color: #000000;\">\u00a0\u0110\u01a1n v\u1ecb<\/span><\/td>\n<td><span style=\"color: #000000;\">\u00a0mm<\/span><\/td>\n<\/tr>\n<tr>\n<td><span style=\"color: #000000;\">\u00a0K\u00edch th\u01b0\u1edbc t\u1ed5ng th\u1ec3<\/span><\/td>\n<td><span style=\"color: #000000;\">\u00a01200 x 1000 x 134<\/span><\/td>\n<\/tr>\n<tr>\n<td><span style=\"color: #000000;\">\u00a0Nguy\u00ean li\u1ec7u<\/span><\/td>\n<td><span style=\"color: #000000;\">\u00a0G\u1ed7 keo(Acacia)<\/span><\/td>\n<\/tr>\n<tr>\n<td><span style=\"color: #000000;\">\u00a0T\u1ea3i tr\u1ecdng<\/span><\/td>\n<td><span style=\"color: #000000;\">\u00a02000 KG<\/span><\/td>\n<\/tr>\n<tr>\n<td><span style=\"color: #000000;\">\u00a0S\u1ed1\u00a0h\u01b0\u1edbng n\u00e2ng<\/span><\/td>\n<td><span style=\"color: #000000;\">\u00a04<\/span><\/td>\n<\/tr>\n<tr>\n<td><span style=\"color: #000000;\">\u00a0Khe h\u1edf m\u1eb7t tr\u00ean<\/span><\/td>\n<td><span style=\"color: #000000;\">\u00a00<\/span><\/td>\n<\/tr>\n<tr>\n<td><span style=\"color: #000000;\">\u00a0M\u1eb7t tr\u00ean<\/span><\/td>\n<td><span style=\"color: #000000;\">\u00a01200 x 1000(m\u1eb7t gh\u00e9p li\u1ec1n)<\/span><\/td>\n<\/tr>\n<tr>\n<td><span style=\"color: #000000;\">\u00a0Thanh li\u00ean k\u1ebft<\/span><\/td>\n<td><span style=\"color: #000000;\">\u00a01000 x 80 x 20 (3 thanh)<\/span><\/td>\n<\/tr>\n<tr>\n<td><span style=\"color: #000000;\">\u00a0C\u1ee5c li\u00ean k\u1ebft<\/span><\/td>\n<td><span style=\"color: #000000;\">\u00a0130 x 800 x 80 (9 c\u1ee5c)<\/span><\/td>\n<\/tr>\n<tr>\n<td><span style=\"color: #000000;\">\u00a0Thanh m\u1eb7t d\u01b0\u1edbi(1)<\/span><\/td>\n<td><span style=\"color: #000000;\">\u00a01000 x 80 x 18 (2 thanh)<\/span><\/td>\n<\/tr>\n<tr>\n<td><span style=\"color: #000000;\">\u00a0Thanh m\u1eb7t d\u01b0\u1edbi(2)<\/span><\/td>\n<td><span style=\"color: #000000;\">\u00a01040 x 80 x 18 (3 thanh)<\/span><\/td>\n<\/tr>\n<\/tbody>\n<\/table>\n<p><span style=\"color: #000000;\"><em>N\u1ebfu b\u1ea1n c\u1ea7n lo\u1ea1i pallet g\u1ed7 n\u00e0y, vui l\u00f2ng\u00a0<strong>li\u00ean h\u1ec7<\/strong>, ch\u00fang t\u00f4i s\u1ebd t\u01b0 v\u1ea5n v\u00e0 b\u00e1o gi\u00e1 ph\u00f9 h\u1ee3p nh\u1ea5t v\u1edbi nhu c\u1ea7u c\u1ee7a b\u1ea1n.<\/em><\/span><\/p>\n<p><span style=\"color: #000000;\">\u2013\u00a0<strong>\u0110\u1ecba ch\u1ec9:<\/strong>\u00a0S\u1ed1 42, \u0110\u01b0\u1eddng \u0110T 742, Khu ph\u1ed1 5, Ph\u01b0\u1eddng V\u0129nh T\u00e2n, Th\u1ecb x\u00e3 T\u00e2n Uy\u00ean, T\u1ec9nh B\u00ecnh D\u01b0\u01a1ng, Vi\u1ec7t Nam<\/span><br \/>\n<span style=\"color: #000000;\">\u2013<strong>\u00a0\u0110i\u1ec7n tho\u1ea1i:\u00a0<\/strong>0961 857 990<\/span><br \/>\n<span style=\"color: #000000;\">\u2013\u00a0<strong>Email:<\/strong>\u00a0palletnamvuong79@gmail.com<\/span><br \/>\n<span style=\"color: #000000;\">\u2013\u00a0<strong>Website:<\/strong>\u00a0www.palletnamvuong.com<\/span><\/p>\n<p><span style=\"color: #000000;\"><em>Tr\u00e2n tr\u1ecdng!<\/em><\/span><\/p>\n","protected":false},"excerpt":{"rendered":"<p>Pallet g\u1ed7\u00a04 h\u01b0\u1edbng n\u00e2ng c\u00f3 m\u1eb7t ph\u00eda tr\u00ean k\u00edn, c\u00e1c thanh g\u1ed7 \u0111\u01b0\u1ee3c gh\u00e9p kh\u00edt l\u1ea1i v\u1edbi nhau, ph\u00f9 h\u1ee3p cho vi\u1ec7c \u0111\u1eb7t c\u00e1c bao nguy\u00ean li\u1ec7u, kh\u00f4ng c\u00f3 khe h\u1edf bao t\u1ea3i kh\u00f4ng b\u1ecb l\u1ed3i xu\u1ed1n \u0111\u00e1y pallet v\u00e0 kh\u00f4ng b\u1ecb c\u00e0ng xe n\u00e2ng \u0111i v\u00e0o l\u00e0m r\u00e1ch. \u0110\u1eb7c \u0111i\u1ec3m s\u1ea3n ph\u1ea9m: \u2013 Ch\u1ec9 [&#8230;]\n","protected":false},"featured_media":1228,"comment_status":"open","ping_status":"closed","template":"","meta":[],"_links":{"self":[{"href":"https:\/\/webmaibinh.com\/w\/pallethoangdung\/wp-json\/wp\/v2\/product\/985"}],"collection":[{"href":"https:\/\/webmaibinh.com\/w\/pallethoangdung\/wp-json\/wp\/v2\/product"}],"about":[{"href":"https:\/\/webmaibinh.com\/w\/pallethoangdung\/wp-json\/wp\/v2\/types\/product"}],"replies":[{"embeddable":true,"href":"https:\/\/webmaibinh.com\/w\/pallethoangdung\/wp-json\/wp\/v2\/comments?post=985"}],"wp:featuredmedia":[{"embeddable":true,"href":"https:\/\/webmaibinh.com\/w\/pallethoangdung\/wp-json\/wp\/v2\/media\/1228"}],"wp:attachment":[{"href":"https:\/\/webmaibinh.com\/w\/pallethoangdung\/wp-json\/wp\/v2\/media?parent=985"}],"curies":[{"name":"wp","href":"https:\/\/api.w.org\/{rel}","templated":true}]}}