{"id":981,"date":"2022-06-01T22:09:30","date_gmt":"2022-06-01T15:09:30","guid":{"rendered":"https:\/\/webmaibinh.com\/w\/pallethoangdung\/?post_type=product&#038;p=981"},"modified":"2023-03-28T20:18:21","modified_gmt":"2023-03-28T13:18:21","slug":"pallet-go-2-huong-nang-tai-trong-2-tan","status":"publish","type":"product","link":"https:\/\/webmaibinh.com\/w\/pallethoangdung\/san-pham\/pallet-go-2-huong-nang-tai-trong-2-tan\/","title":{"rendered":"Pallet g\u1ed7 2 h\u01b0\u1edbng n\u00e2ng t\u1ea3i tr\u1ecdng 2 t\u1ea5n"},"content":{"rendered":"<p><span style=\"color: #000000;\">Lo\u1ea1i\u00a0<strong>pallet g\u1ed7<\/strong>\u00a0ch\u1ecbu t\u1ea3i t\u1ed1t, t\u1ed1i \u01b0u th\u1ec3 t\u00edch khi x\u1ebfp h\u00e0ng trong container.<\/span><\/p>\n<hr \/>\n<h2><span style=\"color: #000000;\">\u0110\u1eb7c \u0111i\u1ec3m s\u1ea3n ph\u1ea9m:<\/span><\/h2>\n<ul>\n<li><span style=\"color: #000000;\">S\u1eed d\u1ee5ng \u0111\u01b0\u1ee3c cho xe n\u00e2ng m\u00e1y, kh\u00f4ng n\u00ean s\u1eed d\u1ee5ng xe n\u00e2ng tay v\u00ec pallet g\u1ed7 lo\u1ea1i n\u00e0y b\u1ecb v\u01b0\u1edbng nan m\u1eb7t d\u01b0\u1edbi n\u00ean xe n\u00e2ng tay \u0111i v\u00e0o s\u1ebd s\u1edbm b\u1ecb v\u1ee1 h\u1ecfng.<\/span><br \/>\n<span style=\"color: #000000;\">(Xem th\u00eam:\u00a0C\u00e1ch s\u1eed d\u1ee5ng pallet g\u1ed7)<\/span><\/li>\n<li><span style=\"color: #000000;\">Kh\u00f4ng ph\u00f9 h\u1ee3p v\u1edbi nh\u1eefng kho h\u00e0ng h\u1eb9p v\u00ec ch\u1ec9 n\u00e2ng \u0111\u01b0\u1ee3c 2 h\u01b0\u1edbng v\u00e0 kh\u00f4ng ti\u1ec7n d\u00f9ng xe n\u00e2ng tay.<\/span><\/li>\n<li><span style=\"color: #000000;\">S\u1eed d\u1ee5ng thu\u1eadn ti\u1ec7n v\u00e0 t\u1ed1i \u01b0u th\u1ec3 t\u00edch cho v\u1eadn chuy\u1ec3n container.<\/span><br \/>\n<span style=\"color: #000000;\">K\u00edch th\u01b0\u1edbc 1,1m s\u1ebd x\u1ebfp c\u00f4ng v\u1eeba kh\u00edt 2 h\u00e0ng\u00a0do chi\u1ec1u r\u1ed9ng l\u00f2ng container l\u00e0 2,3m.<\/span><br \/>\n<span style=\"color: #000000;\">(Xem th\u00eam\u00a0C\u00e1ch \u0111\u00f3ng h\u00e0ng v\u00e0o container)<\/span><\/li>\n<li><span style=\"color: #000000;\">S\u1ea3n ph\u1ea9m c\u00f3 th\u1ec3 \u0111\u01b0\u1ee3c s\u1ea5y kh\u00f4 ho\u1eb7c ph\u01a1i kh\u00f4 t\u1ef1 nhi\u00ean ho\u1eb7c kh\u1eed tr\u00f9ng thu\u1ed1c, kh\u1eed tr\u00f9ng nhi\u1ec7t t\u00f9y theo nhu c\u1ea7u s\u1eed d\u1ee5ng.<\/span><br \/>\n<span style=\"color: #000000;\">(Xem th\u00eam\u00a0khi n\u00e0o c\u1ea7n ph\u1ea3i s\u1ea5y pallet g\u1ed7\u00a0\u2013\u00a0khi n\u00e0o c\u1ea7n kh\u1eed tr\u00f9ng pallet g\u1ed7)<\/span><\/li>\n<\/ul>\n<p><span style=\"color: #000000;\"><img loading=\"lazy\" class=\"aligncenter wp-image-1216 size-full\" src=\"https:\/\/webmaibinh.com\/w\/pallethoangdung\/wp-content\/uploads\/2023\/03\/b11.jpg\" alt=\"\" width=\"704\" height=\"528\" srcset=\"https:\/\/webmaibinh.com\/w\/pallethoangdung\/wp-content\/uploads\/2023\/03\/b11.jpg 704w, https:\/\/webmaibinh.com\/w\/pallethoangdung\/wp-content\/uploads\/2023\/03\/b11-300x225.jpg 300w\" sizes=\"(max-width: 704px) 100vw, 704px\" \/><\/span><\/p>\n<hr \/>\n<h2><span style=\"color: #000000;\">K\u00edch th\u01b0\u1edbc chi ti\u1ebft:<\/span><\/h2>\n<table border=\"1\" cellspacing=\"1\" cellpadding=\"1\">\n<tbody>\n<tr>\n<td><span style=\"color: #000000;\">\u00a0<strong>M\u00c3 S\u1ea2N PH\u1ea8M<\/strong><\/span><\/td>\n<td><span style=\"color: #000000;\"><strong>\u00a02W2000<\/strong><\/span><\/td>\n<\/tr>\n<tr>\n<td><span style=\"color: #000000;\">\u00a0\u0110\u01a1n v\u1ecb<\/span><\/td>\n<td><span style=\"color: #000000;\">\u00a0mm<\/span><\/td>\n<\/tr>\n<tr>\n<td><span style=\"color: #000000;\">\u00a0K\u00edch th\u01b0\u1edbc t\u1ed5ng th\u1ec3<\/span><\/td>\n<td><span style=\"color: #000000;\">\u00a01100 x 1100 x 130<\/span><\/td>\n<\/tr>\n<tr>\n<td><span style=\"color: #000000;\">\u00a0Nguy\u00ean li\u1ec7u<\/span><\/td>\n<td><span style=\"color: #000000;\">\u00a0G\u1ed7 keo(Acacia)<\/span><\/td>\n<\/tr>\n<tr>\n<td><span style=\"color: #000000;\">\u00a0T\u1ea3i tr\u1ecdng<\/span><\/td>\n<td><span style=\"color: #000000;\">\u00a01500 KG<\/span><\/td>\n<\/tr>\n<tr>\n<td><span style=\"color: #000000;\">\u00a0S\u1ed1\u00a0h\u01b0\u1edbng n\u00e2ng<\/span><\/td>\n<td><span style=\"color: #000000;\">\u00a02<\/span><\/td>\n<\/tr>\n<tr>\n<td><span style=\"color: #000000;\">\u00a0Khe h\u1edf m\u1eb7t tr\u00ean<\/span><\/td>\n<td><span style=\"color: #000000;\">\u00a043<\/span><\/td>\n<\/tr>\n<tr>\n<td><span style=\"color: #000000;\">\u00a0Thanh m\u1eb7t tr\u00ean<\/span><\/td>\n<td><span style=\"color: #000000;\">\u00a01100 x 100 x 20 (7 thanh)<\/span><\/td>\n<\/tr>\n<tr>\n<td><span style=\"color: #000000;\">\u00a0Thanh li\u00ean k\u1ebft<\/span><\/td>\n<td><span style=\"color: #000000;\">\u00a01100 x 90 x 40 (3 thanh)<\/span><\/td>\n<\/tr>\n<tr>\n<td><span style=\"color: #000000;\">Thanh m\u1eb7t \u0111\u00e1y<\/span><\/td>\n<td><span style=\"color: #000000;\">\u00a01100 x 100 x 20 (3 thanh)<\/span><\/td>\n<\/tr>\n<\/tbody>\n<\/table>\n<hr \/>\n<p><span style=\"color: #000000;\"><em>N\u1ebfu b\u1ea1n c\u1ea7n lo\u1ea1i pallet g\u1ed7 n\u00e0y, vui l\u00f2ng\u00a0<strong>li\u00ean h\u1ec7\u00a0<\/strong>\u0111\u1ec3\u00a0ch\u00fang t\u00f4i s\u1ebd t\u01b0 v\u1ea5n v\u00e0 b\u00e1o gi\u00e1 ph\u00f9 h\u1ee3p nh\u1ea5t v\u1edbi nhu c\u1ea7u c\u1ee7a b\u1ea1n.<\/em><\/span><\/p>\n<p><span style=\"color: #000000;\">\u2013\u00a0<strong>\u0110\u1ecba ch\u1ec9:<\/strong>\u00a0S\u1ed1 42, \u0110\u01b0\u1eddng \u0110T 742, Khu ph\u1ed1 5, Ph\u01b0\u1eddng V\u0129nh T\u00e2n, Th\u1ecb x\u00e3 T\u00e2n Uy\u00ean, T\u1ec9nh B\u00ecnh D\u01b0\u01a1ng, Vi\u1ec7t Nam<\/span><br \/>\n<span style=\"color: #000000;\">\u2013<strong>\u00a0\u0110i\u1ec7n tho\u1ea1i:\u00a0<\/strong>0961 857 990<\/span><br \/>\n<span style=\"color: #000000;\">\u2013\u00a0<strong>Email:<\/strong>\u00a0palletnamvuong79@gmail.com<\/span><br \/>\n<span style=\"color: #000000;\">\u2013\u00a0<strong>Website:<\/strong>\u00a0www.palletnamvuong.com<\/span><\/p>\n<p><span style=\"color: #000000;\"><em>Tr\u00e2n tr\u1ecdng!<\/em><\/span><\/p>\n","protected":false},"excerpt":{"rendered":"<p>Lo\u1ea1i\u00a0pallet g\u1ed7\u00a0ch\u1ecbu t\u1ea3i t\u1ed1t, t\u1ed1i \u01b0u th\u1ec3 t\u00edch khi x\u1ebfp h\u00e0ng trong container. \u0110\u1eb7c \u0111i\u1ec3m s\u1ea3n ph\u1ea9m: S\u1eed d\u1ee5ng \u0111\u01b0\u1ee3c cho xe n\u00e2ng m\u00e1y, kh\u00f4ng n\u00ean s\u1eed d\u1ee5ng xe n\u00e2ng tay v\u00ec pallet g\u1ed7 lo\u1ea1i n\u00e0y b\u1ecb v\u01b0\u1edbng nan m\u1eb7t d\u01b0\u1edbi n\u00ean xe n\u00e2ng tay \u0111i v\u00e0o s\u1ebd s\u1edbm b\u1ecb v\u1ee1 h\u1ecfng. (Xem th\u00eam:\u00a0C\u00e1ch s\u1eed [&#8230;]\n","protected":false},"featured_media":1216,"comment_status":"open","ping_status":"closed","template":"","meta":[],"_links":{"self":[{"href":"https:\/\/webmaibinh.com\/w\/pallethoangdung\/wp-json\/wp\/v2\/product\/981"}],"collection":[{"href":"https:\/\/webmaibinh.com\/w\/pallethoangdung\/wp-json\/wp\/v2\/product"}],"about":[{"href":"https:\/\/webmaibinh.com\/w\/pallethoangdung\/wp-json\/wp\/v2\/types\/product"}],"replies":[{"embeddable":true,"href":"https:\/\/webmaibinh.com\/w\/pallethoangdung\/wp-json\/wp\/v2\/comments?post=981"}],"wp:featuredmedia":[{"embeddable":true,"href":"https:\/\/webmaibinh.com\/w\/pallethoangdung\/wp-json\/wp\/v2\/media\/1216"}],"wp:attachment":[{"href":"https:\/\/webmaibinh.com\/w\/pallethoangdung\/wp-json\/wp\/v2\/media?parent=981"}],"curies":[{"name":"wp","href":"https:\/\/api.w.org\/{rel}","templated":true}]}}