{"id":952,"date":"2022-06-01T20:40:29","date_gmt":"2022-06-01T13:40:29","guid":{"rendered":"https:\/\/webmaibinh.com\/w\/pallethoangdung\/?post_type=product&#038;p=952"},"modified":"2023-03-28T20:19:09","modified_gmt":"2023-03-28T13:19:09","slug":"pallet-go-4-huong-nang-tai-trong-25-tan","status":"publish","type":"product","link":"https:\/\/webmaibinh.com\/w\/pallethoangdung\/san-pham\/pallet-go-4-huong-nang-tai-trong-25-tan\/","title":{"rendered":"Pallet g\u1ed7 4 h\u01b0\u1edbng n\u00e2ng \u2013 t\u1ea3i tr\u1ecdng 2,5 t\u1ea5n"},"content":{"rendered":"<p>N\u1ebfu b\u1ea1n s\u1eed d\u1ee5ng\u00a0<strong>pallet g\u1ed7<\/strong>\u00a0\u0111\u1ec3 \u0111\u1eb7t h\u00e0ng n\u1eb7ng, kho b\u00e3i h\u1eb9p, c\u1ea7n c\u1ea3 l\u01b0u kho v\u00e0 x\u1ebfp c\u00f4ng th\u00ec \u0111\u00e2y s\u1ebd l\u00e0 lo\u1ea1i pallet g\u1ed7 ph\u00f9 h\u1ee3p v\u1edbi b\u1ea1n.<\/p>\n<hr \/>\n<h2 style=\"text-align: justify;\">\u0110\u1eb7c \u0111i\u1ec3m s\u1ea3n ph\u1ea9m:<\/h2>\n<p style=\"text-align: justify;\">\u2013 S\u1eed d\u1ee5ng \u0111\u01b0\u1ee3c cho c\u1ea3 xe n\u00e2ng tay v\u00e0 n\u00e2ng m\u00e1y.<br \/>\n\u2013 Ch\u1ecbu t\u1ea3i cao l\u00ean \u0111\u1ebfn 2500kg<br \/>\n(Xem th\u00eam:\u00a0C\u00e1ch s\u1eed d\u1ee5ng pallet g\u1ed7)<br \/>\n\u2013 S\u1eed d\u1ee5ng thu\u1eadn ti\u1ec7n cho c\u1ea3 l\u01b0 kho v\u00e0 v\u1eadn chuy\u1ec3n container<br \/>\n(Xem th\u00eam\u00a0C\u00e1ch ch\u1ecdn k\u00edch th\u01b0\u1edbc pallet)<br \/>\n\u2013 S\u1ea3n ph\u1ea9m c\u00f3 th\u1ec3 \u0111\u01b0\u1ee3c s\u1ea5y kh\u00f4 ho\u1eb7c ph\u01a1i kh\u00f4 t\u1ef1 nhi\u00ean ho\u1eb7c kh\u1eed tr\u00f9ng thu\u1ed1c, kh\u1eed tr\u00f9ng nhi\u1ec7t t\u00f9y theo nhu c\u1ea7u s\u1eed d\u1ee5ng.<br \/>\n(Xem th\u00eam\u00a0khi n\u00e0o c\u1ea7n ph\u1ea3i s\u1ea5y pallet g\u1ed7,\u00a0khi n\u00e0o c\u1ea7n kh\u1eed tr\u00f9ng pallet g\u1ed7)<\/p>\n<hr \/>\n<h2>K\u00edch th\u01b0\u1edbc chi ti\u1ebft:<\/h2>\n<table border=\"1\" cellspacing=\"1\" cellpadding=\"1\">\n<tbody>\n<tr>\n<td>\u00a0<strong>M\u00c3 S\u1ea2N PH\u1ea8M<\/strong><\/td>\n<td>\u00a04W2500<\/td>\n<\/tr>\n<tr>\n<td>\u00a0\u0110\u01a1n v\u1ecb<\/td>\n<td>\u00a0mm<\/td>\n<\/tr>\n<tr>\n<td>\u00a0K\u00edch th\u01b0\u1edbc t\u1ed5ng th\u1ec3<\/td>\n<td>\u00a01200 x 800 x 146<\/td>\n<\/tr>\n<tr>\n<td>\u00a0Nguy\u00ean li\u1ec7u<\/td>\n<td>\u00a0G\u1ed7 keo(Acacia)<\/td>\n<\/tr>\n<tr>\n<td>\u00a0T\u1ea3i tr\u1ecdng<\/td>\n<td>\u00a02500 KG<\/td>\n<\/tr>\n<tr>\n<td>\u00a0S\u1ed1\u00a0h\u01b0\u1edbng n\u00e2ng<\/td>\n<td>\u00a04<\/td>\n<\/tr>\n<tr>\n<td>\u00a0Khe h\u1edf m\u1eb7t tr\u00ean<\/td>\n<td>\u00a065<\/td>\n<\/tr>\n<tr>\n<td>\u00a0Thanh m\u1eb7t tr\u00ean(1)<\/td>\n<td>\u00a01200 x 120 x 22 (2 thanh)<\/td>\n<\/tr>\n<tr>\n<td>\u00a0Thanh m\u1eb7t tr\u00ean(2)<\/td>\n<td>\u00a01200 x 100 x 22\u00a0(3 thanh)<\/td>\n<\/tr>\n<tr>\n<td>\u00a0C\u1ee5c li\u00ean k\u1ebft<\/td>\n<td>\u00a0120 x 100 x 100 (9 c\u1ee5c)<\/td>\n<\/tr>\n<tr>\n<td>\u00a0Thanh m\u1eb7t d\u01b0\u1edbi<\/td>\n<td>\u00a01200 x 100 x 22 (3 thanh)<\/td>\n<\/tr>\n<\/tbody>\n<\/table>\n<hr \/>\n<p><em>N\u1ebfu b\u1ea1n c\u1ea7n lo\u1ea1i pallet g\u1ed7 n\u00e0y, vui l\u00f2ng\u00a0<strong>li\u00ean h\u1ec7 Hotline: 0962497786<\/strong>, ch\u00fang t\u00f4i s\u1ebd t\u01b0 v\u1ea5n v\u00e0 b\u00e1o gi\u00e1 ph\u00f9 h\u1ee3p nh\u1ea5t v\u1edbi nhu c\u1ea7u c\u1ee7a b\u1ea1n.<\/em><\/p>\n<p><em>Tr\u00e2n tr\u1ecdng!<\/em><\/p>\n","protected":false},"excerpt":{"rendered":"<p>N\u1ebfu b\u1ea1n s\u1eed d\u1ee5ng\u00a0pallet g\u1ed7\u00a0\u0111\u1ec3 \u0111\u1eb7t h\u00e0ng n\u1eb7ng, kho b\u00e3i h\u1eb9p, c\u1ea7n c\u1ea3 l\u01b0u kho v\u00e0 x\u1ebfp c\u00f4ng th\u00ec \u0111\u00e2y s\u1ebd l\u00e0 lo\u1ea1i pallet g\u1ed7 ph\u00f9 h\u1ee3p v\u1edbi b\u1ea1n. \u0110\u1eb7c \u0111i\u1ec3m s\u1ea3n ph\u1ea9m: \u2013 S\u1eed d\u1ee5ng \u0111\u01b0\u1ee3c cho c\u1ea3 xe n\u00e2ng tay v\u00e0 n\u00e2ng m\u00e1y. \u2013 Ch\u1ecbu t\u1ea3i cao l\u00ean \u0111\u1ebfn 2500kg (Xem th\u00eam:\u00a0C\u00e1ch s\u1eed [&#8230;]\n","protected":false},"featured_media":1232,"comment_status":"open","ping_status":"closed","template":"","meta":[],"_links":{"self":[{"href":"https:\/\/webmaibinh.com\/w\/pallethoangdung\/wp-json\/wp\/v2\/product\/952"}],"collection":[{"href":"https:\/\/webmaibinh.com\/w\/pallethoangdung\/wp-json\/wp\/v2\/product"}],"about":[{"href":"https:\/\/webmaibinh.com\/w\/pallethoangdung\/wp-json\/wp\/v2\/types\/product"}],"replies":[{"embeddable":true,"href":"https:\/\/webmaibinh.com\/w\/pallethoangdung\/wp-json\/wp\/v2\/comments?post=952"}],"wp:featuredmedia":[{"embeddable":true,"href":"https:\/\/webmaibinh.com\/w\/pallethoangdung\/wp-json\/wp\/v2\/media\/1232"}],"wp:attachment":[{"href":"https:\/\/webmaibinh.com\/w\/pallethoangdung\/wp-json\/wp\/v2\/media?parent=952"}],"curies":[{"name":"wp","href":"https:\/\/api.w.org\/{rel}","templated":true}]}}